{"id":11166,"date":"2022-01-19T14:48:37","date_gmt":"2022-01-19T11:48:37","guid":{"rendered":"https:\/\/mdu.edu.az\/?page_id=11166"},"modified":"2026-03-18T08:50:16","modified_gmt":"2026-03-18T05:50:16","slug":"beynalxalq-konfranslar","status":"publish","type":"page","link":"https:\/\/mdu.edu.az\/en\/beynalxalq-konfranslar\/","title":{"rendered":"International Conferences"},"content":{"rendered":"<div data-elementor-type=\"wp-page\" data-elementor-id=\"11166\" class=\"elementor elementor-11166\" data-elementor-settings=\"{&quot;element_pack_global_tooltip_width&quot;:{&quot;unit&quot;:&quot;px&quot;,&quot;size&quot;:&quot;&quot;,&quot;sizes&quot;:[]},&quot;element_pack_global_tooltip_width_tablet&quot;:{&quot;unit&quot;:&quot;px&quot;,&quot;size&quot;:&quot;&quot;,&quot;sizes&quot;:[]},&quot;element_pack_global_tooltip_width_mobile&quot;:{&quot;unit&quot;:&quot;px&quot;,&quot;size&quot;:&quot;&quot;,&quot;sizes&quot;:[]},&quot;element_pack_global_tooltip_padding&quot;:{&quot;unit&quot;:&quot;px&quot;,&quot;top&quot;:&quot;&quot;,&quot;right&quot;:&quot;&quot;,&quot;bottom&quot;:&quot;&quot;,&quot;left&quot;:&quot;&quot;,&quot;isLinked&quot;:true},&quot;element_pack_global_tooltip_padding_tablet&quot;:{&quot;unit&quot;:&quot;px&quot;,&quot;top&quot;:&quot;&quot;,&quot;right&quot;:&quot;&quot;,&quot;bottom&quot;:&quot;&quot;,&quot;left&quot;:&quot;&quot;,&quot;isLinked&quot;:true},&quot;element_pack_global_tooltip_padding_mobile&quot;:{&quot;unit&quot;:&quot;px&quot;,&quot;top&quot;:&quot;&quot;,&quot;right&quot;:&quot;&quot;,&quot;bottom&quot;:&quot;&quot;,&quot;left&quot;:&quot;&quot;,&quot;isLinked&quot;:true},&quot;element_pack_global_tooltip_border_radius&quot;:{&quot;unit&quot;:&quot;px&quot;,&quot;top&quot;:&quot;&quot;,&quot;right&quot;:&quot;&quot;,&quot;bottom&quot;:&quot;&quot;,&quot;left&quot;:&quot;&quot;,&quot;isLinked&quot;:true},&quot;element_pack_global_tooltip_border_radius_tablet&quot;:{&quot;unit&quot;:&quot;px&quot;,&quot;top&quot;:&quot;&quot;,&quot;right&quot;:&quot;&quot;,&quot;bottom&quot;:&quot;&quot;,&quot;left&quot;:&quot;&quot;,&quot;isLinked&quot;:true},&quot;element_pack_global_tooltip_border_radius_mobile&quot;:{&quot;unit&quot;:&quot;px&quot;,&quot;top&quot;:&quot;&quot;,&quot;right&quot;:&quot;&quot;,&quot;bottom&quot;:&quot;&quot;,&quot;left&quot;:&quot;&quot;,&quot;isLinked&quot;:true}}\" data-elementor-post-type=\"page\">\n\t\t\t\t\t\t<section data-particle_enable=\"false\" data-particle-mobile-disabled=\"false\" class=\"elementor-section elementor-top-section elementor-element elementor-element-609b703b elementor-hidden-tablet elementor-section-boxed elementor-section-height-default elementor-section-height-default\" data-id=\"609b703b\" data-element_type=\"section\" data-e-type=\"section\">\n\t\t\t\t\t\t<div class=\"elementor-container elementor-column-gap-default\">\n\t\t\t\t\t<div class=\"elementor-column elementor-col-100 elementor-top-column elementor-element elementor-element-56846ad6\" data-id=\"56846ad6\" data-element_type=\"column\" data-e-type=\"column\" data-settings=\"{&quot;background_background&quot;:&quot;classic&quot;}\">\n\t\t\t<div class=\"elementor-widget-wrap elementor-element-populated\">\n\t\t\t\t\t\t<section data-particle_enable=\"false\" data-particle-mobile-disabled=\"false\" class=\"elementor-section elementor-inner-section elementor-element elementor-element-2ef09d8 elementor-section-full_width elementor-section-content-middle elementor-section-height-default elementor-section-height-default\" data-id=\"2ef09d8\" data-element_type=\"section\" data-e-type=\"section\" data-settings=\"{&quot;background_background&quot;:&quot;classic&quot;}\">\n\t\t\t\t\t\t<div class=\"elementor-container elementor-column-gap-no\">\n\t\t\t\t\t<div class=\"elementor-column elementor-col-100 elementor-inner-column elementor-element elementor-element-1b971c4d\" data-id=\"1b971c4d\" data-element_type=\"column\" data-e-type=\"column\">\n\t\t\t<div class=\"elementor-widget-wrap elementor-element-populated\">\n\t\t\t\t\t\t<div class=\"elementor-element elementor-element-4837ad0d elementor-widget elementor-widget-heading\" data-id=\"4837ad0d\" data-element_type=\"widget\" data-e-type=\"widget\" data-widget_type=\"heading.default\">\n\t\t\t\t<div class=\"elementor-widget-container\">\n\t\t\t\t\t<h1 class=\"elementor-heading-title elementor-size-default\">Beyn\u0259lxalq elmi konfranslar<\/h1>\t\t\t\t<\/div>\n\t\t\t\t<\/div>\n\t\t\t\t<div class=\"elementor-element elementor-element-428a4d51 elementor-widget-divider--view-line elementor-widget elementor-widget-divider\" data-id=\"428a4d51\" data-element_type=\"widget\" data-e-type=\"widget\" data-widget_type=\"divider.default\">\n\t\t\t\t<div class=\"elementor-widget-container\">\n\t\t\t\t\t\t\t<div class=\"elementor-divider\">\n\t\t\t<span class=\"elementor-divider-separator\">\n\t\t\t\t\t\t<\/span>\n\t\t<\/div>\n\t\t\t\t\t\t<\/div>\n\t\t\t\t<\/div>\n\t\t\t\t\t<\/div>\n\t\t<\/div>\n\t\t\t\t\t<\/div>\n\t\t<\/section>\n\t\t\t\t\t<\/div>\n\t\t<\/div>\n\t\t\t\t\t<\/div>\n\t\t<\/section>\n\t\t\t\t<section data-particle_enable=\"false\" data-particle-mobile-disabled=\"false\" class=\"elementor-section elementor-top-section elementor-element elementor-element-22433eca elementor-section-boxed elementor-section-height-default elementor-section-height-default\" data-id=\"22433eca\" data-element_type=\"section\" data-e-type=\"section\">\n\t\t\t\t\t\t<div class=\"elementor-container elementor-column-gap-default\">\n\t\t\t\t\t<div class=\"elementor-column elementor-col-100 elementor-top-column elementor-element elementor-element-10d61568\" data-id=\"10d61568\" data-element_type=\"column\" data-e-type=\"column\">\n\t\t\t<div class=\"elementor-widget-wrap elementor-element-populated\">\n\t\t\t\t\t\t<div class=\"elementor-element elementor-element-16064c70 elementor-widget elementor-widget-text-editor\" data-id=\"16064c70\" data-element_type=\"widget\" data-e-type=\"widget\" data-widget_type=\"text-editor.default\">\n\t\t\t\t<div class=\"elementor-widget-container\">\n\t\t\t\t\t\t\t\t\t<ul><li>MAS 21.International European Conference on Mathematics, Engineering, Natural and Medical Sciences (March 2-4, 2026. Mingachevir State University, Mingachevie, Azerbaijan)<\/li><\/ul><p><strong>\u00a0 \u00a0 <a href=\"https:\/\/mdu.edu.az\/wp-content\/uploads\/2026\/03\/MAS21_compressed.pdf\">C\u0130LD<\/a><\/strong><\/p><ul><li><p>Proceedings of The 3rd International Scientific Conference \u201cSustainable Development Strategy: Global Trends, National Experience And New Goals\u201d <br \/><strong><a href=\"https:\/\/mdu.edu.az\/wp-content\/uploads\/2026\/03\/Konfrans_mat_1.pdf\" target=\"_blank\" rel=\"noopener\">VOLUME 1\u00a0<\/a> \u00a0 \u00a0 <a href=\"https:\/\/mdu.edu.az\/wp-content\/uploads\/2026\/03\/Konfrans_mat_2.pdf\" target=\"_blank\" rel=\"noopener\">VOLUME 2<\/a>\u00a0 \u00a0 \u00a0 <a href=\"https:\/\/mdu.edu.az\/wp-content\/uploads\/2026\/03\/Konfrans_mat_3-1.pdf\" target=\"_blank\" rel=\"noopener\">VOLUME 3<\/a>\u00a0 \u00a0 \u00a0 <a href=\"https:\/\/mdu.edu.az\/wp-content\/uploads\/2026\/03\/Volume-4_merged.pdf\" target=\"_blank\" rel=\"noopener\">VOLUME 4<\/a>\u00a0 \u00a0 \u00a0 <a href=\"https:\/\/mdu.edu.az\/wp-content\/uploads\/2026\/03\/Volume-5_merged.pdf\" target=\"_blank\" rel=\"noopener\">VOLUME 5<\/a><\/strong><\/p><\/li><li>T\u0259tbiqi elml\u0259r \u00fczr\u0259 XII beyn\u0259lxalq avrasiya konfrans\u0131n\u0131n materiallar\u0131 (17-18 fevral 2025-ci il)\u00a0<br \/><strong><a href=\"https:\/\/mdu.edu.az\/wp-content\/uploads\/2025\/05\/12.-AVRASYA-PROCEEDINGS-BOOK.pdf\">EURO ASIA 12.INTERNATIONAL CONGRESS ON APPLIED SCIENCES (February 17-18, 2025 )<\/a><\/strong><\/li><li>&#8220;Yeni d\u00f6vrd\u0259 t\u0259hsil v\u0259 t\u0259dqiqat f\u0259aliyy\u0259ti: reall\u0131qlar v\u0259 \u00e7a\u011f\u0131r\u0131\u015flar&#8221; II beyn\u0259lxalq elmi konfrans\u0131n materiallar\u0131 (13-14 dekabr 2024-c\u00fc il)<br \/><strong><a href=\"https:\/\/mdu.edu.az\/wp-content\/uploads\/2025\/04\/KONFR.-MATER-2024-cild-1.pdf\">C\u0130LD 1<\/a> \u00a0\u00a0\u00a0\u00a0\u00a0\u00a0<a href=\"https:\/\/mdu.edu.az\/wp-content\/uploads\/2025\/04\/KONFR.-MATER-2024-cild-2.pdf\">C\u0130LD 2<\/a>\u00a0\u00a0\u00a0\u00a0\u00a0\u00a0 <a href=\"https:\/\/mdu.edu.az\/wp-content\/uploads\/2025\/04\/KONFR.-MATER-2024-cild-3-1.pdf\">C\u0130LD 3<\/a><\/strong><\/li><li>mas-19 \u201criyaziyyat \u2013 m\u00fch\u0259ndislik \u2013 t\u0259bi\u0259t \u2013 texnika v\u0259 sa\u011flaml\u0131q elml\u0259ri\u201d \u00fczr\u0259 beyn\u0259lxalq\u00a0 elmi konfrans\u0131n materiallar\u0131 (17-18 aprel 2024-c\u00fc il)<br \/><strong><a href=\"https:\/\/mdu.edu.az\/wp-content\/uploads\/2024\/05\/19.-MAS-BOOK.pdf\">C\u0130LD<\/a><\/strong><\/li><li>\u201cDavaml\u0131 inki\u015faf strategiyas\u0131: qlobal trendl\u0259r, milli t\u0259cr\u00fcb\u0259l\u0259r v\u0259 yeni h\u0259d\u0259fl\u0259r\u201d II beyn\u0259lxalq elmi konfrans\u0131n\u0131n materiallar\u0131 (08-09 dekabr 2023-c\u00fc il)<br \/><strong><a href=\"https:\/\/mdu.edu.az\/wp-content\/uploads\/2024\/03\/18.03.24_Cild1.pdf\">C\u0130LD 1<\/a>\u00a0\u00a0\u00a0\u00a0\u00a0\u00a0 <a href=\"https:\/\/mdu.edu.az\/wp-content\/uploads\/2024\/03\/Bey_konf_cild_2_11.03.2024.pdf\">C\u0130LD 2<\/a>\u00a0\u00a0\u00a0\u00a0\u00a0\u00a0 <a href=\"https:\/\/mdu.edu.az\/wp-content\/uploads\/2024\/02\/cild_3_28.02.2024.pdf\">C\u0130LD 3<\/a><\/strong><\/li><li>Hoca \u0259hm\u0259d y\u0259s\u0259vi v\u0131\u0131 beyn\u0259lxalq elmi t\u0259dqiqatlar konfrans\u0131 (24-25 fevral 2023-c\u00fc il)<br \/><strong><a href=\"https:\/\/mdu.edu.az\/wp-content\/uploads\/2023\/03\/7.-PROCEEDINGS-BOOK%E2%80%A9-V-1.pdf\">C\u0130LD 1<\/a>\u00a0\u00a0\u00a0\u00a0\u00a0\u00a0 <a href=\"https:\/\/mdu.edu.az\/wp-content\/uploads\/2023\/03\/7.-PROCEEDINGS-BOOK%E2%80%A9-V-2.pdf\">C\u0130LD 2<\/a>\u00a0\u00a0\u00a0\u00a0\u00a0\u00a0 <a href=\"https:\/\/mdu.edu.az\/wp-content\/uploads\/2023\/03\/7.-PROCEEDINGS-BOOK%E2%80%A9-V-3.pdf\">C\u0130LD 3<\/a>\u00a0\u00a0\u00a0\u00a0\u00a0\u00a0 <a href=\"https:\/\/mdu.edu.az\/wp-content\/uploads\/2023\/03\/7.-PROCEEDINGS-BOOK%E2%80%A9-V-4.pdf\">C\u0130LD 4<\/a><\/strong><\/li><li>Yeni d\u00f6vrd\u0259 t\u0259hsil v\u0259 t\u0259dqiqat f\u0259aliyy\u0259ti: reall\u0131qlar v\u0259 \u00e7a\u011f\u0131r\u0131\u015flar (16-17 dekabr 2022-ci il)<br \/><strong><a href=\"https:\/\/mdu.edu.az\/wp-content\/uploads\/2024\/09\/KONFR.-MATER-2022-cild-1-1.pdf\">C\u0130LD 1<\/a>\u00a0\u00a0\u00a0\u00a0\u00a0\u00a0 <a href=\"https:\/\/mdu.edu.az\/wp-content\/uploads\/2023\/03\/KONFR.-MATER-2022-cild-2-4.pdf\">C\u0130LD 2<\/a><\/strong><\/li><li>Davaml\u0131 inki\u015faf strategiyas\u0131: qlobal trendl\u0259r, milli t\u0259cr\u00fcb\u0259l\u0259r v\u0259 yeni h\u0259d\u0259fl\u0259r (10-11 dekabr 2021-ci il)<br \/><strong><a href=\"https:\/\/mdu.edu.az\/wp-content\/uploads\/2022\/04\/KONFRANS_2021_1.pdf\">C\u0130LD 1<\/a>\u00a0\u00a0\u00a0\u00a0\u00a0\u00a0 <a href=\"https:\/\/mdu.edu.az\/wp-content\/uploads\/2023\/02\/2-KONFR.-MATER-cild-2.pdf\">C\u0130LD 2<\/a><\/strong><\/li><\/ul>\t\t\t\t\t\t\t\t<\/div>\n\t\t\t\t<\/div>\n\t\t\t\t<div class=\"elementor-element elementor-element-3185beb6 elementor-widget elementor-widget-heading\" data-id=\"3185beb6\" data-element_type=\"widget\" data-e-type=\"widget\" data-widget_type=\"heading.default\">\n\t\t\t\t<div class=\"elementor-widget-container\">\n\t\t\t\t\t<h2 class=\"elementor-heading-title elementor-size-default\">M\u00f6vzu il\u0259 ba\u011fl\u0131 x\u0259b\u0259rl\u0259r<\/h2>\t\t\t\t<\/div>\n\t\t\t\t<\/div>\n\t\t\t\t<div class=\"elementor-element elementor-element-6ed1e090 elementor-widget-divider--view-line elementor-widget elementor-widget-divider\" data-id=\"6ed1e090\" data-element_type=\"widget\" data-e-type=\"widget\" data-widget_type=\"divider.default\">\n\t\t\t\t<div class=\"elementor-widget-container\">\n\t\t\t\t\t\t\t<div class=\"elementor-divider\">\n\t\t\t<span class=\"elementor-divider-separator\">\n\t\t\t\t\t\t<\/span>\n\t\t<\/div>\n\t\t\t\t\t\t<\/div>\n\t\t\t\t<\/div>\n\t\t\t\t<div class=\"elementor-element elementor-element-4e496815 elementor-widget elementor-widget-text-editor\" data-id=\"4e496815\" data-element_type=\"widget\" data-e-type=\"widget\" data-widget_type=\"text-editor.default\">\n\t\t\t\t<div class=\"elementor-widget-container\">\n\t\t\t\t\t\t\t\t\t<ul><li><a href=\"https:\/\/mdu.edu.az\/en\/ming%c9%99cevir-dovl%c9%99t-universitetind%c9%99-kecirilmis-beyn%c9%99lxalq-elmi-konfransin-materiallari-d%c9%99rc-olunub\/\" target=\"_blank\" rel=\"noopener\">Ming\u0259\u00e7evir D\u00f6vl\u0259t Universitetind\u0259 ke\u00e7irilmi\u015f beyn\u0259lxalq elmi konfrans\u0131n materiallar\u0131 d\u0259rc olunub<\/a><\/li><li><a href=\"https:\/\/mdu.edu.az\/en\/davaml-inki-af-stratezhiyas-zhlobal-trendl-r-milli-t-dzr-b-l-r-v-yeni-h-d-fl-r-az-rbaydzan-m-llimi-17-12-2021\/\" target=\"_blank\" rel=\"noopener\">Davaml\u0131 inki\u015faf strategiyas\u0131: qlobal trendl\u0259r, milli t\u0259cr\u00fcb\u0259l\u0259r v\u0259 yeni h\u0259d\u0259fl\u0259r<\/a><\/li><li><a href=\"https:\/\/mdu.edu.az\/en\/minzh-evir-d-vl-t-universitetind-beyn-lkhalzh-elmi-konfrans-ke-irilib-az-rbaydzan-zh-zeti-16-12-2021\/\" target=\"_blank\" rel=\"noopener\">Ming\u0259\u00e7evir D\u00f6vl\u0259t Universitetind\u0259 beyn\u0259lxalq elmi konfrans ke\u00e7irilib<\/a><\/li><li><a href=\"https:\/\/mdu.edu.az\/en\/minzh-evir-d-vl-t-universitetind-beyn-lkhalg-elmi-konfrans-u-urla-yekunla-b\/\" target=\"_blank\" rel=\"noopener\">Ming\u0259\u00e7evir D\u00f6vl\u0259t Universitetind\u0259 beyn\u0259lxalq elmi konfrans u\u011furla yekunla\u015f\u0131b<\/a><\/li><li><a href=\"https:\/\/mdu.edu.az\/en\/minzh-evir-d-vl-t-universitetind-beyn-lkhalg-elmi-konfrans-n-t-hsil-v-humanitar-elml-r-b-lm-sinin-idzlas-ke-irilib\/\" target=\"_blank\" rel=\"noopener\">Ming\u0259\u00e7evir D\u00f6vl\u0259t Universitetind\u0259 beyn\u0259lxalq elmi konfrans\u0131n \u201cT\u0259hsil v\u0259 humanitar elml\u0259r\u201d b\u00f6lm\u0259sinin iclas\u0131 ke\u00e7irilib<\/a><\/li><li><a href=\"https:\/\/mdu.edu.az\/en\/minzh-evir-d-vl-t-universitetind-beyn-lkhalg-elmi-konfrans-n-t-bi-t-v-tekhnika-elml-ri-b-lm-sinin-idzlas-ke-irilib\/\" target=\"_blank\" rel=\"noopener\">Ming\u0259\u00e7evir D\u00f6vl\u0259t Universitetind\u0259 beyn\u0259lxalq elmi konfrans\u0131n \u201cT\u0259bi\u0259t v\u0259 texnika elml\u0259ri\u201d b\u00f6lm\u0259sinin iclas\u0131 ke\u00e7irilib<\/a><\/li><li><a href=\"https:\/\/mdu.edu.az\/en\/minzh-evir-d-vl-t-universitetind-beyn-lkhalg-elmi-konfrans-n-igtisad-elml-ri-v-idar-etm-b-lm-sinin-idzlas-ke-irilib\/\" target=\"_blank\" rel=\"noopener\">Ming\u0259\u00e7evir D\u00f6vl\u0259t Universitetind\u0259 beyn\u0259lxalq elmi konfrans\u0131n \u201c\u0130qtisad elml\u0259ri v\u0259 idar\u0259etm\u0259\u201d b\u00f6lm\u0259sinin iclas\u0131 ke\u00e7irilib<\/a><\/li><li><a href=\"https:\/\/mdu.edu.az\/en\/minzh-evir-d-vl-t-universitetind-beyn-lkhalzh-elmi-konfrans-ke-irilib\/\" target=\"_blank\" rel=\"noopener\">Ming\u0259\u00e7evir D\u00f6vl\u0259t Universitetind\u0259 beyn\u0259lxalq elmi konfrans ke\u00e7irilib<\/a><\/li><li><a href=\"https:\/\/mdu.edu.az\/en\/minzh-evir-d-vl-t-universitetind-davaml-inki-af-stratezhiyas-zhlobal-trendl-r-milli-t-dzr-b-l-r-v-yeni-h-d-fl-r-m-vzusunda-beyn-lkhalzh-elmi-konfrans-ke-iril-dz-k\/\" target=\"_blank\" rel=\"noopener\">Ming\u0259\u00e7evir D\u00f6vl\u0259t Universitetind\u0259 \u201cDavaml\u0131 inki\u015faf strategiyas\u0131: qlobal trendl\u0259r, milli t\u0259cr\u00fcb\u0259l\u0259r v\u0259 yeni h\u0259d\u0259fl\u0259r\u201d m\u00f6vzusunda beyn\u0259lxalq elmi konfrans ke\u00e7iril\u0259c\u0259k<\/a><\/li><\/ul>\t\t\t\t\t\t\t\t<\/div>\n\t\t\t\t<\/div>\n\t\t\t\t\t<\/div>\n\t\t<\/div>\n\t\t\t\t\t<\/div>\n\t\t<\/section>\n\t\t\t\t<\/div>","protected":false},"excerpt":{"rendered":"<p>Beyn\u0259lxalq elmi konfranslar MAS 21.International European Conference on Mathematics, Engineering, Natural and Medical Sciences (March 2-4, 2026. Mingachevir State University, Mingachevie, Azerbaijan) \u00a0 \u00a0 C\u0130LD Proceedings of The 3rd International Scientific Conference \u201cSustainable Development Strategy: Global Trends, National Experience And New Goals\u201d VOLUME 1\u00a0 \u00a0 \u00a0 VOLUME 2\u00a0 \u00a0 \u00a0 VOLUME 3\u00a0 \u00a0 \u00a0 VOLUME [&hellip;]<\/p>\n","protected":false},"author":1,"featured_media":0,"parent":0,"menu_order":0,"comment_status":"closed","ping_status":"closed","template":"","meta":{"_eb_attr":"","ocean_post_layout":"full-screen","ocean_both_sidebars_style":"","ocean_both_sidebars_content_width":0,"ocean_both_sidebars_sidebars_width":0,"ocean_sidebar":"0","ocean_second_sidebar":"0","ocean_disable_margins":"enable","ocean_add_body_class":"","ocean_shortcode_before_top_bar":"","ocean_shortcode_after_top_bar":"","ocean_shortcode_before_header":"","ocean_shortcode_after_header":"","ocean_has_shortcode":"","ocean_shortcode_after_title":"","ocean_shortcode_before_footer_widgets":"","ocean_shortcode_after_footer_widgets":"","ocean_shortcode_before_footer_bottom":"","ocean_shortcode_after_footer_bottom":"","ocean_display_top_bar":"off","ocean_display_header":"off","ocean_header_style":"","ocean_center_header_left_menu":"0","ocean_custom_header_template":"0","ocean_custom_logo":0,"ocean_custom_retina_logo":0,"ocean_custom_logo_max_width":0,"ocean_custom_logo_tablet_max_width":0,"ocean_custom_logo_mobile_max_width":0,"ocean_custom_logo_max_height":0,"ocean_custom_logo_tablet_max_height":0,"ocean_custom_logo_mobile_max_height":0,"ocean_header_custom_menu":"0","ocean_menu_typo_font_family":"0","ocean_menu_typo_font_subset":"","ocean_menu_typo_font_size":0,"ocean_menu_typo_font_size_tablet":0,"ocean_menu_typo_font_size_mobile":0,"ocean_menu_typo_font_size_unit":"px","ocean_menu_typo_font_weight":"","ocean_menu_typo_font_weight_tablet":"","ocean_menu_typo_font_weight_mobile":"","ocean_menu_typo_transform":"","ocean_menu_typo_transform_tablet":"","ocean_menu_typo_transform_mobile":"","ocean_menu_typo_line_height":0,"ocean_menu_typo_line_height_tablet":0,"ocean_menu_typo_line_height_mobile":0,"ocean_menu_typo_line_height_unit":"","ocean_menu_typo_spacing":0,"ocean_menu_typo_spacing_tablet":0,"ocean_menu_typo_spacing_mobile":0,"ocean_menu_typo_spacing_unit":"","ocean_menu_link_color":"","ocean_menu_link_color_hover":"","ocean_menu_link_color_active":"","ocean_menu_link_background":"","ocean_menu_link_hover_background":"","ocean_menu_link_active_background":"","ocean_menu_social_links_bg":"","ocean_menu_social_hover_links_bg":"","ocean_menu_social_links_color":"","ocean_menu_social_hover_links_color":"","ocean_disable_title":"on","ocean_disable_heading":"default","ocean_post_title":"","ocean_post_subheading":"","ocean_post_title_style":"","ocean_post_title_background_color":"","ocean_post_title_background":0,"ocean_post_title_bg_image_position":"","ocean_post_title_bg_image_attachment":"","ocean_post_title_bg_image_repeat":"","ocean_post_title_bg_image_size":"","ocean_post_title_height":0,"ocean_post_title_bg_overlay":0.5,"ocean_post_title_bg_overlay_color":"","ocean_disable_breadcrumbs":"default","ocean_breadcrumbs_color":"","ocean_breadcrumbs_separator_color":"","ocean_breadcrumbs_links_color":"","ocean_breadcrumbs_links_hover_color":"","ocean_display_footer_widgets":"off","ocean_display_footer_bottom":"off","ocean_custom_footer_template":"0","footnotes":""},"class_list":["post-11166","page","type-page","status-publish","hentry","entry"],"_links":{"self":[{"href":"https:\/\/mdu.edu.az\/en\/wp-json\/wp\/v2\/pages\/11166","targetHints":{"allow":["GET"]}}],"collection":[{"href":"https:\/\/mdu.edu.az\/en\/wp-json\/wp\/v2\/pages"}],"about":[{"href":"https:\/\/mdu.edu.az\/en\/wp-json\/wp\/v2\/types\/page"}],"author":[{"embeddable":true,"href":"https:\/\/mdu.edu.az\/en\/wp-json\/wp\/v2\/users\/1"}],"replies":[{"embeddable":true,"href":"https:\/\/mdu.edu.az\/en\/wp-json\/wp\/v2\/comments?post=11166"}],"version-history":[{"count":411,"href":"https:\/\/mdu.edu.az\/en\/wp-json\/wp\/v2\/pages\/11166\/revisions"}],"predecessor-version":[{"id":89905,"href":"https:\/\/mdu.edu.az\/en\/wp-json\/wp\/v2\/pages\/11166\/revisions\/89905"}],"wp:attachment":[{"href":"https:\/\/mdu.edu.az\/en\/wp-json\/wp\/v2\/media?parent=11166"}],"curies":[{"name":"wp","href":"https:\/\/api.w.org\/{rel}","templated":true}]}}