{"id":11173,"date":"2022-01-19T14:56:43","date_gmt":"2022-01-19T11:56:43","guid":{"rendered":"https:\/\/mdu.edu.az\/?page_id=11173"},"modified":"2026-02-09T14:43:53","modified_gmt":"2026-02-09T11:43:53","slug":"abituriyent","status":"publish","type":"page","link":"https:\/\/mdu.edu.az\/en\/abituriyent\/","title":{"rendered":"For applicants"},"content":{"rendered":"<div data-elementor-type=\"wp-page\" data-elementor-id=\"11173\" class=\"elementor elementor-11173\" data-elementor-settings=\"{&quot;element_pack_global_tooltip_width&quot;:{&quot;unit&quot;:&quot;px&quot;,&quot;size&quot;:&quot;&quot;,&quot;sizes&quot;:[]},&quot;element_pack_global_tooltip_width_tablet&quot;:{&quot;unit&quot;:&quot;px&quot;,&quot;size&quot;:&quot;&quot;,&quot;sizes&quot;:[]},&quot;element_pack_global_tooltip_width_mobile&quot;:{&quot;unit&quot;:&quot;px&quot;,&quot;size&quot;:&quot;&quot;,&quot;sizes&quot;:[]},&quot;element_pack_global_tooltip_padding&quot;:{&quot;unit&quot;:&quot;px&quot;,&quot;top&quot;:&quot;&quot;,&quot;right&quot;:&quot;&quot;,&quot;bottom&quot;:&quot;&quot;,&quot;left&quot;:&quot;&quot;,&quot;isLinked&quot;:true},&quot;element_pack_global_tooltip_padding_tablet&quot;:{&quot;unit&quot;:&quot;px&quot;,&quot;top&quot;:&quot;&quot;,&quot;right&quot;:&quot;&quot;,&quot;bottom&quot;:&quot;&quot;,&quot;left&quot;:&quot;&quot;,&quot;isLinked&quot;:true},&quot;element_pack_global_tooltip_padding_mobile&quot;:{&quot;unit&quot;:&quot;px&quot;,&quot;top&quot;:&quot;&quot;,&quot;right&quot;:&quot;&quot;,&quot;bottom&quot;:&quot;&quot;,&quot;left&quot;:&quot;&quot;,&quot;isLinked&quot;:true},&quot;element_pack_global_tooltip_border_radius&quot;:{&quot;unit&quot;:&quot;px&quot;,&quot;top&quot;:&quot;&quot;,&quot;right&quot;:&quot;&quot;,&quot;bottom&quot;:&quot;&quot;,&quot;left&quot;:&quot;&quot;,&quot;isLinked&quot;:true},&quot;element_pack_global_tooltip_border_radius_tablet&quot;:{&quot;unit&quot;:&quot;px&quot;,&quot;top&quot;:&quot;&quot;,&quot;right&quot;:&quot;&quot;,&quot;bottom&quot;:&quot;&quot;,&quot;left&quot;:&quot;&quot;,&quot;isLinked&quot;:true},&quot;element_pack_global_tooltip_border_radius_mobile&quot;:{&quot;unit&quot;:&quot;px&quot;,&quot;top&quot;:&quot;&quot;,&quot;right&quot;:&quot;&quot;,&quot;bottom&quot;:&quot;&quot;,&quot;left&quot;:&quot;&quot;,&quot;isLinked&quot;:true}}\" data-elementor-post-type=\"page\">\n\t\t\t\t\t\t<section data-particle_enable=\"false\" data-particle-mobile-disabled=\"false\" class=\"elementor-section elementor-top-section elementor-element elementor-element-4df5b95d elementor-section-boxed elementor-section-height-default elementor-section-height-default\" data-id=\"4df5b95d\" data-element_type=\"section\" data-e-type=\"section\">\n\t\t\t\t\t\t<div class=\"elementor-container elementor-column-gap-default\">\n\t\t\t\t\t<div class=\"elementor-column elementor-col-100 elementor-top-column elementor-element elementor-element-38d84d16\" data-id=\"38d84d16\" data-element_type=\"column\" data-e-type=\"column\" data-settings=\"{&quot;background_background&quot;:&quot;classic&quot;}\">\n\t\t\t<div class=\"elementor-widget-wrap elementor-element-populated\">\n\t\t\t\t\t\t<section data-particle_enable=\"false\" data-particle-mobile-disabled=\"false\" class=\"elementor-section elementor-inner-section elementor-element elementor-element-2288a2a5 elementor-section-full_width elementor-section-content-middle elementor-section-height-default elementor-section-height-default\" data-id=\"2288a2a5\" data-element_type=\"section\" data-e-type=\"section\" data-settings=\"{&quot;background_background&quot;:&quot;classic&quot;}\">\n\t\t\t\t\t\t<div class=\"elementor-container elementor-column-gap-no\">\n\t\t\t\t\t<div class=\"elementor-column elementor-col-100 elementor-inner-column elementor-element elementor-element-61ae7568\" data-id=\"61ae7568\" data-element_type=\"column\" data-e-type=\"column\">\n\t\t\t<div class=\"elementor-widget-wrap elementor-element-populated\">\n\t\t\t\t\t\t<div class=\"elementor-element elementor-element-25bac87 elementor-widget elementor-widget-heading\" data-id=\"25bac87\" data-element_type=\"widget\" data-e-type=\"widget\" data-widget_type=\"heading.default\">\n\t\t\t\t<div class=\"elementor-widget-container\">\n\t\t\t\t\t<h1 class=\"elementor-heading-title elementor-size-default\">For applicants<\/h1>\t\t\t\t<\/div>\n\t\t\t\t<\/div>\n\t\t\t\t<div class=\"elementor-element elementor-element-2d4ae3 elementor-widget-divider--view-line elementor-widget elementor-widget-divider\" data-id=\"2d4ae3\" data-element_type=\"widget\" data-e-type=\"widget\" data-widget_type=\"divider.default\">\n\t\t\t\t<div class=\"elementor-widget-container\">\n\t\t\t\t\t\t\t<div class=\"elementor-divider\">\n\t\t\t<span class=\"elementor-divider-separator\">\n\t\t\t\t\t\t<\/span>\n\t\t<\/div>\n\t\t\t\t\t\t<\/div>\n\t\t\t\t<\/div>\n\t\t\t\t\t<\/div>\n\t\t<\/div>\n\t\t\t\t\t<\/div>\n\t\t<\/section>\n\t\t\t\t\t<\/div>\n\t\t<\/div>\n\t\t\t\t\t<\/div>\n\t\t<\/section>\n\t\t\t\t<section data-particle_enable=\"false\" data-particle-mobile-disabled=\"false\" class=\"elementor-section elementor-top-section elementor-element elementor-element-2dfd6c2 elementor-section-boxed elementor-section-height-default elementor-section-height-default\" data-id=\"2dfd6c2\" data-element_type=\"section\" data-e-type=\"section\">\n\t\t\t\t\t\t<div class=\"elementor-container elementor-column-gap-default\">\n\t\t\t\t\t<div class=\"elementor-column elementor-col-100 elementor-top-column elementor-element elementor-element-62480fb\" data-id=\"62480fb\" data-element_type=\"column\" data-e-type=\"column\">\n\t\t\t<div class=\"elementor-widget-wrap elementor-element-populated\">\n\t\t\t\t\t\t<div class=\"elementor-element elementor-element-2913165 elementor-widget elementor-widget-heading\" data-id=\"2913165\" data-element_type=\"widget\" data-e-type=\"widget\" data-no-translation=\"\" data-widget_type=\"heading.default\">\n\t\t\t\t<div class=\"elementor-widget-container\">\n\t\t\t\t\t<style>.elementor-element-2913165{display:none !important}<\/style>\t\t\t\t<\/div>\n\t\t\t\t<\/div>\n\t\t\t\t<div class=\"elementor-element elementor-element-469bb78 elementor-widget elementor-widget-heading\" data-id=\"469bb78\" data-element_type=\"widget\" data-e-type=\"widget\" data-no-translation=\"\" data-widget_type=\"heading.default\">\n\t\t\t\t<div class=\"elementor-widget-container\">\n\t\t\t\t\t<h2 class=\"elementor-heading-title elementor-size-default\">Specialties Of Bachelor's Degree <\/h2>\t\t\t\t<\/div>\n\t\t\t\t<\/div>\n\t\t\t\t<div class=\"elementor-element elementor-element-647ba6e elementor-widget elementor-widget-heading\" data-id=\"647ba6e\" data-element_type=\"widget\" data-e-type=\"widget\" data-no-translation=\"\" data-widget_type=\"heading.default\">\n\t\t\t\t<div class=\"elementor-widget-container\">\n\t\t\t\t\t<style>.elementor-element-647ba6e{display:none !important}<\/style>\t\t\t\t<\/div>\n\t\t\t\t<\/div>\n\t\t\t\t\t<\/div>\n\t\t<\/div>\n\t\t\t\t\t<\/div>\n\t\t<\/section>\n\t\t\t\t<section data-particle_enable=\"false\" data-particle-mobile-disabled=\"false\" class=\"elementor-section elementor-top-section elementor-element elementor-element-ab7bc21 elementor-section-boxed elementor-section-height-default elementor-section-height-default\" data-id=\"ab7bc21\" data-element_type=\"section\" data-e-type=\"section\">\n\t\t\t\t\t\t<div class=\"elementor-container elementor-column-gap-default\">\n\t\t\t\t\t<div class=\"elementor-column elementor-col-100 elementor-top-column elementor-element elementor-element-c54cf0e\" data-id=\"c54cf0e\" data-element_type=\"column\" data-e-type=\"column\">\n\t\t\t<div class=\"elementor-widget-wrap elementor-element-populated\">\n\t\t\t\t\t\t<div class=\"elementor-element elementor-element-542fa5e elementor-widget elementor-widget-text-editor\" data-id=\"542fa5e\" data-element_type=\"widget\" data-e-type=\"widget\" data-widget_type=\"text-editor.default\">\n\t\t\t\t<div class=\"elementor-widget-container\">\n\t\t\t\t\t\t\t\t\t<p>\u018fziz abituriyentl\u0259r! Ming\u0259\u00e7evir D\u00f6vl\u0259t Universiteti 2024\/2025-ci t\u0259dris ilind\u0259 bakalavriat s\u0259viyy\u0259sin\u0259 t\u0259l\u0259b\u0259 q\u0259bulu elan edir!<\/p><p>MDU-da art\u0131q \u0259n\u0259n\u0259 hal\u0131n\u0131 alm\u0131\u015f \u201cAbituriyent m\u0259sl\u0259h\u0259t m\u0259rk\u0259zi\u201d bu il d\u0259 universitetin \u0259sas t\u0259dris binas\u0131nda yerl\u0259\u015f\u0259n kitabxanada \u00f6z f\u0259aliyy\u0259tini davam etdir\u0259c\u0259k. \u0130xtisas se\u00e7imi il\u0259 ba\u011fl\u0131 qar\u015f\u0131la\u015faca\u011f\u0131n\u0131z \u00e7\u0259tinlikl\u0259rd\u0259n \u0259m\u0259kda\u015flar\u0131m\u0131z\u0131n pe\u015f\u0259kar t\u0259cr\u00fcb\u0259sind\u0259n faydalanaraq qurtula bil\u0259rsiniz!<\/p>\t\t\t\t\t\t\t\t<\/div>\n\t\t\t\t<\/div>\n\t\t\t\t\t<\/div>\n\t\t<\/div>\n\t\t\t\t\t<\/div>\n\t\t<\/section>\n\t\t\t\t<section data-particle_enable=\"false\" data-particle-mobile-disabled=\"false\" class=\"elementor-section elementor-top-section elementor-element elementor-element-e3553c6 elementor-section-boxed elementor-section-height-default elementor-section-height-default\" data-id=\"e3553c6\" data-element_type=\"section\" data-e-type=\"section\">\n\t\t\t\t\t\t<div class=\"elementor-container elementor-column-gap-default\">\n\t\t\t\t\t<div class=\"elementor-column elementor-col-100 elementor-top-column elementor-element elementor-element-83c1be3\" data-id=\"83c1be3\" data-element_type=\"column\" data-e-type=\"column\">\n\t\t\t<div class=\"elementor-widget-wrap elementor-element-populated\">\n\t\t\t\t\t\t<div class=\"elementor-element elementor-element-7a09c7a elementor-widget elementor-widget-heading\" data-id=\"7a09c7a\" data-element_type=\"widget\" data-e-type=\"widget\" data-no-translation=\"\" data-widget_type=\"heading.default\">\n\t\t\t\t<div class=\"elementor-widget-container\">\n\t\t\t\t\t<style>.elementor-element-7a09c7a{display:none !important}<\/style>\t\t\t\t<\/div>\n\t\t\t\t<\/div>\n\t\t\t\t\t<\/div>\n\t\t<\/div>\n\t\t\t\t\t<\/div>\n\t\t<\/section>\n\t\t\t\t<section data-particle_enable=\"false\" data-particle-mobile-disabled=\"false\" class=\"elementor-section elementor-top-section elementor-element elementor-element-ac345a7 elementor-section-boxed elementor-section-height-default elementor-section-height-default\" data-id=\"ac345a7\" data-element_type=\"section\" data-e-type=\"section\" data-no-translation=\"\">\n\t\t\t\t\t\t<div class=\"elementor-container elementor-column-gap-default\">\n\t\t\t\t\t<div class=\"elementor-column elementor-col-33 elementor-top-column elementor-element elementor-element-72045a2\" data-id=\"72045a2\" data-element_type=\"column\" data-e-type=\"column\">\n\t\t\t<div class=\"elementor-widget-wrap elementor-element-populated\">\n\t\t\t\t\t\t<div class=\"elementor-element elementor-element-c6fec63 elementor-widget elementor-widget-text-editor\" data-id=\"c6fec63\" data-element_type=\"widget\" data-e-type=\"widget\" data-widget_type=\"text-editor.default\">\n\t\t\t\t<div class=\"elementor-widget-container\">\n\t\t\t\t\t\t\t\t\t<p><strong>Group I<\/strong><\/p><p>Teaching Physics<\/p><p>Teaching Mathematics<\/p><p>Teaching mathematics and computer science<\/p><p>Computer science<\/p><p>Environmental engineering<\/p><p>Environmental Engineering (part-time)<\/p><p>Electrical and Electronics Engineering<\/p><p>Electrical and Electronics Engineering (part-time)<\/p><p>Energy Engineering<\/p><p>Energy Engineering (part-time)<\/p><p>Life Safety Engineering<\/p><p>Information Security<\/p><p>Information security (part-time)<\/p><p>Information Technology<\/p><p>Information technology (part-time)<\/p><p>Computer engineering<\/p><p>Computer Engineering (part-time)<\/p><p>Transport engineering<\/p><p>Transport engineering (part-time)<\/p><p>Industrial engineering<\/p>\t\t\t\t\t\t\t\t<\/div>\n\t\t\t\t<\/div>\n\t\t\t\t\t<\/div>\n\t\t<\/div>\n\t\t\t\t<div class=\"elementor-column elementor-col-33 elementor-top-column elementor-element elementor-element-b236a40\" data-id=\"b236a40\" data-element_type=\"column\" data-e-type=\"column\">\n\t\t\t<div class=\"elementor-widget-wrap elementor-element-populated\">\n\t\t\t\t\t\t<div class=\"elementor-element elementor-element-033a9ae elementor-widget elementor-widget-text-editor\" data-id=\"033a9ae\" data-element_type=\"widget\" data-e-type=\"widget\" data-widget_type=\"text-editor.default\">\n\t\t\t\t<div class=\"elementor-widget-container\">\n\t\t\t\t\t\t\t\t\t<p><strong>Group II<\/strong><\/p><p>Business management<\/p><p>Business Management (part-time)<\/p><p>State and municipal administration<\/p><p>State and municipal administration (part-time)<\/p><p>Economy<\/p><p>Economics (part-time)<\/p><p>Finance<\/p><p>Finance (part-time)<\/p><p>Marketing<\/p><p>Marketing (part-time)<\/p><p>Management<\/p><p>Management (part-time)<\/p><p>Accounting<\/p><p>Accounting (part-time)<\/p><p>Tourism guide<\/p><p>Tourism guide (part-time)<\/p><p>Organization of tourism work<\/p><p>Organization of tourism work (part-time)<\/p>\t\t\t\t\t\t\t\t<\/div>\n\t\t\t\t<\/div>\n\t\t\t\t\t<\/div>\n\t\t<\/div>\n\t\t\t\t<div class=\"elementor-column elementor-col-33 elementor-top-column elementor-element elementor-element-db300cd\" data-id=\"db300cd\" data-element_type=\"column\" data-e-type=\"column\">\n\t\t\t<div class=\"elementor-widget-wrap elementor-element-populated\">\n\t\t\t\t\t\t<div class=\"elementor-element elementor-element-010d51b elementor-widget elementor-widget-text-editor\" data-id=\"010d51b\" data-element_type=\"widget\" data-e-type=\"widget\" data-widget_type=\"text-editor.default\">\n\t\t\t\t<div class=\"elementor-widget-container\">\n\t\t\t\t\t\t\t\t\t<p><strong>Group III<\/strong><\/p><p>Teaching Azerbaijani language and literature<\/p><p>Teaching Language and Literature (in English)<\/p><p>Teaching in primary school<\/p><p>Preschool education<\/p><p>Teaching history<\/p><p>Teaching a foreign language (in English)<\/p><p>Social work<\/p><p><strong>\u00a0<\/strong><\/p><p><strong>Group IV<\/strong><\/p><p>Teaching Chemistry<\/p><p>Ecology<\/p><p>Ecology (part-time)<\/p>\t\t\t\t\t\t\t\t<\/div>\n\t\t\t\t<\/div>\n\t\t\t\t\t<\/div>\n\t\t<\/div>\n\t\t\t\t\t<\/div>\n\t\t<\/section>\n\t\t\t\t<section data-particle_enable=\"false\" data-particle-mobile-disabled=\"false\" class=\"elementor-section elementor-top-section elementor-element elementor-element-edc8ed8 elementor-section-boxed elementor-section-height-default elementor-section-height-default\" data-id=\"edc8ed8\" data-element_type=\"section\" data-e-type=\"section\" data-no-translation=\"\">\n\t\t\t\t\t\t<div class=\"elementor-container elementor-column-gap-default\">\n\t\t\t\t\t<div class=\"elementor-column elementor-col-100 elementor-top-column elementor-element elementor-element-f2f578b\" data-id=\"f2f578b\" data-element_type=\"column\" data-e-type=\"column\">\n\t\t\t<div class=\"elementor-widget-wrap elementor-element-populated\">\n\t\t\t\t\t\t<div class=\"elementor-element elementor-element-586fc68 elementor-widget elementor-widget-heading\" data-id=\"586fc68\" data-element_type=\"widget\" data-e-type=\"widget\" data-widget_type=\"heading.default\">\n\t\t\t\t<div class=\"elementor-widget-container\">\n\t\t\t\t\t<h2 class=\"elementor-heading-title elementor-size-default\">Specialties And Specializations Of Master's Degree<\/h2>\t\t\t\t<\/div>\n\t\t\t\t<\/div>\n\t\t\t\t<div class=\"elementor-element elementor-element-c509c36 elementor-widget elementor-widget-spacer\" data-id=\"c509c36\" data-element_type=\"widget\" data-e-type=\"widget\" data-widget_type=\"spacer.default\">\n\t\t\t\t<div class=\"elementor-widget-container\">\n\t\t\t\t\t\t\t<div class=\"elementor-spacer\">\n\t\t\t<div class=\"elementor-spacer-inner\"><\/div>\n\t\t<\/div>\n\t\t\t\t\t\t<\/div>\n\t\t\t\t<\/div>\n\t\t\t\t\t<\/div>\n\t\t<\/div>\n\t\t\t\t\t<\/div>\n\t\t<\/section>\n\t\t\t\t<section data-particle_enable=\"false\" data-particle-mobile-disabled=\"false\" class=\"elementor-section elementor-top-section elementor-element elementor-element-c7803b9 elementor-section-boxed elementor-section-height-default elementor-section-height-default\" data-id=\"c7803b9\" data-element_type=\"section\" data-e-type=\"section\" data-no-translation=\"\">\n\t\t\t\t\t\t<div class=\"elementor-container elementor-column-gap-default\">\n\t\t\t\t\t<div class=\"elementor-column elementor-col-50 elementor-top-column elementor-element elementor-element-e8a7591\" data-id=\"e8a7591\" data-element_type=\"column\" data-e-type=\"column\">\n\t\t\t<div class=\"elementor-widget-wrap elementor-element-populated\">\n\t\t\t\t\t\t<div class=\"elementor-element elementor-element-ea39ef8 elementor-widget elementor-widget-text-editor\" data-id=\"ea39ef8\" data-element_type=\"widget\" data-e-type=\"widget\" data-widget_type=\"text-editor.default\">\n\t\t\t\t<div class=\"elementor-widget-container\">\n\t\t\t\t\t\t\t\t\t<p><strong>Specialty: <\/strong>060101 Teaching Azerbaijani language and literature<\/p><p><strong>Specialization: <\/strong>Methodology and methods of teaching Azerbaijani language and literature<\/p><p><strong>Specialty: <\/strong>060103 Teaching a foreign language (English)<\/p><p><strong>Specialization: <\/strong>Methodology and methods of teaching a foreign language (English)<\/p><p><strong>Specialty: <\/strong>060105 Teaching mathematics<\/p><p><strong>Specialization: <\/strong>Methodology and methods of teaching mathematics<\/p><p><strong>Specialty: <\/strong>060111 Teaching history<\/p><p><strong>Specialization: <\/strong>Methodology and methods of teaching history<\/p><p><strong>Specialty: <\/strong>060113 Teaching computer science<\/p><p><strong>Specialization: <\/strong>Methodology and methods of teaching the subject of informatics<\/p><p><strong>Specialty: <\/strong>060115 Teaching in primary grades<\/p><p><strong>Specialization: <\/strong>Methodology and methods of teaching in primary grades<\/p><p><strong>Specialty: <\/strong>060403 Finance<\/p><p><strong>Specialization: <\/strong>Financial control and audit<\/p><p><strong>Specialty: <\/strong>060404 Economics<\/p><p><strong>Specialization: <\/strong>Economic regulation<\/p><p><strong>Specialty: <\/strong>060405 Management and organization of industry<\/p><p><strong>Specialization: <\/strong>Economics and management of the spheres of production and services (according to directions)<\/p>\t\t\t\t\t\t\t\t<\/div>\n\t\t\t\t<\/div>\n\t\t\t\t\t<\/div>\n\t\t<\/div>\n\t\t\t\t<div class=\"elementor-column elementor-col-50 elementor-top-column elementor-element elementor-element-ab09595\" data-id=\"ab09595\" data-element_type=\"column\" data-e-type=\"column\">\n\t\t\t<div class=\"elementor-widget-wrap elementor-element-populated\">\n\t\t\t\t\t\t<div class=\"elementor-element elementor-element-9e8493b elementor-widget elementor-widget-text-editor\" data-id=\"9e8493b\" data-element_type=\"widget\" data-e-type=\"widget\" data-widget_type=\"text-editor.default\">\n\t\t\t\t<div class=\"elementor-widget-container\">\n\t\t\t\t\t\t\t\t\t<p><strong>Specialty: <\/strong>060409 Business Management<\/p><p><strong>Specialization: <\/strong>Business administration and management<\/p><p><strong>Specialty: <\/strong>060410 State and municipal administration<\/p><p><strong>Specialization: <\/strong>Regional administration<\/p><p><strong>Specialty: <\/strong>060510 Ecology<\/p><p><strong>Specialization: <\/strong>Methods of protection and restoration of the environment<\/p><p><strong>Specialty: <\/strong>060608 \u2013 Power engineering<\/p><p><strong>Specialty: <\/strong>Electricity<\/p><p><strong>Specialty: <\/strong>060609 Thermal Engineering<\/p><p><strong>Specialization: <\/strong>Thermal power plants<\/p><p><strong>Specialty: <\/strong>060622 Land vehicle engineering<\/p><p><strong>Specialization: <\/strong>Organization and safety of traffic<\/p><p><strong>Specialty: <\/strong>060632 Engineering of Information Technology and Systems<\/p><p><strong>Specialization: <\/strong>Automated information processing and control systems<\/p><p><strong>Specialty: <\/strong>060649 Environmental Engineering<\/p><p><strong>Specialization: <\/strong>Environmental protection and rational use of natural resources<\/p><p>\u00a0<\/p><p>\u00a0<\/p><p>\u00a0<\/p>\t\t\t\t\t\t\t\t<\/div>\n\t\t\t\t<\/div>\n\t\t\t\t\t<\/div>\n\t\t<\/div>\n\t\t\t\t\t<\/div>\n\t\t<\/section>\n\t\t\t\t<\/div>","protected":false},"excerpt":{"rendered":"<p>abituriyentl\u0259r \u00fc\u00e7\u00fcn \u0421\u043f\u0435\u0446\u0438\u0430\u043b\u044c\u043d\u043e\u0441\u0442\u0438 \u043f\u043e \u0441\u0442\u0435\u043f\u0435\u043d\u0438 \u0431\u0430\u043a\u0430\u043b\u0430\u0432\u0440\u0438\u0430\u0442\u0430 \u018fziz abituriyentl\u0259r! Ming\u0259\u00e7evir D\u00f6vl\u0259t Universiteti 2024\/2025-ci t\u0259dris ilind\u0259 bakalavriat s\u0259viyy\u0259sin\u0259 t\u0259l\u0259b\u0259 q\u0259bulu elan edir! MDU-da art\u0131q \u0259n\u0259n\u0259 hal\u0131n\u0131 alm\u0131\u015f \u201cAbituriyent m\u0259sl\u0259h\u0259t m\u0259rk\u0259zi\u201d bu il d\u0259 universitetin \u0259sas t\u0259dris binas\u0131nda yerl\u0259\u015f\u0259n kitabxanada \u00f6z f\u0259aliyy\u0259tini davam etdir\u0259c\u0259k. \u0130xtisas se\u00e7imi il\u0259 ba\u011fl\u0131 qar\u015f\u0131la\u015faca\u011f\u0131n\u0131z \u00e7\u0259tinlikl\u0259rd\u0259n \u0259m\u0259kda\u015flar\u0131m\u0131z\u0131n pe\u015f\u0259kar t\u0259cr\u00fcb\u0259sind\u0259n faydalanaraq qurtula bil\u0259rsiniz! I qrup [&hellip;]<\/p>\n","protected":false},"author":1,"featured_media":0,"parent":0,"menu_order":0,"comment_status":"closed","ping_status":"closed","template":"","meta":{"_eb_attr":"","ocean_post_layout":"full-screen","ocean_both_sidebars_style":"","ocean_both_sidebars_content_width":0,"ocean_both_sidebars_sidebars_width":0,"ocean_sidebar":"0","ocean_second_sidebar":"0","ocean_disable_margins":"enable","ocean_add_body_class":"","ocean_shortcode_before_top_bar":"","ocean_shortcode_after_top_bar":"","ocean_shortcode_before_header":"","ocean_shortcode_after_header":"","ocean_has_shortcode":"","ocean_shortcode_after_title":"","ocean_shortcode_before_footer_widgets":"","ocean_shortcode_after_footer_widgets":"","ocean_shortcode_before_footer_bottom":"","ocean_shortcode_after_footer_bottom":"","ocean_display_top_bar":"off","ocean_display_header":"off","ocean_header_style":"","ocean_center_header_left_menu":"0","ocean_custom_header_template":"0","ocean_custom_logo":0,"ocean_custom_retina_logo":0,"ocean_custom_logo_max_width":0,"ocean_custom_logo_tablet_max_width":0,"ocean_custom_logo_mobile_max_width":0,"ocean_custom_logo_max_height":0,"ocean_custom_logo_tablet_max_height":0,"ocean_custom_logo_mobile_max_height":0,"ocean_header_custom_menu":"0","ocean_menu_typo_font_family":"0","ocean_menu_typo_font_subset":"","ocean_menu_typo_font_size":0,"ocean_menu_typo_font_size_tablet":0,"ocean_menu_typo_font_size_mobile":0,"ocean_menu_typo_font_size_unit":"px","ocean_menu_typo_font_weight":"","ocean_menu_typo_font_weight_tablet":"","ocean_menu_typo_font_weight_mobile":"","ocean_menu_typo_transform":"","ocean_menu_typo_transform_tablet":"","ocean_menu_typo_transform_mobile":"","ocean_menu_typo_line_height":0,"ocean_menu_typo_line_height_tablet":0,"ocean_menu_typo_line_height_mobile":0,"ocean_menu_typo_line_height_unit":"","ocean_menu_typo_spacing":0,"ocean_menu_typo_spacing_tablet":0,"ocean_menu_typo_spacing_mobile":0,"ocean_menu_typo_spacing_unit":"","ocean_menu_link_color":"","ocean_menu_link_color_hover":"","ocean_menu_link_color_active":"","ocean_menu_link_background":"","ocean_menu_link_hover_background":"","ocean_menu_link_active_background":"","ocean_menu_social_links_bg":"","ocean_menu_social_hover_links_bg":"","ocean_menu_social_links_color":"","ocean_menu_social_hover_links_color":"","ocean_disable_title":"on","ocean_disable_heading":"default","ocean_post_title":"","ocean_post_subheading":"","ocean_post_title_style":"","ocean_post_title_background_color":"","ocean_post_title_background":0,"ocean_post_title_bg_image_position":"","ocean_post_title_bg_image_attachment":"","ocean_post_title_bg_image_repeat":"","ocean_post_title_bg_image_size":"","ocean_post_title_height":0,"ocean_post_title_bg_overlay":0.5,"ocean_post_title_bg_overlay_color":"","ocean_disable_breadcrumbs":"default","ocean_breadcrumbs_color":"","ocean_breadcrumbs_separator_color":"","ocean_breadcrumbs_links_color":"","ocean_breadcrumbs_links_hover_color":"","ocean_display_footer_widgets":"off","ocean_display_footer_bottom":"off","ocean_custom_footer_template":"0","footnotes":""},"class_list":["post-11173","page","type-page","status-publish","hentry","entry"],"_links":{"self":[{"href":"https:\/\/mdu.edu.az\/en\/wp-json\/wp\/v2\/pages\/11173","targetHints":{"allow":["GET"]}}],"collection":[{"href":"https:\/\/mdu.edu.az\/en\/wp-json\/wp\/v2\/pages"}],"about":[{"href":"https:\/\/mdu.edu.az\/en\/wp-json\/wp\/v2\/types\/page"}],"author":[{"embeddable":true,"href":"https:\/\/mdu.edu.az\/en\/wp-json\/wp\/v2\/users\/1"}],"replies":[{"embeddable":true,"href":"https:\/\/mdu.edu.az\/en\/wp-json\/wp\/v2\/comments?post=11173"}],"version-history":[{"count":377,"href":"https:\/\/mdu.edu.az\/en\/wp-json\/wp\/v2\/pages\/11173\/revisions"}],"predecessor-version":[{"id":82854,"href":"https:\/\/mdu.edu.az\/en\/wp-json\/wp\/v2\/pages\/11173\/revisions\/82854"}],"wp:attachment":[{"href":"https:\/\/mdu.edu.az\/en\/wp-json\/wp\/v2\/media?parent=11173"}],"curies":[{"name":"wp","href":"https:\/\/api.w.org\/{rel}","templated":true}]}}