{"id":11193,"date":"2022-01-19T15:09:32","date_gmt":"2022-01-19T12:09:32","guid":{"rendered":"https:\/\/mdu.edu.az\/?page_id=11193"},"modified":"2025-08-07T09:08:44","modified_gmt":"2025-08-07T06:08:44","slug":"v%c9%99t%c9%99np%c9%99rv%c9%99rlik","status":"publish","type":"page","link":"https:\/\/mdu.edu.az\/en\/v%c9%99t%c9%99np%c9%99rv%c9%99rlik\/","title":{"rendered":"Patriotism"},"content":{"rendered":"<div data-elementor-type=\"wp-page\" data-elementor-id=\"11193\" class=\"elementor elementor-11193\" data-elementor-settings=\"{&quot;element_pack_global_tooltip_width&quot;:{&quot;unit&quot;:&quot;px&quot;,&quot;size&quot;:&quot;&quot;,&quot;sizes&quot;:[]},&quot;element_pack_global_tooltip_width_tablet&quot;:{&quot;unit&quot;:&quot;px&quot;,&quot;size&quot;:&quot;&quot;,&quot;sizes&quot;:[]},&quot;element_pack_global_tooltip_width_mobile&quot;:{&quot;unit&quot;:&quot;px&quot;,&quot;size&quot;:&quot;&quot;,&quot;sizes&quot;:[]},&quot;element_pack_global_tooltip_padding&quot;:{&quot;unit&quot;:&quot;px&quot;,&quot;top&quot;:&quot;&quot;,&quot;right&quot;:&quot;&quot;,&quot;bottom&quot;:&quot;&quot;,&quot;left&quot;:&quot;&quot;,&quot;isLinked&quot;:true},&quot;element_pack_global_tooltip_padding_tablet&quot;:{&quot;unit&quot;:&quot;px&quot;,&quot;top&quot;:&quot;&quot;,&quot;right&quot;:&quot;&quot;,&quot;bottom&quot;:&quot;&quot;,&quot;left&quot;:&quot;&quot;,&quot;isLinked&quot;:true},&quot;element_pack_global_tooltip_padding_mobile&quot;:{&quot;unit&quot;:&quot;px&quot;,&quot;top&quot;:&quot;&quot;,&quot;right&quot;:&quot;&quot;,&quot;bottom&quot;:&quot;&quot;,&quot;left&quot;:&quot;&quot;,&quot;isLinked&quot;:true},&quot;element_pack_global_tooltip_border_radius&quot;:{&quot;unit&quot;:&quot;px&quot;,&quot;top&quot;:&quot;&quot;,&quot;right&quot;:&quot;&quot;,&quot;bottom&quot;:&quot;&quot;,&quot;left&quot;:&quot;&quot;,&quot;isLinked&quot;:true},&quot;element_pack_global_tooltip_border_radius_tablet&quot;:{&quot;unit&quot;:&quot;px&quot;,&quot;top&quot;:&quot;&quot;,&quot;right&quot;:&quot;&quot;,&quot;bottom&quot;:&quot;&quot;,&quot;left&quot;:&quot;&quot;,&quot;isLinked&quot;:true},&quot;element_pack_global_tooltip_border_radius_mobile&quot;:{&quot;unit&quot;:&quot;px&quot;,&quot;top&quot;:&quot;&quot;,&quot;right&quot;:&quot;&quot;,&quot;bottom&quot;:&quot;&quot;,&quot;left&quot;:&quot;&quot;,&quot;isLinked&quot;:true}}\" data-elementor-post-type=\"page\">\n\t\t\t\t\t\t<section data-particle_enable=\"false\" data-particle-mobile-disabled=\"false\" class=\"elementor-section elementor-top-section elementor-element elementor-element-5a91da9e elementor-section-boxed elementor-section-height-default elementor-section-height-default\" data-id=\"5a91da9e\" data-element_type=\"section\" data-e-type=\"section\">\n\t\t\t\t\t\t<div class=\"elementor-container elementor-column-gap-default\">\n\t\t\t\t\t<div class=\"elementor-column elementor-col-100 elementor-top-column elementor-element elementor-element-5faf6ea1\" data-id=\"5faf6ea1\" data-element_type=\"column\" data-e-type=\"column\" data-settings=\"{&quot;background_background&quot;:&quot;classic&quot;}\">\n\t\t\t<div class=\"elementor-widget-wrap elementor-element-populated\">\n\t\t\t\t\t\t<section data-particle_enable=\"false\" data-particle-mobile-disabled=\"false\" class=\"elementor-section elementor-inner-section elementor-element elementor-element-10bf01c3 elementor-section-full_width elementor-section-content-middle elementor-section-height-default elementor-section-height-default\" data-id=\"10bf01c3\" data-element_type=\"section\" data-e-type=\"section\" data-settings=\"{&quot;background_background&quot;:&quot;classic&quot;}\">\n\t\t\t\t\t\t<div class=\"elementor-container elementor-column-gap-no\">\n\t\t\t\t\t<div class=\"elementor-column elementor-col-100 elementor-inner-column elementor-element elementor-element-6d543d3\" data-id=\"6d543d3\" data-element_type=\"column\" data-e-type=\"column\">\n\t\t\t<div class=\"elementor-widget-wrap elementor-element-populated\">\n\t\t\t\t\t\t<div class=\"elementor-element elementor-element-b081b51 elementor-widget elementor-widget-heading\" data-id=\"b081b51\" data-element_type=\"widget\" data-e-type=\"widget\" data-widget_type=\"heading.default\">\n\t\t\t\t<div class=\"elementor-widget-container\">\n\t\t\t\t\t<h1 class=\"elementor-heading-title elementor-size-default\">Patriotism<\/h1>\t\t\t\t<\/div>\n\t\t\t\t<\/div>\n\t\t\t\t<div class=\"elementor-element elementor-element-23e6ad4d elementor-widget-divider--view-line elementor-widget elementor-widget-divider\" data-id=\"23e6ad4d\" data-element_type=\"widget\" data-e-type=\"widget\" data-widget_type=\"divider.default\">\n\t\t\t\t<div class=\"elementor-widget-container\">\n\t\t\t\t\t\t\t<div class=\"elementor-divider\">\n\t\t\t<span class=\"elementor-divider-separator\">\n\t\t\t\t\t\t<\/span>\n\t\t<\/div>\n\t\t\t\t\t\t<\/div>\n\t\t\t\t<\/div>\n\t\t\t\t\t<\/div>\n\t\t<\/div>\n\t\t\t\t\t<\/div>\n\t\t<\/section>\n\t\t\t\t\t<\/div>\n\t\t<\/div>\n\t\t\t\t\t<\/div>\n\t\t<\/section>\n\t\t\t\t<section data-particle_enable=\"false\" data-particle-mobile-disabled=\"false\" class=\"elementor-section elementor-top-section elementor-element elementor-element-158e54e elementor-section-boxed elementor-section-height-default elementor-section-height-default\" data-id=\"158e54e\" data-element_type=\"section\" data-e-type=\"section\">\n\t\t\t\t\t\t<div class=\"elementor-container elementor-column-gap-default\">\n\t\t\t\t\t<div class=\"elementor-column elementor-col-100 elementor-top-column elementor-element elementor-element-31a073f\" data-id=\"31a073f\" data-element_type=\"column\" data-e-type=\"column\">\n\t\t\t<div class=\"elementor-widget-wrap elementor-element-populated\">\n\t\t\t\t\t\t<div class=\"elementor-element elementor-element-57d21b1 elementor-widget elementor-widget-spacer\" data-id=\"57d21b1\" data-element_type=\"widget\" data-e-type=\"widget\" data-widget_type=\"spacer.default\">\n\t\t\t\t<div class=\"elementor-widget-container\">\n\t\t\t\t\t\t\t<div class=\"elementor-spacer\">\n\t\t\t<div class=\"elementor-spacer-inner\"><\/div>\n\t\t<\/div>\n\t\t\t\t\t\t<\/div>\n\t\t\t\t<\/div>\n\t\t\t\t<div class=\"elementor-element elementor-element-2f212e2 elementor-widget elementor-widget-text-editor\" data-id=\"2f212e2\" data-element_type=\"widget\" data-e-type=\"widget\" data-widget_type=\"text-editor.default\">\n\t\t\t\t<div class=\"elementor-widget-container\">\n\t\t\t\t\t\t\t\t\t<p>Mingachevir State University (MSU), which focuses on educating young people as worthy citizens of their people, homeland and state, has taken important steps to further increase the importance of patriotism in the content of education.<\/p><p>Numerous events of various formats dedicated to Karabakh Victory and heroes, aimed at studying and promoting the tragic and glorious pages of our history, national spiritual values and traditions were held at MSU.<\/p><p>The families of the martyred graduates of the university were regularly visited, their dear memories were commemorated in the Alley of Martyrs, meetings were held with veteran graduates, commemorative events were held in connection with the anniversary of the martyred graduates, an excursion of the university staff members to the Military Trophy Park and a visit to Agdam were organized, and students and employees actively participated in the events dedicated to our heroes.<\/p>\t\t\t\t\t\t\t\t<\/div>\n\t\t\t\t<\/div>\n\t\t\t\t\t<\/div>\n\t\t<\/div>\n\t\t\t\t\t<\/div>\n\t\t<\/section>\n\t\t\t\t<section data-particle_enable=\"false\" data-particle-mobile-disabled=\"false\" class=\"elementor-section elementor-top-section elementor-element elementor-element-206845e elementor-section-boxed elementor-section-height-default elementor-section-height-default\" data-id=\"206845e\" data-element_type=\"section\" data-e-type=\"section\" data-settings=\"{&quot;background_background&quot;:&quot;classic&quot;}\">\n\t\t\t\t\t\t<div class=\"elementor-container elementor-column-gap-default\">\n\t\t\t\t\t<div class=\"elementor-column elementor-col-100 elementor-top-column elementor-element elementor-element-508a149f\" data-id=\"508a149f\" data-element_type=\"column\" data-e-type=\"column\">\n\t\t\t<div class=\"elementor-widget-wrap elementor-element-populated\">\n\t\t\t\t\t\t<div class=\"elementor-element elementor-element-4041491b elementor-widget elementor-widget-heading\" data-id=\"4041491b\" data-element_type=\"widget\" data-e-type=\"widget\" data-widget_type=\"heading.default\">\n\t\t\t\t<div class=\"elementor-widget-container\">\n\t\t\t\t\t<h2 class=\"elementor-heading-title elementor-size-default\">News<\/h2>\t\t\t\t<\/div>\n\t\t\t\t<\/div>\n\t\t\t\t<div class=\"elementor-element elementor-element-53a90639 elementor-widget-divider--view-line elementor-widget elementor-widget-divider\" data-id=\"53a90639\" data-element_type=\"widget\" data-e-type=\"widget\" data-widget_type=\"divider.default\">\n\t\t\t\t<div class=\"elementor-widget-container\">\n\t\t\t\t\t\t\t<div class=\"elementor-divider\">\n\t\t\t<span class=\"elementor-divider-separator\">\n\t\t\t\t\t\t<\/span>\n\t\t<\/div>\n\t\t\t\t\t\t<\/div>\n\t\t\t\t<\/div>\n\t\t\t\t<div class=\"elementor-element elementor-element-6ebebfca elementor-widget elementor-widget-upk-fanel-list\" data-id=\"6ebebfca\" data-element_type=\"widget\" data-e-type=\"widget\" data-widget_type=\"upk-fanel-list.default\">\n\t\t\t\t<div class=\"elementor-widget-container\">\n\t\t\t\t\t\t\t<div class=\"upk-fanel-list-container upk-ajax-grid\" data-loadmore=\"[]\">\n\t\t\t<div class=\"upk-fanel-list upk-ajax-grid-wrap\">\n\t\t\t\t\n\t\t\t\t\t\t\t<div class=\"upk-item\">\n\t\t\t<div class=\"upk-item-box\">\n\t\t\t\t<div class=\"upk-image-wrap\">\n\n\t\t\t\t\t<img fetchpriority=\"high\" decoding=\"async\" width=\"1024\" height=\"611\" src=\"https:\/\/mdu.edu.az\/wp-content\/uploads\/2026\/03\/2-75.jpg\" class=\"upk-img\" alt=\"Ming\u0259\u00e7evir D\u00f6vl\u0259t Universitetind\u0259 31 Mart \u2013 Az\u0259rbaycanl\u0131lar\u0131n Soyq\u0131r\u0131m\u0131 G\u00fcn\u00fcn\u0259 h\u0259sr olunmu\u015f elmi konfrans ke\u00e7irilib\" srcset=\"https:\/\/mdu.edu.az\/wp-content\/uploads\/2026\/03\/2-75.jpg 1024w, https:\/\/mdu.edu.az\/wp-content\/uploads\/2026\/03\/2-75-300x179.jpg 300w, https:\/\/mdu.edu.az\/wp-content\/uploads\/2026\/03\/2-75-768x458.jpg 768w, https:\/\/mdu.edu.az\/wp-content\/uploads\/2026\/03\/2-75-18x12.jpg 18w, https:\/\/mdu.edu.az\/wp-content\/uploads\/2026\/03\/2-75-24x14.jpg 24w, https:\/\/mdu.edu.az\/wp-content\/uploads\/2026\/03\/2-75-36x21.jpg 36w, https:\/\/mdu.edu.az\/wp-content\/uploads\/2026\/03\/2-75-48x29.jpg 48w\" sizes=\"(max-width: 1024px) 100vw, 1024px\" \/>\n\t\t\t\t\t\n\t\t\t\t<\/div>\n\n\t\t\t\t<div class=\"upk-content\">\n\t\t\t\t\t\t\t<div class=\"upk-category\">\n\t\t\t<a href=\"https:\/\/mdu.edu.az\/en\/category\/konfrans\/\" \n\t\t\t\t\t\t\taria-label=\"Category Konfrans\">Konfrans<\/a> <a href=\"https:\/\/mdu.edu.az\/en\/category\/v%c9%99t%c9%99np%c9%99rv%c9%99rlik\/\" \n\t\t\t\t\t\t\taria-label=\"Category V\u0259t\u0259np\u0259rv\u0259rlik\">Patriotism<\/a>\t\t<\/div>\n\t\n\t\t\t\t\t<h3 class=\"upk-title\"><a href=\"https:\/\/mdu.edu.az\/en\/31-mart-konfrans-31-03-26\/\" title=\"Ming\u0259\u00e7evir D\u00f6vl\u0259t Universitetind\u0259 31 Mart \u2013 Az\u0259rbaycanl\u0131lar\u0131n Soyq\u0131r\u0131m\u0131 G\u00fcn\u00fcn\u0259 h\u0259sr olunmu\u015f elmi konfrans ke\u00e7irilib\" class=\"title-animation-underline\" aria-label=\"Ming\u0259\u00e7evir D\u00f6vl\u0259t Universitetind\u0259 31 Mart \u2013 Az\u0259rbaycanl\u0131lar\u0131n Soyq\u0131r\u0131m\u0131 G\u00fcn\u00fcn\u0259 h\u0259sr olunmu\u015f elmi konfrans ke\u00e7irilib\">Ming\u0259\u00e7evir D\u00f6vl\u0259t Universitetind\u0259 31 Mart \u2013 Az\u0259rbaycanl\u0131lar\u0131n Soyq\u0131r\u0131m\u0131 G\u00fcn\u00fcn\u0259 h\u0259sr olunmu\u015f elmi konfrans ke\u00e7irilib<\/a><\/h3>\n\t\t\t\t\t\t\t<div class=\"upk-text\">\n\t\t\t<p>2026-c\u0131 ilin 31 mart tarixind\u0259 Ming\u0259\u00e7evir D\u00f6vl\u0259t Universitetind\u0259 \u201c1918-ci il mart hadis\u0259l\u0259ri: tarixi faktlar v\u0259 reall\u0131qlar\u201d m\u00f6vzusunda elmi konfrans ke\u00e7irilib.<\/p>\n\t\t<\/div>\n\t\t\n\t\t\t\t\t\n\t\t\t\t<\/div>\n\t\t\t\t\t\t\t<\/div>\n\t\t<\/div>\n\n\t\n\t\t\t\t\n\t\t\t\t\t\t\t<div class=\"upk-item\">\n\t\t\t<div class=\"upk-item-box\">\n\t\t\t\t<div class=\"upk-image-wrap\">\n\n\t\t\t\t\t<img decoding=\"async\" width=\"1024\" height=\"667\" src=\"https:\/\/mdu.edu.az\/wp-content\/uploads\/2026\/03\/1-77.jpg\" class=\"upk-img\" alt=\"Ming\u0259\u00e7evir D\u00f6vl\u0259t Universitetinin kollektivi 31 Mart \u2013 Az\u0259rbaycanl\u0131lar\u0131n Soyq\u0131r\u0131m\u0131 G\u00fcn\u00fcnd\u0259 \u015e\u0259hidl\u0259r Xiyaban\u0131n\u0131 ziyar\u0259t edib\" srcset=\"https:\/\/mdu.edu.az\/wp-content\/uploads\/2026\/03\/1-77.jpg 1024w, https:\/\/mdu.edu.az\/wp-content\/uploads\/2026\/03\/1-77-300x195.jpg 300w, https:\/\/mdu.edu.az\/wp-content\/uploads\/2026\/03\/1-77-768x500.jpg 768w, https:\/\/mdu.edu.az\/wp-content\/uploads\/2026\/03\/1-77-18x12.jpg 18w, https:\/\/mdu.edu.az\/wp-content\/uploads\/2026\/03\/1-77-24x16.jpg 24w, https:\/\/mdu.edu.az\/wp-content\/uploads\/2026\/03\/1-77-36x23.jpg 36w, https:\/\/mdu.edu.az\/wp-content\/uploads\/2026\/03\/1-77-48x31.jpg 48w\" sizes=\"(max-width: 1024px) 100vw, 1024px\" \/>\n\t\t\t\t\t\n\t\t\t\t<\/div>\n\n\t\t\t\t<div class=\"upk-content\">\n\t\t\t\t\t\t\t<div class=\"upk-category\">\n\t\t\t<a href=\"https:\/\/mdu.edu.az\/en\/category\/v%c9%99t%c9%99np%c9%99rv%c9%99rlik\/\" \n\t\t\t\t\t\t\taria-label=\"Category V\u0259t\u0259np\u0259rv\u0259rlik\">Patriotism<\/a>\t\t<\/div>\n\t\n\t\t\t\t\t<h3 class=\"upk-title\"><a href=\"https:\/\/mdu.edu.az\/en\/31-mart-soyqirim-ziyaret_31-03-26\/\" title=\"Ming\u0259\u00e7evir D\u00f6vl\u0259t Universitetinin kollektivi 31 Mart \u2013 Az\u0259rbaycanl\u0131lar\u0131n Soyq\u0131r\u0131m\u0131 G\u00fcn\u00fcnd\u0259 \u015e\u0259hidl\u0259r Xiyaban\u0131n\u0131 ziyar\u0259t edib\" class=\"title-animation-underline\" aria-label=\"Ming\u0259\u00e7evir D\u00f6vl\u0259t Universitetinin kollektivi 31 Mart \u2013 Az\u0259rbaycanl\u0131lar\u0131n Soyq\u0131r\u0131m\u0131 G\u00fcn\u00fcnd\u0259 \u015e\u0259hidl\u0259r Xiyaban\u0131n\u0131 ziyar\u0259t edib\">Ming\u0259\u00e7evir D\u00f6vl\u0259t Universitetinin kollektivi 31 Mart \u2013 Az\u0259rbaycanl\u0131lar\u0131n Soyq\u0131r\u0131m\u0131 G\u00fcn\u00fcnd\u0259 \u015e\u0259hidl\u0259r Xiyaban\u0131n\u0131 ziyar\u0259t edib<\/a><\/h3>\n\t\t\t\t\t\t\t<div class=\"upk-text\">\n\t\t\t<p>2026-c\u0131 ilin 31 mart tarixind\u0259 Ming\u0259\u00e7evir D\u00f6vl\u0259t Universitetinin rektoru Anar Eminovun r\u0259hb\u0259rliyi il\u0259 universitetin akademik v\u0259 inzibati hey\u0259ti, t\u0259l\u0259b\u0259 v\u0259<\/p>\n\t\t<\/div>\n\t\t\n\t\t\t\t\t\n\t\t\t\t<\/div>\n\t\t\t\t\t\t\t<\/div>\n\t\t<\/div>\n\n\t\n\t\t\t\t\n\t\t\t\t\t\t\t<div class=\"upk-item\">\n\t\t\t<div class=\"upk-item-box\">\n\t\t\t\t<div class=\"upk-image-wrap\">\n\n\t\t\t\t\t<img decoding=\"async\" width=\"1024\" height=\"575\" src=\"https:\/\/mdu.edu.az\/wp-content\/uploads\/2026\/03\/23.jpg\" class=\"upk-img\" alt=\"Ming\u0259\u00e7evir D\u00f6vl\u0259t Universitetind\u0259 \u201cNovruz \u018fn\u0259n\u0259si: Bahar\u0131n Ya\u015f\u0131l N\u0259f\u0259si\u201d adl\u0131 \u0259d\u0259bi-b\u0259dii t\u0259dbir ke\u00e7irilib\" srcset=\"https:\/\/mdu.edu.az\/wp-content\/uploads\/2026\/03\/23.jpg 1024w, https:\/\/mdu.edu.az\/wp-content\/uploads\/2026\/03\/23-300x168.jpg 300w, https:\/\/mdu.edu.az\/wp-content\/uploads\/2026\/03\/23-768x431.jpg 768w, https:\/\/mdu.edu.az\/wp-content\/uploads\/2026\/03\/23-18x10.jpg 18w, https:\/\/mdu.edu.az\/wp-content\/uploads\/2026\/03\/23-800x450.jpg 800w, https:\/\/mdu.edu.az\/wp-content\/uploads\/2026\/03\/23-24x13.jpg 24w, https:\/\/mdu.edu.az\/wp-content\/uploads\/2026\/03\/23-36x20.jpg 36w, https:\/\/mdu.edu.az\/wp-content\/uploads\/2026\/03\/23-48x27.jpg 48w\" sizes=\"(max-width: 1024px) 100vw, 1024px\" \/>\n\t\t\t\t\t\n\t\t\t\t<\/div>\n\n\t\t\t\t<div class=\"upk-content\">\n\t\t\t\t\t\t\t<div class=\"upk-category\">\n\t\t\t<a href=\"https:\/\/mdu.edu.az\/en\/category\/tedbirler\/\" \n\t\t\t\t\t\t\taria-label=\"Category T\u0259dbirl\u0259r\">Events<\/a> <a href=\"https:\/\/mdu.edu.az\/en\/category\/v%c9%99t%c9%99np%c9%99rv%c9%99rlik\/\" \n\t\t\t\t\t\t\taria-label=\"Category V\u0259t\u0259np\u0259rv\u0259rlik\">Patriotism<\/a>\t\t<\/div>\n\t\n\t\t\t\t\t<h3 class=\"upk-title\"><a href=\"https:\/\/mdu.edu.az\/en\/novruz-2026\/\" title=\"Ming\u0259\u00e7evir D\u00f6vl\u0259t Universitetind\u0259 \u201cNovruz \u018fn\u0259n\u0259si: Bahar\u0131n Ya\u015f\u0131l N\u0259f\u0259si\u201d adl\u0131 \u0259d\u0259bi-b\u0259dii t\u0259dbir ke\u00e7irilib\" class=\"title-animation-underline\" aria-label=\"Ming\u0259\u00e7evir D\u00f6vl\u0259t Universitetind\u0259 \u201cNovruz \u018fn\u0259n\u0259si: Bahar\u0131n Ya\u015f\u0131l N\u0259f\u0259si\u201d adl\u0131 \u0259d\u0259bi-b\u0259dii t\u0259dbir ke\u00e7irilib\">Ming\u0259\u00e7evir D\u00f6vl\u0259t Universitetind\u0259 \u201cNovruz \u018fn\u0259n\u0259si: Bahar\u0131n Ya\u015f\u0131l N\u0259f\u0259si\u201d adl\u0131 \u0259d\u0259bi-b\u0259dii t\u0259dbir ke\u00e7irilib<\/a><\/h3>\n\t\t\t\t\t\t\t<div class=\"upk-text\">\n\t\t\t<p>2026-c\u0131 ilin 17 mart tarixind\u0259 Ming\u0259\u00e7evir D\u00f6vl\u0259t Universitetind\u0259 \u201cNovruz \u018fn\u0259n\u0259si: Bahar\u0131n Ya\u015f\u0131l N\u0259f\u0259si\u201d adl\u0131 \u0259d\u0259bi-b\u0259dii t\u0259dbir ke\u00e7irilib. T\u0259dbird\u0259 Ming\u0259\u00e7evir \u015f\u0259h\u0259r<\/p>\n\t\t<\/div>\n\t\t\n\t\t\t\t\t\n\t\t\t\t<\/div>\n\t\t\t\t\t\t\t<\/div>\n\t\t<\/div>\n\n\t\n\t\t\t\t\n\t\t\t\t\t\t\t<div class=\"upk-item\">\n\t\t\t<div class=\"upk-item-box\">\n\t\t\t\t<div class=\"upk-image-wrap\">\n\n\t\t\t\t\t<img loading=\"lazy\" decoding=\"async\" width=\"1600\" height=\"1200\" src=\"https:\/\/mdu.edu.az\/wp-content\/uploads\/2026\/03\/1-46.jpeg\" class=\"upk-img\" alt=\"Ming\u0259\u00e7evir D\u00f6vl\u0259t Universitetind\u0259 \u201cSosial v\u0259 iqtisadi b\u0259rab\u0259rsizlikl\u0259rin t\u0259hlili v\u0259 azald\u0131lmas\u0131 strategiyalar\u0131\u201d m\u00f6vzusunda t\u0259qdimat ke\u00e7irilib\" srcset=\"https:\/\/mdu.edu.az\/wp-content\/uploads\/2026\/03\/1-46.jpeg 1600w, https:\/\/mdu.edu.az\/wp-content\/uploads\/2026\/03\/1-46-300x225.jpeg 300w, https:\/\/mdu.edu.az\/wp-content\/uploads\/2026\/03\/1-46-768x576.jpeg 768w, https:\/\/mdu.edu.az\/wp-content\/uploads\/2026\/03\/1-46-1536x1152.jpeg 1536w, https:\/\/mdu.edu.az\/wp-content\/uploads\/2026\/03\/1-46-16x12.jpeg 16w, https:\/\/mdu.edu.az\/wp-content\/uploads\/2026\/03\/1-46-24x18.jpeg 24w, https:\/\/mdu.edu.az\/wp-content\/uploads\/2026\/03\/1-46-36x27.jpeg 36w, https:\/\/mdu.edu.az\/wp-content\/uploads\/2026\/03\/1-46-48x36.jpeg 48w\" sizes=\"(max-width: 1600px) 100vw, 1600px\" \/>\n\t\t\t\t\t\n\t\t\t\t<\/div>\n\n\t\t\t\t<div class=\"upk-content\">\n\t\t\t\t\t\t\t<div class=\"upk-category\">\n\t\t\t<a href=\"https:\/\/mdu.edu.az\/en\/category\/v%c9%99t%c9%99np%c9%99rv%c9%99rlik\/iqtisadiyyat\/\" \n\t\t\t\t\t\t\taria-label=\"Category \u0130qtisadiyyat\">Economy<\/a>\t\t<\/div>\n\t\n\t\t\t\t\t<h3 class=\"upk-title\"><a href=\"https:\/\/mdu.edu.az\/en\/iqtisadi_07-03-26\/\" title=\"Ming\u0259\u00e7evir D\u00f6vl\u0259t Universitetind\u0259 \u201cSosial v\u0259 iqtisadi b\u0259rab\u0259rsizlikl\u0259rin t\u0259hlili v\u0259 azald\u0131lmas\u0131 strategiyalar\u0131\u201d m\u00f6vzusunda t\u0259qdimat ke\u00e7irilib\" class=\"title-animation-underline\" aria-label=\"Ming\u0259\u00e7evir D\u00f6vl\u0259t Universitetind\u0259 \u201cSosial v\u0259 iqtisadi b\u0259rab\u0259rsizlikl\u0259rin t\u0259hlili v\u0259 azald\u0131lmas\u0131 strategiyalar\u0131\u201d m\u00f6vzusunda t\u0259qdimat ke\u00e7irilib\">Ming\u0259\u00e7evir D\u00f6vl\u0259t Universitetind\u0259 \u201cSosial v\u0259 iqtisadi b\u0259rab\u0259rsizlikl\u0259rin t\u0259hlili v\u0259 azald\u0131lmas\u0131 strategiyalar\u0131\u201d m\u00f6vzusunda t\u0259qdimat ke\u00e7irilib<\/a><\/h3>\n\t\t\t\t\t\t\t<div class=\"upk-text\">\n\t\t\t<p>Ming\u0259\u00e7evir D\u00f6vl\u0259t Universitetind\u0259 \u0130qtisadiyyat kafedras\u0131n\u0131n t\u0259\u015fkilat\u00e7\u0131l\u0131\u011f\u0131 il\u0259 \u201cSosial v\u0259 \u0130qtisadi B\u0259rab\u0259rsizlikl\u0259rin T\u0259hlili v\u0259 Azald\u0131lmas\u0131 Strategiyalar\u0131\u201d m\u00f6vzusunda hibrid formatda t\u0259qdimat ke\u00e7irilib.<\/p>\n\t\t<\/div>\n\t\t\n\t\t\t\t\t\n\t\t\t\t<\/div>\n\t\t\t\t\t\t\t<\/div>\n\t\t<\/div>\n\n\t\n\t\t\t\t\t\t\t<\/div>\n\t\t<\/div>\n\n\t\t\n\t\t\t\t\t<div class=\"ep-pagination\">\n\t\t\t\t<ul class=\"upk-pagination\" data-widget-id=\"6ebebfca\">\n<li class=\"upk-active\"><a href=\"https:\/\/mdu.edu.az\/en\/wp-json\/wp\/v2\/pages\/11193\/\">1<\/a><\/li>\n<li><a href=\"https:\/\/mdu.edu.az\/en\/wp-json\/wp\/v2\/pages\/11193\/page\/2\/\">2<\/a><\/li>\n<li><a href=\"https:\/\/mdu.edu.az\/en\/wp-json\/wp\/v2\/pages\/11193\/page\/3\/\">3<\/a><\/li>\n<li class=\"upk-pagination-dot-dot\"><span>...<\/span><\/li>\n<li><a href=\"https:\/\/mdu.edu.az\/en\/wp-json\/wp\/v2\/pages\/11193\/page\/20\/\">20<\/a><\/li>\n<li class=\"upk-pagination-next\"><a href=\"https:\/\/mdu.edu.az\/en\/wp-json\/wp\/v2\/pages\/11193\/page\/2\/\" aria-label=\"Next Page\"><span data-upk-pagination-next><i class=\"upk-icon-arrow-right-5\" aria-hidden=\"true\"><\/i><\/span><\/a><\/li>\n<\/ul>\n\t\t\t<\/div>\n\t\t\t\t<\/div>\n\t\t\t\t<\/div>\n\t\t\t\t<div class=\"elementor-element elementor-element-1ba6a9cb elementor-widget elementor-widget-spacer\" data-id=\"1ba6a9cb\" data-element_type=\"widget\" data-e-type=\"widget\" data-widget_type=\"spacer.default\">\n\t\t\t\t<div class=\"elementor-widget-container\">\n\t\t\t\t\t\t\t<div class=\"elementor-spacer\">\n\t\t\t<div class=\"elementor-spacer-inner\"><\/div>\n\t\t<\/div>\n\t\t\t\t\t\t<\/div>\n\t\t\t\t<\/div>\n\t\t\t\t\t<\/div>\n\t\t<\/div>\n\t\t\t\t\t<\/div>\n\t\t<\/section>\n\t\t\t\t<\/div>","protected":false},"excerpt":{"rendered":"<p>V\u0259t\u0259np\u0259rv\u0259rlik G\u0259ncl\u0259rin xalq\u0131na, v\u0259t\u0259nin\u0259 v\u0259 d\u00f6vl\u0259tin\u0259 ba\u011fl\u0131 layiqli v\u0259t\u0259nda\u015f kimi yeti\u015fdirilm\u0259sini \u0259sas v\u0259zif\u0259l\u0259rind\u0259n biri kimi diqq\u0259t m\u0259rk\u0259zind\u0259 saxlayan Ming\u0259\u00e7evir D\u00f6vl\u0259t Universitetind\u0259 (MDU) t\u0259hsilin m\u0259zmununda v\u0259t\u0259np\u0259rv\u0259rlik t\u0259rbiy\u0259sinin \u00f6n\u0259minin daha da y\u00fcks\u0259ldilm\u0259si istiqam\u0259tind\u0259 m\u00fch\u00fcm add\u0131mlar at\u0131lm\u0131\u015fd\u0131r. MDU-da Qaraba\u011f Z\u0259f\u0259rin\u0259 v\u0259 q\u0259hr\u0259manlara h\u0259sr edil\u0259n, tariximizin faci\u0259vi v\u0259 \u015fanl\u0131 s\u0259hif\u0259l\u0259rinin, milli m\u0259n\u0259vi d\u0259y\u0259rl\u0259rin v\u0259 ad\u0259t-\u0259n\u0259n\u0259l\u0259rin \u00f6yr\u0259nilm\u0259sin\u0259 v\u0259 t\u0259bli\u011f edilm\u0259sin\u0259 [&hellip;]<\/p>\n","protected":false},"author":1,"featured_media":0,"parent":0,"menu_order":0,"comment_status":"closed","ping_status":"closed","template":"","meta":{"_eb_attr":"","ocean_post_layout":"full-screen","ocean_both_sidebars_style":"","ocean_both_sidebars_content_width":0,"ocean_both_sidebars_sidebars_width":0,"ocean_sidebar":"0","ocean_second_sidebar":"0","ocean_disable_margins":"enable","ocean_add_body_class":"","ocean_shortcode_before_top_bar":"","ocean_shortcode_after_top_bar":"","ocean_shortcode_before_header":"","ocean_shortcode_after_header":"","ocean_has_shortcode":"","ocean_shortcode_after_title":"","ocean_shortcode_before_footer_widgets":"","ocean_shortcode_after_footer_widgets":"","ocean_shortcode_before_footer_bottom":"","ocean_shortcode_after_footer_bottom":"","ocean_display_top_bar":"off","ocean_display_header":"off","ocean_header_style":"","ocean_center_header_left_menu":"0","ocean_custom_header_template":"0","ocean_custom_logo":0,"ocean_custom_retina_logo":0,"ocean_custom_logo_max_width":0,"ocean_custom_logo_tablet_max_width":0,"ocean_custom_logo_mobile_max_width":0,"ocean_custom_logo_max_height":0,"ocean_custom_logo_tablet_max_height":0,"ocean_custom_logo_mobile_max_height":0,"ocean_header_custom_menu":"0","ocean_menu_typo_font_family":"0","ocean_menu_typo_font_subset":"","ocean_menu_typo_font_size":0,"ocean_menu_typo_font_size_tablet":0,"ocean_menu_typo_font_size_mobile":0,"ocean_menu_typo_font_size_unit":"px","ocean_menu_typo_font_weight":"","ocean_menu_typo_font_weight_tablet":"","ocean_menu_typo_font_weight_mobile":"","ocean_menu_typo_transform":"","ocean_menu_typo_transform_tablet":"","ocean_menu_typo_transform_mobile":"","ocean_menu_typo_line_height":0,"ocean_menu_typo_line_height_tablet":0,"ocean_menu_typo_line_height_mobile":0,"ocean_menu_typo_line_height_unit":"","ocean_menu_typo_spacing":0,"ocean_menu_typo_spacing_tablet":0,"ocean_menu_typo_spacing_mobile":0,"ocean_menu_typo_spacing_unit":"","ocean_menu_link_color":"","ocean_menu_link_color_hover":"","ocean_menu_link_color_active":"","ocean_menu_link_background":"","ocean_menu_link_hover_background":"","ocean_menu_link_active_background":"","ocean_menu_social_links_bg":"","ocean_menu_social_hover_links_bg":"","ocean_menu_social_links_color":"","ocean_menu_social_hover_links_color":"","ocean_disable_title":"on","ocean_disable_heading":"default","ocean_post_title":"","ocean_post_subheading":"","ocean_post_title_style":"","ocean_post_title_background_color":"","ocean_post_title_background":0,"ocean_post_title_bg_image_position":"","ocean_post_title_bg_image_attachment":"","ocean_post_title_bg_image_repeat":"","ocean_post_title_bg_image_size":"","ocean_post_title_height":0,"ocean_post_title_bg_overlay":0.5,"ocean_post_title_bg_overlay_color":"","ocean_disable_breadcrumbs":"default","ocean_breadcrumbs_color":"","ocean_breadcrumbs_separator_color":"","ocean_breadcrumbs_links_color":"","ocean_breadcrumbs_links_hover_color":"","ocean_display_footer_widgets":"off","ocean_display_footer_bottom":"off","ocean_custom_footer_template":"0","footnotes":""},"class_list":["post-11193","page","type-page","status-publish","hentry","entry","has-media"],"_links":{"self":[{"href":"https:\/\/mdu.edu.az\/en\/wp-json\/wp\/v2\/pages\/11193","targetHints":{"allow":["GET"]}}],"collection":[{"href":"https:\/\/mdu.edu.az\/en\/wp-json\/wp\/v2\/pages"}],"about":[{"href":"https:\/\/mdu.edu.az\/en\/wp-json\/wp\/v2\/types\/page"}],"author":[{"embeddable":true,"href":"https:\/\/mdu.edu.az\/en\/wp-json\/wp\/v2\/users\/1"}],"replies":[{"embeddable":true,"href":"https:\/\/mdu.edu.az\/en\/wp-json\/wp\/v2\/comments?post=11193"}],"version-history":[{"count":134,"href":"https:\/\/mdu.edu.az\/en\/wp-json\/wp\/v2\/pages\/11193\/revisions"}],"predecessor-version":[{"id":77295,"href":"https:\/\/mdu.edu.az\/en\/wp-json\/wp\/v2\/pages\/11193\/revisions\/77295"}],"wp:attachment":[{"href":"https:\/\/mdu.edu.az\/en\/wp-json\/wp\/v2\/media?parent=11193"}],"curies":[{"name":"wp","href":"https:\/\/api.w.org\/{rel}","templated":true}]}}