{"id":11195,"date":"2022-01-19T15:10:28","date_gmt":"2022-01-19T12:10:28","guid":{"rendered":"https:\/\/mdu.edu.az\/?page_id=11195"},"modified":"2025-08-07T09:16:04","modified_gmt":"2025-08-07T06:16:04","slug":"44_gun","status":"publish","type":"page","link":"https:\/\/mdu.edu.az\/en\/44_gun\/","title":{"rendered":"The 44-day Patriotic War (Karabakh War II)"},"content":{"rendered":"<div data-elementor-type=\"wp-page\" data-elementor-id=\"11195\" class=\"elementor elementor-11195\" data-elementor-settings=\"{&quot;element_pack_global_tooltip_width&quot;:{&quot;unit&quot;:&quot;px&quot;,&quot;size&quot;:&quot;&quot;,&quot;sizes&quot;:[]},&quot;element_pack_global_tooltip_width_tablet&quot;:{&quot;unit&quot;:&quot;px&quot;,&quot;size&quot;:&quot;&quot;,&quot;sizes&quot;:[]},&quot;element_pack_global_tooltip_width_mobile&quot;:{&quot;unit&quot;:&quot;px&quot;,&quot;size&quot;:&quot;&quot;,&quot;sizes&quot;:[]},&quot;element_pack_global_tooltip_padding&quot;:{&quot;unit&quot;:&quot;px&quot;,&quot;top&quot;:&quot;&quot;,&quot;right&quot;:&quot;&quot;,&quot;bottom&quot;:&quot;&quot;,&quot;left&quot;:&quot;&quot;,&quot;isLinked&quot;:true},&quot;element_pack_global_tooltip_padding_tablet&quot;:{&quot;unit&quot;:&quot;px&quot;,&quot;top&quot;:&quot;&quot;,&quot;right&quot;:&quot;&quot;,&quot;bottom&quot;:&quot;&quot;,&quot;left&quot;:&quot;&quot;,&quot;isLinked&quot;:true},&quot;element_pack_global_tooltip_padding_mobile&quot;:{&quot;unit&quot;:&quot;px&quot;,&quot;top&quot;:&quot;&quot;,&quot;right&quot;:&quot;&quot;,&quot;bottom&quot;:&quot;&quot;,&quot;left&quot;:&quot;&quot;,&quot;isLinked&quot;:true},&quot;element_pack_global_tooltip_border_radius&quot;:{&quot;unit&quot;:&quot;px&quot;,&quot;top&quot;:&quot;&quot;,&quot;right&quot;:&quot;&quot;,&quot;bottom&quot;:&quot;&quot;,&quot;left&quot;:&quot;&quot;,&quot;isLinked&quot;:true},&quot;element_pack_global_tooltip_border_radius_tablet&quot;:{&quot;unit&quot;:&quot;px&quot;,&quot;top&quot;:&quot;&quot;,&quot;right&quot;:&quot;&quot;,&quot;bottom&quot;:&quot;&quot;,&quot;left&quot;:&quot;&quot;,&quot;isLinked&quot;:true},&quot;element_pack_global_tooltip_border_radius_mobile&quot;:{&quot;unit&quot;:&quot;px&quot;,&quot;top&quot;:&quot;&quot;,&quot;right&quot;:&quot;&quot;,&quot;bottom&quot;:&quot;&quot;,&quot;left&quot;:&quot;&quot;,&quot;isLinked&quot;:true}}\" data-elementor-post-type=\"page\">\n\t\t\t\t\t\t<section data-particle_enable=\"false\" data-particle-mobile-disabled=\"false\" class=\"elementor-section elementor-top-section elementor-element elementor-element-7cef5ef1 elementor-section-boxed elementor-section-height-default elementor-section-height-default\" data-id=\"7cef5ef1\" data-element_type=\"section\" data-e-type=\"section\">\n\t\t\t\t\t\t<div class=\"elementor-container elementor-column-gap-default\">\n\t\t\t\t\t<div class=\"elementor-column elementor-col-100 elementor-top-column elementor-element elementor-element-69f4eda7\" data-id=\"69f4eda7\" data-element_type=\"column\" data-e-type=\"column\" data-settings=\"{&quot;background_background&quot;:&quot;classic&quot;}\">\n\t\t\t<div class=\"elementor-widget-wrap elementor-element-populated\">\n\t\t\t\t\t\t<section data-particle_enable=\"false\" data-particle-mobile-disabled=\"false\" class=\"elementor-section elementor-inner-section elementor-element elementor-element-797acf3c elementor-section-full_width elementor-section-content-middle elementor-section-height-default elementor-section-height-default\" data-id=\"797acf3c\" data-element_type=\"section\" data-e-type=\"section\" data-settings=\"{&quot;background_background&quot;:&quot;classic&quot;}\">\n\t\t\t\t\t\t<div class=\"elementor-container elementor-column-gap-no\">\n\t\t\t\t\t<div class=\"elementor-column elementor-col-100 elementor-inner-column elementor-element elementor-element-1a64fd1\" data-id=\"1a64fd1\" data-element_type=\"column\" data-e-type=\"column\">\n\t\t\t<div class=\"elementor-widget-wrap elementor-element-populated\">\n\t\t\t\t\t\t<div class=\"elementor-element elementor-element-260a2476 elementor-widget elementor-widget-heading\" data-id=\"260a2476\" data-element_type=\"widget\" data-e-type=\"widget\" data-widget_type=\"heading.default\">\n\t\t\t\t<div class=\"elementor-widget-container\">\n\t\t\t\t\t<h1 class=\"elementor-heading-title elementor-size-default\">The 44-day Patriotic War (Karabakh War II)<\/h1>\t\t\t\t<\/div>\n\t\t\t\t<\/div>\n\t\t\t\t<div class=\"elementor-element elementor-element-730033c1 elementor-widget-divider--view-line elementor-widget elementor-widget-divider\" data-id=\"730033c1\" data-element_type=\"widget\" data-e-type=\"widget\" data-widget_type=\"divider.default\">\n\t\t\t\t<div class=\"elementor-widget-container\">\n\t\t\t\t\t\t\t<div class=\"elementor-divider\">\n\t\t\t<span class=\"elementor-divider-separator\">\n\t\t\t\t\t\t<\/span>\n\t\t<\/div>\n\t\t\t\t\t\t<\/div>\n\t\t\t\t<\/div>\n\t\t\t\t\t<\/div>\n\t\t<\/div>\n\t\t\t\t\t<\/div>\n\t\t<\/section>\n\t\t\t\t\t<\/div>\n\t\t<\/div>\n\t\t\t\t\t<\/div>\n\t\t<\/section>\n\t\t\t\t<section data-particle_enable=\"false\" data-particle-mobile-disabled=\"false\" class=\"elementor-section elementor-top-section elementor-element elementor-element-2b1dbac elementor-section-boxed elementor-section-height-default elementor-section-height-default\" data-id=\"2b1dbac\" data-element_type=\"section\" data-e-type=\"section\">\n\t\t\t\t\t\t<div class=\"elementor-container elementor-column-gap-default\">\n\t\t\t\t\t<div class=\"elementor-column elementor-col-100 elementor-top-column elementor-element elementor-element-a779e69\" data-id=\"a779e69\" data-element_type=\"column\" data-e-type=\"column\">\n\t\t\t<div class=\"elementor-widget-wrap elementor-element-populated\">\n\t\t\t\t\t\t<div class=\"elementor-element elementor-element-1984099 elementor-widget elementor-widget-text-editor\" data-id=\"1984099\" data-element_type=\"widget\" data-e-type=\"widget\" data-widget_type=\"text-editor.default\">\n\t\t\t\t<div class=\"elementor-widget-container\">\n\t\t\t\t\t\t\t\t\t<p>The glorious victory in the Patriotic War of 2020, which began on September 27 and lasted 44 days, forms the glorious pages of the history of Azerbaijan.<\/p><p>Thanks to the leadership of our Victorious Supreme Commander-in-Chief, the heroism of the brave Azerbaijani soldier, the indestructible State, Army and people's unity, our struggle for the truth resulted in the restoration of historical justice and national pride.<\/p><p>At the cost of their lives and blood, the brave sons of the motherland liberated our ancient lands, which had been under occupation for 30 years, from the enemy and put an end to longing for their native land.<\/p><p>Our brave soldiers and officers, who rose to the heights of martyrdom for the sake of ensuring our territorial integrity, wrote a heroic Chronicle in the truest sense of the word with examples of bravery, dedication, courage and patriotism that they showed in battles.<\/p><p>During the Patriotic War, students, graduates and employees of Mingachevir State University (MSU) actively participated in battles on the front line, as well as in rare line in social and moral support measures, information warfare, and showed high solidarity.<\/p><p>4 employees of MSU, more than 120 students and graduates took part in the battles for ensuring the territorial integrity of our country, and 5 graduates rose to the apex of martyrdom. Our heroic students and graduates who performed their combat tasks with honor and showed courage and bravery were awarded medals by the Head of the country.<\/p><p>According to the relevant decisions of the Scientific Council, 15 thousand manats were transferred to  The Armed Forces Assistance Fund of the Republic of Azerbaijan and 10 thousand manats to the \u201cYASHAT\u201d Fund.<\/p><p>MSU was actively represented in the social support measures implemented in our country in connection with family members of the martyrs of the Patriotic War, participants of the war, their relatives and victims of the war.<\/p>\t\t\t\t\t\t\t\t<\/div>\n\t\t\t\t<\/div>\n\t\t\t\t\t<\/div>\n\t\t<\/div>\n\t\t\t\t\t<\/div>\n\t\t<\/section>\n\t\t\t\t<section data-particle_enable=\"false\" data-particle-mobile-disabled=\"false\" class=\"elementor-section elementor-top-section elementor-element elementor-element-7cc40d3b elementor-section-boxed elementor-section-height-default elementor-section-height-default\" data-id=\"7cc40d3b\" data-element_type=\"section\" data-e-type=\"section\" data-settings=\"{&quot;background_background&quot;:&quot;classic&quot;}\">\n\t\t\t\t\t\t<div class=\"elementor-container elementor-column-gap-default\">\n\t\t\t\t\t<div class=\"elementor-column elementor-col-100 elementor-top-column elementor-element elementor-element-147d3628\" data-id=\"147d3628\" data-element_type=\"column\" data-e-type=\"column\">\n\t\t\t<div class=\"elementor-widget-wrap elementor-element-populated\">\n\t\t\t\t\t\t<div class=\"elementor-element elementor-element-48efbc0b elementor-widget elementor-widget-heading\" data-id=\"48efbc0b\" data-element_type=\"widget\" data-e-type=\"widget\" data-widget_type=\"heading.default\">\n\t\t\t\t<div class=\"elementor-widget-container\">\n\t\t\t\t\t<h2 class=\"elementor-heading-title elementor-size-default\">News<\/h2>\t\t\t\t<\/div>\n\t\t\t\t<\/div>\n\t\t\t\t<div class=\"elementor-element elementor-element-48674717 elementor-widget-divider--view-line elementor-widget elementor-widget-divider\" data-id=\"48674717\" data-element_type=\"widget\" data-e-type=\"widget\" data-widget_type=\"divider.default\">\n\t\t\t\t<div class=\"elementor-widget-container\">\n\t\t\t\t\t\t\t<div class=\"elementor-divider\">\n\t\t\t<span class=\"elementor-divider-separator\">\n\t\t\t\t\t\t<\/span>\n\t\t<\/div>\n\t\t\t\t\t\t<\/div>\n\t\t\t\t<\/div>\n\t\t\t\t<div class=\"elementor-element elementor-element-29dc1468 elementor-widget elementor-widget-upk-fanel-list\" data-id=\"29dc1468\" data-element_type=\"widget\" data-e-type=\"widget\" data-widget_type=\"upk-fanel-list.default\">\n\t\t\t\t<div class=\"elementor-widget-container\">\n\t\t\t\t\t\t\t<div class=\"upk-fanel-list-container upk-ajax-grid\" data-loadmore=\"[]\">\n\t\t\t<div class=\"upk-fanel-list upk-ajax-grid-wrap\">\n\t\t\t\t\n\t\t\t\t\t\t\t<div class=\"upk-item\">\n\t\t\t<div class=\"upk-item-box\">\n\t\t\t\t<div class=\"upk-image-wrap\">\n\n\t\t\t\t\t<img fetchpriority=\"high\" decoding=\"async\" width=\"1024\" height=\"614\" src=\"https:\/\/mdu.edu.az\/wp-content\/uploads\/2026\/02\/1-14.jpg\" class=\"upk-img\" alt=\"Ming\u0259\u00e7evir D\u00f6vl\u0259t Universitetinin kollektivi Xocal\u0131 soyq\u0131r\u0131m\u0131n\u0131n 34-c\u00fc ild\u00f6n\u00fcm\u00fcnd\u0259 \u015e\u0259hidl\u0259r Xiyaban\u0131n\u0131 ziyar\u0259t edib\" srcset=\"https:\/\/mdu.edu.az\/wp-content\/uploads\/2026\/02\/1-14.jpg 1024w, https:\/\/mdu.edu.az\/wp-content\/uploads\/2026\/02\/1-14-300x180.jpg 300w, https:\/\/mdu.edu.az\/wp-content\/uploads\/2026\/02\/1-14-768x461.jpg 768w, https:\/\/mdu.edu.az\/wp-content\/uploads\/2026\/02\/1-14-18x12.jpg 18w, https:\/\/mdu.edu.az\/wp-content\/uploads\/2026\/02\/1-14-24x14.jpg 24w, https:\/\/mdu.edu.az\/wp-content\/uploads\/2026\/02\/1-14-36x22.jpg 36w, https:\/\/mdu.edu.az\/wp-content\/uploads\/2026\/02\/1-14-48x29.jpg 48w\" sizes=\"(max-width: 1024px) 100vw, 1024px\" \/>\n\t\t\t\t\t\n\t\t\t\t<\/div>\n\n\t\t\t\t<div class=\"upk-content\">\n\t\t\t\t\t\t\t<div class=\"upk-category\">\n\t\t\t<a href=\"https:\/\/mdu.edu.az\/en\/category\/v%c9%99t%c9%99n-muharib%c9%99si\/\" \n\t\t\t\t\t\t\taria-label=\"Category V\u0259t\u0259n m\u00fcharib\u0259si\">V\u0259t\u0259n m\u00fcharib\u0259si<\/a> <a href=\"https:\/\/mdu.edu.az\/en\/category\/x%c9%99b%c9%99rl%c9%99r\/\" \n\t\t\t\t\t\t\taria-label=\"Category X\u0259b\u0259rl\u0259r\">News<\/a>\t\t<\/div>\n\t\n\t\t\t\t\t<h3 class=\"upk-title\"><a href=\"https:\/\/mdu.edu.az\/en\/ming%c9%99cevir-dovl%c9%99t-universitetinin-kollektivi-xocali-soyqiriminin-34-cu-ildonumund%c9%99-s%c9%99hidl%c9%99r-xiyabanini-ziyar%c9%99t-edib\/\" title=\"Ming\u0259\u00e7evir D\u00f6vl\u0259t Universitetinin kollektivi Xocal\u0131 soyq\u0131r\u0131m\u0131n\u0131n 34-c\u00fc ild\u00f6n\u00fcm\u00fcnd\u0259 \u015e\u0259hidl\u0259r Xiyaban\u0131n\u0131 ziyar\u0259t edib\" class=\"title-animation-underline\" aria-label=\"Ming\u0259\u00e7evir D\u00f6vl\u0259t Universitetinin kollektivi Xocal\u0131 soyq\u0131r\u0131m\u0131n\u0131n 34-c\u00fc ild\u00f6n\u00fcm\u00fcnd\u0259 \u015e\u0259hidl\u0259r Xiyaban\u0131n\u0131 ziyar\u0259t edib\">Ming\u0259\u00e7evir D\u00f6vl\u0259t Universitetinin kollektivi Xocal\u0131 soyq\u0131r\u0131m\u0131n\u0131n 34-c\u00fc ild\u00f6n\u00fcm\u00fcnd\u0259 \u015e\u0259hidl\u0259r Xiyaban\u0131n\u0131 ziyar\u0259t edib<\/a><\/h3>\n\t\t\t\t\t\t\t<div class=\"upk-text\">\n\t\t\t<p>2026-c\u0131 ilin 26 fevral tarixind\u0259 Ming\u0259\u00e7evir D\u00f6vl\u0259t Universitetinin rektoru Anar Eminov, professor-m\u00fc\u0259llim hey\u0259ti, t\u0259l\u0259b\u0259 v\u0259 magistrantlar\u0131 Ming\u0259\u00e7evir \u015e\u0259h\u0259r \u015e\u0259hidl\u0259r Xiyaban\u0131n\u0131<\/p>\n\t\t<\/div>\n\t\t\n\t\t\t\t\t\n\t\t\t\t<\/div>\n\t\t\t\t\t\t\t<\/div>\n\t\t<\/div>\n\n\t\n\t\t\t\t\n\t\t\t\t\t\t\t<div class=\"upk-item\">\n\t\t\t<div class=\"upk-item-box\">\n\t\t\t\t<div class=\"upk-image-wrap\">\n\n\t\t\t\t\t<img decoding=\"async\" width=\"1024\" height=\"683\" src=\"https:\/\/mdu.edu.az\/wp-content\/uploads\/2025\/11\/1-22.jpg\" class=\"upk-img\" alt=\"Rektor Anar Eminov \u015f\u0259hid T\u0259briz C\u00fcm\u0259zad\u0259nin ild\u00f6n\u00fcm\u00fc t\u0259dbirind\u0259 i\u015ftirak edib\" srcset=\"https:\/\/mdu.edu.az\/wp-content\/uploads\/2025\/11\/1-22.jpg 1024w, https:\/\/mdu.edu.az\/wp-content\/uploads\/2025\/11\/1-22-300x200.jpg 300w, https:\/\/mdu.edu.az\/wp-content\/uploads\/2025\/11\/1-22-768x512.jpg 768w, https:\/\/mdu.edu.az\/wp-content\/uploads\/2025\/11\/1-22-18x12.jpg 18w, https:\/\/mdu.edu.az\/wp-content\/uploads\/2025\/11\/1-22-24x16.jpg 24w, https:\/\/mdu.edu.az\/wp-content\/uploads\/2025\/11\/1-22-36x24.jpg 36w, https:\/\/mdu.edu.az\/wp-content\/uploads\/2025\/11\/1-22-48x32.jpg 48w\" sizes=\"(max-width: 1024px) 100vw, 1024px\" \/>\n\t\t\t\t\t\n\t\t\t\t<\/div>\n\n\t\t\t\t<div class=\"upk-content\">\n\t\t\t\t\t\t\t<div class=\"upk-category\">\n\t\t\t<a href=\"https:\/\/mdu.edu.az\/en\/category\/v%c9%99t%c9%99n-muharib%c9%99si\/\" \n\t\t\t\t\t\t\taria-label=\"Category V\u0259t\u0259n m\u00fcharib\u0259si\">V\u0259t\u0259n m\u00fcharib\u0259si<\/a> <a href=\"https:\/\/mdu.edu.az\/en\/category\/v%c9%99t%c9%99np%c9%99rv%c9%99rlik\/\" \n\t\t\t\t\t\t\taria-label=\"Category V\u0259t\u0259np\u0259rv\u0259rlik\">Patriotism<\/a>\t\t<\/div>\n\t\n\t\t\t\t\t<h3 class=\"upk-title\"><a href=\"https:\/\/mdu.edu.az\/en\/shehid_tebriz_ildonumu_26-11-25\/\" title=\"Rektor Anar Eminov \u015f\u0259hid T\u0259briz C\u00fcm\u0259zad\u0259nin ild\u00f6n\u00fcm\u00fc t\u0259dbirind\u0259 i\u015ftirak edib\" class=\"title-animation-underline\" aria-label=\"Rektor Anar Eminov \u015f\u0259hid T\u0259briz C\u00fcm\u0259zad\u0259nin ild\u00f6n\u00fcm\u00fc t\u0259dbirind\u0259 i\u015ftirak edib\">Rektor Anar Eminov \u015f\u0259hid T\u0259briz C\u00fcm\u0259zad\u0259nin ild\u00f6n\u00fcm\u00fc t\u0259dbirind\u0259 i\u015ftirak edib<\/a><\/h3>\n\t\t\t\t\t\t\t<div class=\"upk-text\">\n\t\t\t<p>2020-ci ild\u0259 V\u0259t\u0259n m\u00fcharib\u0259sind\u0259 q\u0259hr\u0259mancas\u0131na \u015f\u0259hid olmu\u015f T\u0259briz C\u00fcm\u0259zad\u0259nin ild\u00f6n\u00fcm\u00fc m\u00fcnasib\u0259til\u0259 Ming\u0259\u00e7evir \u015e\u0259hidl\u0259r Xiyaban\u0131nda t\u0259dbir ke\u00e7irilib. An\u0131m t\u0259dbirind\u0259 \u015f\u0259hid ail\u0259l\u0259rinin<\/p>\n\t\t<\/div>\n\t\t\n\t\t\t\t\t\n\t\t\t\t<\/div>\n\t\t\t\t\t\t\t<\/div>\n\t\t<\/div>\n\n\t\n\t\t\t\t\n\t\t\t\t\t\t\t<div class=\"upk-item\">\n\t\t\t<div class=\"upk-item-box\">\n\t\t\t\t<div class=\"upk-image-wrap\">\n\n\t\t\t\t\t<img decoding=\"async\" width=\"1280\" height=\"960\" src=\"https:\/\/mdu.edu.az\/wp-content\/uploads\/2025\/11\/film.jpg\" class=\"upk-img\" alt=\"Ming\u0259\u00e7evir D\u00f6vl\u0259t Universitetind\u0259 \u015e\u0259hid \u0130ntiqam \u0130smay\u0131lova h\u0259sr olunmu\u015f filmin t\u0259qdimat\u0131 ke\u00e7irilib\" srcset=\"https:\/\/mdu.edu.az\/wp-content\/uploads\/2025\/11\/film.jpg 1280w, https:\/\/mdu.edu.az\/wp-content\/uploads\/2025\/11\/film-300x225.jpg 300w, https:\/\/mdu.edu.az\/wp-content\/uploads\/2025\/11\/film-768x576.jpg 768w, https:\/\/mdu.edu.az\/wp-content\/uploads\/2025\/11\/film-16x12.jpg 16w, https:\/\/mdu.edu.az\/wp-content\/uploads\/2025\/11\/film-24x18.jpg 24w, https:\/\/mdu.edu.az\/wp-content\/uploads\/2025\/11\/film-36x27.jpg 36w, https:\/\/mdu.edu.az\/wp-content\/uploads\/2025\/11\/film-48x36.jpg 48w\" sizes=\"(max-width: 1280px) 100vw, 1280px\" \/>\n\t\t\t\t\t\n\t\t\t\t<\/div>\n\n\t\t\t\t<div class=\"upk-content\">\n\t\t\t\t\t\t\t<div class=\"upk-category\">\n\t\t\t<a href=\"https:\/\/mdu.edu.az\/en\/category\/v%c9%99t%c9%99n-muharib%c9%99si\/\" \n\t\t\t\t\t\t\taria-label=\"Category V\u0259t\u0259n m\u00fcharib\u0259si\">V\u0259t\u0259n m\u00fcharib\u0259si<\/a> <a href=\"https:\/\/mdu.edu.az\/en\/category\/v%c9%99t%c9%99np%c9%99rv%c9%99rlik\/\" \n\t\t\t\t\t\t\taria-label=\"Category V\u0259t\u0259np\u0259rv\u0259rlik\">Patriotism<\/a>\t\t<\/div>\n\t\n\t\t\t\t\t<h3 class=\"upk-title\"><a href=\"https:\/\/mdu.edu.az\/en\/film_07-11-25\/\" title=\"Ming\u0259\u00e7evir D\u00f6vl\u0259t Universitetind\u0259 \u015e\u0259hid \u0130ntiqam \u0130smay\u0131lova h\u0259sr olunmu\u015f filmin t\u0259qdimat\u0131 ke\u00e7irilib\" class=\"title-animation-underline\" aria-label=\"Ming\u0259\u00e7evir D\u00f6vl\u0259t Universitetind\u0259 \u015e\u0259hid \u0130ntiqam \u0130smay\u0131lova h\u0259sr olunmu\u015f filmin t\u0259qdimat\u0131 ke\u00e7irilib\">Ming\u0259\u00e7evir D\u00f6vl\u0259t Universitetind\u0259 \u015e\u0259hid \u0130ntiqam \u0130smay\u0131lova h\u0259sr olunmu\u015f filmin t\u0259qdimat\u0131 ke\u00e7irilib<\/a><\/h3>\n\t\t\t\t\t\t\t<div class=\"upk-text\">\n\t\t\t<p>Ming\u0259\u00e7evir D\u00f6vl\u0259t Universitetind\u0259 (MDU) \u015f\u0259hid \u0130ntiqam \u0130smay\u0131lovun xatir\u0259sin\u0259 h\u0259sr olunmu\u015f filmin t\u0259qdimat\u0131 ke\u00e7irilib. T\u0259dbird\u0259 \u015f\u0259hidin ail\u0259 \u00fczvl\u0259ri, EL Televiziya \u015eirk\u0259tinin<\/p>\n\t\t<\/div>\n\t\t\n\t\t\t\t\t\n\t\t\t\t<\/div>\n\t\t\t\t\t\t\t<\/div>\n\t\t<\/div>\n\n\t\n\t\t\t\t\n\t\t\t\t\t\t\t<div class=\"upk-item\">\n\t\t\t<div class=\"upk-item-box\">\n\t\t\t\t<div class=\"upk-image-wrap\">\n\n\t\t\t\t\t<img loading=\"lazy\" decoding=\"async\" width=\"1024\" height=\"683\" src=\"https:\/\/mdu.edu.az\/wp-content\/uploads\/2025\/11\/1-5.jpg\" class=\"upk-img\" alt=\"Ming\u0259\u00e7evir D\u00f6vl\u0259t Universitetind\u0259 8 Noyabr \u2013 Z\u0259f\u0259r G\u00fcn\u00fcn\u0259 h\u0259sr olunan elmi-praktiki konfrans ke\u00e7irilib\" srcset=\"https:\/\/mdu.edu.az\/wp-content\/uploads\/2025\/11\/1-5.jpg 1024w, https:\/\/mdu.edu.az\/wp-content\/uploads\/2025\/11\/1-5-300x200.jpg 300w, https:\/\/mdu.edu.az\/wp-content\/uploads\/2025\/11\/1-5-768x512.jpg 768w, https:\/\/mdu.edu.az\/wp-content\/uploads\/2025\/11\/1-5-18x12.jpg 18w, https:\/\/mdu.edu.az\/wp-content\/uploads\/2025\/11\/1-5-24x16.jpg 24w, https:\/\/mdu.edu.az\/wp-content\/uploads\/2025\/11\/1-5-36x24.jpg 36w, https:\/\/mdu.edu.az\/wp-content\/uploads\/2025\/11\/1-5-48x32.jpg 48w\" sizes=\"(max-width: 1024px) 100vw, 1024px\" \/>\n\t\t\t\t\t\n\t\t\t\t<\/div>\n\n\t\t\t\t<div class=\"upk-content\">\n\t\t\t\t\t\t\t<div class=\"upk-category\">\n\t\t\t<a href=\"https:\/\/mdu.edu.az\/en\/category\/v%c9%99t%c9%99n-muharib%c9%99si\/\" \n\t\t\t\t\t\t\taria-label=\"Category V\u0259t\u0259n m\u00fcharib\u0259si\">V\u0259t\u0259n m\u00fcharib\u0259si<\/a> <a href=\"https:\/\/mdu.edu.az\/en\/category\/v%c9%99t%c9%99np%c9%99rv%c9%99rlik\/\" \n\t\t\t\t\t\t\taria-label=\"Category V\u0259t\u0259np\u0259rv\u0259rlik\">Patriotism<\/a>\t\t<\/div>\n\t\n\t\t\t\t\t<h3 class=\"upk-title\"><a href=\"https:\/\/mdu.edu.az\/en\/knfrns_07-11-25\/\" title=\"Ming\u0259\u00e7evir D\u00f6vl\u0259t Universitetind\u0259 8 Noyabr \u2013 Z\u0259f\u0259r G\u00fcn\u00fcn\u0259 h\u0259sr olunan elmi-praktiki konfrans ke\u00e7irilib\" class=\"title-animation-underline\" aria-label=\"Ming\u0259\u00e7evir D\u00f6vl\u0259t Universitetind\u0259 8 Noyabr \u2013 Z\u0259f\u0259r G\u00fcn\u00fcn\u0259 h\u0259sr olunan elmi-praktiki konfrans ke\u00e7irilib\">Ming\u0259\u00e7evir D\u00f6vl\u0259t Universitetind\u0259 8 Noyabr \u2013 Z\u0259f\u0259r G\u00fcn\u00fcn\u0259 h\u0259sr olunan elmi-praktiki konfrans ke\u00e7irilib<\/a><\/h3>\n\t\t\t\t\t\t\t<div class=\"upk-text\">\n\t\t\t<p>2025-ci il noyabr\u0131n 7-d\u0259 Ming\u0259\u00e7evir D\u00f6vl\u0259t Universitetind\u0259 (MDU) Z\u0259f\u0259r G\u00fcn\u00fcn\u0259 h\u0259sr olunmu\u015f elmi-praktik konfrans ke\u00e7irilib. Universitetin ikinci t\u0259dris binas\u0131n\u0131n akt<\/p>\n\t\t<\/div>\n\t\t\n\t\t\t\t\t\n\t\t\t\t<\/div>\n\t\t\t\t\t\t\t<\/div>\n\t\t<\/div>\n\n\t\n\t\t\t\t\t\t\t<\/div>\n\t\t<\/div>\n\n\t\t\n\t\t\t\t\t<div class=\"ep-pagination\">\n\t\t\t\t<ul class=\"upk-pagination\" data-widget-id=\"29dc1468\">\n<li class=\"upk-active\"><a href=\"https:\/\/mdu.edu.az\/en\/wp-json\/wp\/v2\/pages\/11195\/\">1<\/a><\/li>\n<li><a href=\"https:\/\/mdu.edu.az\/en\/wp-json\/wp\/v2\/pages\/11195\/page\/2\/\">2<\/a><\/li>\n<li><a href=\"https:\/\/mdu.edu.az\/en\/wp-json\/wp\/v2\/pages\/11195\/page\/3\/\">3<\/a><\/li>\n<li class=\"upk-pagination-dot-dot\"><span>...<\/span><\/li>\n<li><a href=\"https:\/\/mdu.edu.az\/en\/wp-json\/wp\/v2\/pages\/11195\/page\/12\/\">12<\/a><\/li>\n<li class=\"upk-pagination-next\"><a href=\"https:\/\/mdu.edu.az\/en\/wp-json\/wp\/v2\/pages\/11195\/page\/2\/\" aria-label=\"Next Page\"><span data-upk-pagination-next><i class=\"upk-icon-arrow-right-5\" aria-hidden=\"true\"><\/i><\/span><\/a><\/li>\n<\/ul>\n\t\t\t<\/div>\n\t\t\t\t<\/div>\n\t\t\t\t<\/div>\n\t\t\t\t<div class=\"elementor-element elementor-element-7cc2fa51 elementor-widget elementor-widget-spacer\" data-id=\"7cc2fa51\" data-element_type=\"widget\" data-e-type=\"widget\" data-widget_type=\"spacer.default\">\n\t\t\t\t<div class=\"elementor-widget-container\">\n\t\t\t\t\t\t\t<div class=\"elementor-spacer\">\n\t\t\t<div class=\"elementor-spacer-inner\"><\/div>\n\t\t<\/div>\n\t\t\t\t\t\t<\/div>\n\t\t\t\t<\/div>\n\t\t\t\t\t<\/div>\n\t\t<\/div>\n\t\t\t\t\t<\/div>\n\t\t<\/section>\n\t\t\t\t<\/div>","protected":false},"excerpt":{"rendered":"<p>44 g\u00fcnl\u00fck V\u0259t\u0259n m\u00fcharib\u0259si 2020-ci ilin sentyabr\u0131n 27-d\u0259n ba\u015flanan v\u0259 44 g\u00fcn davam ed\u0259n V\u0259t\u0259n M\u00fcharib\u0259sind\u0259 \u0259ld\u0259 olunan m\u00f6ht\u0259\u015f\u0259m Z\u0259f\u0259r Az\u0259rbaycan\u0131n tarixinin \u015fanl\u0131 s\u0259hif\u0259l\u0259rini t\u0259\u015fkil edir. M\u00fcz\u0259ff\u0259r Ali Ba\u015f Komandan\u0131m\u0131z\u0131n r\u0259hb\u0259rliyi, r\u0259\u015fad\u0259tli Az\u0259rbaycan \u0259sg\u0259rinin q\u0259hr\u0259manl\u0131\u011f\u0131, sars\u0131lmaz d\u00f6vl\u0259t, ordu v\u0259 xalq birliyi say\u0259sind\u0259 apard\u0131\u011f\u0131m\u0131z haqq m\u00fcbariz\u0259si tarixi \u0259dal\u0259tin v\u0259 milli q\u00fcrurun b\u0259rpa olunmas\u0131 il\u0259 n\u0259tic\u0259l\u0259ndi. V\u0259t\u0259nin [&hellip;]<\/p>\n","protected":false},"author":1,"featured_media":0,"parent":0,"menu_order":0,"comment_status":"closed","ping_status":"closed","template":"","meta":{"_eb_attr":"","ocean_post_layout":"full-screen","ocean_both_sidebars_style":"","ocean_both_sidebars_content_width":0,"ocean_both_sidebars_sidebars_width":0,"ocean_sidebar":"0","ocean_second_sidebar":"0","ocean_disable_margins":"enable","ocean_add_body_class":"","ocean_shortcode_before_top_bar":"","ocean_shortcode_after_top_bar":"","ocean_shortcode_before_header":"","ocean_shortcode_after_header":"","ocean_has_shortcode":"","ocean_shortcode_after_title":"","ocean_shortcode_before_footer_widgets":"","ocean_shortcode_after_footer_widgets":"","ocean_shortcode_before_footer_bottom":"","ocean_shortcode_after_footer_bottom":"","ocean_display_top_bar":"off","ocean_display_header":"off","ocean_header_style":"","ocean_center_header_left_menu":"0","ocean_custom_header_template":"0","ocean_custom_logo":0,"ocean_custom_retina_logo":0,"ocean_custom_logo_max_width":0,"ocean_custom_logo_tablet_max_width":0,"ocean_custom_logo_mobile_max_width":0,"ocean_custom_logo_max_height":0,"ocean_custom_logo_tablet_max_height":0,"ocean_custom_logo_mobile_max_height":0,"ocean_header_custom_menu":"0","ocean_menu_typo_font_family":"0","ocean_menu_typo_font_subset":"","ocean_menu_typo_font_size":0,"ocean_menu_typo_font_size_tablet":0,"ocean_menu_typo_font_size_mobile":0,"ocean_menu_typo_font_size_unit":"px","ocean_menu_typo_font_weight":"","ocean_menu_typo_font_weight_tablet":"","ocean_menu_typo_font_weight_mobile":"","ocean_menu_typo_transform":"","ocean_menu_typo_transform_tablet":"","ocean_menu_typo_transform_mobile":"","ocean_menu_typo_line_height":0,"ocean_menu_typo_line_height_tablet":0,"ocean_menu_typo_line_height_mobile":0,"ocean_menu_typo_line_height_unit":"","ocean_menu_typo_spacing":0,"ocean_menu_typo_spacing_tablet":0,"ocean_menu_typo_spacing_mobile":0,"ocean_menu_typo_spacing_unit":"","ocean_menu_link_color":"","ocean_menu_link_color_hover":"","ocean_menu_link_color_active":"","ocean_menu_link_background":"","ocean_menu_link_hover_background":"","ocean_menu_link_active_background":"","ocean_menu_social_links_bg":"","ocean_menu_social_hover_links_bg":"","ocean_menu_social_links_color":"","ocean_menu_social_hover_links_color":"","ocean_disable_title":"on","ocean_disable_heading":"default","ocean_post_title":"","ocean_post_subheading":"","ocean_post_title_style":"","ocean_post_title_background_color":"","ocean_post_title_background":0,"ocean_post_title_bg_image_position":"","ocean_post_title_bg_image_attachment":"","ocean_post_title_bg_image_repeat":"","ocean_post_title_bg_image_size":"","ocean_post_title_height":0,"ocean_post_title_bg_overlay":0.5,"ocean_post_title_bg_overlay_color":"","ocean_disable_breadcrumbs":"default","ocean_breadcrumbs_color":"","ocean_breadcrumbs_separator_color":"","ocean_breadcrumbs_links_color":"","ocean_breadcrumbs_links_hover_color":"","ocean_display_footer_widgets":"off","ocean_display_footer_bottom":"off","ocean_custom_footer_template":"0","footnotes":""},"class_list":["post-11195","page","type-page","status-publish","hentry","entry","has-media"],"_links":{"self":[{"href":"https:\/\/mdu.edu.az\/en\/wp-json\/wp\/v2\/pages\/11195","targetHints":{"allow":["GET"]}}],"collection":[{"href":"https:\/\/mdu.edu.az\/en\/wp-json\/wp\/v2\/pages"}],"about":[{"href":"https:\/\/mdu.edu.az\/en\/wp-json\/wp\/v2\/types\/page"}],"author":[{"embeddable":true,"href":"https:\/\/mdu.edu.az\/en\/wp-json\/wp\/v2\/users\/1"}],"replies":[{"embeddable":true,"href":"https:\/\/mdu.edu.az\/en\/wp-json\/wp\/v2\/comments?post=11195"}],"version-history":[{"count":185,"href":"https:\/\/mdu.edu.az\/en\/wp-json\/wp\/v2\/pages\/11195\/revisions"}],"predecessor-version":[{"id":77299,"href":"https:\/\/mdu.edu.az\/en\/wp-json\/wp\/v2\/pages\/11195\/revisions\/77299"}],"wp:attachment":[{"href":"https:\/\/mdu.edu.az\/en\/wp-json\/wp\/v2\/media?parent=11195"}],"curies":[{"name":"wp","href":"https:\/\/api.w.org\/{rel}","templated":true}]}}