{"id":19405,"date":"2022-04-11T08:14:33","date_gmt":"2022-04-11T05:14:33","guid":{"rendered":"https:\/\/mdu.edu.az\/?page_id=19405"},"modified":"2026-02-26T18:26:00","modified_gmt":"2026-02-26T15:26:00","slug":"tvim","status":"publish","type":"page","link":"https:\/\/mdu.edu.az\/en\/tvim\/","title":{"rendered":"Student Patriotic Development Center"},"content":{"rendered":"<div data-elementor-type=\"wp-page\" data-elementor-id=\"19405\" class=\"elementor elementor-19405\" data-elementor-settings=\"{&quot;element_pack_global_tooltip_width&quot;:{&quot;unit&quot;:&quot;px&quot;,&quot;size&quot;:&quot;&quot;,&quot;sizes&quot;:[]},&quot;element_pack_global_tooltip_width_tablet&quot;:{&quot;unit&quot;:&quot;px&quot;,&quot;size&quot;:&quot;&quot;,&quot;sizes&quot;:[]},&quot;element_pack_global_tooltip_width_mobile&quot;:{&quot;unit&quot;:&quot;px&quot;,&quot;size&quot;:&quot;&quot;,&quot;sizes&quot;:[]},&quot;element_pack_global_tooltip_padding&quot;:{&quot;unit&quot;:&quot;px&quot;,&quot;top&quot;:&quot;&quot;,&quot;right&quot;:&quot;&quot;,&quot;bottom&quot;:&quot;&quot;,&quot;left&quot;:&quot;&quot;,&quot;isLinked&quot;:true},&quot;element_pack_global_tooltip_padding_tablet&quot;:{&quot;unit&quot;:&quot;px&quot;,&quot;top&quot;:&quot;&quot;,&quot;right&quot;:&quot;&quot;,&quot;bottom&quot;:&quot;&quot;,&quot;left&quot;:&quot;&quot;,&quot;isLinked&quot;:true},&quot;element_pack_global_tooltip_padding_mobile&quot;:{&quot;unit&quot;:&quot;px&quot;,&quot;top&quot;:&quot;&quot;,&quot;right&quot;:&quot;&quot;,&quot;bottom&quot;:&quot;&quot;,&quot;left&quot;:&quot;&quot;,&quot;isLinked&quot;:true},&quot;element_pack_global_tooltip_border_radius&quot;:{&quot;unit&quot;:&quot;px&quot;,&quot;top&quot;:&quot;&quot;,&quot;right&quot;:&quot;&quot;,&quot;bottom&quot;:&quot;&quot;,&quot;left&quot;:&quot;&quot;,&quot;isLinked&quot;:true},&quot;element_pack_global_tooltip_border_radius_tablet&quot;:{&quot;unit&quot;:&quot;px&quot;,&quot;top&quot;:&quot;&quot;,&quot;right&quot;:&quot;&quot;,&quot;bottom&quot;:&quot;&quot;,&quot;left&quot;:&quot;&quot;,&quot;isLinked&quot;:true},&quot;element_pack_global_tooltip_border_radius_mobile&quot;:{&quot;unit&quot;:&quot;px&quot;,&quot;top&quot;:&quot;&quot;,&quot;right&quot;:&quot;&quot;,&quot;bottom&quot;:&quot;&quot;,&quot;left&quot;:&quot;&quot;,&quot;isLinked&quot;:true}}\" data-elementor-post-type=\"page\">\n\t\t\t\t\t\t<section data-particle_enable=\"false\" data-particle-mobile-disabled=\"false\" class=\"elementor-section elementor-top-section elementor-element elementor-element-7a2e861d elementor-section-boxed elementor-section-height-default elementor-section-height-default\" data-id=\"7a2e861d\" data-element_type=\"section\" data-e-type=\"section\">\n\t\t\t\t\t\t<div class=\"elementor-container elementor-column-gap-default\">\n\t\t\t\t\t<div class=\"elementor-column elementor-col-100 elementor-top-column elementor-element elementor-element-3b33e84\" data-id=\"3b33e84\" data-element_type=\"column\" data-e-type=\"column\" data-settings=\"{&quot;background_background&quot;:&quot;classic&quot;}\">\n\t\t\t<div class=\"elementor-widget-wrap elementor-element-populated\">\n\t\t\t\t\t\t<section data-particle_enable=\"false\" data-particle-mobile-disabled=\"false\" class=\"elementor-section elementor-inner-section elementor-element elementor-element-4540987 elementor-section-full_width elementor-section-content-middle elementor-section-height-default elementor-section-height-default\" data-id=\"4540987\" data-element_type=\"section\" data-e-type=\"section\" data-settings=\"{&quot;background_background&quot;:&quot;classic&quot;}\">\n\t\t\t\t\t\t<div class=\"elementor-container elementor-column-gap-no\">\n\t\t\t\t\t<div class=\"elementor-column elementor-col-100 elementor-inner-column elementor-element elementor-element-baf5f03\" data-id=\"baf5f03\" data-element_type=\"column\" data-e-type=\"column\">\n\t\t\t<div class=\"elementor-widget-wrap elementor-element-populated\">\n\t\t\t\t\t\t<div class=\"elementor-element elementor-element-419d65e5 elementor-widget elementor-widget-heading\" data-id=\"419d65e5\" data-element_type=\"widget\" data-e-type=\"widget\" data-widget_type=\"heading.default\">\n\t\t\t\t<div class=\"elementor-widget-container\">\n\t\t\t\t\t<h1 class=\"elementor-heading-title elementor-size-default\">Student Patriotic Development Center<\/h1>\t\t\t\t<\/div>\n\t\t\t\t<\/div>\n\t\t\t\t<div class=\"elementor-element elementor-element-1b82a71a elementor-widget-divider--view-line elementor-widget elementor-widget-divider\" data-id=\"1b82a71a\" data-element_type=\"widget\" data-e-type=\"widget\" data-widget_type=\"divider.default\">\n\t\t\t\t<div class=\"elementor-widget-container\">\n\t\t\t\t\t\t\t<div class=\"elementor-divider\">\n\t\t\t<span class=\"elementor-divider-separator\">\n\t\t\t\t\t\t<\/span>\n\t\t<\/div>\n\t\t\t\t\t\t<\/div>\n\t\t\t\t<\/div>\n\t\t\t\t\t<\/div>\n\t\t<\/div>\n\t\t\t\t\t<\/div>\n\t\t<\/section>\n\t\t\t\t\t<\/div>\n\t\t<\/div>\n\t\t\t\t\t<\/div>\n\t\t<\/section>\n\t\t\t\t<section data-particle_enable=\"false\" data-particle-mobile-disabled=\"false\" class=\"elementor-section elementor-top-section elementor-element elementor-element-44f8dff elementor-section-boxed elementor-section-height-default elementor-section-height-default\" data-id=\"44f8dff\" data-element_type=\"section\" data-e-type=\"section\">\n\t\t\t\t\t\t<div class=\"elementor-container elementor-column-gap-default\">\n\t\t\t\t\t<div class=\"elementor-column elementor-col-100 elementor-top-column elementor-element elementor-element-a194058\" data-id=\"a194058\" data-element_type=\"column\" data-e-type=\"column\">\n\t\t\t<div class=\"elementor-widget-wrap elementor-element-populated\">\n\t\t\t\t\t\t<div class=\"elementor-element elementor-element-89f52c2 elementor-widget elementor-widget-text-editor\" data-id=\"89f52c2\" data-element_type=\"widget\" data-e-type=\"widget\" data-widget_type=\"text-editor.default\">\n\t\t\t\t<div class=\"elementor-widget-container\">\n\t\t\t\t\t\t\t\t\t<ul><li>It is known that by the Order of the President of the Republic of Azerbaijan Ilham Aliyev dated December 2, 2020  it was decided to celebrate September 27 as a day of Remembrance in the Republic of Azerbaijan every year. We hope, on that day, the memory of our heroic martyrs, who died for Azerbaijan's sovereignty, peace and tranquility of the people, and inscribed their names in golden letters on the pages of history, will be commemorated with deep respect. by everyone.\u00a0<\/li><li>At the meeting of the Scientific Council of Mingachevir State University (MSU) on March 19, 2021, it was decided to create a \u201cstudent patriotic Development Center\u201d(SPDC) in the structure of the University in order to further increase the importance of patriotic education in the content of Education. According to the same decision, the center was established by the relevant order of the Rector of MSU dated April 6, 2021.<\/li><li>The main tasks of SPDC, which aims to continuously contribute to the work of educating young students as worthy, patriotic citizens, connected to their people, homeland and state, are to introduce our heroic martyrs and veterans to the younger generation, and to promote their bravery. At the same time, the center will carry out the implementation and coordination of activities on perpetuating the names of martyrs, paying special attention to veterans, organizing events of various formats dedicated to historical days and other relevant directions.<\/li><li>MSU graduate Minaya Huseynova was hired as SPDC coordinator. M.Huseynova received a bachelor's degree in \u201cEnvironmental Engineering\u201d at MSU in 2011-2015.<\/li><li>M.Huseynova is the wife of Azami Huseynov, a graduate of  MSU, who heroically died in the battles in the Sugovushan direction in the Patriotic War. Martyr Azami Huseynov was awarded with medals \u201cfor the motherland\u201d and \u201cfor the liberation of Sugovushan\u201d by the relevant orders of the President of the Republic of Azerbaijan.<\/li><li>The student patriotism Development Center, established at Mingachevir State University (MSU) in order to further increase the importance of patriotic education in the content of Education, has launched various format activities in the direction of introducing our hero martyrs and veterans to the younger generation and promoting their bravery. Within the framework of these activities, special attention is paid to the preparation of a series of articles and reports by the Center in order to highlight the life stories of the heroic members of the MSU family who went through a glorious battle and transfer them to future generations.<\/li><\/ul>\t\t\t\t\t\t\t\t<\/div>\n\t\t\t\t<\/div>\n\t\t\t\t\t<\/div>\n\t\t<\/div>\n\t\t\t\t\t<\/div>\n\t\t<\/section>\n\t\t\t\t<section data-particle_enable=\"false\" data-particle-mobile-disabled=\"false\" class=\"elementor-section elementor-top-section elementor-element elementor-element-a721cd5 elementor-section-boxed elementor-section-height-default elementor-section-height-default\" data-id=\"a721cd5\" data-element_type=\"section\" data-e-type=\"section\">\n\t\t\t\t\t\t<div class=\"elementor-container elementor-column-gap-default\">\n\t\t\t\t\t<div class=\"elementor-column elementor-col-100 elementor-top-column elementor-element elementor-element-d3c41a0\" data-id=\"d3c41a0\" data-element_type=\"column\" data-e-type=\"column\">\n\t\t\t<div class=\"elementor-widget-wrap elementor-element-populated\">\n\t\t\t\t\t\t<div class=\"elementor-element elementor-element-048b6da elementor-widget elementor-widget-heading\" data-id=\"048b6da\" data-element_type=\"widget\" data-e-type=\"widget\" data-widget_type=\"heading.default\">\n\t\t\t\t<div class=\"elementor-widget-container\">\n\t\t\t\t\t<h2 class=\"elementor-heading-title elementor-size-default\">Employees<\/h2>\t\t\t\t<\/div>\n\t\t\t\t<\/div>\n\t\t\t\t\t<\/div>\n\t\t<\/div>\n\t\t\t\t\t<\/div>\n\t\t<\/section>\n\t\t\t\t<section data-particle_enable=\"false\" data-particle-mobile-disabled=\"false\" class=\"elementor-section elementor-top-section elementor-element elementor-element-d601075 elementor-section-boxed elementor-section-height-default elementor-section-height-default\" data-id=\"d601075\" data-element_type=\"section\" data-e-type=\"section\">\n\t\t\t\t\t\t<div class=\"elementor-container elementor-column-gap-default\">\n\t\t\t\t\t<div class=\"elementor-column elementor-col-100 elementor-top-column elementor-element elementor-element-f04ffa0\" data-id=\"f04ffa0\" data-element_type=\"column\" data-e-type=\"column\">\n\t\t\t<div class=\"elementor-widget-wrap elementor-element-populated\">\n\t\t\t\t\t\t<section data-particle_enable=\"false\" data-particle-mobile-disabled=\"false\" class=\"elementor-section elementor-inner-section elementor-element elementor-element-2eefe46 elementor-section-boxed elementor-section-height-default elementor-section-height-default\" data-id=\"2eefe46\" data-element_type=\"section\" data-e-type=\"section\">\n\t\t\t\t\t\t<div class=\"elementor-container elementor-column-gap-no\">\n\t\t\t\t\t<div class=\"elementor-column elementor-col-20 elementor-inner-column elementor-element elementor-element-7b1be07\" data-id=\"7b1be07\" data-element_type=\"column\" data-e-type=\"column\">\n\t\t\t<div class=\"elementor-widget-wrap elementor-element-populated\">\n\t\t\t\t\t\t<div class=\"elementor-element elementor-element-ac79b55 elementor-widget elementor-widget-image\" data-id=\"ac79b55\" data-element_type=\"widget\" data-e-type=\"widget\" data-widget_type=\"image.default\">\n\t\t\t\t<div class=\"elementor-widget-container\">\n\t\t\t\t\t\t\t\t\t\t\t\t\t\t\t<img fetchpriority=\"high\" decoding=\"async\" width=\"1200\" height=\"1500\" src=\"https:\/\/mdu.edu.az\/wp-content\/uploads\/2026\/02\/Minay\u0259-Huseynova-scaled.jpg\" class=\"attachment-large size-large wp-image-87655\" alt=\"\" srcset=\"https:\/\/mdu.edu.az\/wp-content\/uploads\/2026\/02\/Minay\u0259-Huseynova-scaled.jpg 2048w, https:\/\/mdu.edu.az\/wp-content\/uploads\/2026\/02\/Minay\u0259-Huseynova-240x300.jpg 240w, https:\/\/mdu.edu.az\/wp-content\/uploads\/2026\/02\/Minay\u0259-Huseynova-768x960.jpg 768w, https:\/\/mdu.edu.az\/wp-content\/uploads\/2026\/02\/Minay\u0259-Huseynova-1229x1536.jpg 1229w, https:\/\/mdu.edu.az\/wp-content\/uploads\/2026\/02\/Minay\u0259-Huseynova-1638x2048.jpg 1638w, https:\/\/mdu.edu.az\/wp-content\/uploads\/2026\/02\/Minay\u0259-Huseynova-10x12.jpg 10w, https:\/\/mdu.edu.az\/wp-content\/uploads\/2026\/02\/Minay\u0259-Huseynova-19x24.jpg 19w, https:\/\/mdu.edu.az\/wp-content\/uploads\/2026\/02\/Minay\u0259-Huseynova-29x36.jpg 29w, https:\/\/mdu.edu.az\/wp-content\/uploads\/2026\/02\/Minay\u0259-Huseynova-38x48.jpg 38w\" sizes=\"(max-width: 1200px) 100vw, 1200px\" \/>\t\t\t\t\t\t\t\t\t\t\t\t\t\t\t<\/div>\n\t\t\t\t<\/div>\n\t\t\t\t\t<\/div>\n\t\t<\/div>\n\t\t\t\t<div class=\"elementor-column elementor-col-20 elementor-inner-column elementor-element elementor-element-3dd6a81\" data-id=\"3dd6a81\" data-element_type=\"column\" data-e-type=\"column\">\n\t\t\t<div class=\"elementor-widget-wrap elementor-element-populated\">\n\t\t\t\t\t\t<div class=\"elementor-element elementor-element-c0353d9 elementor-widget__width-initial elementor-widget elementor-widget-text-editor\" data-id=\"c0353d9\" data-element_type=\"widget\" data-e-type=\"widget\" data-widget_type=\"text-editor.default\">\n\t\t\t\t<div class=\"elementor-widget-container\">\n\t\t\t\t\t\t\t\t\t<p>\u00a0<\/p><p>\u00a0<\/p><p><strong>Minay\u0259 H\u00fcseynova<\/strong><\/p><p>Koordinator<\/p><p>minaya.huseynova@mdu.edu.az<\/p>\t\t\t\t\t\t\t\t<\/div>\n\t\t\t\t<\/div>\n\t\t\t\t\t<\/div>\n\t\t<\/div>\n\t\t\t\t<div class=\"elementor-column elementor-col-20 elementor-inner-column elementor-element elementor-element-73c6ac6\" data-id=\"73c6ac6\" data-element_type=\"column\" data-e-type=\"column\">\n\t\t\t<div class=\"elementor-widget-wrap\">\n\t\t\t\t\t\t\t<\/div>\n\t\t<\/div>\n\t\t\t\t<div class=\"elementor-column elementor-col-20 elementor-inner-column elementor-element elementor-element-01c6e94\" data-id=\"01c6e94\" data-element_type=\"column\" data-e-type=\"column\">\n\t\t\t<div class=\"elementor-widget-wrap\">\n\t\t\t\t\t\t\t<\/div>\n\t\t<\/div>\n\t\t\t\t<div class=\"elementor-column elementor-col-20 elementor-inner-column elementor-element elementor-element-ee42949\" data-id=\"ee42949\" data-element_type=\"column\" data-e-type=\"column\">\n\t\t\t<div class=\"elementor-widget-wrap\">\n\t\t\t\t\t\t\t<\/div>\n\t\t<\/div>\n\t\t\t\t\t<\/div>\n\t\t<\/section>\n\t\t\t\t\t<\/div>\n\t\t<\/div>\n\t\t\t\t\t<\/div>\n\t\t<\/section>\n\t\t\t\t<\/div>","protected":false},"excerpt":{"rendered":"<p>T\u0259l\u0259b\u0259 V\u0259t\u0259np\u0259rv\u0259rlik \u0130nki\u015faf\u0131 M\u0259rk\u0259zi M\u0259lumdur ki, Az\u0259rbaycan Respublikas\u0131n\u0131n Prezidenti \u0130lham \u018fliyevin 2020-ci il 2 dekabr tarixli S\u0259r\u0259ncam\u0131 il\u0259 h\u0259r il sentyabr\u0131n 27-sinin Az\u0259rbaycan Respublikas\u0131nda An\u0131m G\u00fcn\u00fc kimi qeyd edilm\u0259si q\u0259rara al\u0131n\u0131b. \u00dcmid edirik ki, h\u0259min g\u00fcn Az\u0259rbaycan\u0131n suverenliyi u\u011frunda, xalq\u0131n dincliyi, \u0259min-amanl\u0131\u011f\u0131 yolunda can\u0131ndan ke\u00e7\u0259n, adlar\u0131n\u0131 tarixin s\u0259hif\u0259l\u0259rin\u0259 q\u0131z\u0131l h\u0259rfl\u0259rl\u0259\u00a0 yazd\u0131ran q\u0259hr\u0259man \u015f\u0259hidl\u0259rimizin xatir\u0259si h\u0259r [&hellip;]<\/p>\n","protected":false},"author":1,"featured_media":0,"parent":0,"menu_order":0,"comment_status":"closed","ping_status":"closed","template":"","meta":{"_eb_attr":"","ocean_post_layout":"full-screen","ocean_both_sidebars_style":"","ocean_both_sidebars_content_width":0,"ocean_both_sidebars_sidebars_width":0,"ocean_sidebar":"0","ocean_second_sidebar":"0","ocean_disable_margins":"enable","ocean_add_body_class":"","ocean_shortcode_before_top_bar":"","ocean_shortcode_after_top_bar":"","ocean_shortcode_before_header":"","ocean_shortcode_after_header":"","ocean_has_shortcode":"","ocean_shortcode_after_title":"","ocean_shortcode_before_footer_widgets":"","ocean_shortcode_after_footer_widgets":"","ocean_shortcode_before_footer_bottom":"","ocean_shortcode_after_footer_bottom":"","ocean_display_top_bar":"off","ocean_display_header":"off","ocean_header_style":"","ocean_center_header_left_menu":"0","ocean_custom_header_template":"0","ocean_custom_logo":0,"ocean_custom_retina_logo":0,"ocean_custom_logo_max_width":0,"ocean_custom_logo_tablet_max_width":0,"ocean_custom_logo_mobile_max_width":0,"ocean_custom_logo_max_height":0,"ocean_custom_logo_tablet_max_height":0,"ocean_custom_logo_mobile_max_height":0,"ocean_header_custom_menu":"0","ocean_menu_typo_font_family":"0","ocean_menu_typo_font_subset":"","ocean_menu_typo_font_size":0,"ocean_menu_typo_font_size_tablet":0,"ocean_menu_typo_font_size_mobile":0,"ocean_menu_typo_font_size_unit":"px","ocean_menu_typo_font_weight":"","ocean_menu_typo_font_weight_tablet":"","ocean_menu_typo_font_weight_mobile":"","ocean_menu_typo_transform":"","ocean_menu_typo_transform_tablet":"","ocean_menu_typo_transform_mobile":"","ocean_menu_typo_line_height":0,"ocean_menu_typo_line_height_tablet":0,"ocean_menu_typo_line_height_mobile":0,"ocean_menu_typo_line_height_unit":"","ocean_menu_typo_spacing":0,"ocean_menu_typo_spacing_tablet":0,"ocean_menu_typo_spacing_mobile":0,"ocean_menu_typo_spacing_unit":"","ocean_menu_link_color":"","ocean_menu_link_color_hover":"","ocean_menu_link_color_active":"","ocean_menu_link_background":"","ocean_menu_link_hover_background":"","ocean_menu_link_active_background":"","ocean_menu_social_links_bg":"","ocean_menu_social_hover_links_bg":"","ocean_menu_social_links_color":"","ocean_menu_social_hover_links_color":"","ocean_disable_title":"on","ocean_disable_heading":"default","ocean_post_title":"","ocean_post_subheading":"","ocean_post_title_style":"","ocean_post_title_background_color":"","ocean_post_title_background":0,"ocean_post_title_bg_image_position":"","ocean_post_title_bg_image_attachment":"","ocean_post_title_bg_image_repeat":"","ocean_post_title_bg_image_size":"","ocean_post_title_height":0,"ocean_post_title_bg_overlay":0.5,"ocean_post_title_bg_overlay_color":"","ocean_disable_breadcrumbs":"default","ocean_breadcrumbs_color":"","ocean_breadcrumbs_separator_color":"","ocean_breadcrumbs_links_color":"","ocean_breadcrumbs_links_hover_color":"","ocean_display_footer_widgets":"off","ocean_display_footer_bottom":"off","ocean_custom_footer_template":"0","footnotes":""},"class_list":["post-19405","page","type-page","status-publish","hentry","entry"],"_links":{"self":[{"href":"https:\/\/mdu.edu.az\/en\/wp-json\/wp\/v2\/pages\/19405","targetHints":{"allow":["GET"]}}],"collection":[{"href":"https:\/\/mdu.edu.az\/en\/wp-json\/wp\/v2\/pages"}],"about":[{"href":"https:\/\/mdu.edu.az\/en\/wp-json\/wp\/v2\/types\/page"}],"author":[{"embeddable":true,"href":"https:\/\/mdu.edu.az\/en\/wp-json\/wp\/v2\/users\/1"}],"replies":[{"embeddable":true,"href":"https:\/\/mdu.edu.az\/en\/wp-json\/wp\/v2\/comments?post=19405"}],"version-history":[{"count":75,"href":"https:\/\/mdu.edu.az\/en\/wp-json\/wp\/v2\/pages\/19405\/revisions"}],"predecessor-version":[{"id":87664,"href":"https:\/\/mdu.edu.az\/en\/wp-json\/wp\/v2\/pages\/19405\/revisions\/87664"}],"wp:attachment":[{"href":"https:\/\/mdu.edu.az\/en\/wp-json\/wp\/v2\/media?parent=19405"}],"curies":[{"name":"wp","href":"https:\/\/api.w.org\/{rel}","templated":true}]}}