{"id":29058,"date":"2022-06-30T08:15:51","date_gmt":"2022-06-30T05:15:51","guid":{"rendered":"https:\/\/mdu.edu.az\/?page_id=29058"},"modified":"2026-02-25T00:04:58","modified_gmt":"2026-02-24T21:04:58","slug":"haqqimizda","status":"publish","type":"page","link":"https:\/\/mdu.edu.az\/en\/haqqimizda\/","title":{"rendered":"MDU haqq\u0131nda"},"content":{"rendered":"<div data-elementor-type=\"wp-page\" data-elementor-id=\"29058\" class=\"elementor elementor-29058\" data-elementor-settings=\"{&quot;element_pack_global_tooltip_width&quot;:{&quot;unit&quot;:&quot;px&quot;,&quot;size&quot;:&quot;&quot;,&quot;sizes&quot;:[]},&quot;element_pack_global_tooltip_width_tablet&quot;:{&quot;unit&quot;:&quot;px&quot;,&quot;size&quot;:&quot;&quot;,&quot;sizes&quot;:[]},&quot;element_pack_global_tooltip_width_mobile&quot;:{&quot;unit&quot;:&quot;px&quot;,&quot;size&quot;:&quot;&quot;,&quot;sizes&quot;:[]},&quot;element_pack_global_tooltip_padding&quot;:{&quot;unit&quot;:&quot;px&quot;,&quot;top&quot;:&quot;&quot;,&quot;right&quot;:&quot;&quot;,&quot;bottom&quot;:&quot;&quot;,&quot;left&quot;:&quot;&quot;,&quot;isLinked&quot;:true},&quot;element_pack_global_tooltip_padding_tablet&quot;:{&quot;unit&quot;:&quot;px&quot;,&quot;top&quot;:&quot;&quot;,&quot;right&quot;:&quot;&quot;,&quot;bottom&quot;:&quot;&quot;,&quot;left&quot;:&quot;&quot;,&quot;isLinked&quot;:true},&quot;element_pack_global_tooltip_padding_mobile&quot;:{&quot;unit&quot;:&quot;px&quot;,&quot;top&quot;:&quot;&quot;,&quot;right&quot;:&quot;&quot;,&quot;bottom&quot;:&quot;&quot;,&quot;left&quot;:&quot;&quot;,&quot;isLinked&quot;:true},&quot;element_pack_global_tooltip_border_radius&quot;:{&quot;unit&quot;:&quot;px&quot;,&quot;top&quot;:&quot;&quot;,&quot;right&quot;:&quot;&quot;,&quot;bottom&quot;:&quot;&quot;,&quot;left&quot;:&quot;&quot;,&quot;isLinked&quot;:true},&quot;element_pack_global_tooltip_border_radius_tablet&quot;:{&quot;unit&quot;:&quot;px&quot;,&quot;top&quot;:&quot;&quot;,&quot;right&quot;:&quot;&quot;,&quot;bottom&quot;:&quot;&quot;,&quot;left&quot;:&quot;&quot;,&quot;isLinked&quot;:true},&quot;element_pack_global_tooltip_border_radius_mobile&quot;:{&quot;unit&quot;:&quot;px&quot;,&quot;top&quot;:&quot;&quot;,&quot;right&quot;:&quot;&quot;,&quot;bottom&quot;:&quot;&quot;,&quot;left&quot;:&quot;&quot;,&quot;isLinked&quot;:true}}\" data-elementor-post-type=\"page\">\n\t\t\t\t\t\t<section data-particle_enable=\"false\" data-particle-mobile-disabled=\"false\" class=\"elementor-section elementor-top-section elementor-element elementor-element-c256ba1 elementor-section-boxed elementor-section-height-default elementor-section-height-default\" data-id=\"c256ba1\" data-element_type=\"section\" data-e-type=\"section\">\n\t\t\t\t\t\t<div class=\"elementor-container elementor-column-gap-default\">\n\t\t\t\t\t<div class=\"elementor-column elementor-col-100 elementor-top-column elementor-element elementor-element-0df2c9c\" data-id=\"0df2c9c\" data-element_type=\"column\" data-e-type=\"column\" data-settings=\"{&quot;background_background&quot;:&quot;classic&quot;}\">\n\t\t\t<div class=\"elementor-widget-wrap elementor-element-populated\">\n\t\t\t\t\t\t<section data-particle_enable=\"false\" data-particle-mobile-disabled=\"false\" class=\"elementor-section elementor-inner-section elementor-element elementor-element-7cae1d6 elementor-section-full_width elementor-section-content-middle elementor-section-height-default elementor-section-height-default\" data-id=\"7cae1d6\" data-element_type=\"section\" data-e-type=\"section\" data-settings=\"{&quot;background_background&quot;:&quot;classic&quot;}\">\n\t\t\t\t\t\t<div class=\"elementor-container elementor-column-gap-no\">\n\t\t\t\t\t<div class=\"elementor-column elementor-col-100 elementor-inner-column elementor-element elementor-element-11a686c\" data-id=\"11a686c\" data-element_type=\"column\" data-e-type=\"column\">\n\t\t\t<div class=\"elementor-widget-wrap elementor-element-populated\">\n\t\t\t\t\t\t<div class=\"elementor-element elementor-element-b6df57b elementor-widget elementor-widget-heading\" data-id=\"b6df57b\" data-element_type=\"widget\" data-e-type=\"widget\" data-widget_type=\"heading.default\">\n\t\t\t\t<div class=\"elementor-widget-container\">\n\t\t\t\t\t<h1 class=\"elementor-heading-title elementor-size-default\">About us<\/h1>\t\t\t\t<\/div>\n\t\t\t\t<\/div>\n\t\t\t\t<div class=\"elementor-element elementor-element-6e5a819 elementor-widget-divider--view-line elementor-widget elementor-widget-divider\" data-id=\"6e5a819\" data-element_type=\"widget\" data-e-type=\"widget\" data-widget_type=\"divider.default\">\n\t\t\t\t<div class=\"elementor-widget-container\">\n\t\t\t\t\t\t\t<div class=\"elementor-divider\">\n\t\t\t<span class=\"elementor-divider-separator\">\n\t\t\t\t\t\t<\/span>\n\t\t<\/div>\n\t\t\t\t\t\t<\/div>\n\t\t\t\t<\/div>\n\t\t\t\t\t<\/div>\n\t\t<\/div>\n\t\t\t\t\t<\/div>\n\t\t<\/section>\n\t\t\t\t<div class=\"elementor-element elementor-element-bf2231c elementor-widget elementor-widget-text-editor\" data-id=\"bf2231c\" data-element_type=\"widget\" data-e-type=\"widget\" data-widget_type=\"text-editor.default\">\n\t\t\t\t<div class=\"elementor-widget-container\">\n\t\t\t\t\t\t\t\t\t<div class=\"x_elementToProof\" data-olk-copy-source=\"MessageBody\"><p>The foundation of Mingachevir State University was laid in 1991 with the establishment of a branch of Azerbaijan Industrial University (now Azerbaijan State Oil and Industry University) in the city of Mingachevir. The main purpose of creating this branch was to train engineering and technical personnel for Mingachevir, an industrial city, and the surrounding regions. This step became an important milestone in the development of higher technical education in the region.<\/p><p>In subsequent years, the branch was transformed into an independent higher education institution and initially operated as Mingachevir Energy Institute and later as Mingachevir Polytechnic Institute. During that period, highly qualified specialists were trained mainly in the fields of energy, mechanics, technology, transportation, and other industry-oriented specialties.<\/p><p>Mingachevir\u2019s status as one of Azerbaijan\u2019s leading industrial and energy centers created broad opportunities for organizing the educational process with a strong practical orientation. Within the framework of cooperation with Azerbaijan Thermal Power Plant (AzTPP) and other industrial enterprises operating in the city, students\u2019 industrial internships were organized, and an effective link between education and production was established. At this stage, Mingachevir Polytechnic Institute played an important role in training engineering personnel in line with the industrial potential of the region.<\/p><p><strong>Mingachevir State University was established by Decree No. 1335 of the President of the Republic of Azerbaijan, Mr. Ilham Aliyev, dated July 24, 2015. According to this Decree, Mingachevir State University was founded on the basis of Mingachevir Polytechnic Institute as a higher education institution providing training at all levels of higher education. At the same time, the material and technical base of the Mingachevir branch of the abolished Azerbaijan Teachers Institute was transferred to the university\u2019s balance.<\/strong><\/p><p>As a result of this decision, the existing technical and pedagogical education potential in the city was unified on a single higher education platform, and a multidisciplinary and modern higher education institution was formed. Today, Mingachevir State University successfully continues its activities as a higher education institution that contributes to the socio-economic development of the region and prepares competitive specialists in accordance with labor market demands.<\/p><\/div>\t\t\t\t\t\t\t\t<\/div>\n\t\t\t\t<\/div>\n\t\t\t\t\t<\/div>\n\t\t<\/div>\n\t\t\t\t\t<\/div>\n\t\t<\/section>\n\t\t\t\t<section data-particle_enable=\"false\" data-particle-mobile-disabled=\"false\" class=\"elementor-section elementor-top-section elementor-element elementor-element-8f58dc8 elementor-hidden-desktop elementor-hidden-tablet elementor-hidden-mobile elementor-section-boxed elementor-section-height-default elementor-section-height-default\" data-id=\"8f58dc8\" data-element_type=\"section\" data-e-type=\"section\" data-settings=\"{&quot;background_background&quot;:&quot;classic&quot;}\">\n\t\t\t\t\t\t<div class=\"elementor-container elementor-column-gap-default\">\n\t\t\t\t\t<div class=\"elementor-column elementor-col-100 elementor-top-column elementor-element elementor-element-60c006e\" data-id=\"60c006e\" data-element_type=\"column\" data-e-type=\"column\">\n\t\t\t<div class=\"elementor-widget-wrap elementor-element-populated\">\n\t\t\t\t\t\t<section data-particle_enable=\"false\" data-particle-mobile-disabled=\"false\" class=\"elementor-section elementor-inner-section elementor-element elementor-element-1db0f94 elementor-section-full_width elementor-section-content-middle elementor-section-height-default elementor-section-height-default\" data-id=\"1db0f94\" data-element_type=\"section\" data-e-type=\"section\" data-settings=\"{&quot;background_background&quot;:&quot;classic&quot;}\">\n\t\t\t\t\t\t<div class=\"elementor-container elementor-column-gap-no\">\n\t\t\t\t\t<div class=\"elementor-column elementor-col-100 elementor-inner-column elementor-element elementor-element-192b823\" data-id=\"192b823\" data-element_type=\"column\" data-e-type=\"column\">\n\t\t\t<div class=\"elementor-widget-wrap elementor-element-populated\">\n\t\t\t\t\t\t<div class=\"elementor-element elementor-element-2d51a65 elementor-widget elementor-widget-heading\" data-id=\"2d51a65\" data-element_type=\"widget\" data-e-type=\"widget\" data-widget_type=\"heading.default\">\n\t\t\t\t<div class=\"elementor-widget-container\">\n\t\t\t\t\t<h1 class=\"elementor-heading-title elementor-size-default\">Our history<\/h1>\t\t\t\t<\/div>\n\t\t\t\t<\/div>\n\t\t\t\t<div class=\"elementor-element elementor-element-ff2b779 elementor-widget-divider--view-line elementor-widget elementor-widget-divider\" data-id=\"ff2b779\" data-element_type=\"widget\" data-e-type=\"widget\" data-widget_type=\"divider.default\">\n\t\t\t\t<div class=\"elementor-widget-container\">\n\t\t\t\t\t\t\t<div class=\"elementor-divider\">\n\t\t\t<span class=\"elementor-divider-separator\">\n\t\t\t\t\t\t<\/span>\n\t\t<\/div>\n\t\t\t\t\t\t<\/div>\n\t\t\t\t<\/div>\n\t\t\t\t\t<\/div>\n\t\t<\/div>\n\t\t\t\t\t<\/div>\n\t\t<\/section>\n\t\t\t\t<div class=\"elementor-element elementor-element-c73f99f elementor-position-left elementor-vertical-align-middle elementor-position-left elementor-vertical-align-middle elementor-widget elementor-widget-image-box\" data-id=\"c73f99f\" data-element_type=\"widget\" data-e-type=\"widget\" data-widget_type=\"image-box.default\">\n\t\t\t\t<div class=\"elementor-widget-container\">\n\t\t\t\t\t<div class=\"elementor-image-box-wrapper\"><figure class=\"elementor-image-box-img\"><img fetchpriority=\"high\" decoding=\"async\" width=\"1280\" height=\"854\" src=\"https:\/\/mdu.edu.az\/wp-content\/uploads\/2026\/02\/mdu-dasi.jpeg\" class=\"attachment-full size-full wp-image-81941\" alt=\"\" srcset=\"https:\/\/mdu.edu.az\/wp-content\/uploads\/2026\/02\/mdu-dasi.jpeg 1280w, https:\/\/mdu.edu.az\/wp-content\/uploads\/2026\/02\/mdu-dasi-300x200.jpeg 300w, https:\/\/mdu.edu.az\/wp-content\/uploads\/2026\/02\/mdu-dasi-768x512.jpeg 768w, https:\/\/mdu.edu.az\/wp-content\/uploads\/2026\/02\/mdu-dasi-18x12.jpeg 18w, https:\/\/mdu.edu.az\/wp-content\/uploads\/2026\/02\/mdu-dasi-24x16.jpeg 24w, https:\/\/mdu.edu.az\/wp-content\/uploads\/2026\/02\/mdu-dasi-36x24.jpeg 36w, https:\/\/mdu.edu.az\/wp-content\/uploads\/2026\/02\/mdu-dasi-48x32.jpeg 48w\" sizes=\"(max-width: 1280px) 100vw, 1280px\" \/><\/figure><div class=\"elementor-image-box-content\"><p class=\"elementor-image-box-description\">This higher educational institution started its activity in 1991 as the Mingachevir branch of Azerbaijan Industrial University named after M. Azizbeyov (now Azerbaijan State Oil and Industry University). The branch was opened for the purpose of training personnel suitable for the needs of industrial enterprises located in the region. \n\nOn August 25, 1992, the Mingachevir Energy Institute was established at the base of the branch. \n\nOn August 4, 1993, Mingachevir Energy Institute was renamed as Mingachevir Polytechnic Institute.\n\nBy the 24 July 2015 Decree of the President of the Republic of Azerbaijan, Mingachevir State University (MSU) was established on the basis of Mingachevir Polytechnic Institute. \n\nThe Charter of MSU was approved on August 24, 2015 and registered at the Ministry of Justice on August 27. \n\nBy the Decree of the President of the Republic of Azerbaijan dated July 31, 2019, Sahin Bayramov was appointed as a rector of MSU. \n\nOn August 9, 2022, the Cabinet of Ministers of the Republic of Azerbaijan adopted a decision to reorganize MSU under the Ministry of Science and Education of the Republic of Azerbaijan by transforming it into a higher education institution with the status of a public legal entity and approve its Charter.<\/p><\/div><\/div>\t\t\t\t<\/div>\n\t\t\t\t<\/div>\n\t\t\t\t\t<\/div>\n\t\t<\/div>\n\t\t\t\t\t<\/div>\n\t\t<\/section>\n\t\t\t\t<section data-particle_enable=\"false\" data-particle-mobile-disabled=\"false\" class=\"elementor-section elementor-top-section elementor-element elementor-element-0c8fe13 elementor-section-boxed elementor-section-height-default elementor-section-height-default\" data-id=\"0c8fe13\" data-element_type=\"section\" data-e-type=\"section\">\n\t\t\t\t\t\t<div class=\"elementor-container elementor-column-gap-default\">\n\t\t\t\t\t<div class=\"elementor-column elementor-col-100 elementor-top-column elementor-element elementor-element-5bf55fa\" data-id=\"5bf55fa\" data-element_type=\"column\" data-e-type=\"column\">\n\t\t\t<div class=\"elementor-widget-wrap elementor-element-populated\">\n\t\t\t\t\t\t<div class=\"elementor-element elementor-element-ce663ec elementor-widget-divider--view-line elementor-widget elementor-widget-divider\" data-id=\"ce663ec\" data-element_type=\"widget\" data-e-type=\"widget\" data-widget_type=\"divider.default\">\n\t\t\t\t<div class=\"elementor-widget-container\">\n\t\t\t\t\t\t\t<div class=\"elementor-divider\">\n\t\t\t<span class=\"elementor-divider-separator\">\n\t\t\t\t\t\t<\/span>\n\t\t<\/div>\n\t\t\t\t\t\t<\/div>\n\t\t\t\t<\/div>\n\t\t\t\t<section data-particle_enable=\"false\" data-particle-mobile-disabled=\"false\" class=\"elementor-section elementor-inner-section elementor-element elementor-element-2738dfe elementor-section-boxed elementor-section-height-default elementor-section-height-default\" data-id=\"2738dfe\" data-element_type=\"section\" data-e-type=\"section\">\n\t\t\t\t\t\t<div class=\"elementor-container elementor-column-gap-no\">\n\t\t\t\t\t<div class=\"elementor-column elementor-col-33 elementor-inner-column elementor-element elementor-element-ebaed49\" data-id=\"ebaed49\" data-element_type=\"column\" data-e-type=\"column\">\n\t\t\t<div class=\"elementor-widget-wrap elementor-element-populated\">\n\t\t\t\t\t\t<div class=\"elementor-element elementor-element-a414b78 elementor-position-top elementor-widget elementor-widget-image-box\" data-id=\"a414b78\" data-element_type=\"widget\" data-e-type=\"widget\" data-widget_type=\"image-box.default\">\n\t\t\t\t<div class=\"elementor-widget-container\">\n\t\t\t\t\t<div class=\"elementor-image-box-wrapper\"><figure class=\"elementor-image-box-img\"><img decoding=\"async\" width=\"512\" height=\"512\" src=\"https:\/\/mdu.edu.az\/wp-content\/uploads\/2025\/05\/slogan_sari.png\" class=\"attachment-full size-full wp-image-70203\" alt=\"\" srcset=\"https:\/\/mdu.edu.az\/wp-content\/uploads\/2025\/05\/slogan_sari.png 512w, https:\/\/mdu.edu.az\/wp-content\/uploads\/2025\/05\/slogan_sari-300x300.png 300w, https:\/\/mdu.edu.az\/wp-content\/uploads\/2025\/05\/slogan_sari-150x150.png 150w, https:\/\/mdu.edu.az\/wp-content\/uploads\/2025\/05\/slogan_sari-12x12.png 12w, https:\/\/mdu.edu.az\/wp-content\/uploads\/2025\/05\/slogan_sari-24x24.png 24w, https:\/\/mdu.edu.az\/wp-content\/uploads\/2025\/05\/slogan_sari-36x36.png 36w, https:\/\/mdu.edu.az\/wp-content\/uploads\/2025\/05\/slogan_sari-48x48.png 48w, https:\/\/mdu.edu.az\/wp-content\/uploads\/2025\/05\/slogan_sari-45x45.png 45w\" sizes=\"(max-width: 512px) 100vw, 512px\" \/><\/figure><div class=\"elementor-image-box-content\"><h3 class=\"elementor-image-box-title\">OUR SLOGAN<\/h3><p class=\"elementor-image-box-description\">Modern education, right choice, successful career<\/p><\/div><\/div>\t\t\t\t<\/div>\n\t\t\t\t<\/div>\n\t\t\t\t\t<\/div>\n\t\t<\/div>\n\t\t\t\t<div class=\"elementor-column elementor-col-33 elementor-inner-column elementor-element elementor-element-6fef933\" data-id=\"6fef933\" data-element_type=\"column\" data-e-type=\"column\">\n\t\t\t<div class=\"elementor-widget-wrap elementor-element-populated\">\n\t\t\t\t\t\t<div class=\"elementor-element elementor-element-5ccb5c5 elementor-position-top elementor-widget elementor-widget-image-box\" data-id=\"5ccb5c5\" data-element_type=\"widget\" data-e-type=\"widget\" data-widget_type=\"image-box.default\">\n\t\t\t\t<div class=\"elementor-widget-container\">\n\t\t\t\t\t<div class=\"elementor-image-box-wrapper\"><figure class=\"elementor-image-box-img\"><img decoding=\"async\" width=\"512\" height=\"512\" src=\"https:\/\/mdu.edu.az\/wp-content\/uploads\/2025\/05\/goal_sari2025.png\" class=\"attachment-full size-full wp-image-70298\" alt=\"\" srcset=\"https:\/\/mdu.edu.az\/wp-content\/uploads\/2025\/05\/goal_sari2025.png 512w, https:\/\/mdu.edu.az\/wp-content\/uploads\/2025\/05\/goal_sari2025-300x300.png 300w, https:\/\/mdu.edu.az\/wp-content\/uploads\/2025\/05\/goal_sari2025-150x150.png 150w, https:\/\/mdu.edu.az\/wp-content\/uploads\/2025\/05\/goal_sari2025-12x12.png 12w, https:\/\/mdu.edu.az\/wp-content\/uploads\/2025\/05\/goal_sari2025-24x24.png 24w, https:\/\/mdu.edu.az\/wp-content\/uploads\/2025\/05\/goal_sari2025-36x36.png 36w, https:\/\/mdu.edu.az\/wp-content\/uploads\/2025\/05\/goal_sari2025-48x48.png 48w, https:\/\/mdu.edu.az\/wp-content\/uploads\/2025\/05\/goal_sari2025-45x45.png 45w\" sizes=\"(max-width: 512px) 100vw, 512px\" \/><\/figure><div class=\"elementor-image-box-content\"><h3 class=\"elementor-image-box-title\">OUR MISSION<\/h3><p class=\"elementor-image-box-description\">Prepare highly qualified personnel contributing to sustainable development, conduct result-oriented scientific research and provide useful social services to society<\/p><\/div><\/div>\t\t\t\t<\/div>\n\t\t\t\t<\/div>\n\t\t\t\t\t<\/div>\n\t\t<\/div>\n\t\t\t\t<div class=\"elementor-column elementor-col-33 elementor-inner-column elementor-element elementor-element-6ec4877\" data-id=\"6ec4877\" data-element_type=\"column\" data-e-type=\"column\">\n\t\t\t<div class=\"elementor-widget-wrap elementor-element-populated\">\n\t\t\t\t\t\t<div class=\"elementor-element elementor-element-85fb316 elementor-position-top elementor-widget elementor-widget-image-box\" data-id=\"85fb316\" data-element_type=\"widget\" data-e-type=\"widget\" data-widget_type=\"image-box.default\">\n\t\t\t\t<div class=\"elementor-widget-container\">\n\t\t\t\t\t<div class=\"elementor-image-box-wrapper\"><figure class=\"elementor-image-box-img\"><img loading=\"lazy\" decoding=\"async\" width=\"512\" height=\"512\" src=\"https:\/\/mdu.edu.az\/wp-content\/uploads\/2025\/05\/vision_SARI.png\" class=\"attachment-full size-full wp-image-70239\" alt=\"\" srcset=\"https:\/\/mdu.edu.az\/wp-content\/uploads\/2025\/05\/vision_SARI.png 512w, https:\/\/mdu.edu.az\/wp-content\/uploads\/2025\/05\/vision_SARI-300x300.png 300w, https:\/\/mdu.edu.az\/wp-content\/uploads\/2025\/05\/vision_SARI-150x150.png 150w, https:\/\/mdu.edu.az\/wp-content\/uploads\/2025\/05\/vision_SARI-12x12.png 12w, https:\/\/mdu.edu.az\/wp-content\/uploads\/2025\/05\/vision_SARI-24x24.png 24w, https:\/\/mdu.edu.az\/wp-content\/uploads\/2025\/05\/vision_SARI-36x36.png 36w, https:\/\/mdu.edu.az\/wp-content\/uploads\/2025\/05\/vision_SARI-48x48.png 48w, https:\/\/mdu.edu.az\/wp-content\/uploads\/2025\/05\/vision_SARI-45x45.png 45w\" sizes=\"(max-width: 512px) 100vw, 512px\" \/><\/figure><div class=\"elementor-image-box-content\"><h3 class=\"elementor-image-box-title\">OUR VISION<\/h3><p class=\"elementor-image-box-description\">To become a university of the new era, distinguished by its leading position in the field of education, research and innovation<\/p><\/div><\/div>\t\t\t\t<\/div>\n\t\t\t\t<\/div>\n\t\t\t\t\t<\/div>\n\t\t<\/div>\n\t\t\t\t\t<\/div>\n\t\t<\/section>\n\t\t\t\t\t<\/div>\n\t\t<\/div>\n\t\t\t\t\t<\/div>\n\t\t<\/section>\n\t\t\t\t<section data-particle_enable=\"false\" data-particle-mobile-disabled=\"false\" class=\"elementor-section elementor-top-section elementor-element elementor-element-56534db elementor-section-height-min-height elementor-section-boxed elementor-section-height-default elementor-section-items-middle\" data-id=\"56534db\" data-element_type=\"section\" data-e-type=\"section\">\n\t\t\t\t\t\t<div class=\"elementor-container elementor-column-gap-default\">\n\t\t\t\t\t<div class=\"elementor-column elementor-col-100 elementor-top-column elementor-element elementor-element-f847335\" data-id=\"f847335\" data-element_type=\"column\" data-e-type=\"column\">\n\t\t\t<div class=\"elementor-widget-wrap elementor-element-populated\">\n\t\t\t\t\t\t<div class=\"elementor-element elementor-element-f304583 elementor-align-center elementor-mobile-align-center elementor-invisible elementor-widget elementor-widget-button\" data-id=\"f304583\" data-element_type=\"widget\" data-e-type=\"widget\" data-settings=\"{&quot;_animation&quot;:&quot;fadeInUp&quot;,&quot;_animation_delay&quot;:800}\" data-widget_type=\"button.default\">\n\t\t\t\t<div class=\"elementor-widget-container\">\n\t\t\t\t\t\t\t\t\t<div class=\"elementor-button-wrapper\">\n\t\t\t\t\t<a class=\"elementor-button elementor-button-link elementor-size-md elementor-animation-float\" href=\"https:\/\/mdu.edu.az\/en\/%c9%99laq%c9%99\/\">\n\t\t\t\t\t\t<span class=\"elementor-button-content-wrapper\">\n\t\t\t\t\t\t<span class=\"elementor-button-icon\">\n\t\t\t\t<svg aria-hidden=\"true\" class=\"e-font-icon-svg e-fas-long-arrow-alt-right\" viewbox=\"0 0 448 512\" xmlns=\"http:\/\/www.w3.org\/2000\/svg\"><path d=\"M313.941 216H12c-6.627 0-12 5.373-12 12v56c0 6.627 5.373 12 12 12h301.941v46.059c0 21.382 25.851 32.09 40.971 16.971l86.059-86.059c9.373-9.373 9.373-24.569 0-33.941l-86.059-86.059c-15.119-15.119-40.971-4.411-40.971 16.971V216z\"><\/path><\/svg>\t\t\t<\/span>\n\t\t\t\t\t\t\t\t\t<span class=\"elementor-button-text\">Contact<\/span>\n\t\t\t\t\t<\/span>\n\t\t\t\t\t<\/a>\n\t\t\t\t<\/div>\n\t\t\t\t\t\t\t\t<\/div>\n\t\t\t\t<\/div>\n\t\t\t\t\t<\/div>\n\t\t<\/div>\n\t\t\t\t\t<\/div>\n\t\t<\/section>\n\t\t\t\t<\/div>","protected":false},"excerpt":{"rendered":"<p>Haqq\u0131m\u0131zda Ming\u0259\u00e7evir D\u00f6vl\u0259t Universitetinin \u0259sas\u0131 1991-ci ild\u0259 Ming\u0259\u00e7evir \u015f\u0259h\u0259rind\u0259 Az\u0259rbaycan S\u0259naye Universitetinin (haz\u0131rk\u0131 Az\u0259rbaycan D\u00f6vl\u0259t Neft v\u0259 S\u0259naye Universiteti) filial\u0131n\u0131n yarad\u0131lmas\u0131 il\u0259 qoyulmu\u015fdur. Filial\u0131n t\u0259sis edilm\u0259sind\u0259 \u0259sas m\u0259qs\u0259d s\u0259naye \u015f\u0259h\u0259ri olan Ming\u0259\u00e7evir v\u0259 \u0259traf b\u00f6lg\u0259l\u0259r \u00fc\u00e7\u00fcn m\u00fch\u0259ndis-texniki kadrlar\u0131n haz\u0131rlanmas\u0131 idi. Bu add\u0131m regionda ali texniki t\u0259hsilin inki\u015faf\u0131nda m\u00fch\u00fcm m\u0259rh\u0259l\u0259 olmu\u015fdur. Sonrak\u0131 ill\u0259rd\u0259 filial m\u00fcst\u0259qil ali [&hellip;]<\/p>\n","protected":false},"author":1,"featured_media":0,"parent":0,"menu_order":0,"comment_status":"closed","ping_status":"closed","template":"","meta":{"_eb_attr":"","ocean_post_layout":"full-screen","ocean_both_sidebars_style":"","ocean_both_sidebars_content_width":0,"ocean_both_sidebars_sidebars_width":0,"ocean_sidebar":"0","ocean_second_sidebar":"0","ocean_disable_margins":"enable","ocean_add_body_class":"","ocean_shortcode_before_top_bar":"","ocean_shortcode_after_top_bar":"","ocean_shortcode_before_header":"","ocean_shortcode_after_header":"","ocean_has_shortcode":"","ocean_shortcode_after_title":"","ocean_shortcode_before_footer_widgets":"","ocean_shortcode_after_footer_widgets":"","ocean_shortcode_before_footer_bottom":"","ocean_shortcode_after_footer_bottom":"","ocean_display_top_bar":"off","ocean_display_header":"off","ocean_header_style":"","ocean_center_header_left_menu":"0","ocean_custom_header_template":"0","ocean_custom_logo":0,"ocean_custom_retina_logo":0,"ocean_custom_logo_max_width":0,"ocean_custom_logo_tablet_max_width":0,"ocean_custom_logo_mobile_max_width":0,"ocean_custom_logo_max_height":0,"ocean_custom_logo_tablet_max_height":0,"ocean_custom_logo_mobile_max_height":0,"ocean_header_custom_menu":"0","ocean_menu_typo_font_family":"0","ocean_menu_typo_font_subset":"","ocean_menu_typo_font_size":0,"ocean_menu_typo_font_size_tablet":0,"ocean_menu_typo_font_size_mobile":0,"ocean_menu_typo_font_size_unit":"px","ocean_menu_typo_font_weight":"","ocean_menu_typo_font_weight_tablet":"","ocean_menu_typo_font_weight_mobile":"","ocean_menu_typo_transform":"","ocean_menu_typo_transform_tablet":"","ocean_menu_typo_transform_mobile":"","ocean_menu_typo_line_height":0,"ocean_menu_typo_line_height_tablet":0,"ocean_menu_typo_line_height_mobile":0,"ocean_menu_typo_line_height_unit":"","ocean_menu_typo_spacing":0,"ocean_menu_typo_spacing_tablet":0,"ocean_menu_typo_spacing_mobile":0,"ocean_menu_typo_spacing_unit":"","ocean_menu_link_color":"","ocean_menu_link_color_hover":"","ocean_menu_link_color_active":"","ocean_menu_link_background":"","ocean_menu_link_hover_background":"","ocean_menu_link_active_background":"","ocean_menu_social_links_bg":"","ocean_menu_social_hover_links_bg":"","ocean_menu_social_links_color":"","ocean_menu_social_hover_links_color":"","ocean_disable_title":"on","ocean_disable_heading":"default","ocean_post_title":"","ocean_post_subheading":"","ocean_post_title_style":"","ocean_post_title_background_color":"","ocean_post_title_background":0,"ocean_post_title_bg_image_position":"","ocean_post_title_bg_image_attachment":"","ocean_post_title_bg_image_repeat":"","ocean_post_title_bg_image_size":"","ocean_post_title_height":0,"ocean_post_title_bg_overlay":0.5,"ocean_post_title_bg_overlay_color":"","ocean_disable_breadcrumbs":"default","ocean_breadcrumbs_color":"","ocean_breadcrumbs_separator_color":"","ocean_breadcrumbs_links_color":"","ocean_breadcrumbs_links_hover_color":"","ocean_display_footer_widgets":"off","ocean_display_footer_bottom":"off","ocean_custom_footer_template":"0","footnotes":""},"class_list":["post-29058","page","type-page","status-publish","hentry","entry"],"_links":{"self":[{"href":"https:\/\/mdu.edu.az\/en\/wp-json\/wp\/v2\/pages\/29058","targetHints":{"allow":["GET"]}}],"collection":[{"href":"https:\/\/mdu.edu.az\/en\/wp-json\/wp\/v2\/pages"}],"about":[{"href":"https:\/\/mdu.edu.az\/en\/wp-json\/wp\/v2\/types\/page"}],"author":[{"embeddable":true,"href":"https:\/\/mdu.edu.az\/en\/wp-json\/wp\/v2\/users\/1"}],"replies":[{"embeddable":true,"href":"https:\/\/mdu.edu.az\/en\/wp-json\/wp\/v2\/comments?post=29058"}],"version-history":[{"count":571,"href":"https:\/\/mdu.edu.az\/en\/wp-json\/wp\/v2\/pages\/29058\/revisions"}],"predecessor-version":[{"id":85901,"href":"https:\/\/mdu.edu.az\/en\/wp-json\/wp\/v2\/pages\/29058\/revisions\/85901"}],"wp:attachment":[{"href":"https:\/\/mdu.edu.az\/en\/wp-json\/wp\/v2\/media?parent=29058"}],"curies":[{"name":"wp","href":"https:\/\/api.w.org\/{rel}","templated":true}]}}