{"id":30647,"date":"2022-08-15T14:00:20","date_gmt":"2022-08-15T11:00:20","guid":{"rendered":"https:\/\/mdu.edu.az\/?page_id=30647"},"modified":"2025-08-05T15:21:23","modified_gmt":"2025-08-05T12:21:23","slug":"normativ-senedler","status":"publish","type":"page","link":"https:\/\/mdu.edu.az\/en\/normativ-senedler\/","title":{"rendered":"Orders"},"content":{"rendered":"<div data-elementor-type=\"wp-page\" data-elementor-id=\"30647\" class=\"elementor elementor-30647\" data-elementor-settings=\"{&quot;element_pack_global_tooltip_width&quot;:{&quot;unit&quot;:&quot;px&quot;,&quot;size&quot;:&quot;&quot;,&quot;sizes&quot;:[]},&quot;element_pack_global_tooltip_width_tablet&quot;:{&quot;unit&quot;:&quot;px&quot;,&quot;size&quot;:&quot;&quot;,&quot;sizes&quot;:[]},&quot;element_pack_global_tooltip_width_mobile&quot;:{&quot;unit&quot;:&quot;px&quot;,&quot;size&quot;:&quot;&quot;,&quot;sizes&quot;:[]},&quot;element_pack_global_tooltip_padding&quot;:{&quot;unit&quot;:&quot;px&quot;,&quot;top&quot;:&quot;&quot;,&quot;right&quot;:&quot;&quot;,&quot;bottom&quot;:&quot;&quot;,&quot;left&quot;:&quot;&quot;,&quot;isLinked&quot;:true},&quot;element_pack_global_tooltip_padding_tablet&quot;:{&quot;unit&quot;:&quot;px&quot;,&quot;top&quot;:&quot;&quot;,&quot;right&quot;:&quot;&quot;,&quot;bottom&quot;:&quot;&quot;,&quot;left&quot;:&quot;&quot;,&quot;isLinked&quot;:true},&quot;element_pack_global_tooltip_padding_mobile&quot;:{&quot;unit&quot;:&quot;px&quot;,&quot;top&quot;:&quot;&quot;,&quot;right&quot;:&quot;&quot;,&quot;bottom&quot;:&quot;&quot;,&quot;left&quot;:&quot;&quot;,&quot;isLinked&quot;:true},&quot;element_pack_global_tooltip_border_radius&quot;:{&quot;unit&quot;:&quot;px&quot;,&quot;top&quot;:&quot;&quot;,&quot;right&quot;:&quot;&quot;,&quot;bottom&quot;:&quot;&quot;,&quot;left&quot;:&quot;&quot;,&quot;isLinked&quot;:true},&quot;element_pack_global_tooltip_border_radius_tablet&quot;:{&quot;unit&quot;:&quot;px&quot;,&quot;top&quot;:&quot;&quot;,&quot;right&quot;:&quot;&quot;,&quot;bottom&quot;:&quot;&quot;,&quot;left&quot;:&quot;&quot;,&quot;isLinked&quot;:true},&quot;element_pack_global_tooltip_border_radius_mobile&quot;:{&quot;unit&quot;:&quot;px&quot;,&quot;top&quot;:&quot;&quot;,&quot;right&quot;:&quot;&quot;,&quot;bottom&quot;:&quot;&quot;,&quot;left&quot;:&quot;&quot;,&quot;isLinked&quot;:true}}\" data-elementor-post-type=\"page\">\n\t\t\t\t\t\t<section data-particle_enable=\"false\" data-particle-mobile-disabled=\"false\" class=\"elementor-section elementor-top-section elementor-element elementor-element-3ddd7a4f elementor-section-boxed elementor-section-height-default elementor-section-height-default\" data-id=\"3ddd7a4f\" data-element_type=\"section\" data-e-type=\"section\">\n\t\t\t\t\t\t<div class=\"elementor-container elementor-column-gap-default\">\n\t\t\t\t\t<div class=\"elementor-column elementor-col-100 elementor-top-column elementor-element elementor-element-53d8c142\" data-id=\"53d8c142\" data-element_type=\"column\" data-e-type=\"column\" data-settings=\"{&quot;background_background&quot;:&quot;classic&quot;}\">\n\t\t\t<div class=\"elementor-widget-wrap elementor-element-populated\">\n\t\t\t\t\t\t<section data-particle_enable=\"false\" data-particle-mobile-disabled=\"false\" class=\"elementor-section elementor-inner-section elementor-element elementor-element-3fbfded4 elementor-section-full_width elementor-section-content-middle elementor-section-height-default elementor-section-height-default\" data-id=\"3fbfded4\" data-element_type=\"section\" data-e-type=\"section\" data-settings=\"{&quot;background_background&quot;:&quot;classic&quot;}\">\n\t\t\t\t\t\t<div class=\"elementor-container elementor-column-gap-no\">\n\t\t\t\t\t<div class=\"elementor-column elementor-col-100 elementor-inner-column elementor-element elementor-element-77a166dd\" data-id=\"77a166dd\" data-element_type=\"column\" data-e-type=\"column\">\n\t\t\t<div class=\"elementor-widget-wrap elementor-element-populated\">\n\t\t\t\t\t\t<div class=\"elementor-element elementor-element-65547a12 elementor-widget elementor-widget-heading\" data-id=\"65547a12\" data-element_type=\"widget\" data-e-type=\"widget\" data-widget_type=\"heading.default\">\n\t\t\t\t<div class=\"elementor-widget-container\">\n\t\t\t\t\t<h1 class=\"elementor-heading-title elementor-size-default\">Orders<\/h1>\t\t\t\t<\/div>\n\t\t\t\t<\/div>\n\t\t\t\t<div class=\"elementor-element elementor-element-4c27f469 elementor-widget-divider--view-line elementor-widget elementor-widget-divider\" data-id=\"4c27f469\" data-element_type=\"widget\" data-e-type=\"widget\" data-widget_type=\"divider.default\">\n\t\t\t\t<div class=\"elementor-widget-container\">\n\t\t\t\t\t\t\t<div class=\"elementor-divider\">\n\t\t\t<span class=\"elementor-divider-separator\">\n\t\t\t\t\t\t<\/span>\n\t\t<\/div>\n\t\t\t\t\t\t<\/div>\n\t\t\t\t<\/div>\n\t\t\t\t\t<\/div>\n\t\t<\/div>\n\t\t\t\t\t<\/div>\n\t\t<\/section>\n\t\t\t\t\t<\/div>\n\t\t<\/div>\n\t\t\t\t\t<\/div>\n\t\t<\/section>\n\t\t\t\t<section data-particle_enable=\"false\" data-particle-mobile-disabled=\"false\" class=\"elementor-section elementor-top-section elementor-element elementor-element-3db0ee5 elementor-section-boxed elementor-section-height-default elementor-section-height-default\" data-id=\"3db0ee5\" data-element_type=\"section\" data-e-type=\"section\">\n\t\t\t\t\t\t<div class=\"elementor-container elementor-column-gap-default\">\n\t\t\t\t\t<div class=\"elementor-column elementor-col-100 elementor-top-column elementor-element elementor-element-511c9b3\" data-id=\"511c9b3\" data-element_type=\"column\" data-e-type=\"column\">\n\t\t\t<div class=\"elementor-widget-wrap elementor-element-populated\">\n\t\t\t\t\t\t<div class=\"elementor-element elementor-element-40a565e elementor-widget elementor-widget-spacer\" data-id=\"40a565e\" data-element_type=\"widget\" data-e-type=\"widget\" data-widget_type=\"spacer.default\">\n\t\t\t\t<div class=\"elementor-widget-container\">\n\t\t\t\t\t\t\t<div class=\"elementor-spacer\">\n\t\t\t<div class=\"elementor-spacer-inner\"><\/div>\n\t\t<\/div>\n\t\t\t\t\t\t<\/div>\n\t\t\t\t<\/div>\n\t\t\t\t<div class=\"elementor-element elementor-element-a6c65a1 elementor-widget elementor-widget-text-editor\" data-id=\"a6c65a1\" data-element_type=\"widget\" data-e-type=\"widget\" data-widget_type=\"text-editor.default\">\n\t\t\t\t<div class=\"elementor-widget-container\">\n\t\t\t\t\t\t\t\t\t<ol><li><a href=\"https:\/\/mdu.edu.az\/wp-content\/uploads\/2024\/07\/YDA-Qaydalar_merged.pdf\" target=\"_blank\" rel=\"noopener\">Bakalavriat s\u0259viyy\u0259sind\u0259 t\u0259l\u0259b\u0259l\u0259rin d\u00f6vl\u0259t attestasiyas\u0131 haqq\u0131nda QAYDALAR<\/a><\/li><li><a href=\"https:\/\/mdu.edu.az\/wp-content\/uploads\/2024\/07\/Keyfiyyet_teminati.pdf\" target=\"_blank\" rel=\"noopener\">Keyfiyy\u0259t t\u0259minat siyas\u0259ti (2020-2024)<\/a><\/li><li><a href=\"https:\/\/mdu.edu.az\/wp-content\/uploads\/2025\/04\/Keyfiyy\u0259t-t\u0259minati-siyas\u0259ti-2.pdf\" target=\"_blank\" rel=\"noopener\">Keyfiyy\u0259t t\u0259minat siyas\u0259ti (2025-2030)<\/a><\/li><li><a href=\"https:\/\/mdu.edu.az\/wp-content\/uploads\/2024\/07\/Kafedralar_esasname.pdf\" target=\"_blank\" rel=\"noopener\">Kafedralar haqq\u0131nda \u018fSASNAM\u018f<\/a><\/li><li><a href=\"https:\/\/mdu.edu.az\/wp-content\/uploads\/2024\/07\/S\u0259rb\u0259st-is_merged.pdf\" target=\"_blank\" rel=\"noopener\">T\u0259l\u0259b\u0259l\u0259rin s\u0259rb\u0259st i\u015finin yerin\u0259 yetirilm\u0259si haqq\u0131nda T\u018fL\u0130MAT<\/a><\/li><li><a href=\"https:\/\/mdu.edu.az\/wp-content\/uploads\/2025\/01\/117nomr\u0259li-Q\u0259rar.pdf\" target=\"_blank\" rel=\"noopener\">Undergraduate\u00a0<em>(\u0259sas (baza ali) tibb t\u0259hsili)<\/em> t\u0259hsilinin m\u0259zmunu v\u0259 t\u0259\u015fkili QAYDALARI<\/a><\/li><li><a href=\"https:\/\/mdu.edu.az\/wp-content\/uploads\/2025\/03\/Emr-1060.pdf\" target=\"_blank\" rel=\"noopener\">Kredit sistemi il\u0259 t\u0259hsil alan t\u0259l\u0259b\u0259l\u0259rin biliyinin qiym\u0259tl\u0259ndirilm\u0259si haqq\u0131nda \u018fSASNAM\u018f<\/a><\/li><li><a href=\"https:\/\/mdu.edu.az\/wp-content\/uploads\/2025\/01\/120-nomr\u0259li-Q\u0259rar.pdf\" target=\"_blank\" rel=\"noopener\">Ali t\u0259hsil m\u00fc\u0259ssis\u0259l\u0259rind\u0259\u00a0v\u0259 magistratura s\u0259viyy\u0259si \u00fczr\u0259 Az\u0259rbaycan Milli Elml\u0259r Akademiyas\u0131nda\u00a0yeni maliyy\u0259l\u0259\u015fm\u0259 mexanizminin t\u0259tbiq edilm\u0259si haqq\u0131nda Az\u0259rbaycan Respublikas\u0131 Nazirl\u0259r Kabinetinin Q\u0259rar\u0131<\/a><\/li><li><a href=\"https:\/\/mdu.edu.az\/wp-content\/uploads\/2025\/01\/163-Elav\u0259-t\u0259hsil.pdf\" target=\"_blank\" rel=\"noopener\">\u018flav\u0259 t\u0259hsilin m\u0259zmunu, t\u0259\u015fkili v\u0259 \u0259lav\u0259 t\u0259hsilin h\u0259r hans\u0131 istiqam\u0259ti \u00fczr\u0259 t\u0259hsil alm\u0131\u015f \u015f\u0259xsl\u0259r\u0259 m\u00fcvafiq s\u0259n\u0259din verilm\u0259si QAYDASI<\/a><\/li><li><a href=\"https:\/\/mdu.edu.az\/wp-content\/uploads\/2025\/01\/Ali-t\u0259hsil-mu\u0259ssis\u0259l\u0259rinin-bakalavriat-\u0259sas-baza-ali-tibb-t\u0259hsilind\u0259-v\u0259-magistratura-s\u0259viyy\u0259l\u0259rind\u0259-habel\u0259-orta-ixtisas-t\u0259hsili-mu\u0259ssis\u0259l\u0259.pdf\" target=\"_blank\" rel=\"noopener\">Ali t\u0259hsil m\u00fc\u0259ssis\u0259l\u0259rinin bakalavriat (\u0259sas (baza ali) tibb t\u0259hsilind\u0259) v\u0259 magistratura s\u0259viyy\u0259l\u0259rind\u0259 t\u0259hsilalanlar t\u0259r\u0259find\u0259n t\u0259hsil m\u00fc\u0259ssis\u0259sinin, ixtisas\u0131n, t\u0259hsilalma formas\u0131n\u0131n d\u0259yi\u015fdirilm\u0259si, onlar\u0131n t\u0259hsil m\u00fc\u0259ssis\u0259sind\u0259n xaric v\u0259 ya t\u0259hsil m\u00fc\u0259ssis\u0259sin\u0259 b\u0259rpa olunmas\u0131, habel\u0259 t\u0259hsilalanlar\u0131n t\u0259hsilini m\u00fcv\u0259qq\u0259ti dayand\u0131rmas\u0131 (onlara akademik m\u0259zuniyy\u0259tin verilm\u0259si) QAYDALARI<\/a><\/li><li><a href=\"https:\/\/mdu.edu.az\/wp-content\/uploads\/2025\/01\/Ali-t\u0259hsil-mu\u0259ssis\u0259l\u0259rinin-bakalavriat-v\u0259-magistratura-s\u0259viyy\u0259l\u0259rind\u0259-t\u0259drisin-t\u0259skili-348.pdf\" target=\"_blank\" rel=\"noopener\">\u201cAli t\u0259hsil m\u00fc\u0259ssis\u0259l\u0259rinin bakalavriat v\u0259 magistratura s\u0259viyy\u0259l\u0259rind\u0259, \u0259sas (baza ali) tibb t\u0259hsilind\u0259 kredit sistemi il\u0259 t\u0259drisin t\u0259\u015fkili Qaydalar\u0131\u201d<\/a><\/li><li><a href=\"https:\/\/mdu.edu.az\/wp-content\/uploads\/2025\/01\/Ali-v\u0259-orta-ixtisas-t\u0259hsili-mu\u0259ssis\u0259l\u0259ri-t\u0259l\u0259b\u0259l\u0259rinin-ixtisas-uzr\u0259-t\u0259crub\u0259-kecm\u0259-Qaydasi-2023.pdf\" target=\"_blank\" rel=\"noopener\">Ali v\u0259 orta ixtisas t\u0259hsili m\u00fc\u0259ssis\u0259l\u0259ri t\u0259l\u0259b\u0259l\u0259rinin ixtisas \u00fczr\u0259 t\u0259cr\u00fcb\u0259 ke\u00e7m\u0259 QAYDASI<\/a><\/li><li><a href=\"https:\/\/mdu.edu.az\/wp-content\/uploads\/2025\/01\/Az\u0259rbaycan-Respublikasinda-fasil\u0259siz-pedaqoji-t\u0259hsil-v\u0259-mu\u0259llim-hazirliginin-Konsepsiya-v\u0259-Strategiyasinin-t\u0259sdiq-edilm\u0259si-haqqinda-S\u0259n\u0259d.pdf\" target=\"_blank\" rel=\"noopener\">Az\u0259rbaycan Respublikas\u0131nda fasil\u0259siz pedaqoji t\u0259hsil v\u0259 m\u00fc\u0259llim haz\u0131rl\u0131\u011f\u0131n\u0131n Konsepsiya v\u0259 Strategiyas\u0131<\/a><\/li><li><a href=\"https:\/\/mdu.edu.az\/wp-content\/uploads\/2025\/03\/1059.pdf\" target=\"_blank\" rel=\"noopener\">Kredit sistemi il\u0259 t\u0259hsil alan t\u0259l\u0259b\u0259l\u0259rin f\u0259nl\u0259r \u00fczr\u0259 imtahanlar\u0131 haqq\u0131nda \u018fSASNAM\u018f<\/a><\/li><li><a href=\"https:\/\/mdu.edu.az\/wp-content\/uploads\/2025\/01\/Magistratura-t\u0259hsilinin-m\u0259zmunu.pdf\" target=\"_blank\" rel=\"noopener\">Magistratura t\u0259hsilinin m\u0259zmunu, t\u0259\u015fkili v\u0259\u00a0\u201cmagistr\u201d\u00a0d\u0259r\u0259c\u0259l\u0259rinin verilm\u0259si QAYDALARI<\/a><\/li><li><a href=\"https:\/\/mdu.edu.az\/wp-content\/uploads\/2025\/01\/Mu\u0259llim-v\u0259-bas-mu\u0259llim-seckil\u0259ri.pdf\" target=\"_blank\" rel=\"noopener\">Ali t\u0259hsil m\u00fc\u0259ssis\u0259l\u0259rind\u0259 professor-m\u00fc\u0259llim v\u0259 kafedra m\u00fcdiri v\u0259zif\u0259l\u0259rinin tutulmas\u0131 qaydalar\u0131 haqq\u0131nda \u018fSASNAM\u018f<\/a><\/li><li><a href=\"https:\/\/mdu.edu.az\/wp-content\/uploads\/2025\/01\/T\u0259qaud-haqqinda.pdf\" target=\"_blank\" rel=\"noopener\">Doktorantlara, ali t\u0259hsil, orta ixtisas v\u0259\u00a0pe\u015f\u0259\u00a0t\u0259hsili m\u00fc\u0259ssis\u0259l\u0259rinin t\u0259l\u0259b\u0259l\u0259rin\u0259 t\u0259qa\u00fcdl\u0259rin t\u0259yin olunmas\u0131 v\u0259 \u00f6d\u0259nilm\u0259si QAYDASI<\/a><\/li><li><a href=\"https:\/\/mdu.edu.az\/wp-content\/uploads\/2025\/01\/T\u0259snifat-yeni-bakalvriat.pdf\" target=\"_blank\" rel=\"noopener\">Ali t\u0259hsilin bakalavriat s\u0259viyy\u0259si \u00fczr\u0259 ixtisaslar\u0131n T\u018fSN\u0130FATI<\/a><\/li><li><a href=\"https:\/\/mdu.edu.az\/wp-content\/uploads\/2025\/01\/Ali-t\u0259hsil-mu\u0259ssis\u0259l\u0259rind\u0259-yeni-maliyy\u0259l\u0259sm\u0259-mexanizminin-t\u0259tbiq-edilm\u0259si-haqqinda.pdf\" target=\"_blank\" rel=\"noopener\">Ali t\u0259hsil m\u00fc\u0259ssis\u0259l\u0259rind\u0259 yeni maliyy\u0259l\u0259\u015fm\u0259 mexanizminin t\u0259tbiq edilm\u0259si haqq\u0131nda Az\u0259rbaycan Respublikas\u0131 Nazirl\u0259r Kabinetinin Q\u0259rar\u0131<\/a><\/li><li><a href=\"https:\/\/mdu.edu.az\/wp-content\/uploads\/2025\/01\/T\u0259hsil-mu\u0259ssis\u0259l\u0259rinin-akkreditasiyasi-Qaydalari.pdf\" target=\"_blank\" rel=\"noopener\">T\u0259hsil m\u00fc\u0259ssis\u0259l\u0259rinin akkreditasiyas\u0131 QAYDALARI<\/a><\/li><li><a href=\"https:\/\/mdu.edu.az\/wp-content\/uploads\/2025\/01\/Az\u0259rbaycan-Respublikasinin-omurboyu-t\u0259hsil-uzr\u0259-Milli-Kvalifikasiyalar-C\u0259rciv\u0259si.pdf\" target=\"_blank\" rel=\"noopener\">Az\u0259rbaycan Respublikas\u0131n\u0131n \u00f6m\u00fcrboyu t\u0259hsil \u00fczr\u0259 Milli Kvalifikasiyalar \u00c7\u0259r\u00e7iv\u0259si<\/a><\/li><li><a href=\"https:\/\/mdu.edu.az\/wp-content\/uploads\/2025\/05\/Beyn\u0259lmil\u0259ll\u0259sm\u0259-siyas\u0259ti-2021-2025.pdf\" target=\"_blank\" rel=\"noopener\" data-wplink-edit=\"true\">Beyn\u0259lmil\u0259\u015fm\u0259 2021-2025<\/a><\/li><li><a href=\"https:\/\/mdu.edu.az\/wp-content\/uploads\/2025\/05\/Beyn\u0259lmil\u0259ll\u0259sm\u0259-siyas\u0259ti-2025-2030.pdf\" target=\"_blank\" rel=\"noopener\" data-wplink-edit=\"true\">Beyn\u0259lmil\u0259\u015fm\u0259 2025-2030<\/a><\/li><li><a href=\"https:\/\/mdu.edu.az\/wp-content\/uploads\/2025\/04\/Rusv\u0259t-v\u0259-korrupsiya-il\u0259-mubariz\u0259-siyas\u0259ti.pdf\" target=\"_blank\" rel=\"noopener\">Ru\u0308s\u0327v\u0259t v\u0259 korrupsiya il\u0259 mu\u0308bariz\u0259 siyas\u0259ti<\/a><\/li><\/ol>\t\t\t\t\t\t\t\t<\/div>\n\t\t\t\t<\/div>\n\t\t\t\t\t<\/div>\n\t\t<\/div>\n\t\t\t\t\t<\/div>\n\t\t<\/section>\n\t\t\t\t<\/div>","protected":false},"excerpt":{"rendered":"<p>NORMAT\u0130V S\u018fN\u018fDL\u018fR Bakalavriat s\u0259viyy\u0259sind\u0259 t\u0259l\u0259b\u0259l\u0259rin d\u00f6vl\u0259t attestasiyas\u0131 haqq\u0131nda QAYDALAR Keyfiyy\u0259t t\u0259minat siyas\u0259ti (2020-2024) Keyfiyy\u0259t t\u0259minat siyas\u0259ti (2025-2030) Kafedralar haqq\u0131nda \u018fSASNAM\u018f T\u0259l\u0259b\u0259l\u0259rin s\u0259rb\u0259st i\u015finin yerin\u0259 yetirilm\u0259si haqq\u0131nda T\u018fL\u0130MAT Bakalavriat\u00a0(\u0259sas (baza ali) tibb t\u0259hsili) t\u0259hsilinin m\u0259zmunu v\u0259 t\u0259\u015fkili QAYDALARI Kredit sistemi il\u0259 t\u0259hsil alan t\u0259l\u0259b\u0259l\u0259rin biliyinin qiym\u0259tl\u0259ndirilm\u0259si haqq\u0131nda \u018fSASNAM\u018f Ali t\u0259hsil m\u00fc\u0259ssis\u0259l\u0259rind\u0259\u00a0v\u0259 magistratura s\u0259viyy\u0259si \u00fczr\u0259 Az\u0259rbaycan Milli [&hellip;]<\/p>\n","protected":false},"author":1,"featured_media":0,"parent":0,"menu_order":0,"comment_status":"closed","ping_status":"closed","template":"","meta":{"_eb_attr":"","ocean_post_layout":"full-screen","ocean_both_sidebars_style":"","ocean_both_sidebars_content_width":0,"ocean_both_sidebars_sidebars_width":0,"ocean_sidebar":"0","ocean_second_sidebar":"0","ocean_disable_margins":"enable","ocean_add_body_class":"","ocean_shortcode_before_top_bar":"","ocean_shortcode_after_top_bar":"","ocean_shortcode_before_header":"","ocean_shortcode_after_header":"","ocean_has_shortcode":"","ocean_shortcode_after_title":"","ocean_shortcode_before_footer_widgets":"","ocean_shortcode_after_footer_widgets":"","ocean_shortcode_before_footer_bottom":"","ocean_shortcode_after_footer_bottom":"","ocean_display_top_bar":"off","ocean_display_header":"off","ocean_header_style":"","ocean_center_header_left_menu":"0","ocean_custom_header_template":"0","ocean_custom_logo":0,"ocean_custom_retina_logo":0,"ocean_custom_logo_max_width":0,"ocean_custom_logo_tablet_max_width":0,"ocean_custom_logo_mobile_max_width":0,"ocean_custom_logo_max_height":0,"ocean_custom_logo_tablet_max_height":0,"ocean_custom_logo_mobile_max_height":0,"ocean_header_custom_menu":"0","ocean_menu_typo_font_family":"0","ocean_menu_typo_font_subset":"","ocean_menu_typo_font_size":0,"ocean_menu_typo_font_size_tablet":0,"ocean_menu_typo_font_size_mobile":0,"ocean_menu_typo_font_size_unit":"px","ocean_menu_typo_font_weight":"","ocean_menu_typo_font_weight_tablet":"","ocean_menu_typo_font_weight_mobile":"","ocean_menu_typo_transform":"","ocean_menu_typo_transform_tablet":"","ocean_menu_typo_transform_mobile":"","ocean_menu_typo_line_height":0,"ocean_menu_typo_line_height_tablet":0,"ocean_menu_typo_line_height_mobile":0,"ocean_menu_typo_line_height_unit":"","ocean_menu_typo_spacing":0,"ocean_menu_typo_spacing_tablet":0,"ocean_menu_typo_spacing_mobile":0,"ocean_menu_typo_spacing_unit":"","ocean_menu_link_color":"","ocean_menu_link_color_hover":"","ocean_menu_link_color_active":"","ocean_menu_link_background":"","ocean_menu_link_hover_background":"","ocean_menu_link_active_background":"","ocean_menu_social_links_bg":"","ocean_menu_social_hover_links_bg":"","ocean_menu_social_links_color":"","ocean_menu_social_hover_links_color":"","ocean_disable_title":"on","ocean_disable_heading":"default","ocean_post_title":"","ocean_post_subheading":"","ocean_post_title_style":"","ocean_post_title_background_color":"","ocean_post_title_background":0,"ocean_post_title_bg_image_position":"","ocean_post_title_bg_image_attachment":"","ocean_post_title_bg_image_repeat":"","ocean_post_title_bg_image_size":"","ocean_post_title_height":0,"ocean_post_title_bg_overlay":0.5,"ocean_post_title_bg_overlay_color":"","ocean_disable_breadcrumbs":"default","ocean_breadcrumbs_color":"","ocean_breadcrumbs_separator_color":"","ocean_breadcrumbs_links_color":"","ocean_breadcrumbs_links_hover_color":"","ocean_display_footer_widgets":"off","ocean_display_footer_bottom":"off","ocean_custom_footer_template":"0","footnotes":""},"class_list":["post-30647","page","type-page","status-publish","hentry","entry"],"_links":{"self":[{"href":"https:\/\/mdu.edu.az\/en\/wp-json\/wp\/v2\/pages\/30647","targetHints":{"allow":["GET"]}}],"collection":[{"href":"https:\/\/mdu.edu.az\/en\/wp-json\/wp\/v2\/pages"}],"about":[{"href":"https:\/\/mdu.edu.az\/en\/wp-json\/wp\/v2\/types\/page"}],"author":[{"embeddable":true,"href":"https:\/\/mdu.edu.az\/en\/wp-json\/wp\/v2\/users\/1"}],"replies":[{"embeddable":true,"href":"https:\/\/mdu.edu.az\/en\/wp-json\/wp\/v2\/comments?post=30647"}],"version-history":[{"count":162,"href":"https:\/\/mdu.edu.az\/en\/wp-json\/wp\/v2\/pages\/30647\/revisions"}],"predecessor-version":[{"id":76878,"href":"https:\/\/mdu.edu.az\/en\/wp-json\/wp\/v2\/pages\/30647\/revisions\/76878"}],"wp:attachment":[{"href":"https:\/\/mdu.edu.az\/en\/wp-json\/wp\/v2\/media?parent=30647"}],"curies":[{"name":"wp","href":"https:\/\/api.w.org\/{rel}","templated":true}]}}