{"id":447,"date":"2021-04-21T09:25:50","date_gmt":"2021-04-21T06:25:50","guid":{"rendered":"https:\/\/mdu.edu.az\/?page_id=447"},"modified":"2026-03-10T09:12:07","modified_gmt":"2026-03-10T06:12:07","slug":"elmi-sura","status":"publish","type":"page","link":"https:\/\/mdu.edu.az\/en\/elmi-sura\/","title":{"rendered":"Scientific Council"},"content":{"rendered":"<div data-elementor-type=\"wp-page\" data-elementor-id=\"447\" class=\"elementor elementor-447\" data-elementor-settings=\"{&quot;element_pack_global_tooltip_width&quot;:{&quot;unit&quot;:&quot;px&quot;,&quot;size&quot;:&quot;&quot;,&quot;sizes&quot;:[]},&quot;element_pack_global_tooltip_width_tablet&quot;:{&quot;unit&quot;:&quot;px&quot;,&quot;size&quot;:&quot;&quot;,&quot;sizes&quot;:[]},&quot;element_pack_global_tooltip_width_mobile&quot;:{&quot;unit&quot;:&quot;px&quot;,&quot;size&quot;:&quot;&quot;,&quot;sizes&quot;:[]},&quot;element_pack_global_tooltip_padding&quot;:{&quot;unit&quot;:&quot;px&quot;,&quot;top&quot;:&quot;&quot;,&quot;right&quot;:&quot;&quot;,&quot;bottom&quot;:&quot;&quot;,&quot;left&quot;:&quot;&quot;,&quot;isLinked&quot;:true},&quot;element_pack_global_tooltip_padding_tablet&quot;:{&quot;unit&quot;:&quot;px&quot;,&quot;top&quot;:&quot;&quot;,&quot;right&quot;:&quot;&quot;,&quot;bottom&quot;:&quot;&quot;,&quot;left&quot;:&quot;&quot;,&quot;isLinked&quot;:true},&quot;element_pack_global_tooltip_padding_mobile&quot;:{&quot;unit&quot;:&quot;px&quot;,&quot;top&quot;:&quot;&quot;,&quot;right&quot;:&quot;&quot;,&quot;bottom&quot;:&quot;&quot;,&quot;left&quot;:&quot;&quot;,&quot;isLinked&quot;:true},&quot;element_pack_global_tooltip_border_radius&quot;:{&quot;unit&quot;:&quot;px&quot;,&quot;top&quot;:&quot;&quot;,&quot;right&quot;:&quot;&quot;,&quot;bottom&quot;:&quot;&quot;,&quot;left&quot;:&quot;&quot;,&quot;isLinked&quot;:true},&quot;element_pack_global_tooltip_border_radius_tablet&quot;:{&quot;unit&quot;:&quot;px&quot;,&quot;top&quot;:&quot;&quot;,&quot;right&quot;:&quot;&quot;,&quot;bottom&quot;:&quot;&quot;,&quot;left&quot;:&quot;&quot;,&quot;isLinked&quot;:true},&quot;element_pack_global_tooltip_border_radius_mobile&quot;:{&quot;unit&quot;:&quot;px&quot;,&quot;top&quot;:&quot;&quot;,&quot;right&quot;:&quot;&quot;,&quot;bottom&quot;:&quot;&quot;,&quot;left&quot;:&quot;&quot;,&quot;isLinked&quot;:true}}\" data-elementor-post-type=\"page\">\n\t\t\t\t\t\t<section data-particle_enable=\"false\" data-particle-mobile-disabled=\"false\" class=\"elementor-section elementor-top-section elementor-element elementor-element-eac887c elementor-section-boxed elementor-section-height-default elementor-section-height-default\" data-id=\"eac887c\" data-element_type=\"section\" data-e-type=\"section\" data-no-translation=\"\">\n\t\t\t\t\t\t<div class=\"elementor-container elementor-column-gap-default\">\n\t\t\t\t\t<div class=\"elementor-column elementor-col-100 elementor-top-column elementor-element elementor-element-c4c030b\" data-id=\"c4c030b\" data-element_type=\"column\" data-e-type=\"column\" data-settings=\"{&quot;background_background&quot;:&quot;classic&quot;}\">\n\t\t\t<div class=\"elementor-widget-wrap elementor-element-populated\">\n\t\t\t\t\t\t<section data-particle_enable=\"false\" data-particle-mobile-disabled=\"false\" class=\"elementor-section elementor-inner-section elementor-element elementor-element-33316e5 elementor-section-full_width elementor-section-content-middle elementor-section-height-default elementor-section-height-default\" data-id=\"33316e5\" data-element_type=\"section\" data-e-type=\"section\" data-settings=\"{&quot;background_background&quot;:&quot;classic&quot;}\">\n\t\t\t\t\t\t<div class=\"elementor-container elementor-column-gap-no\">\n\t\t\t\t\t<div class=\"elementor-column elementor-col-100 elementor-inner-column elementor-element elementor-element-e57f2d0\" data-id=\"e57f2d0\" data-element_type=\"column\" data-e-type=\"column\">\n\t\t\t<div class=\"elementor-widget-wrap elementor-element-populated\">\n\t\t\t\t\t\t<div class=\"elementor-element elementor-element-1078d33 elementor-widget elementor-widget-heading\" data-id=\"1078d33\" data-element_type=\"widget\" data-e-type=\"widget\" data-widget_type=\"heading.default\">\n\t\t\t\t<div class=\"elementor-widget-container\">\n\t\t\t\t\t<h1 class=\"elementor-heading-title elementor-size-default\">ScIentIfIc CouncIl<\/h1>\t\t\t\t<\/div>\n\t\t\t\t<\/div>\n\t\t\t\t<div class=\"elementor-element elementor-element-61d8949 elementor-widget-divider--view-line elementor-widget elementor-widget-divider\" data-id=\"61d8949\" data-element_type=\"widget\" data-e-type=\"widget\" data-widget_type=\"divider.default\">\n\t\t\t\t<div class=\"elementor-widget-container\">\n\t\t\t\t\t\t\t<div class=\"elementor-divider\">\n\t\t\t<span class=\"elementor-divider-separator\">\n\t\t\t\t\t\t<\/span>\n\t\t<\/div>\n\t\t\t\t\t\t<\/div>\n\t\t\t\t<\/div>\n\t\t\t\t\t<\/div>\n\t\t<\/div>\n\t\t\t\t\t<\/div>\n\t\t<\/section>\n\t\t\t\t\t<\/div>\n\t\t<\/div>\n\t\t\t\t\t<\/div>\n\t\t<\/section>\n\t\t\t\t<section data-particle_enable=\"false\" data-particle-mobile-disabled=\"false\" class=\"elementor-section elementor-top-section elementor-element elementor-element-033656b elementor-section-boxed elementor-section-height-default elementor-section-height-default\" data-id=\"033656b\" data-element_type=\"section\" data-e-type=\"section\" data-no-translation=\"\">\n\t\t\t\t\t\t<div class=\"elementor-container elementor-column-gap-default\">\n\t\t\t\t\t<div class=\"elementor-column elementor-col-100 elementor-top-column elementor-element elementor-element-bf8ed13\" data-id=\"bf8ed13\" data-element_type=\"column\" data-e-type=\"column\">\n\t\t\t<div class=\"elementor-widget-wrap elementor-element-populated\">\n\t\t\t\t\t\t<div class=\"elementor-element elementor-element-3339351 elementor-widget elementor-widget-text-editor\" data-id=\"3339351\" data-element_type=\"widget\" data-e-type=\"widget\" data-widget_type=\"text-editor.default\">\n\t\t\t\t<div class=\"elementor-widget-container\">\n\t\t\t\t\t\t\t\t\t<p><strong>ABOUT THE SCIENTIFIC COUNCIL OF MINGACHEVIR STATE UNIVERSITY<\/strong><\/p><p>The Regulations of the Scientific Council of Mingachevir State University (hereinafter MDU) are developed in accordance with the Decree No. 349 of the President of the Republic of Azerbaijan dated June 13, 2000, on &#8220;Improvement of the Education System in the Republic of Azerbaijan,&#8221; the Resolution No. 191 of the Cabinet of Ministers of the Republic of Azerbaijan dated December 4, 2001, approving the &#8220;Regulations on State Higher Education Institutions Operating Based on the Principle of Self-Government,&#8221; and the Order No. 792 of the Minister of Education of the Republic of Azerbaijan dated November 10, 1997, approving the &#8220;Regulations on the Scientific Council of Higher Education Institutions.&#8221; These regulations determine the main directions of the establishment and operation of the Scientific Council of MDU (hereinafter referred to as the Scientific Council).<\/p><p>By its position, the Scientific Council includes the Rector, Vice Rectors, the Scientific Secretary, Deans of Faculties, the Chairman of the Trade Union Committee, Heads of relevant departments, as well as the Chairpersons of the Student Youth Organization and the Student Scientific Society. Other members of the Scientific Council are elected by secret ballot.<\/p><p>The Scientific Council performs relevant principal functions for the strategic development of the university and regulates the university\u2019s activities in various areas as a legislative body. It determines the procedures for elections to positions such as Dean, Head of Department, Professor, etc., in accordance with the current normative regulations, establishes scholarships, creates specific scholarships, and carries out other functions. The Scientific Council makes decisions on the establishment of faculties, departments, and laboratories, the implementation of necessary structural changes, and the provision of comprehensive care for talented and outstanding students.<\/p><p>Regarding the awarding of academic titles to university staff, the Scientific Council submits applications to the Higher Attestation Commission under the President of the Republic of Azerbaijan. If necessary, it makes amendments to the MDU Charter and approves the internal disciplinary rules for the MDU collective.<\/p><p>The Scientific Council approves the University\u2019s Strategic Development Plan, ensures the implementation of the university\u2019s important educational and scientific policies, the priorities of international relations, staff and social issues, the development of MDU\u2019s infrastructure, and other long-term plans.<\/p>\t\t\t\t\t\t\t\t<\/div>\n\t\t\t\t<\/div>\n\t\t\t\t<div class=\"elementor-element elementor-element-720abbf elementor-widget elementor-widget-heading\" data-id=\"720abbf\" data-element_type=\"widget\" data-e-type=\"widget\" data-widget_type=\"heading.default\">\n\t\t\t\t<div class=\"elementor-widget-container\">\n\t\t\t\t\t<h2 class=\"elementor-heading-title elementor-size-default\">Composition of the Scientific Council<\/h2>\t\t\t\t<\/div>\n\t\t\t\t<\/div>\n\t\t\t\t<div class=\"elementor-element elementor-element-7368ab8 elementor-widget-divider--view-line elementor-widget elementor-widget-divider\" data-id=\"7368ab8\" data-element_type=\"widget\" data-e-type=\"widget\" data-widget_type=\"divider.default\">\n\t\t\t\t<div class=\"elementor-widget-container\">\n\t\t\t\t\t\t\t<div class=\"elementor-divider\">\n\t\t\t<span class=\"elementor-divider-separator\">\n\t\t\t\t\t\t<\/span>\n\t\t<\/div>\n\t\t\t\t\t\t<\/div>\n\t\t\t\t<\/div>\n\t\t\t\t<div class=\"elementor-element elementor-element-0e56d21 elementor-widget elementor-widget-text-editor\" data-id=\"0e56d21\" data-element_type=\"widget\" data-e-type=\"widget\" data-widget_type=\"text-editor.default\">\n\t\t\t\t<div class=\"elementor-widget-container\">\n\t\t\t\t\t\t\t\t\t<p><strong>LIST OF MEMBERS OF THE SCIENTIFIC COUNCIL OF MINGACHEVIR STATE UNIVERSITY<\/strong><\/p><ol><li>EMINOV ANAR NAZIM O\u011eLU \u2013 Rector (Chairman)<\/li><li>NAMAZOVA NAT\u018fVAN VEYS\u018fL QIZI \u2013 Vice Rector for Science and Innovation, PhD in Economics, Associate Professor<\/li><li>A\u011eAK\u0130\u015e\u0130YEVA S\u018fAD\u018fT AR\u0130F QIZI \u2013 Scientific Secretary, PhD in Philology<\/li><li>Q\u018fD\u0130ML\u0130 N\u00dc\u015eAB\u018f ASTAN QIZI \u2013 Dean of the Faculty of Economics and Management, PhD in Economics, Associate Professor<\/li><li>\u018fL\u0130YEVA ALMAZ \u018fL\u0130 QIZI \u2013 Dean of the Faculty of Engineering, PhD in Technical Sciences, Associate Professor<\/li><li>C\u018fF\u018fROVA ESM\u0130RA H\u0130LAL QIZI \u2013 Head of the Department of Humanities, PhD in Social Sciences, Associate Professor<\/li><li>M\u018fH\u018fRR\u018fMOVA V\u018fFA ELDAR QIZI \u2013 Head of the Lifelong Education School, PhD in Philology<\/li><li>TA\u011eIYEV AR\u0130F M\u018fMM\u018fDH\u018fS\u018fN O\u011eLU \u2013 Senior Lecturer at the Department of Economics<\/li><li>MUSTAFAYEV V\u00dcQAR SAB\u0130R O\u011eLU \u2013 Head of the Department of Science and Innovations, PhD in Technical Sciences, Associate Professor<\/li><li>TA\u011eIYEV EL\u00c7\u0130N NA\u011eI O\u011eLU \u2013 Chairman of the Trade Union Committee<\/li><li>\u015e\u018fFAQ\u018fTOV G\u00dcN\u018f\u015e MUSA O\u011eLU \u2013 Chairman of the Student Scientific Society<\/li><li>\u018fL\u018fKB\u018fRZAD\u018f ASLAN ET\u0130BAR O\u011eLU \u2013 Chairman of the Student Youth Organization, Student<\/li><\/ol><p>\u00a0<\/p>\t\t\t\t\t\t\t\t<\/div>\n\t\t\t\t<\/div>\n\t\t\t\t\t<\/div>\n\t\t<\/div>\n\t\t\t\t\t<\/div>\n\t\t<\/section>\n\t\t\t\t<\/div>","protected":false},"excerpt":{"rendered":"<p>Elmi \u015fura ScIentIfIc CouncIl \u041d\u0430\u0443\u0447\u043d\u044b\u0439 \u0441\u043e\u0432\u0435\u0442 M\u0130NG\u018f\u00c7EV\u0130R D\u00d6VL\u018fT UN\u0130VERS\u0130TET\u0130N\u0130N ELM\u0130 \u015eURASI HAQQINDA Ming\u0259\u00e7evir D\u00f6vl\u0259t Universitetinin (bundan sonra MDU) Elmi \u015euras\u0131 haqq\u0131nda \u018fsasnam\u0259 \u00abAz\u0259rbaycan Respublikas\u0131nda t\u0259hsil sisteminin t\u0259kmill\u0259\u015fdirilm\u0259si haqq\u0131nda\u00bb Az\u0259rbaycan Respublikas\u0131 Prezidentinin\u00a0\u00a013 iyun 2000-ci il tarixli 349 n\u00f6mr\u0259li F\u0259rman\u0131na, Az\u0259rbaycan Respublikas\u0131 Nazirl\u0259r Kabinetinin 4 dekabr 2001-ci il tarixli 191 n\u00f6mr\u0259li q\u0259rar\u0131 il\u0259 t\u0259sdiq edilmi\u015f \u00ab\u00d6z\u00fcn\u00fcidar\u0259etm\u0259 prinsipi [&hellip;]<\/p>\n","protected":false},"author":1,"featured_media":0,"parent":0,"menu_order":0,"comment_status":"closed","ping_status":"closed","template":"","meta":{"_eb_attr":"","ocean_post_layout":"full-screen","ocean_both_sidebars_style":"","ocean_both_sidebars_content_width":0,"ocean_both_sidebars_sidebars_width":0,"ocean_sidebar":"0","ocean_second_sidebar":"0","ocean_disable_margins":"enable","ocean_add_body_class":"","ocean_shortcode_before_top_bar":"","ocean_shortcode_after_top_bar":"","ocean_shortcode_before_header":"","ocean_shortcode_after_header":"","ocean_has_shortcode":"","ocean_shortcode_after_title":"","ocean_shortcode_before_footer_widgets":"","ocean_shortcode_after_footer_widgets":"","ocean_shortcode_before_footer_bottom":"","ocean_shortcode_after_footer_bottom":"","ocean_display_top_bar":"off","ocean_display_header":"off","ocean_header_style":"","ocean_center_header_left_menu":"0","ocean_custom_header_template":"0","ocean_custom_logo":0,"ocean_custom_retina_logo":0,"ocean_custom_logo_max_width":0,"ocean_custom_logo_tablet_max_width":0,"ocean_custom_logo_mobile_max_width":0,"ocean_custom_logo_max_height":0,"ocean_custom_logo_tablet_max_height":0,"ocean_custom_logo_mobile_max_height":0,"ocean_header_custom_menu":"0","ocean_menu_typo_font_family":"0","ocean_menu_typo_font_subset":"","ocean_menu_typo_font_size":0,"ocean_menu_typo_font_size_tablet":0,"ocean_menu_typo_font_size_mobile":0,"ocean_menu_typo_font_size_unit":"px","ocean_menu_typo_font_weight":"","ocean_menu_typo_font_weight_tablet":"","ocean_menu_typo_font_weight_mobile":"","ocean_menu_typo_transform":"","ocean_menu_typo_transform_tablet":"","ocean_menu_typo_transform_mobile":"","ocean_menu_typo_line_height":0,"ocean_menu_typo_line_height_tablet":0,"ocean_menu_typo_line_height_mobile":0,"ocean_menu_typo_line_height_unit":"","ocean_menu_typo_spacing":0,"ocean_menu_typo_spacing_tablet":0,"ocean_menu_typo_spacing_mobile":0,"ocean_menu_typo_spacing_unit":"","ocean_menu_link_color":"","ocean_menu_link_color_hover":"","ocean_menu_link_color_active":"","ocean_menu_link_background":"","ocean_menu_link_hover_background":"","ocean_menu_link_active_background":"","ocean_menu_social_links_bg":"","ocean_menu_social_hover_links_bg":"","ocean_menu_social_links_color":"","ocean_menu_social_hover_links_color":"","ocean_disable_title":"on","ocean_disable_heading":"default","ocean_post_title":"","ocean_post_subheading":"","ocean_post_title_style":"","ocean_post_title_background_color":"","ocean_post_title_background":0,"ocean_post_title_bg_image_position":"","ocean_post_title_bg_image_attachment":"","ocean_post_title_bg_image_repeat":"","ocean_post_title_bg_image_size":"","ocean_post_title_height":0,"ocean_post_title_bg_overlay":0.5,"ocean_post_title_bg_overlay_color":"","ocean_disable_breadcrumbs":"default","ocean_breadcrumbs_color":"","ocean_breadcrumbs_separator_color":"","ocean_breadcrumbs_links_color":"","ocean_breadcrumbs_links_hover_color":"","ocean_display_footer_widgets":"off","ocean_display_footer_bottom":"off","ocean_custom_footer_template":"0","footnotes":""},"class_list":["post-447","page","type-page","status-publish","hentry","entry"],"_links":{"self":[{"href":"https:\/\/mdu.edu.az\/en\/wp-json\/wp\/v2\/pages\/447","targetHints":{"allow":["GET"]}}],"collection":[{"href":"https:\/\/mdu.edu.az\/en\/wp-json\/wp\/v2\/pages"}],"about":[{"href":"https:\/\/mdu.edu.az\/en\/wp-json\/wp\/v2\/types\/page"}],"author":[{"embeddable":true,"href":"https:\/\/mdu.edu.az\/en\/wp-json\/wp\/v2\/users\/1"}],"replies":[{"embeddable":true,"href":"https:\/\/mdu.edu.az\/en\/wp-json\/wp\/v2\/comments?post=447"}],"version-history":[{"count":230,"href":"https:\/\/mdu.edu.az\/en\/wp-json\/wp\/v2\/pages\/447\/revisions"}],"predecessor-version":[{"id":88990,"href":"https:\/\/mdu.edu.az\/en\/wp-json\/wp\/v2\/pages\/447\/revisions\/88990"}],"wp:attachment":[{"href":"https:\/\/mdu.edu.az\/en\/wp-json\/wp\/v2\/media?parent=447"}],"curies":[{"name":"wp","href":"https:\/\/api.w.org\/{rel}","templated":true}]}}