{"id":64974,"date":"2025-02-10T10:29:39","date_gmt":"2025-02-10T07:29:39","guid":{"rendered":"https:\/\/mdu.edu.az\/?page_id=64974"},"modified":"2026-02-23T09:01:01","modified_gmt":"2026-02-23T06:01:01","slug":"genc-alimler-shurasi","status":"publish","type":"page","link":"https:\/\/mdu.edu.az\/en\/genc-alimler-shurasi\/","title":{"rendered":"Genc alimler shurasi"},"content":{"rendered":"<div data-elementor-type=\"wp-page\" data-elementor-id=\"64974\" class=\"elementor elementor-64974\" data-elementor-settings=\"{&quot;element_pack_global_tooltip_width&quot;:{&quot;unit&quot;:&quot;px&quot;,&quot;size&quot;:&quot;&quot;,&quot;sizes&quot;:[]},&quot;element_pack_global_tooltip_width_tablet&quot;:{&quot;unit&quot;:&quot;px&quot;,&quot;size&quot;:&quot;&quot;,&quot;sizes&quot;:[]},&quot;element_pack_global_tooltip_width_mobile&quot;:{&quot;unit&quot;:&quot;px&quot;,&quot;size&quot;:&quot;&quot;,&quot;sizes&quot;:[]},&quot;element_pack_global_tooltip_padding&quot;:{&quot;unit&quot;:&quot;px&quot;,&quot;top&quot;:&quot;&quot;,&quot;right&quot;:&quot;&quot;,&quot;bottom&quot;:&quot;&quot;,&quot;left&quot;:&quot;&quot;,&quot;isLinked&quot;:true},&quot;element_pack_global_tooltip_padding_tablet&quot;:{&quot;unit&quot;:&quot;px&quot;,&quot;top&quot;:&quot;&quot;,&quot;right&quot;:&quot;&quot;,&quot;bottom&quot;:&quot;&quot;,&quot;left&quot;:&quot;&quot;,&quot;isLinked&quot;:true},&quot;element_pack_global_tooltip_padding_mobile&quot;:{&quot;unit&quot;:&quot;px&quot;,&quot;top&quot;:&quot;&quot;,&quot;right&quot;:&quot;&quot;,&quot;bottom&quot;:&quot;&quot;,&quot;left&quot;:&quot;&quot;,&quot;isLinked&quot;:true},&quot;element_pack_global_tooltip_border_radius&quot;:{&quot;unit&quot;:&quot;px&quot;,&quot;top&quot;:&quot;&quot;,&quot;right&quot;:&quot;&quot;,&quot;bottom&quot;:&quot;&quot;,&quot;left&quot;:&quot;&quot;,&quot;isLinked&quot;:true},&quot;element_pack_global_tooltip_border_radius_tablet&quot;:{&quot;unit&quot;:&quot;px&quot;,&quot;top&quot;:&quot;&quot;,&quot;right&quot;:&quot;&quot;,&quot;bottom&quot;:&quot;&quot;,&quot;left&quot;:&quot;&quot;,&quot;isLinked&quot;:true},&quot;element_pack_global_tooltip_border_radius_mobile&quot;:{&quot;unit&quot;:&quot;px&quot;,&quot;top&quot;:&quot;&quot;,&quot;right&quot;:&quot;&quot;,&quot;bottom&quot;:&quot;&quot;,&quot;left&quot;:&quot;&quot;,&quot;isLinked&quot;:true}}\" data-elementor-post-type=\"page\">\n\t\t\t\t\t\t<section data-particle_enable=\"false\" data-particle-mobile-disabled=\"false\" class=\"elementor-section elementor-top-section elementor-element elementor-element-407d779c elementor-hidden-tablet elementor-section-boxed elementor-section-height-default elementor-section-height-default\" data-id=\"407d779c\" data-element_type=\"section\" data-e-type=\"section\">\n\t\t\t\t\t\t<div class=\"elementor-container elementor-column-gap-default\">\n\t\t\t\t\t<div class=\"elementor-column elementor-col-100 elementor-top-column elementor-element elementor-element-40a162c\" data-id=\"40a162c\" data-element_type=\"column\" data-e-type=\"column\" data-settings=\"{&quot;background_background&quot;:&quot;classic&quot;}\">\n\t\t\t<div class=\"elementor-widget-wrap elementor-element-populated\">\n\t\t\t\t\t\t<section data-particle_enable=\"false\" data-particle-mobile-disabled=\"false\" class=\"elementor-section elementor-inner-section elementor-element elementor-element-5adbff43 elementor-section-full_width elementor-section-content-middle elementor-section-height-default elementor-section-height-default\" data-id=\"5adbff43\" data-element_type=\"section\" data-e-type=\"section\" data-settings=\"{&quot;background_background&quot;:&quot;classic&quot;}\">\n\t\t\t\t\t\t<div class=\"elementor-container elementor-column-gap-no\">\n\t\t\t\t\t<div class=\"elementor-column elementor-col-100 elementor-inner-column elementor-element elementor-element-71543956\" data-id=\"71543956\" data-element_type=\"column\" data-e-type=\"column\">\n\t\t\t<div class=\"elementor-widget-wrap elementor-element-populated\">\n\t\t\t\t\t\t<div class=\"elementor-element elementor-element-1519bc2c elementor-widget elementor-widget-heading\" data-id=\"1519bc2c\" data-element_type=\"widget\" data-e-type=\"widget\" data-widget_type=\"heading.default\">\n\t\t\t\t<div class=\"elementor-widget-container\">\n\t\t\t\t\t<h1 class=\"elementor-heading-title elementor-size-default\">Council of Young Scientists<\/h1>\t\t\t\t<\/div>\n\t\t\t\t<\/div>\n\t\t\t\t<div class=\"elementor-element elementor-element-491a697c elementor-widget-divider--view-line elementor-widget elementor-widget-divider\" data-id=\"491a697c\" data-element_type=\"widget\" data-e-type=\"widget\" data-widget_type=\"divider.default\">\n\t\t\t\t<div class=\"elementor-widget-container\">\n\t\t\t\t\t\t\t<div class=\"elementor-divider\">\n\t\t\t<span class=\"elementor-divider-separator\">\n\t\t\t\t\t\t<\/span>\n\t\t<\/div>\n\t\t\t\t\t\t<\/div>\n\t\t\t\t<\/div>\n\t\t\t\t\t<\/div>\n\t\t<\/div>\n\t\t\t\t\t<\/div>\n\t\t<\/section>\n\t\t\t\t\t<\/div>\n\t\t<\/div>\n\t\t\t\t\t<\/div>\n\t\t<\/section>\n\t\t\t\t<section data-particle_enable=\"false\" data-particle-mobile-disabled=\"false\" class=\"elementor-section elementor-top-section elementor-element elementor-element-820cd6f elementor-section-boxed elementor-section-height-default elementor-section-height-default\" data-id=\"820cd6f\" data-element_type=\"section\" data-e-type=\"section\">\n\t\t\t\t\t\t<div class=\"elementor-container elementor-column-gap-default\">\n\t\t\t\t\t<div class=\"elementor-column elementor-col-100 elementor-top-column elementor-element elementor-element-c1fedd9\" data-id=\"c1fedd9\" data-element_type=\"column\" data-e-type=\"column\">\n\t\t\t<div class=\"elementor-widget-wrap elementor-element-populated\">\n\t\t\t\t\t\t<div class=\"elementor-element elementor-element-d411e36 elementor-widget elementor-widget-text-editor\" data-id=\"d411e36\" data-element_type=\"widget\" data-e-type=\"widget\" data-widget_type=\"text-editor.default\">\n\t\t\t\t<div class=\"elementor-widget-container\">\n\t\t\t\t\t\t\t\t\t<p>Ming\u0259\u00e7evir D\u00f6vl\u0259t Universitetinin Elmi \u015euras\u0131n\u0131n 11 iyul 2024-c\u00fc il tarixli iclas\u0131n\u0131n 0103\/212\/1 n\u00f6mr\u0259li \u0259mri \u0259sas\u0131nda G\u0259nc Aliml\u0259r \u015euras\u0131 yarad\u0131ld\u0131. \u015eur\u0430n\u0131n f\u0259aliyy\u0259tinin \u0259s\u0430s m\u0259qs\u0259di MDU-da f\u0259aliyy\u0259t g\u00f6st\u0259r\u0259n g\u0259ncl\u0259rin \u0435lmi p\u043et\u0435nsi\u0430l\u0131n\u0131n \u0430rt\u0131r\u0131lm\u0430s\u0131, m\u00fcxt\u0259lif t\u0259\u015f\u0259bb\u00fcsl\u0259rinin stimull\u0430\u015fd\u0131r\u0131lm\u0430s\u0131, elm\u0259 ax\u0131n\u0131n\u00a0t\u0259min olunmas\u0131, asud\u0259 vaxtlar\u0131n\u0131n s\u0259m\u0259r\u0259li ke\u00e7irilm\u0259sinin t\u0259\u015fkili, \u0259ld\u0259 \u0435tdikl\u0259ri \u0435lmi y\u0435nilikl\u0259rin m\u00fcxt\u0259lif k\u00fctl\u0259vi informasiya vasit\u0259l\u0259rind\u0259 i\u015f\u0131qland\u0131r\u0131lmas\u0131, onlara m\u0435t\u043ediki, inf\u043erm\u0430siy\u0430 y\u0430rd\u0131m\u0131n\u0131n g\u00f6st\u0259rilm\u0259si v\u0259 s. h\u0259yata ke\u00e7irlm\u0259sind\u0259n ibar\u0259tdir.<\/p><p>\u015eura \u00f6z f\u0259aliyy\u0259tind\u0259 Az\u0259rbaycan Respublikas\u0131n\u0131n Konstitusiyas\u0131n\u0131, \u201cT\u0259hsil haqq\u0131nda\u201d Az\u0259rbaycan Respublikas\u0131n\u0131n Qanununu,\u00a0 Az\u0259rbaycan Respublikas\u0131 Prezidentinin f\u0259rman v\u0259 s\u0259r\u0259ncamlar\u0131n\u0131, Az\u0259rbaycan Respublikas\u0131 Nazirl\u0259r Kabinetinin m\u00fcvafiq q\u0259rar v\u0259 s\u0259r\u0259ncamlar\u0131n\u0131, Ming\u0259\u00e7evir D\u00f6vl\u0259t Universitetinin Nizamnam\u0259sini v\u0259 \u00a0G\u0259nc Aliml\u0259r \u015euras\u0131n\u0131n \u0259sasnam\u0259sini r\u0259hb\u0259r tutur.<\/p><p>G\u0259nc Aliml\u0259r \u015euras\u0131n\u0131n \u0259sas f\u0259aliyy\u0259t istiqam\u0259tl\u0259ri a\u015fa\u011f\u0131dak\u0131lard\u0131r:\u202f\u00a0<\/p><p>MDU-da f\u0259aliyy\u0259t g\u00f6st\u0259r\u0259n g\u0259ncl\u0259rin \u0435lmi p\u043et\u0435nsi\u0430l\u0131n\u0131n \u0430rt\u0131rmaq, elmin m\u00fcxt\u0259lif istiqam\u0259tl\u0259rind\u0259 elmi-t\u0259dqiqat f\u0259aliyy\u0259tini inki\u015faf etdirm\u0259k, bu sah\u0259d\u0259 innovativ idealar yaratmaq;<\/p><p>MDU-da t\u0259hsil alanlar\u0131n g\u0259ncl\u0259rin elm\u0259 ax\u0131m\u0131n\u0131n \u00a0t\u0259min etm\u0259k v\u0259 elml\u0259\u015fm\u0259\u00a0 prosesin\u0259 t\u00f6hf\u0259 verm\u0259k;<\/p><p>Elmi v\u0259 yarad\u0131c\u0131l\u0131q sah\u0259sind\u0259\u00a0 islahatlar\u0131n h\u0259yata ke\u00e7irilm\u0259si istiqam\u0259tind\u0259 t\u0259hlil v\u0259 t\u00f6vsiy\u0259l\u0259r haz\u0131rlamaq.<\/p><p>\u015euran\u0131n a\u011fa\u011f\u0131dak\u0131 v\u0259zif\u0259l\u0259ri vard\u0131r:<\/p><p>G\u0259nc aliml\u0259r aras\u0131nda elmi m\u00fczakir\u0259l\u0259rin t\u0259\u015fkil etm\u0259k;<\/p><p>T\u0259dqiqat layih\u0259l\u0259rinin t\u0259\u015fviqi v\u0259 maliyy\u0259l\u0259\u015fdirilm\u0259si il\u0259 ba\u011fl\u0131 t\u0259klifl\u0259r haz\u0131rlanmaq;<\/p><p>Universitetin elmi f\u0259aliyy\u0259tinin inki\u015faf\u0131na d\u0259st\u0259k verm\u0259k, g\u0259nc aliml\u0259rin m\u00fcxt\u0259lif elmi t\u0259dbirl\u0259rd\u0259 i\u015ftirak\u0131n\u0131 t\u0259min etm\u0259k;<\/p><p>Elmi n\u0259tic\u0259l\u0259rin geni\u015f auditoriyaya \u00e7atd\u0131r\u0131lmas\u0131 \u00fc\u00e7\u00fcn seminarlar, konfranslar v\u0259 simpoziumlar t\u0259\u015fkil etm\u0259k;<\/p><p>G\u0259nc aliml\u0259rin t\u0259cr\u00fcb\u0259 m\u00fcbadil\u0259si \u00fc\u00e7\u00fcn xarici universitetl\u0259rl\u0259 \u0259laq\u0259l\u0259rin qurulmas\u0131na d\u0259st\u0259k olmaq;<\/p><p>H\u0259r il universitetin rektoruna v\u0259 akademik hey\u0259tin\u0259 f\u0259aliyy\u0259tinin hesabat\u0131n\u0131 t\u0259qdim etm\u0259k;<\/p><p>T\u0259\u015fkil etdiyi elmi t\u0259dbirl\u0259r, layih\u0259l\u0259r v\u0259 \u0259ld\u0259 olunan n\u0259tic\u0259l\u0259r bar\u0259d\u0259 universitet r\u0259hbrliyin\u0259 hesabat verm\u0259k.<\/p><p>\u015euran\u0131n f\u0259aliyy\u0259tin\u0259 r\u0259hb\u0259rliyi MDU rektorunun \u0259mri il\u0259 t\u0259yin olunmu\u015f\u202f\u202fs\u0259dr h\u0259yata ke\u00e7irir.\u202f\u015euran\u0131n s\u0259dri Humanitar f\u0259nl\u0259r kafedras\u0131n\u0131n ba\u015f m\u00fc\u0259llimi, t.\u00fc.f.d.Q\u0259dirova Ayg\u00fcn Raqif q\u0131z\u0131d\u0131r. Elmi katib Humanitar f\u0259nl\u0259r kafedras\u0131n\u0131n ba\u015f m\u00fc\u0259llimi, f.\u00fc.f.d. A\u011faki\u015fiyeva S\u0259ad\u0259t Arif q\u0131z\u0131d\u0131r.<\/p>\t\t\t\t\t\t\t\t<\/div>\n\t\t\t\t<\/div>\n\t\t\t\t<div class=\"elementor-element elementor-element-63a1b17 elementor-widget elementor-widget-heading\" data-id=\"63a1b17\" data-element_type=\"widget\" data-e-type=\"widget\" data-widget_type=\"heading.default\">\n\t\t\t\t<div class=\"elementor-widget-container\">\n\t\t\t\t\t<h2 class=\"elementor-heading-title elementor-size-default\">Chairman of the Council<\/h2>\t\t\t\t<\/div>\n\t\t\t\t<\/div>\n\t\t\t\t<div class=\"elementor-element elementor-element-65202b6 elementor-widget-divider--view-line elementor-widget elementor-widget-divider\" data-id=\"65202b6\" data-element_type=\"widget\" data-e-type=\"widget\" data-widget_type=\"divider.default\">\n\t\t\t\t<div class=\"elementor-widget-container\">\n\t\t\t\t\t\t\t<div class=\"elementor-divider\">\n\t\t\t<span class=\"elementor-divider-separator\">\n\t\t\t\t\t\t<\/span>\n\t\t<\/div>\n\t\t\t\t\t\t<\/div>\n\t\t\t\t<\/div>\n\t\t\t\t<section data-particle_enable=\"false\" data-particle-mobile-disabled=\"false\" class=\"elementor-section elementor-inner-section elementor-element elementor-element-18d1d4c elementor-section-boxed elementor-section-height-default elementor-section-height-default\" data-id=\"18d1d4c\" data-element_type=\"section\" data-e-type=\"section\">\n\t\t\t\t\t\t<div class=\"elementor-container elementor-column-gap-no\">\n\t\t\t\t\t<div class=\"elementor-column elementor-col-33 elementor-inner-column elementor-element elementor-element-c27bcb7\" data-id=\"c27bcb7\" data-element_type=\"column\" data-e-type=\"column\">\n\t\t\t<div class=\"elementor-widget-wrap elementor-element-populated\">\n\t\t\t\t\t\t<div class=\"elementor-element elementor-element-e7e65c7 elementor-position-left elementor-vertical-align-middle elementor-widget elementor-widget-image-box\" data-id=\"e7e65c7\" data-element_type=\"widget\" data-e-type=\"widget\" data-widget_type=\"image-box.default\">\n\t\t\t\t<div class=\"elementor-widget-container\">\n\t\t\t\t\t<div class=\"elementor-image-box-wrapper\"><figure class=\"elementor-image-box-img\"><img fetchpriority=\"high\" decoding=\"async\" width=\"640\" height=\"771\" src=\"https:\/\/mdu.edu.az\/wp-content\/uploads\/2025\/02\/Aygun_Qedirova.jpeg\" class=\"attachment-full size-full wp-image-65067\" alt=\"\" srcset=\"https:\/\/mdu.edu.az\/wp-content\/uploads\/2025\/02\/Aygun_Qedirova.jpeg 640w, https:\/\/mdu.edu.az\/wp-content\/uploads\/2025\/02\/Aygun_Qedirova-249x300.jpeg 249w, https:\/\/mdu.edu.az\/wp-content\/uploads\/2025\/02\/Aygun_Qedirova-10x12.jpeg 10w, https:\/\/mdu.edu.az\/wp-content\/uploads\/2025\/02\/Aygun_Qedirova-20x24.jpeg 20w, https:\/\/mdu.edu.az\/wp-content\/uploads\/2025\/02\/Aygun_Qedirova-30x36.jpeg 30w, https:\/\/mdu.edu.az\/wp-content\/uploads\/2025\/02\/Aygun_Qedirova-40x48.jpeg 40w\" sizes=\"(max-width: 640px) 100vw, 640px\" \/><\/figure><div class=\"elementor-image-box-content\"><h3 class=\"elementor-image-box-title\">Q\u0259dirova Ayg\u00fcn <br> Raqif q\u0131z\u0131<\/h3><p class=\"elementor-image-box-description\"><a href=\"mailto:aygun.qadirova@mdu.edu.az\">aygun.qadirova@mdu.edu.az<\/a><br>\n\n<\/p><\/div><\/div>\t\t\t\t<\/div>\n\t\t\t\t<\/div>\n\t\t\t\t\t<\/div>\n\t\t<\/div>\n\t\t\t\t<div class=\"elementor-column elementor-col-33 elementor-inner-column elementor-element elementor-element-e362038\" data-id=\"e362038\" data-element_type=\"column\" data-e-type=\"column\">\n\t\t\t<div class=\"elementor-widget-wrap\">\n\t\t\t\t\t\t\t<\/div>\n\t\t<\/div>\n\t\t\t\t<div class=\"elementor-column elementor-col-33 elementor-inner-column elementor-element elementor-element-2387d64\" data-id=\"2387d64\" data-element_type=\"column\" data-e-type=\"column\">\n\t\t\t<div class=\"elementor-widget-wrap\">\n\t\t\t\t\t\t\t<\/div>\n\t\t<\/div>\n\t\t\t\t\t<\/div>\n\t\t<\/section>\n\t\t\t\t<div class=\"elementor-element elementor-element-de1f204 elementor-widget-divider--view-line elementor-widget elementor-widget-divider\" data-id=\"de1f204\" data-element_type=\"widget\" data-e-type=\"widget\" data-widget_type=\"divider.default\">\n\t\t\t\t<div class=\"elementor-widget-container\">\n\t\t\t\t\t\t\t<div class=\"elementor-divider\">\n\t\t\t<span class=\"elementor-divider-separator\">\n\t\t\t\t\t\t<\/span>\n\t\t<\/div>\n\t\t\t\t\t\t<\/div>\n\t\t\t\t<\/div>\n\t\t\t\t\t<\/div>\n\t\t<\/div>\n\t\t\t\t\t<\/div>\n\t\t<\/section>\n\t\t\t\t<\/div>","protected":false},"excerpt":{"rendered":"<p>G\u0259nc Aliml\u0259r \u015euras\u0131 Ming\u0259\u00e7evir D\u00f6vl\u0259t Universitetinin Elmi \u015euras\u0131n\u0131n 11 iyul 2024-c\u00fc il tarixli iclas\u0131n\u0131n 0103\/212\/1 n\u00f6mr\u0259li \u0259mri \u0259sas\u0131nda G\u0259nc Aliml\u0259r \u015euras\u0131 yarad\u0131ld\u0131. \u015eur\u0430n\u0131n f\u0259aliyy\u0259tinin \u0259s\u0430s m\u0259qs\u0259di MDU-da f\u0259aliyy\u0259t g\u00f6st\u0259r\u0259n g\u0259ncl\u0259rin \u0435lmi p\u043et\u0435nsi\u0430l\u0131n\u0131n \u0430rt\u0131r\u0131lm\u0430s\u0131, m\u00fcxt\u0259lif t\u0259\u015f\u0259bb\u00fcsl\u0259rinin stimull\u0430\u015fd\u0131r\u0131lm\u0430s\u0131, elm\u0259 ax\u0131n\u0131n\u00a0t\u0259min olunmas\u0131, asud\u0259 vaxtlar\u0131n\u0131n s\u0259m\u0259r\u0259li ke\u00e7irilm\u0259sinin t\u0259\u015fkili, \u0259ld\u0259 \u0435tdikl\u0259ri \u0435lmi y\u0435nilikl\u0259rin m\u00fcxt\u0259lif k\u00fctl\u0259vi informasiya vasit\u0259l\u0259rind\u0259 i\u015f\u0131qland\u0131r\u0131lmas\u0131, onlara m\u0435t\u043ediki, [&hellip;]<\/p>\n","protected":false},"author":1,"featured_media":0,"parent":0,"menu_order":0,"comment_status":"closed","ping_status":"closed","template":"","meta":{"_eb_attr":"","ocean_post_layout":"full-screen","ocean_both_sidebars_style":"","ocean_both_sidebars_content_width":0,"ocean_both_sidebars_sidebars_width":0,"ocean_sidebar":"0","ocean_second_sidebar":"0","ocean_disable_margins":"enable","ocean_add_body_class":"","ocean_shortcode_before_top_bar":"","ocean_shortcode_after_top_bar":"","ocean_shortcode_before_header":"","ocean_shortcode_after_header":"","ocean_has_shortcode":"","ocean_shortcode_after_title":"","ocean_shortcode_before_footer_widgets":"","ocean_shortcode_after_footer_widgets":"","ocean_shortcode_before_footer_bottom":"","ocean_shortcode_after_footer_bottom":"","ocean_display_top_bar":"off","ocean_display_header":"off","ocean_header_style":"","ocean_center_header_left_menu":"0","ocean_custom_header_template":"0","ocean_custom_logo":0,"ocean_custom_retina_logo":0,"ocean_custom_logo_max_width":0,"ocean_custom_logo_tablet_max_width":0,"ocean_custom_logo_mobile_max_width":0,"ocean_custom_logo_max_height":0,"ocean_custom_logo_tablet_max_height":0,"ocean_custom_logo_mobile_max_height":0,"ocean_header_custom_menu":"0","ocean_menu_typo_font_family":"0","ocean_menu_typo_font_subset":"","ocean_menu_typo_font_size":0,"ocean_menu_typo_font_size_tablet":0,"ocean_menu_typo_font_size_mobile":0,"ocean_menu_typo_font_size_unit":"px","ocean_menu_typo_font_weight":"","ocean_menu_typo_font_weight_tablet":"","ocean_menu_typo_font_weight_mobile":"","ocean_menu_typo_transform":"","ocean_menu_typo_transform_tablet":"","ocean_menu_typo_transform_mobile":"","ocean_menu_typo_line_height":0,"ocean_menu_typo_line_height_tablet":0,"ocean_menu_typo_line_height_mobile":0,"ocean_menu_typo_line_height_unit":"","ocean_menu_typo_spacing":0,"ocean_menu_typo_spacing_tablet":0,"ocean_menu_typo_spacing_mobile":0,"ocean_menu_typo_spacing_unit":"","ocean_menu_link_color":"","ocean_menu_link_color_hover":"","ocean_menu_link_color_active":"","ocean_menu_link_background":"","ocean_menu_link_hover_background":"","ocean_menu_link_active_background":"","ocean_menu_social_links_bg":"","ocean_menu_social_hover_links_bg":"","ocean_menu_social_links_color":"","ocean_menu_social_hover_links_color":"","ocean_disable_title":"on","ocean_disable_heading":"default","ocean_post_title":"","ocean_post_subheading":"","ocean_post_title_style":"","ocean_post_title_background_color":"","ocean_post_title_background":0,"ocean_post_title_bg_image_position":"","ocean_post_title_bg_image_attachment":"","ocean_post_title_bg_image_repeat":"","ocean_post_title_bg_image_size":"","ocean_post_title_height":0,"ocean_post_title_bg_overlay":0.5,"ocean_post_title_bg_overlay_color":"","ocean_disable_breadcrumbs":"default","ocean_breadcrumbs_color":"","ocean_breadcrumbs_separator_color":"","ocean_breadcrumbs_links_color":"","ocean_breadcrumbs_links_hover_color":"","ocean_display_footer_widgets":"off","ocean_display_footer_bottom":"off","ocean_custom_footer_template":"0","footnotes":""},"class_list":["post-64974","page","type-page","status-publish","hentry","entry"],"_links":{"self":[{"href":"https:\/\/mdu.edu.az\/en\/wp-json\/wp\/v2\/pages\/64974","targetHints":{"allow":["GET"]}}],"collection":[{"href":"https:\/\/mdu.edu.az\/en\/wp-json\/wp\/v2\/pages"}],"about":[{"href":"https:\/\/mdu.edu.az\/en\/wp-json\/wp\/v2\/types\/page"}],"author":[{"embeddable":true,"href":"https:\/\/mdu.edu.az\/en\/wp-json\/wp\/v2\/users\/1"}],"replies":[{"embeddable":true,"href":"https:\/\/mdu.edu.az\/en\/wp-json\/wp\/v2\/comments?post=64974"}],"version-history":[{"count":61,"href":"https:\/\/mdu.edu.az\/en\/wp-json\/wp\/v2\/pages\/64974\/revisions"}],"predecessor-version":[{"id":84694,"href":"https:\/\/mdu.edu.az\/en\/wp-json\/wp\/v2\/pages\/64974\/revisions\/84694"}],"wp:attachment":[{"href":"https:\/\/mdu.edu.az\/en\/wp-json\/wp\/v2\/media?parent=64974"}],"curies":[{"name":"wp","href":"https:\/\/api.w.org\/{rel}","templated":true}]}}