{"id":65490,"date":"2025-02-18T16:49:00","date_gmt":"2025-02-18T13:49:00","guid":{"rendered":"https:\/\/mdu.edu.az\/?page_id=65490"},"modified":"2025-08-07T13:58:18","modified_gmt":"2025-08-07T10:58:18","slug":"merkezi-aran-tedqiqat-merkezi","status":"publish","type":"page","link":"https:\/\/mdu.edu.az\/en\/merkezi-aran-tedqiqat-merkezi\/","title":{"rendered":"Merkezi Aran Tedqiqat Merkezi"},"content":{"rendered":"<div data-elementor-type=\"wp-page\" data-elementor-id=\"65490\" class=\"elementor elementor-65490\" data-elementor-settings=\"{&quot;element_pack_global_tooltip_width&quot;:{&quot;unit&quot;:&quot;px&quot;,&quot;size&quot;:&quot;&quot;,&quot;sizes&quot;:[]},&quot;element_pack_global_tooltip_width_tablet&quot;:{&quot;unit&quot;:&quot;px&quot;,&quot;size&quot;:&quot;&quot;,&quot;sizes&quot;:[]},&quot;element_pack_global_tooltip_width_mobile&quot;:{&quot;unit&quot;:&quot;px&quot;,&quot;size&quot;:&quot;&quot;,&quot;sizes&quot;:[]},&quot;element_pack_global_tooltip_padding&quot;:{&quot;unit&quot;:&quot;px&quot;,&quot;top&quot;:&quot;&quot;,&quot;right&quot;:&quot;&quot;,&quot;bottom&quot;:&quot;&quot;,&quot;left&quot;:&quot;&quot;,&quot;isLinked&quot;:true},&quot;element_pack_global_tooltip_padding_tablet&quot;:{&quot;unit&quot;:&quot;px&quot;,&quot;top&quot;:&quot;&quot;,&quot;right&quot;:&quot;&quot;,&quot;bottom&quot;:&quot;&quot;,&quot;left&quot;:&quot;&quot;,&quot;isLinked&quot;:true},&quot;element_pack_global_tooltip_padding_mobile&quot;:{&quot;unit&quot;:&quot;px&quot;,&quot;top&quot;:&quot;&quot;,&quot;right&quot;:&quot;&quot;,&quot;bottom&quot;:&quot;&quot;,&quot;left&quot;:&quot;&quot;,&quot;isLinked&quot;:true},&quot;element_pack_global_tooltip_border_radius&quot;:{&quot;unit&quot;:&quot;px&quot;,&quot;top&quot;:&quot;&quot;,&quot;right&quot;:&quot;&quot;,&quot;bottom&quot;:&quot;&quot;,&quot;left&quot;:&quot;&quot;,&quot;isLinked&quot;:true},&quot;element_pack_global_tooltip_border_radius_tablet&quot;:{&quot;unit&quot;:&quot;px&quot;,&quot;top&quot;:&quot;&quot;,&quot;right&quot;:&quot;&quot;,&quot;bottom&quot;:&quot;&quot;,&quot;left&quot;:&quot;&quot;,&quot;isLinked&quot;:true},&quot;element_pack_global_tooltip_border_radius_mobile&quot;:{&quot;unit&quot;:&quot;px&quot;,&quot;top&quot;:&quot;&quot;,&quot;right&quot;:&quot;&quot;,&quot;bottom&quot;:&quot;&quot;,&quot;left&quot;:&quot;&quot;,&quot;isLinked&quot;:true}}\" data-elementor-post-type=\"page\">\n\t\t\t\t\t\t<section data-particle_enable=\"false\" data-particle-mobile-disabled=\"false\" class=\"elementor-section elementor-top-section elementor-element elementor-element-15273e4f elementor-section-boxed elementor-section-height-default elementor-section-height-default\" data-id=\"15273e4f\" data-element_type=\"section\" data-e-type=\"section\">\n\t\t\t\t\t\t<div class=\"elementor-container elementor-column-gap-default\">\n\t\t\t\t\t<div class=\"elementor-column elementor-col-100 elementor-top-column elementor-element elementor-element-6c87d72d\" data-id=\"6c87d72d\" data-element_type=\"column\" data-e-type=\"column\">\n\t\t\t<div class=\"elementor-widget-wrap elementor-element-populated\">\n\t\t\t\t\t\t<div class=\"elementor-element elementor-element-5068b224 elementor-widget elementor-widget-text-editor\" data-id=\"5068b224\" data-element_type=\"widget\" data-e-type=\"widget\" data-widget_type=\"text-editor.default\">\n\t\t\t\t<div class=\"elementor-widget-container\">\n\t\t\t\t\t\t\t\t\t<p>Ming\u0259\u00e7evir D\u00f6vl\u0259t Universitetinin Elmi \u015euras\u0131n\u0131n 28 yanvar 2025-ci il tarixli 57 n\u00f6mr\u0259li q\u0259rar\u0131 il\u0259 M\u0259rk\u0259zi Aran Elmi T\u0259dqiqat M\u0259rk\u0259zi yarad\u0131ld\u0131. M\u0259rk\u0259zin yarad\u0131lmas\u0131nda \u0259sas m\u0259qs\u0259d iqtisadi rayon \u00fczr\u0259 elmi, sosial, iqtisadi, m\u0259d\u0259ni v\u0259 dig\u0259r sah\u0259l\u0259rd\u0259 ara\u015fd\u0131rmalar aparmaqd\u0131r.<\/p><p><span style=\"text-decoration: underline;\"><em><strong><a href=\"https:\/\/mdu.edu.az\/wp-content\/uploads\/2025\/03\/Merkezi-Aran-iqtisadi-rayonu.pdf\" target=\"_blank\" rel=\"noopener\">M\u0259rk\u0259zi Aran iqtisadi rayonu haqq\u0131nda m\u0259lumat<\/a><\/strong><\/em><\/span><\/p><p>M\u0259rk\u0259zi Aran Elmi T\u0259dqiqat M\u0259rk\u0259zinin f\u0259aliyy\u0259tinin \u0259sas istiqam\u0259tl\u0259ri a\u015fa\u011f\u0131dak\u0131lard\u0131r:<\/p><ul><li>M\u0259rk\u0259zi Aran \u0130qtisadi rayonu \u00fczr\u0259 m\u00fcxt\u0259lif sah\u0259l\u0259rd\u0259, o c\u00fcml\u0259d\u0259n iqtisadiyyat, humanitar, t\u0259bi\u0259t elml\u0259ri, m\u00fch\u0259ndislik v\u0259 \u0259traf m\u00fchit istiqam\u0259tind\u0259 t\u0259dqiqatlar aparmaq;<\/li><li>Regioanal konfranslar, seminarlar v\u0259 elmi m\u00fczakir\u0259l\u0259r t\u0259\u015fkil etm\u0259k;<\/li><li>Hesabatlar, t\u0259dqiqat s\u0259n\u0259dl\u0259ri, m\u0259qal\u0259l\u0259r\u00a0 haz\u0131rlamaq;<\/li><li>Universitetin t\u0259l\u0259b\u0259l\u0259ri \u00fc\u00e7\u00fcn elmi t\u0259liml\u0259r v\u0259 t\u0259cr\u00fcb\u0259 proqramlar\u0131 t\u0259\u015fkil etm\u0259k;<\/li><li>G\u0259nc t\u0259dqiqat\u00e7\u0131lara mentorluq etm\u0259k v\u0259 onlar\u0131n elmi potensial\u0131n\u0131 art\u0131r\u0131rmaq;\u00a0<\/li><li>Regionun t\u0259hsil, iqtisadiyyat, s\u0259naye v\u0259 s. sah\u0259l\u0259rind\u0259 inki\u015faf perspektivl\u0259rtini m\u00fc\u0259yy\u0259nl\u0259\u015fdirm\u0259k;<\/li><li>\u0130nnovativ t\u0259dqiqat layih\u0259l\u0259rinin t\u0259\u015fviqi v\u0259 h\u0259yat ke\u00e7irm\u0259k.\u00a0<\/li><\/ul><p>M\u0259rk\u0259zin a\u015fa\u011f\u0131dak\u0131 v\u0259zif\u0259l\u0259ri m\u00fc\u0259yyy\u0259nl\u0259\u015fdirilib:<\/p><ul><li>\u018fsas elmi t\u0259dqiqat sah\u0259l\u0259ri \u00fczr\u0259 f\u0259aliyy\u0259t g\u00f6st\u0259rm\u0259k v\u0259 bu sah\u0259d\u0259ki \u0259n m\u00fcasir elmi n\u0259tic\u0259l\u0259ri t\u0259tbiq etm\u0259k;\u00a0<\/li><li>M\u0259rk\u0259z\u0259 daxil olan t\u0259dqiqat\u00e7\u0131 v\u0259 t\u0259l\u0259b\u0259l\u0259rin elmi potensial\u0131n\u0131 inki\u015faf etdirm\u0259k;\u00a0<\/li><li>Yerl\u0259\u015fdiyi regionda, x\u00fcsus\u0259n d\u0259 M\u0259rk\u0259zi Aran b\u00f6lg\u0259sind\u0259 elmi f\u0259aliyy\u0259tin s\u0259viyy\u0259sini art\u0131rmaq;\u00a0<\/li><li>M\u00fc\u0259yy\u0259n olunmu\u015f\u00a0 sah\u0259l\u0259r \u00fczr\u0259 elmi kadrlarin yeti\u015fdirilm\u0259sin\u0259 d\u0259st\u0259k verm\u0259k;\u00a0<\/li><li>Universitet daxilind\u0259 elmi seminarlar, konfranslar, t\u0259liml\u0259r v\u0259 dig\u0259r elmi t\u0259dbirl\u0259r t\u0259\u015fkil etm\u0259k;\u00a0<\/li><li>Universitetin dig\u0259r strukturlar\u0131 il\u0259 s\u0131x \u0259m\u0259kda\u015fl\u0131q ed\u0259r\u0259k t\u0259dqiqat n\u0259tic\u0259l\u0259rini t\u0259hsil prosesin\u0259 inteqrasiya etm\u0259k;\u00a0<\/li><li>Elm v\u0259 texnologiya sah\u0259sind\u0259 t\u0259dqiqat layih\u0259l\u0259rinin h\u0259yata ke\u00e7irim\u0259k;<\/li><li>T\u0259l\u0259b\u0259l\u0259r v\u0259 m\u00fc\u0259lliml\u0259r aras\u0131nda elmi m\u00fcbadil\u0259ni art\u0131r\u0131lmas\u0131na nail olmaq;\u00a0<\/li><li>Elmi n\u0259tic\u0259l\u0259rin praktik t\u0259tbiqin\u0259 dair layih\u0259l\u0259rin d\u0259st\u0259kl\u0259nm\u0259si;\u00a0<\/li><li>Yerli v\u0259 beyn\u0259lxalq elmi t\u0259\u015fkilatlarla \u0259m\u0259kda\u015fl\u0131\u011f\u0131n t\u0259\u015fviq edilm\u0259si.\u00a0<\/li><\/ul>\t\t\t\t\t\t\t\t<\/div>\n\t\t\t\t<\/div>\n\t\t\t\t<div class=\"elementor-element elementor-element-30a97288 elementor-widget elementor-widget-heading\" data-id=\"30a97288\" data-element_type=\"widget\" data-e-type=\"widget\" data-widget_type=\"heading.default\">\n\t\t\t\t<div class=\"elementor-widget-container\">\n\t\t\t\t\t<h2 class=\"elementor-heading-title elementor-size-default\">Head of the center<\/h2>\t\t\t\t<\/div>\n\t\t\t\t<\/div>\n\t\t\t\t<div class=\"elementor-element elementor-element-36f34bdd elementor-widget-divider--view-line elementor-widget elementor-widget-divider\" data-id=\"36f34bdd\" data-element_type=\"widget\" data-e-type=\"widget\" data-widget_type=\"divider.default\">\n\t\t\t\t<div class=\"elementor-widget-container\">\n\t\t\t\t\t\t\t<div class=\"elementor-divider\">\n\t\t\t<span class=\"elementor-divider-separator\">\n\t\t\t\t\t\t<\/span>\n\t\t<\/div>\n\t\t\t\t\t\t<\/div>\n\t\t\t\t<\/div>\n\t\t\t\t<section data-particle_enable=\"false\" data-particle-mobile-disabled=\"false\" class=\"elementor-section elementor-inner-section elementor-element elementor-element-4d8380dc elementor-section-boxed elementor-section-height-default elementor-section-height-default\" data-id=\"4d8380dc\" data-element_type=\"section\" data-e-type=\"section\">\n\t\t\t\t\t\t<div class=\"elementor-container elementor-column-gap-no\">\n\t\t\t\t\t<div class=\"elementor-column elementor-col-33 elementor-inner-column elementor-element elementor-element-4d227d12\" data-id=\"4d227d12\" data-element_type=\"column\" data-e-type=\"column\">\n\t\t\t<div class=\"elementor-widget-wrap elementor-element-populated\">\n\t\t\t\t\t\t<div class=\"elementor-element elementor-element-77f06bb4 elementor-position-left elementor-vertical-align-middle elementor-widget elementor-widget-image-box\" data-id=\"77f06bb4\" data-element_type=\"widget\" data-e-type=\"widget\" data-widget_type=\"image-box.default\">\n\t\t\t\t<div class=\"elementor-widget-container\">\n\t\t\t\t\t<div class=\"elementor-image-box-wrapper\"><figure class=\"elementor-image-box-img\"><img fetchpriority=\"high\" decoding=\"async\" width=\"545\" height=\"768\" src=\"https:\/\/mdu.edu.az\/wp-content\/uploads\/2025\/06\/imgonline-com-ua-Resize-stuHx3qlFSRK6.jpg\" class=\"attachment-full size-full wp-image-74664\" alt=\"\" srcset=\"https:\/\/mdu.edu.az\/wp-content\/uploads\/2025\/06\/imgonline-com-ua-Resize-stuHx3qlFSRK6.jpg 545w, https:\/\/mdu.edu.az\/wp-content\/uploads\/2025\/06\/imgonline-com-ua-Resize-stuHx3qlFSRK6-213x300.jpg 213w, https:\/\/mdu.edu.az\/wp-content\/uploads\/2025\/06\/imgonline-com-ua-Resize-stuHx3qlFSRK6-9x12.jpg 9w, https:\/\/mdu.edu.az\/wp-content\/uploads\/2025\/06\/imgonline-com-ua-Resize-stuHx3qlFSRK6-17x24.jpg 17w, https:\/\/mdu.edu.az\/wp-content\/uploads\/2025\/06\/imgonline-com-ua-Resize-stuHx3qlFSRK6-26x36.jpg 26w, https:\/\/mdu.edu.az\/wp-content\/uploads\/2025\/06\/imgonline-com-ua-Resize-stuHx3qlFSRK6-34x48.jpg 34w\" sizes=\"(max-width: 545px) 100vw, 545px\" \/><\/figure><div class=\"elementor-image-box-content\"><h3 class=\"elementor-image-box-title\">M\u00f6vlayeva V\u00fcsal\u0259 <br> \u018flican q\u0131z\u0131<\/h3><p class=\"elementor-image-box-description\"><a href=\"mailto:vusala.movlayeva@mdu.edu.az\">vusala.movlayeva@mdu.edu.az<\/a><br>\n\n<\/p><\/div><\/div>\t\t\t\t<\/div>\n\t\t\t\t<\/div>\n\t\t\t\t\t<\/div>\n\t\t<\/div>\n\t\t\t\t<div class=\"elementor-column elementor-col-33 elementor-inner-column elementor-element elementor-element-72dc17d6\" data-id=\"72dc17d6\" data-element_type=\"column\" data-e-type=\"column\">\n\t\t\t<div class=\"elementor-widget-wrap\">\n\t\t\t\t\t\t\t<\/div>\n\t\t<\/div>\n\t\t\t\t<div class=\"elementor-column elementor-col-33 elementor-inner-column elementor-element elementor-element-6fbaaed5\" data-id=\"6fbaaed5\" data-element_type=\"column\" data-e-type=\"column\">\n\t\t\t<div class=\"elementor-widget-wrap\">\n\t\t\t\t\t\t\t<\/div>\n\t\t<\/div>\n\t\t\t\t\t<\/div>\n\t\t<\/section>\n\t\t\t\t\t<\/div>\n\t\t<\/div>\n\t\t\t\t\t<\/div>\n\t\t<\/section>\n\t\t\t\t<\/div>","protected":false},"excerpt":{"rendered":"<p>M\u0259rk\u0259zi Aran elmi t\u0259dqiqat m\u0259rk\u0259zi Ming\u0259\u00e7evir D\u00f6vl\u0259t Universitetinin Elmi \u015euras\u0131n\u0131n 28 yanvar 2025-ci il tarixli 57 n\u00f6mr\u0259li q\u0259rar\u0131 il\u0259 M\u0259rk\u0259zi Aran Elmi T\u0259dqiqat M\u0259rk\u0259zi yarad\u0131ld\u0131. M\u0259rk\u0259zin yarad\u0131lmas\u0131nda \u0259sas m\u0259qs\u0259d iqtisadi rayon \u00fczr\u0259 elmi, sosial, iqtisadi, m\u0259d\u0259ni v\u0259 dig\u0259r sah\u0259l\u0259rd\u0259 ara\u015fd\u0131rmalar aparmaqd\u0131r. M\u0259rk\u0259zi Aran iqtisadi rayonu haqq\u0131nda m\u0259lumat M\u0259rk\u0259zi Aran Elmi T\u0259dqiqat M\u0259rk\u0259zinin f\u0259aliyy\u0259tinin \u0259sas istiqam\u0259tl\u0259ri [&hellip;]<\/p>\n","protected":false},"author":1,"featured_media":0,"parent":0,"menu_order":0,"comment_status":"closed","ping_status":"closed","template":"","meta":{"_eb_attr":"","ocean_post_layout":"full-screen","ocean_both_sidebars_style":"","ocean_both_sidebars_content_width":0,"ocean_both_sidebars_sidebars_width":0,"ocean_sidebar":"","ocean_second_sidebar":"","ocean_disable_margins":"enable","ocean_add_body_class":"","ocean_shortcode_before_top_bar":"","ocean_shortcode_after_top_bar":"","ocean_shortcode_before_header":"","ocean_shortcode_after_header":"","ocean_has_shortcode":"","ocean_shortcode_after_title":"","ocean_shortcode_before_footer_widgets":"","ocean_shortcode_after_footer_widgets":"","ocean_shortcode_before_footer_bottom":"","ocean_shortcode_after_footer_bottom":"","ocean_display_top_bar":"off","ocean_display_header":"off","ocean_header_style":"","ocean_center_header_left_menu":"","ocean_custom_header_template":"","ocean_custom_logo":0,"ocean_custom_retina_logo":0,"ocean_custom_logo_max_width":0,"ocean_custom_logo_tablet_max_width":0,"ocean_custom_logo_mobile_max_width":0,"ocean_custom_logo_max_height":0,"ocean_custom_logo_tablet_max_height":0,"ocean_custom_logo_mobile_max_height":0,"ocean_header_custom_menu":"","ocean_menu_typo_font_family":"","ocean_menu_typo_font_subset":"","ocean_menu_typo_font_size":0,"ocean_menu_typo_font_size_tablet":0,"ocean_menu_typo_font_size_mobile":0,"ocean_menu_typo_font_size_unit":"px","ocean_menu_typo_font_weight":"","ocean_menu_typo_font_weight_tablet":"","ocean_menu_typo_font_weight_mobile":"","ocean_menu_typo_transform":"","ocean_menu_typo_transform_tablet":"","ocean_menu_typo_transform_mobile":"","ocean_menu_typo_line_height":0,"ocean_menu_typo_line_height_tablet":0,"ocean_menu_typo_line_height_mobile":0,"ocean_menu_typo_line_height_unit":"","ocean_menu_typo_spacing":0,"ocean_menu_typo_spacing_tablet":0,"ocean_menu_typo_spacing_mobile":0,"ocean_menu_typo_spacing_unit":"","ocean_menu_link_color":"","ocean_menu_link_color_hover":"","ocean_menu_link_color_active":"","ocean_menu_link_background":"","ocean_menu_link_hover_background":"","ocean_menu_link_active_background":"","ocean_menu_social_links_bg":"","ocean_menu_social_hover_links_bg":"","ocean_menu_social_links_color":"","ocean_menu_social_hover_links_color":"","ocean_disable_title":"on","ocean_disable_heading":"default","ocean_post_title":"","ocean_post_subheading":"","ocean_post_title_style":"","ocean_post_title_background_color":"","ocean_post_title_background":0,"ocean_post_title_bg_image_position":"","ocean_post_title_bg_image_attachment":"","ocean_post_title_bg_image_repeat":"","ocean_post_title_bg_image_size":"","ocean_post_title_height":0,"ocean_post_title_bg_overlay":0.5,"ocean_post_title_bg_overlay_color":"","ocean_disable_breadcrumbs":"default","ocean_breadcrumbs_color":"","ocean_breadcrumbs_separator_color":"","ocean_breadcrumbs_links_color":"","ocean_breadcrumbs_links_hover_color":"","ocean_display_footer_widgets":"off","ocean_display_footer_bottom":"off","ocean_custom_footer_template":"","footnotes":""},"class_list":["post-65490","page","type-page","status-publish","hentry","entry"],"_links":{"self":[{"href":"https:\/\/mdu.edu.az\/en\/wp-json\/wp\/v2\/pages\/65490","targetHints":{"allow":["GET"]}}],"collection":[{"href":"https:\/\/mdu.edu.az\/en\/wp-json\/wp\/v2\/pages"}],"about":[{"href":"https:\/\/mdu.edu.az\/en\/wp-json\/wp\/v2\/types\/page"}],"author":[{"embeddable":true,"href":"https:\/\/mdu.edu.az\/en\/wp-json\/wp\/v2\/users\/1"}],"replies":[{"embeddable":true,"href":"https:\/\/mdu.edu.az\/en\/wp-json\/wp\/v2\/comments?post=65490"}],"version-history":[{"count":40,"href":"https:\/\/mdu.edu.az\/en\/wp-json\/wp\/v2\/pages\/65490\/revisions"}],"predecessor-version":[{"id":77395,"href":"https:\/\/mdu.edu.az\/en\/wp-json\/wp\/v2\/pages\/65490\/revisions\/77395"}],"wp:attachment":[{"href":"https:\/\/mdu.edu.az\/en\/wp-json\/wp\/v2\/media?parent=65490"}],"curies":[{"name":"wp","href":"https:\/\/api.w.org\/{rel}","templated":true}]}}