{"id":68398,"date":"2025-05-15T07:05:35","date_gmt":"2025-05-15T04:05:35","guid":{"rendered":"https:\/\/mdu.edu.az\/?page_id=68398"},"modified":"2026-02-23T09:13:25","modified_gmt":"2026-02-23T06:13:25","slug":"ictimai-n%c9%99zar%c9%99t-surasi","status":"publish","type":"page","link":"https:\/\/mdu.edu.az\/en\/ictimai-n%c9%99zar%c9%99t-surasi\/","title":{"rendered":"\u0130ctimai n\u0259zar\u0259t \u015euras\u0131"},"content":{"rendered":"<div data-elementor-type=\"wp-page\" data-elementor-id=\"68398\" class=\"elementor elementor-68398\" data-elementor-settings=\"{&quot;element_pack_global_tooltip_width&quot;:{&quot;unit&quot;:&quot;px&quot;,&quot;size&quot;:&quot;&quot;,&quot;sizes&quot;:[]},&quot;element_pack_global_tooltip_width_tablet&quot;:{&quot;unit&quot;:&quot;px&quot;,&quot;size&quot;:&quot;&quot;,&quot;sizes&quot;:[]},&quot;element_pack_global_tooltip_width_mobile&quot;:{&quot;unit&quot;:&quot;px&quot;,&quot;size&quot;:&quot;&quot;,&quot;sizes&quot;:[]},&quot;element_pack_global_tooltip_padding&quot;:{&quot;unit&quot;:&quot;px&quot;,&quot;top&quot;:&quot;&quot;,&quot;right&quot;:&quot;&quot;,&quot;bottom&quot;:&quot;&quot;,&quot;left&quot;:&quot;&quot;,&quot;isLinked&quot;:true},&quot;element_pack_global_tooltip_padding_tablet&quot;:{&quot;unit&quot;:&quot;px&quot;,&quot;top&quot;:&quot;&quot;,&quot;right&quot;:&quot;&quot;,&quot;bottom&quot;:&quot;&quot;,&quot;left&quot;:&quot;&quot;,&quot;isLinked&quot;:true},&quot;element_pack_global_tooltip_padding_mobile&quot;:{&quot;unit&quot;:&quot;px&quot;,&quot;top&quot;:&quot;&quot;,&quot;right&quot;:&quot;&quot;,&quot;bottom&quot;:&quot;&quot;,&quot;left&quot;:&quot;&quot;,&quot;isLinked&quot;:true},&quot;element_pack_global_tooltip_border_radius&quot;:{&quot;unit&quot;:&quot;px&quot;,&quot;top&quot;:&quot;&quot;,&quot;right&quot;:&quot;&quot;,&quot;bottom&quot;:&quot;&quot;,&quot;left&quot;:&quot;&quot;,&quot;isLinked&quot;:true},&quot;element_pack_global_tooltip_border_radius_tablet&quot;:{&quot;unit&quot;:&quot;px&quot;,&quot;top&quot;:&quot;&quot;,&quot;right&quot;:&quot;&quot;,&quot;bottom&quot;:&quot;&quot;,&quot;left&quot;:&quot;&quot;,&quot;isLinked&quot;:true},&quot;element_pack_global_tooltip_border_radius_mobile&quot;:{&quot;unit&quot;:&quot;px&quot;,&quot;top&quot;:&quot;&quot;,&quot;right&quot;:&quot;&quot;,&quot;bottom&quot;:&quot;&quot;,&quot;left&quot;:&quot;&quot;,&quot;isLinked&quot;:true}}\" data-elementor-post-type=\"page\">\n\t\t\t\t\t\t<section data-particle_enable=\"false\" data-particle-mobile-disabled=\"false\" class=\"elementor-section elementor-top-section elementor-element elementor-element-2b2be2c0 elementor-section-boxed elementor-section-height-default elementor-section-height-default\" data-id=\"2b2be2c0\" data-element_type=\"section\" data-e-type=\"section\">\n\t\t\t\t\t\t<div class=\"elementor-container elementor-column-gap-default\">\n\t\t\t\t\t<div class=\"elementor-column elementor-col-100 elementor-top-column elementor-element elementor-element-3a8adae\" data-id=\"3a8adae\" data-element_type=\"column\" data-e-type=\"column\" data-settings=\"{&quot;background_background&quot;:&quot;classic&quot;}\">\n\t\t\t<div class=\"elementor-widget-wrap elementor-element-populated\">\n\t\t\t\t\t\t<section data-particle_enable=\"false\" data-particle-mobile-disabled=\"false\" class=\"elementor-section elementor-inner-section elementor-element elementor-element-20ae0d6c elementor-section-full_width elementor-section-content-middle elementor-section-height-default elementor-section-height-default\" data-id=\"20ae0d6c\" data-element_type=\"section\" data-e-type=\"section\" data-settings=\"{&quot;background_background&quot;:&quot;classic&quot;}\">\n\t\t\t\t\t\t<div class=\"elementor-container elementor-column-gap-no\">\n\t\t\t\t\t<div class=\"elementor-column elementor-col-100 elementor-inner-column elementor-element elementor-element-29fe7a36\" data-id=\"29fe7a36\" data-element_type=\"column\" data-e-type=\"column\">\n\t\t\t<div class=\"elementor-widget-wrap elementor-element-populated\">\n\t\t\t\t\t\t<div class=\"elementor-element elementor-element-156252a6 elementor-widget elementor-widget-heading\" data-id=\"156252a6\" data-element_type=\"widget\" data-e-type=\"widget\" data-widget_type=\"heading.default\">\n\t\t\t\t<div class=\"elementor-widget-container\">\n\t\t\t\t\t<h1 class=\"elementor-heading-title elementor-size-default\">\u0130ctimai N\u0259zar\u0259t \u015euras\u0131<\/h1>\t\t\t\t<\/div>\n\t\t\t\t<\/div>\n\t\t\t\t<div class=\"elementor-element elementor-element-7ce41497 elementor-widget-divider--view-line elementor-widget elementor-widget-divider\" data-id=\"7ce41497\" data-element_type=\"widget\" data-e-type=\"widget\" data-widget_type=\"divider.default\">\n\t\t\t\t<div class=\"elementor-widget-container\">\n\t\t\t\t\t\t\t<div class=\"elementor-divider\">\n\t\t\t<span class=\"elementor-divider-separator\">\n\t\t\t\t\t\t<\/span>\n\t\t<\/div>\n\t\t\t\t\t\t<\/div>\n\t\t\t\t<\/div>\n\t\t\t\t\t<\/div>\n\t\t<\/div>\n\t\t\t\t\t<\/div>\n\t\t<\/section>\n\t\t\t\t\t<\/div>\n\t\t<\/div>\n\t\t\t\t\t<\/div>\n\t\t<\/section>\n\t\t\t\t<section data-particle_enable=\"false\" data-particle-mobile-disabled=\"false\" class=\"elementor-section elementor-top-section elementor-element elementor-element-fea4ba6 elementor-section-boxed elementor-section-height-default elementor-section-height-default\" data-id=\"fea4ba6\" data-element_type=\"section\" data-e-type=\"section\">\n\t\t\t\t\t\t<div class=\"elementor-container elementor-column-gap-default\">\n\t\t\t\t\t<div class=\"elementor-column elementor-col-100 elementor-top-column elementor-element elementor-element-4c7977d8\" data-id=\"4c7977d8\" data-element_type=\"column\" data-e-type=\"column\">\n\t\t\t<div class=\"elementor-widget-wrap elementor-element-populated\">\n\t\t\t\t\t\t<div class=\"elementor-element elementor-element-4c19309 elementor-widget elementor-widget-spacer\" data-id=\"4c19309\" data-element_type=\"widget\" data-e-type=\"widget\" data-widget_type=\"spacer.default\">\n\t\t\t\t<div class=\"elementor-widget-container\">\n\t\t\t\t\t\t\t<div class=\"elementor-spacer\">\n\t\t\t<div class=\"elementor-spacer-inner\"><\/div>\n\t\t<\/div>\n\t\t\t\t\t\t<\/div>\n\t\t\t\t<\/div>\n\t\t\t\t<div class=\"elementor-element elementor-element-695d8a76 elementor-widget elementor-widget-text-editor\" data-id=\"695d8a76\" data-element_type=\"widget\" data-e-type=\"widget\" data-widget_type=\"text-editor.default\">\n\t\t\t\t<div class=\"elementor-widget-container\">\n\t\t\t\t\t\t\t\t\t<p>\u00d6lk\u0259 v\u0259 beyn\u0259lxalq t\u0259cr\u00fcb\u0259 g\u00f6st\u0259rir ki, v\u0259t\u0259nda\u015f c\u0259miyy\u0259ti strukturlar\u0131n\u0131n d\u00f6vl\u0259t orqanlar\u0131n\u0131n i\u015find\u0259 yax\u0131ndan i\u015ftirak etm\u0259si, veril\u0259n q\u0259rarlarda t\u0259siretm\u0259 g\u00fcc\u00fcn\u0259 sahib olmas\u0131 effektiv \u00fcsuldur. Bel\u0259 olan halda v\u0259t\u0259nda\u015f-d\u00f6vl\u0259t m\u00fcnasib\u0259tl\u0259rinin t\u0259nziml\u0259nm\u0259sind\u0259 \u015f\u0259ffafl\u0131q prinsipi t\u0259min olunur.<\/p><p>Haz\u0131rda Az\u0259rbaycanda m\u0259rk\u0259zi v\u0259 yerli icra hakimiyy\u0259ti, el\u0259c\u0259 d\u0259 yerli \u00f6z\u00fcn\u00fcidar\u0259etm\u0259 orqanlar\u0131na ictimai n\u0259zar\u0259tin olmas\u0131 d\u00f6vl\u0259tin diqq\u0259td\u0259 saxlad\u0131\u011f\u0131 \u0259sas m\u0259s\u0259l\u0259l\u0259rd\u0259n biridir. 2014-c\u00fc ild\u0259 &#8220;\u0130ctimai i\u015ftirak\u00e7\u0131l\u0131q haqq\u0131nda&#8221; Qanunun q\u00fcvv\u0259y\u0259 minm\u0259si bu f\u0259aliyy\u0259ti daha da s\u00fcr\u0259tl\u0259ndirib. Bu Qanunun q\u0259bulu il\u0259 m\u00fcvafiq strukturlar yan\u0131nda ictimai \u015furalar\u0131n yarad\u0131lmas\u0131 m\u0259cburi xarakter da\u015f\u0131y\u0131r. B\u00fct\u00fcn bunlar h\u0259yata ke\u00e7irilm\u0259kl\u0259 Az\u0259rbaycan demokratikl\u0259\u015fm\u0259 prosesind\u0259, el\u0259c\u0259 d\u0259 d\u00f6vl\u0259t-v\u0259t\u0259nda\u015f m\u00fcnasib\u0259tl\u0259rind\u0259 n\u00f6vb\u0259ti m\u0259rh\u0259l\u0259y\u0259 q\u0259d\u0259m qoyur.<\/p><p>Qeyd olunanlar\u0131 n\u0259z\u0259r\u0259 alaraq, rektorun 29 aprel 2025-ci il tarixli 01-02\/170 n\u00f6mr\u0259li \u0259mri il\u0259 Ming\u0259\u00e7evir D\u00f6vl\u0259t Universitetind\u0259 \u0130ctimai N\u0259zar\u0259t \u015euras\u0131 yeni t\u0259rkibd\u0259 yarad\u0131l\u0131b.<\/p><p><strong>\u0130ctimai N\u0259zar\u0259t \u015euras\u0131n\u0131n \u0259sas m\u0259qs\u0259di<\/strong> a\u015fa\u011f\u0131dak\u0131lardan ibar\u0259tdir:<\/p><ul><li>maraql\u0131 t\u0259r\u0259fl\u0259rin MDU-nun idar\u0259 olunmas\u0131nda i\u015ftiraka c\u0259lb edilm\u0259si;<\/li><li>MDU-nun f\u0259aliyy\u0259tin\u0259 ictimai n\u0259zar\u0259tin h\u0259yata ke\u00e7irilm\u0259si;<\/li><li>universitet il\u0259 ictimaiyy\u0259t aras\u0131nda s\u0259m\u0259r\u0259li qar\u015f\u0131l\u0131ql\u0131 \u0259laq\u0259l\u0259rin t\u0259\u015fkili;<\/li><li>a\u015fkarl\u0131\u011f\u0131n v\u0259 \u015f\u0259ffafl\u0131\u011f\u0131n t\u0259min olunmas\u0131;<\/li><li>\u0259m\u0259kda\u015flar\u0131n v\u0259 t\u0259hsil alanlar\u0131n h\u00fcquqlar\u0131n\u0131n m\u00fcdafi\u0259si;<\/li><li>MDU-da f\u0259aliyy\u0259tl\u0259rin t\u0259kmill\u0259\u015fdirilm\u0259si \u00fc\u00e7\u00fcn t\u0259klifl\u0259rin verilm\u0259si.<\/li><\/ul><p><strong>\u0130ctimai N\u0259zar\u0259t \u015euras\u0131n\u0131n \u0259sas v\u0259zif\u0259l\u0259ri<\/strong> a\u015fa\u011f\u0131dak\u0131lardan ibar\u0259tdir:<\/p><ul><li>MDU-nun inki\u015faf strategiyas\u0131n\u0131n v\u0259 f\u0259aliyy\u0259t proqramlar\u0131n\u0131n formala\u015fd\u0131r\u0131lmas\u0131nda f\u0259al i\u015ftirak etm\u0259k;<\/li><li>t\u0259hsil, elm, texnika, m\u0259d\u0259ni sah\u0259l\u0259rd\u0259, el\u0259c\u0259 d\u0259 beyn\u0259lxalq \u0259laq\u0259l\u0259r sah\u0259sind\u0259 MDU-nun d\u00f6vl\u0259t, ictimai, i\u015fg\u00fczar strukturlarla \u0259m\u0259kda\u015fl\u0131\u011f\u0131n\u0131n inki\u015faf etdirilm\u0259sin\u0259 yard\u0131m etm\u0259k;<\/li><li>MDU-nun t\u0259hsil, elm, sosial-ictimai v\u0259 dig\u0259r sah\u0259l\u0259rd\u0259 f\u0259aliyy\u0259tini t\u0259bli\u011f etm\u0259k;<\/li><li>MDU-nun intellektual v\u0259 fiziki resurslar\u0131ndan istifad\u0259nin s\u0259m\u0259r\u0259liliyini d\u0259y\u0259rl\u0259ndirm\u0259k v\u0259 art\u0131rmaq istiqam\u0259tind\u0259 t\u00f6vsiy\u0259l\u0259r verm\u0259k.<\/li><\/ul><p><strong>\u0130ctimai N\u0259zar\u0259t \u015euras\u0131n\u0131n formala\u015fd\u0131r\u0131lmas\u0131 haqq\u0131nda<\/strong><\/p><p><b>\u0130ctimai N\u0259zar\u0259t \u015euras\u0131n\u0131n <\/b><strong>\u018fsasnam\u0259si<\/strong><\/p>\t\t\t\t\t\t\t\t<\/div>\n\t\t\t\t<\/div>\n\t\t\t\t\t<\/div>\n\t\t<\/div>\n\t\t\t\t\t<\/div>\n\t\t<\/section>\n\t\t\t\t<\/div>","protected":false},"excerpt":{"rendered":"<p>\u0130ctimai N\u0259zar\u0259t \u015euras\u0131 \u00d6lk\u0259 v\u0259 beyn\u0259lxalq t\u0259cr\u00fcb\u0259 g\u00f6st\u0259rir ki, v\u0259t\u0259nda\u015f c\u0259miyy\u0259ti strukturlar\u0131n\u0131n d\u00f6vl\u0259t orqanlar\u0131n\u0131n i\u015find\u0259 yax\u0131ndan i\u015ftirak etm\u0259si, veril\u0259n q\u0259rarlarda t\u0259siretm\u0259 g\u00fcc\u00fcn\u0259 sahib olmas\u0131 effektiv \u00fcsuldur. Bel\u0259 olan halda v\u0259t\u0259nda\u015f-d\u00f6vl\u0259t m\u00fcnasib\u0259tl\u0259rinin t\u0259nziml\u0259nm\u0259sind\u0259 \u015f\u0259ffafl\u0131q prinsipi t\u0259min olunur. Haz\u0131rda Az\u0259rbaycanda m\u0259rk\u0259zi v\u0259 yerli icra hakimiyy\u0259ti, el\u0259c\u0259 d\u0259 yerli \u00f6z\u00fcn\u00fcidar\u0259etm\u0259 orqanlar\u0131na ictimai n\u0259zar\u0259tin olmas\u0131 d\u00f6vl\u0259tin diqq\u0259td\u0259 saxlad\u0131\u011f\u0131 \u0259sas [&hellip;]<\/p>\n","protected":false},"author":1,"featured_media":0,"parent":0,"menu_order":0,"comment_status":"closed","ping_status":"closed","template":"","meta":{"_eb_attr":"","ocean_post_layout":"full-screen","ocean_both_sidebars_style":"","ocean_both_sidebars_content_width":0,"ocean_both_sidebars_sidebars_width":0,"ocean_sidebar":"","ocean_second_sidebar":"","ocean_disable_margins":"enable","ocean_add_body_class":"","ocean_shortcode_before_top_bar":"","ocean_shortcode_after_top_bar":"","ocean_shortcode_before_header":"","ocean_shortcode_after_header":"","ocean_has_shortcode":"","ocean_shortcode_after_title":"","ocean_shortcode_before_footer_widgets":"","ocean_shortcode_after_footer_widgets":"","ocean_shortcode_before_footer_bottom":"","ocean_shortcode_after_footer_bottom":"","ocean_display_top_bar":"off","ocean_display_header":"off","ocean_header_style":"","ocean_center_header_left_menu":"","ocean_custom_header_template":"","ocean_custom_logo":0,"ocean_custom_retina_logo":0,"ocean_custom_logo_max_width":0,"ocean_custom_logo_tablet_max_width":0,"ocean_custom_logo_mobile_max_width":0,"ocean_custom_logo_max_height":0,"ocean_custom_logo_tablet_max_height":0,"ocean_custom_logo_mobile_max_height":0,"ocean_header_custom_menu":"","ocean_menu_typo_font_family":"","ocean_menu_typo_font_subset":"","ocean_menu_typo_font_size":0,"ocean_menu_typo_font_size_tablet":0,"ocean_menu_typo_font_size_mobile":0,"ocean_menu_typo_font_size_unit":"px","ocean_menu_typo_font_weight":"","ocean_menu_typo_font_weight_tablet":"","ocean_menu_typo_font_weight_mobile":"","ocean_menu_typo_transform":"","ocean_menu_typo_transform_tablet":"","ocean_menu_typo_transform_mobile":"","ocean_menu_typo_line_height":0,"ocean_menu_typo_line_height_tablet":0,"ocean_menu_typo_line_height_mobile":0,"ocean_menu_typo_line_height_unit":"","ocean_menu_typo_spacing":0,"ocean_menu_typo_spacing_tablet":0,"ocean_menu_typo_spacing_mobile":0,"ocean_menu_typo_spacing_unit":"","ocean_menu_link_color":"","ocean_menu_link_color_hover":"","ocean_menu_link_color_active":"","ocean_menu_link_background":"","ocean_menu_link_hover_background":"","ocean_menu_link_active_background":"","ocean_menu_social_links_bg":"","ocean_menu_social_hover_links_bg":"","ocean_menu_social_links_color":"","ocean_menu_social_hover_links_color":"","ocean_disable_title":"on","ocean_disable_heading":"default","ocean_post_title":"","ocean_post_subheading":"","ocean_post_title_style":"","ocean_post_title_background_color":"","ocean_post_title_background":0,"ocean_post_title_bg_image_position":"","ocean_post_title_bg_image_attachment":"","ocean_post_title_bg_image_repeat":"","ocean_post_title_bg_image_size":"","ocean_post_title_height":0,"ocean_post_title_bg_overlay":0.5,"ocean_post_title_bg_overlay_color":"","ocean_disable_breadcrumbs":"default","ocean_breadcrumbs_color":"","ocean_breadcrumbs_separator_color":"","ocean_breadcrumbs_links_color":"","ocean_breadcrumbs_links_hover_color":"","ocean_display_footer_widgets":"off","ocean_display_footer_bottom":"off","ocean_custom_footer_template":"","footnotes":""},"class_list":["post-68398","page","type-page","status-publish","hentry","entry"],"_links":{"self":[{"href":"https:\/\/mdu.edu.az\/en\/wp-json\/wp\/v2\/pages\/68398","targetHints":{"allow":["GET"]}}],"collection":[{"href":"https:\/\/mdu.edu.az\/en\/wp-json\/wp\/v2\/pages"}],"about":[{"href":"https:\/\/mdu.edu.az\/en\/wp-json\/wp\/v2\/types\/page"}],"author":[{"embeddable":true,"href":"https:\/\/mdu.edu.az\/en\/wp-json\/wp\/v2\/users\/1"}],"replies":[{"embeddable":true,"href":"https:\/\/mdu.edu.az\/en\/wp-json\/wp\/v2\/comments?post=68398"}],"version-history":[{"count":49,"href":"https:\/\/mdu.edu.az\/en\/wp-json\/wp\/v2\/pages\/68398\/revisions"}],"predecessor-version":[{"id":84703,"href":"https:\/\/mdu.edu.az\/en\/wp-json\/wp\/v2\/pages\/68398\/revisions\/84703"}],"wp:attachment":[{"href":"https:\/\/mdu.edu.az\/en\/wp-json\/wp\/v2\/media?parent=68398"}],"curies":[{"name":"wp","href":"https:\/\/api.w.org\/{rel}","templated":true}]}}