{"id":68550,"date":"2025-05-16T11:54:45","date_gmt":"2025-05-16T08:54:45","guid":{"rendered":"https:\/\/mdu.edu.az\/?page_id=68550"},"modified":"2025-08-07T14:10:26","modified_gmt":"2025-08-07T11:10:26","slug":"qazil%c9%99r%c9%99-sosial-xidm%c9%99t-m%c9%99rk%c9%99zi","status":"publish","type":"page","link":"https:\/\/mdu.edu.az\/en\/qazil%c9%99r%c9%99-sosial-xidm%c9%99t-m%c9%99rk%c9%99zi\/","title":{"rendered":"Qazil\u0259r\u0259 sosial xidm\u0259t m\u0259rk\u0259zi\u202f"},"content":{"rendered":"<div data-elementor-type=\"wp-page\" data-elementor-id=\"68550\" class=\"elementor elementor-68550\" data-elementor-settings=\"{&quot;element_pack_global_tooltip_width&quot;:{&quot;unit&quot;:&quot;px&quot;,&quot;size&quot;:&quot;&quot;,&quot;sizes&quot;:[]},&quot;element_pack_global_tooltip_width_tablet&quot;:{&quot;unit&quot;:&quot;px&quot;,&quot;size&quot;:&quot;&quot;,&quot;sizes&quot;:[]},&quot;element_pack_global_tooltip_width_mobile&quot;:{&quot;unit&quot;:&quot;px&quot;,&quot;size&quot;:&quot;&quot;,&quot;sizes&quot;:[]},&quot;element_pack_global_tooltip_padding&quot;:{&quot;unit&quot;:&quot;px&quot;,&quot;top&quot;:&quot;&quot;,&quot;right&quot;:&quot;&quot;,&quot;bottom&quot;:&quot;&quot;,&quot;left&quot;:&quot;&quot;,&quot;isLinked&quot;:true},&quot;element_pack_global_tooltip_padding_tablet&quot;:{&quot;unit&quot;:&quot;px&quot;,&quot;top&quot;:&quot;&quot;,&quot;right&quot;:&quot;&quot;,&quot;bottom&quot;:&quot;&quot;,&quot;left&quot;:&quot;&quot;,&quot;isLinked&quot;:true},&quot;element_pack_global_tooltip_padding_mobile&quot;:{&quot;unit&quot;:&quot;px&quot;,&quot;top&quot;:&quot;&quot;,&quot;right&quot;:&quot;&quot;,&quot;bottom&quot;:&quot;&quot;,&quot;left&quot;:&quot;&quot;,&quot;isLinked&quot;:true},&quot;element_pack_global_tooltip_border_radius&quot;:{&quot;unit&quot;:&quot;px&quot;,&quot;top&quot;:&quot;&quot;,&quot;right&quot;:&quot;&quot;,&quot;bottom&quot;:&quot;&quot;,&quot;left&quot;:&quot;&quot;,&quot;isLinked&quot;:true},&quot;element_pack_global_tooltip_border_radius_tablet&quot;:{&quot;unit&quot;:&quot;px&quot;,&quot;top&quot;:&quot;&quot;,&quot;right&quot;:&quot;&quot;,&quot;bottom&quot;:&quot;&quot;,&quot;left&quot;:&quot;&quot;,&quot;isLinked&quot;:true},&quot;element_pack_global_tooltip_border_radius_mobile&quot;:{&quot;unit&quot;:&quot;px&quot;,&quot;top&quot;:&quot;&quot;,&quot;right&quot;:&quot;&quot;,&quot;bottom&quot;:&quot;&quot;,&quot;left&quot;:&quot;&quot;,&quot;isLinked&quot;:true}}\" data-elementor-post-type=\"page\">\n\t\t\t\t\t\t<section data-particle_enable=\"false\" data-particle-mobile-disabled=\"false\" class=\"elementor-section elementor-top-section elementor-element elementor-element-f367c8b elementor-section-boxed elementor-section-height-default elementor-section-height-default\" data-id=\"f367c8b\" data-element_type=\"section\" data-e-type=\"section\">\n\t\t\t\t\t\t<div class=\"elementor-container elementor-column-gap-default\">\n\t\t\t\t\t<div class=\"elementor-column elementor-col-100 elementor-top-column elementor-element elementor-element-32416a29\" data-id=\"32416a29\" data-element_type=\"column\" data-e-type=\"column\">\n\t\t\t<div class=\"elementor-widget-wrap elementor-element-populated\">\n\t\t\t\t\t\t<div class=\"elementor-element elementor-element-3912a099 elementor-widget elementor-widget-text-editor\" data-id=\"3912a099\" data-element_type=\"widget\" data-e-type=\"widget\" data-widget_type=\"text-editor.default\">\n\t\t\t\t<div class=\"elementor-widget-container\">\n\t\t\t\t\t\t\t\t\t<p>Qazil\u0259r\u0259 xidm\u0259t g\u00fcn\u00fcm\u00fcz\u00fcn aktual probleml\u0259rind\u0259ndir. D\u00f6vl\u0259t Statistika Komit\u0259sinin 2023-c\u00fc il \u00fc\u00e7\u00fcn d\u0259rc etdiyi m\u0259lumat\u0131na \u0259sas\u0259n Az\u0259rbaycanda m\u00fcharib\u0259 il\u0259 \u0259laq\u0259dar \u0259lilliyi olan \u015f\u0259xsl\u0259rin say\u0131 20\u00a0000-d\u0259n \u00e7oxdur. Onlar d\u00f6vl\u0259tin himay\u0259sind\u0259 olsalar da h\u0259r zaman daha \u00e7ox m\u0259n\u0259vi, psixoloji, fiziki d\u0259st\u0259y\u0259 ehtiyaclar\u0131 var. B\u00f6y\u00fck \u0259ks\u0259riyy\u0259ti g\u0259nc ya\u015fda olan qazil\u0259rimizin g\u0259nc t\u0259l\u0259b\u0259l\u0259rl\u0259 \u00fcnsiyy\u0259ti, onlarla vaxt ke\u00e7irm\u0259si, eyni zamanda a\u011f\u0131r yataq x\u0259st\u0259si olan qazil\u0259rimiz\u0259 g\u0259nc t\u0259l\u0259b\u0259l\u0259r t\u0259r\u0259find\u0259n qay\u011f\u0131 g\u00f6st\u0259rilm\u0259si h\u0259r iki t\u0259r\u0259fin ictimai, m\u0259n\u0259vi-psixoloji y\u00f6nd\u0259n \u00f6z\u00fcn\u00fc realiz\u0259 etm\u0259sin\u0259 s\u0259b\u0259b ola bil\u0259r.\u00a0<\/p><p>Dig\u0259r t\u0259r\u0259fd\u0259n \u201cSosial i\u015f\u201d v\u0259 \u201cSosial psixoloji xidm\u0259t\u201d ixtisas\u0131 \u00fczr\u0259 t\u0259hsil alan t\u0259l\u0259b\u0259l\u0259r \u00fc\u00e7\u00fcn bu m\u0259rk\u0259z s\u0259ri\u015ft\u0259y\u00f6n\u00fcml\u00fc elmi-t\u0259dqiqat laboratoriyas\u0131 funksiyas\u0131n\u0131 yerin\u0259 yetir\u0259c\u0259k. Qazil\u0259r\u0259 sosial xidm\u0259t g\u00f6st\u0259r\u0259n t\u0259l\u0259b\u0259l\u0259rin bu istiqam\u0259td\u0259 s\u0259ri\u015ft\u0259 \u0259ld\u0259 etm\u0259si, onlar\u0131n g\u0259l\u0259c\u0259kd\u0259 \u0259m\u0259k bazar\u0131na daha haz\u0131r s\u0259viyy\u0259d\u0259 daxil olmas\u0131 bax\u0131m\u0131ndan da m\u00fch\u00fcm rol oynam\u0131\u015f olacaq. Haz\u0131rda Az\u0259rbaycan universitetl\u0259rind\u0259 bel\u0259 bir t\u0259cr\u00fcb\u0259 m\u00f6vcud deyil. Ming\u0259\u00e7evir D\u00f6vl\u0259t Universiteti n\u0259zdind\u0259 \u201cQazil\u0259r\u0259 sosial xidm\u0259t m\u0259rk\u0259zi\u201d adl\u0131 s\u0259ri\u015ft\u0259y\u00f6n\u00fcml\u00fc elmi-t\u0259dqiqat m\u0259rk\u0259zinin a\u00e7\u0131lmas\u0131 di\u011f\u0259r ali t\u0259hsil m\u00fc\u0259ssis\u0259l\u0259ri \u00fc\u00e7\u00fcn d\u0259 h\u0259m stimul, h\u0259m d\u0259 m\u00fct\u0259r\u0259qqi \u00f6rn\u0259k ola bil\u0259r. Bu layih\u0259nin ger\u00e7\u0259kl\u0259\u015fm\u0259si \u00fc\u00e7\u00fcn s\u00f6z\u00fcged\u0259n istiqam\u0259td\u0259 proqram haz\u0131rlanmal\u0131, pe\u015f\u0259kar t\u0259cr\u00fcb\u0259li pedaqoqlar\u0131n, bu sah\u0259nin m\u00fct\u0259x\u0259ssisi olan aliml\u0259rin r\u0259hb\u0259rliyi il\u0259 \u00a0auditoriyadank\u0259nar d\u0259rs saatlar\u0131 d\u0259y\u0259rl\u0259ndirilm\u0259lidir. Layih\u0259ni realla\u015fd\u0131ra bilm\u0259k \u00fc\u00e7\u00fcn \u201csosial xidm\u0259t\u201d istiqam\u0259tind\u0259 f\u0259aliyy\u0259t g\u00f6st\u0259r\u0259n d\u00f6vl\u0259t t\u0259\u015fkilatlar\u0131n\u0131n, h\u0259m\u00e7inin qeyri-h\u00f6kum\u0259t t\u0259\u015fkilatlar\u0131n\u0131n f\u0259aliyy\u0259t meyarlar\u0131na, \u0259sasnam\u0259l\u0259rin\u0259, h\u0259yata ke\u00e7irdikl\u0259ri konkret layih\u0259l\u0259r\u0259 n\u00fcmun\u0259 olaraq m\u00fcraci\u0259t etm\u0259k olar.<\/p><p>M\u0259rk\u0259zin h\u0259yata ke\u00e7ir\u0259c\u0259yi t\u0259dbirl\u0259rin m\u0259qs\u0259dl\u0259ri, layih\u0259l\u0259r \u00e7\u0259r\u00e7iv\u0259sind\u0259 yarad\u0131lacaq elmi-t\u0259dqiqat m\u0259rk\u0259zin\u0259 c\u0259lb edil\u0259c\u0259k t\u0259l\u0259b\u0259l\u0259rin qazil\u0259r\u0259 sosial xidm\u0259tin t\u0259\u015fkilind\u0259 v\u0259 h\u0259yata ke\u00e7irilm\u0259si iqtiqam\u0259tind\u0259 t\u0259cr\u00fcb\u0259 \u0259ld\u0259 etm\u0259l\u0259ri, bilik, bacar\u0131q v\u0259 v\u0259rdi\u015fl\u0259rini art\u0131rmaq, onlar\u0131n g\u0259l\u0259c\u0259kd\u0259 \u0259m\u0259k bazar\u0131na praktik v\u0259rdi\u015fl\u0259r\u0259 yiy\u0259l\u0259nmi\u015f t\u0259cr\u00fcb\u0259li kadrlar kimi c\u0259lb olmalar\u0131n\u0131 t\u0259min etm\u0259k, eyni zamanda qazil\u0259rin m\u0259n\u0259vi motivasiyas\u0131n\u0131, fiziki d\u0259st\u0259y\u0259 ehtiyac\u0131 oldu\u011fu halda onlara g\u0259r\u0259k\u0259n k\u00f6m\u0259kliyin g\u00f6st\u0259rilm\u0259sini, habel\u0259, onlar \u00fc\u00e7\u00fcn asud\u0259 vaxtlar\u0131n\u0131 s\u0259m\u0259r\u0259li ke\u00e7ir\u0259c\u0259kl\u0259ri \u0259yl\u0259nc\u0259li t\u0259dbirl\u0259rin t\u0259\u015fkil edilm\u0259sini, birg\u0259 \u0259m\u0259k f\u0259aliyy\u0259ti il\u0259 m\u0259\u015f\u011ful olmaqla onlar\u0131 yenid\u0259n c\u0259miyy\u0259t\u0259 adaptasiya etm\u0259y\u0259 \u00e7al\u0131\u015fmaq g\u0259l\u0259c\u0259kdir. T\u0259cr\u00fcb\u0259nin sonunda t\u0259l\u0259b\u0259l\u0259r \u0259ld\u0259 etdikl\u0259ri n\u0259z\u0259ri bilikl\u0259ri praktiki v\u0259rdi\u015fl\u0259r\u0259 \u00e7evir\u0259c\u0259k, g\u0259l\u0259c\u0259kd\u0259 qazil\u0259rl\u0259 sosial i\u015fin t\u0259\u015fkili istiqam\u0259tind\u0259 yeni metodlar t\u0259klif etm\u0259yi bacaracaq, yet\u0259rli v\u0259rdi\u015fl\u0259r\u0259 yiy\u0259l\u0259n\u0259c\u0259kl\u0259r.<\/p><p><a href=\"https:\/\/mdu.edu.az\/wp-content\/uploads\/2025\/05\/Qazilerle_ish_merkezi.pdf\" target=\"_blank\" rel=\"noopener\"><strong>Qazil\u0259r\u0259 sosial xidm\u0259t m\u0259rk\u0259zi<\/strong><\/a><\/p><p><a href=\"https:\/\/mdu.edu.az\/wp-content\/uploads\/2025\/05\/Qaziler_esasname.pdf\" target=\"_blank\" rel=\"noopener\"><strong>Qazil\u0259r\u0259 sosial xidm\u0259t m\u0259rk\u0259zinin \u018fsasnam\u0259si<\/strong><\/a><\/p><p><a href=\"https:\/\/mdu.edu.az\/wp-content\/uploads\/2025\/05\/Qaziler_fealiyyet_plani.pdf\" target=\"_blank\" rel=\"noopener\"><strong>Qazil\u0259r\u0259 sosial xidm\u0259t m\u0259rk\u0259zinin f\u0259aliyy\u0259t plan\u0131<\/strong><\/a><\/p>\t\t\t\t\t\t\t\t<\/div>\n\t\t\t\t<\/div>\n\t\t\t\t\t<\/div>\n\t\t<\/div>\n\t\t\t\t\t<\/div>\n\t\t<\/section>\n\t\t\t\t<\/div>","protected":false},"excerpt":{"rendered":"<p>Qazil\u0259r\u0259 sosial xidm\u0259t m\u0259rk\u0259zi\u202f Qazil\u0259r\u0259 xidm\u0259t g\u00fcn\u00fcm\u00fcz\u00fcn aktual probleml\u0259rind\u0259ndir. D\u00f6vl\u0259t Statistika Komit\u0259sinin 2023-c\u00fc il \u00fc\u00e7\u00fcn d\u0259rc etdiyi m\u0259lumat\u0131na \u0259sas\u0259n Az\u0259rbaycanda m\u00fcharib\u0259 il\u0259 \u0259laq\u0259dar \u0259lilliyi olan \u015f\u0259xsl\u0259rin say\u0131 20\u00a0000-d\u0259n \u00e7oxdur. Onlar d\u00f6vl\u0259tin himay\u0259sind\u0259 olsalar da h\u0259r zaman daha \u00e7ox m\u0259n\u0259vi, psixoloji, fiziki d\u0259st\u0259y\u0259 ehtiyaclar\u0131 var. B\u00f6y\u00fck \u0259ks\u0259riyy\u0259ti g\u0259nc ya\u015fda olan qazil\u0259rimizin g\u0259nc t\u0259l\u0259b\u0259l\u0259rl\u0259 \u00fcnsiyy\u0259ti, onlarla vaxt [&hellip;]<\/p>\n","protected":false},"author":1,"featured_media":0,"parent":0,"menu_order":0,"comment_status":"closed","ping_status":"closed","template":"","meta":{"_eb_attr":"","ocean_post_layout":"full-screen","ocean_both_sidebars_style":"","ocean_both_sidebars_content_width":0,"ocean_both_sidebars_sidebars_width":0,"ocean_sidebar":"","ocean_second_sidebar":"","ocean_disable_margins":"enable","ocean_add_body_class":"","ocean_shortcode_before_top_bar":"","ocean_shortcode_after_top_bar":"","ocean_shortcode_before_header":"","ocean_shortcode_after_header":"","ocean_has_shortcode":"","ocean_shortcode_after_title":"","ocean_shortcode_before_footer_widgets":"","ocean_shortcode_after_footer_widgets":"","ocean_shortcode_before_footer_bottom":"","ocean_shortcode_after_footer_bottom":"","ocean_display_top_bar":"off","ocean_display_header":"off","ocean_header_style":"","ocean_center_header_left_menu":"","ocean_custom_header_template":"","ocean_custom_logo":0,"ocean_custom_retina_logo":0,"ocean_custom_logo_max_width":0,"ocean_custom_logo_tablet_max_width":0,"ocean_custom_logo_mobile_max_width":0,"ocean_custom_logo_max_height":0,"ocean_custom_logo_tablet_max_height":0,"ocean_custom_logo_mobile_max_height":0,"ocean_header_custom_menu":"","ocean_menu_typo_font_family":"","ocean_menu_typo_font_subset":"","ocean_menu_typo_font_size":0,"ocean_menu_typo_font_size_tablet":0,"ocean_menu_typo_font_size_mobile":0,"ocean_menu_typo_font_size_unit":"px","ocean_menu_typo_font_weight":"","ocean_menu_typo_font_weight_tablet":"","ocean_menu_typo_font_weight_mobile":"","ocean_menu_typo_transform":"","ocean_menu_typo_transform_tablet":"","ocean_menu_typo_transform_mobile":"","ocean_menu_typo_line_height":0,"ocean_menu_typo_line_height_tablet":0,"ocean_menu_typo_line_height_mobile":0,"ocean_menu_typo_line_height_unit":"","ocean_menu_typo_spacing":0,"ocean_menu_typo_spacing_tablet":0,"ocean_menu_typo_spacing_mobile":0,"ocean_menu_typo_spacing_unit":"","ocean_menu_link_color":"","ocean_menu_link_color_hover":"","ocean_menu_link_color_active":"","ocean_menu_link_background":"","ocean_menu_link_hover_background":"","ocean_menu_link_active_background":"","ocean_menu_social_links_bg":"","ocean_menu_social_hover_links_bg":"","ocean_menu_social_links_color":"","ocean_menu_social_hover_links_color":"","ocean_disable_title":"on","ocean_disable_heading":"default","ocean_post_title":"","ocean_post_subheading":"","ocean_post_title_style":"","ocean_post_title_background_color":"","ocean_post_title_background":0,"ocean_post_title_bg_image_position":"","ocean_post_title_bg_image_attachment":"","ocean_post_title_bg_image_repeat":"","ocean_post_title_bg_image_size":"","ocean_post_title_height":0,"ocean_post_title_bg_overlay":0.5,"ocean_post_title_bg_overlay_color":"","ocean_disable_breadcrumbs":"default","ocean_breadcrumbs_color":"","ocean_breadcrumbs_separator_color":"","ocean_breadcrumbs_links_color":"","ocean_breadcrumbs_links_hover_color":"","ocean_display_footer_widgets":"off","ocean_display_footer_bottom":"off","ocean_custom_footer_template":"","footnotes":""},"class_list":["post-68550","page","type-page","status-publish","hentry","entry"],"_links":{"self":[{"href":"https:\/\/mdu.edu.az\/en\/wp-json\/wp\/v2\/pages\/68550","targetHints":{"allow":["GET"]}}],"collection":[{"href":"https:\/\/mdu.edu.az\/en\/wp-json\/wp\/v2\/pages"}],"about":[{"href":"https:\/\/mdu.edu.az\/en\/wp-json\/wp\/v2\/types\/page"}],"author":[{"embeddable":true,"href":"https:\/\/mdu.edu.az\/en\/wp-json\/wp\/v2\/users\/1"}],"replies":[{"embeddable":true,"href":"https:\/\/mdu.edu.az\/en\/wp-json\/wp\/v2\/comments?post=68550"}],"version-history":[{"count":13,"href":"https:\/\/mdu.edu.az\/en\/wp-json\/wp\/v2\/pages\/68550\/revisions"}],"predecessor-version":[{"id":77413,"href":"https:\/\/mdu.edu.az\/en\/wp-json\/wp\/v2\/pages\/68550\/revisions\/77413"}],"wp:attachment":[{"href":"https:\/\/mdu.edu.az\/en\/wp-json\/wp\/v2\/media?parent=68550"}],"curies":[{"name":"wp","href":"https:\/\/api.w.org\/{rel}","templated":true}]}}