{"id":76990,"date":"2025-08-06T08:37:50","date_gmt":"2025-08-06T05:37:50","guid":{"rendered":"https:\/\/mdu.edu.az\/?page_id=76990"},"modified":"2025-08-18T10:58:07","modified_gmt":"2025-08-18T07:58:07","slug":"dayaniqli-inkisaf-cild-5-%e2%84%96-1-2025","status":"publish","type":"page","link":"https:\/\/mdu.edu.az\/en\/dayaniqli-inkisaf-cild-5-%e2%84%96-1-2025\/","title":{"rendered":"DAYANIQLI \u0130NK\u0130\u015eAF (C\u0130LD 5, \u2116 1, 2025)"},"content":{"rendered":"<div data-elementor-type=\"wp-page\" data-elementor-id=\"76990\" class=\"elementor elementor-76990\" data-elementor-settings=\"{&quot;element_pack_global_tooltip_width&quot;:{&quot;unit&quot;:&quot;px&quot;,&quot;size&quot;:&quot;&quot;,&quot;sizes&quot;:[]},&quot;element_pack_global_tooltip_width_tablet&quot;:{&quot;unit&quot;:&quot;px&quot;,&quot;size&quot;:&quot;&quot;,&quot;sizes&quot;:[]},&quot;element_pack_global_tooltip_width_mobile&quot;:{&quot;unit&quot;:&quot;px&quot;,&quot;size&quot;:&quot;&quot;,&quot;sizes&quot;:[]},&quot;element_pack_global_tooltip_padding&quot;:{&quot;unit&quot;:&quot;px&quot;,&quot;top&quot;:&quot;&quot;,&quot;right&quot;:&quot;&quot;,&quot;bottom&quot;:&quot;&quot;,&quot;left&quot;:&quot;&quot;,&quot;isLinked&quot;:true},&quot;element_pack_global_tooltip_padding_tablet&quot;:{&quot;unit&quot;:&quot;px&quot;,&quot;top&quot;:&quot;&quot;,&quot;right&quot;:&quot;&quot;,&quot;bottom&quot;:&quot;&quot;,&quot;left&quot;:&quot;&quot;,&quot;isLinked&quot;:true},&quot;element_pack_global_tooltip_padding_mobile&quot;:{&quot;unit&quot;:&quot;px&quot;,&quot;top&quot;:&quot;&quot;,&quot;right&quot;:&quot;&quot;,&quot;bottom&quot;:&quot;&quot;,&quot;left&quot;:&quot;&quot;,&quot;isLinked&quot;:true},&quot;element_pack_global_tooltip_border_radius&quot;:{&quot;unit&quot;:&quot;px&quot;,&quot;top&quot;:&quot;&quot;,&quot;right&quot;:&quot;&quot;,&quot;bottom&quot;:&quot;&quot;,&quot;left&quot;:&quot;&quot;,&quot;isLinked&quot;:true},&quot;element_pack_global_tooltip_border_radius_tablet&quot;:{&quot;unit&quot;:&quot;px&quot;,&quot;top&quot;:&quot;&quot;,&quot;right&quot;:&quot;&quot;,&quot;bottom&quot;:&quot;&quot;,&quot;left&quot;:&quot;&quot;,&quot;isLinked&quot;:true},&quot;element_pack_global_tooltip_border_radius_mobile&quot;:{&quot;unit&quot;:&quot;px&quot;,&quot;top&quot;:&quot;&quot;,&quot;right&quot;:&quot;&quot;,&quot;bottom&quot;:&quot;&quot;,&quot;left&quot;:&quot;&quot;,&quot;isLinked&quot;:true}}\" data-elementor-post-type=\"page\">\n\t\t\t\t\t\t<section data-particle_enable=\"false\" data-particle-mobile-disabled=\"false\" class=\"elementor-section elementor-top-section elementor-element elementor-element-5f892d1b elementor-section-boxed elementor-section-height-default elementor-section-height-default\" data-id=\"5f892d1b\" data-element_type=\"section\" data-e-type=\"section\">\n\t\t\t\t\t\t<div class=\"elementor-container elementor-column-gap-default\">\n\t\t\t\t\t<div class=\"elementor-column elementor-col-100 elementor-top-column elementor-element elementor-element-498ab378\" data-id=\"498ab378\" data-element_type=\"column\" data-e-type=\"column\">\n\t\t\t<div class=\"elementor-widget-wrap elementor-element-populated\">\n\t\t\t\t\t\t<div class=\"elementor-element elementor-element-e9ecce1 elementor-widget elementor-widget-spacer\" data-id=\"e9ecce1\" data-element_type=\"widget\" data-e-type=\"widget\" data-widget_type=\"spacer.default\">\n\t\t\t\t<div class=\"elementor-widget-container\">\n\t\t\t\t\t\t\t<div class=\"elementor-spacer\">\n\t\t\t<div class=\"elementor-spacer-inner\"><\/div>\n\t\t<\/div>\n\t\t\t\t\t\t<\/div>\n\t\t\t\t<\/div>\n\t\t\t\t<div class=\"elementor-element elementor-element-3d89ba02 elementor-widget elementor-widget-heading\" data-id=\"3d89ba02\" data-element_type=\"widget\" data-e-type=\"widget\" data-widget_type=\"heading.default\">\n\t\t\t\t<div class=\"elementor-widget-container\">\n\t\t\t\t\t<h1 class=\"elementor-heading-title elementor-size-default\"><a href=\"https:\/\/mdu.edu.az\/wp-content\/uploads\/2025\/08\/DIJ-9-cild-5-\u2116-1-2025-DOI-il\u0259.pdf\" target=\"_blank\">DAYANIQLI \u0130NK\u0130\u015eAF (C\u0130LD 5 \u2116 1, 2025)<\/a><\/h1>\t\t\t\t<\/div>\n\t\t\t\t<\/div>\n\t\t\t\t<div class=\"elementor-element elementor-element-190f9038 elementor-widget elementor-widget-heading\" data-id=\"190f9038\" data-element_type=\"widget\" data-e-type=\"widget\" data-widget_type=\"heading.default\">\n\t\t\t\t<div class=\"elementor-widget-container\">\n\t\t\t\t\t<h2 class=\"elementor-heading-title elementor-size-default\"><a href=\"https:\/\/mdu.edu.az\/wp-content\/uploads\/2025\/08\/DIJ-9-cild-5-\u2116-1-2025_titul.pdf\" target=\"_blank\">T\u0130TUL<\/a><\/h2>\t\t\t\t<\/div>\n\t\t\t\t<\/div>\n\t\t\t\t<div class=\"elementor-element elementor-element-106c98f9 elementor-widget elementor-widget-heading\" data-id=\"106c98f9\" data-element_type=\"widget\" data-e-type=\"widget\" data-widget_type=\"heading.default\">\n\t\t\t\t<div class=\"elementor-widget-container\">\n\t\t\t\t\t<h1 class=\"elementor-heading-title elementor-size-default\"><a href=\"https:\/\/mdu.edu.az\/wp-content\/uploads\/2025\/08\/DIJ-9-cild-5-\u2116-1-2025_mundcat.pdf\" target=\"_blank\">M\u00dcND\u018fR\u0130CAT<\/a><\/h1>\t\t\t\t<\/div>\n\t\t\t\t<\/div>\n\t\t\t\t\t<\/div>\n\t\t<\/div>\n\t\t\t\t\t<\/div>\n\t\t<\/section>\n\t\t\t\t<section data-particle_enable=\"false\" data-particle-mobile-disabled=\"false\" class=\"elementor-section elementor-top-section elementor-element elementor-element-78db8cdf elementor-section-boxed elementor-section-height-default elementor-section-height-default\" data-id=\"78db8cdf\" data-element_type=\"section\" data-e-type=\"section\">\n\t\t\t\t\t\t<div class=\"elementor-container elementor-column-gap-default\">\n\t\t\t\t\t<div class=\"elementor-column elementor-col-100 elementor-top-column elementor-element elementor-element-278781cc\" data-id=\"278781cc\" data-element_type=\"column\" data-e-type=\"column\">\n\t\t\t<div class=\"elementor-widget-wrap elementor-element-populated\">\n\t\t\t\t\t\t<div class=\"elementor-element elementor-element-71c483a3 elementor-widget elementor-widget-spacer\" data-id=\"71c483a3\" data-element_type=\"widget\" data-e-type=\"widget\" data-widget_type=\"spacer.default\">\n\t\t\t\t<div class=\"elementor-widget-container\">\n\t\t\t\t\t\t\t<div class=\"elementor-spacer\">\n\t\t\t<div class=\"elementor-spacer-inner\"><\/div>\n\t\t<\/div>\n\t\t\t\t\t\t<\/div>\n\t\t\t\t<\/div>\n\t\t\t\t<div class=\"elementor-element elementor-element-4618bb11 elementor-widget elementor-widget-text-editor\" data-id=\"4618bb11\" data-element_type=\"widget\" data-e-type=\"widget\" data-widget_type=\"text-editor.default\">\n\t\t\t\t<div class=\"elementor-widget-container\">\n\t\t\t\t\t\t\t\t\t<table width=\"0\"><tbody><tr><td valign=\"top\" width=\"604\">\u00a0<\/td><td valign=\"bottom\" width=\"38\">\u00a0<\/td><\/tr><tr><td width=\"604\"><strong>\u0130QT\u0130SAD ELML\u018fR\u0130 B\u00d6LM\u018fS\u0130<\/strong><\/td><td width=\"38\">\u00a0<\/td><\/tr><tr><td width=\"604\"><p><strong>A.N.EM\u0130NOV, E.V.AB\u0130YEV<\/strong><\/p><p><strong><a href=\"https:\/\/mdu.edu.az\/wp-content\/uploads\/2025\/08\/DIJ-9-cild-5-\u2116-1-2025_Anar_Eminov.pdf\" target=\"_blank\" rel=\"noopener\"><span style=\"color: #0a7cff;\">Regionun sosial sferas\u0131n\u0131n investisiya t\u0259minat\u0131 sisteminin formala\u015fd\u0131r\u0131lmas\u0131n\u0131n<br \/>yeni metodologiyas\u0131<\/span><\/a><\/strong><\/p><\/td><td width=\"38\"><strong>5<\/strong><\/td><\/tr><tr><td width=\"604\"><p><strong>\u018f.M.B\u018fD\u018fLOV<\/strong><\/p><p><strong><a href=\"https:\/\/mdu.edu.az\/wp-content\/uploads\/2025\/08\/DIJ-9-cild-5-\u2116-1-2025_Alixan_Badalov.pdf\" target=\"_blank\" rel=\"noopener\"><span style=\"color: #0a7cff;\">Qlobal maliyy\u0259 probleml\u0259ri v\u0259 onun Az\u0259rbaycan iqtisadiyyat\u0131na t\u0259siri<\/span><\/a><\/strong><\/p><\/td><td width=\"38\"><strong>16<\/strong><\/td><\/tr><tr><td width=\"604\"><p><strong>V.\u018f.M\u018fMM\u018fDL\u0130<\/strong><\/p><p><strong><a href=\"https:\/\/mdu.edu.az\/wp-content\/uploads\/2025\/08\/DIJ-9-cild-5-\u2116-1-2025_Vuqar_Mammadli.pdf\" target=\"_blank\" rel=\"noopener\">K\u00f6lg\u0259 iqtisadiyyat\u0131n\u0131n miqyas\u0131n\u0131n azald\u0131lmas\u0131 istiqam\u0259tind\u0259 vergi t\u0259nziml\u0259nm\u0259si<\/a><\/strong><\/p><\/td><td width=\"38\"><strong>23<\/strong><\/td><\/tr><tr><td width=\"604\"><p><strong>N.R.FATAKHOVA<\/strong><\/p><p><a href=\"https:\/\/mdu.edu.az\/wp-content\/uploads\/2025\/08\/DIJ-9-cild-5-\u2116-1-2025_Nargiz_Fatakhova.pdf\" target=\"_blank\" rel=\"noopener\"><strong>The Role of the Information Base and Financial Instruments in Enterprise Management<\/strong><\/a><\/p><\/td><td width=\"38\"><strong>30<\/strong><\/td><\/tr><tr><td width=\"604\"><p><strong>A.F.HAJIYEVA<\/strong><\/p><p><strong><a href=\"https:\/\/mdu.edu.az\/wp-content\/uploads\/2025\/08\/DIJ-9-cild-5-\u2116-1-2025_Almaz_Hajiyeva.pdf\" target=\"_blank\" rel=\"noopener\"><span style=\"font-size: inherit; font-family: inherit;\">The Essence of Digital Economy and Innovation Approach as a Consequence <\/span><\/a><\/strong><\/p><\/td><td width=\"38\"><strong>36<\/strong><\/td><\/tr><tr><td width=\"604\"><p><strong>M.F.Q\u018fD\u0130MOV<\/strong><\/p><p><strong><a href=\"https:\/\/mdu.edu.az\/wp-content\/uploads\/2025\/08\/DIJ-9-cild-5-\u2116-1-2025_Mirdamat_Qadimov.pdf\" target=\"_blank\" rel=\"noopener\"><span style=\"color: #0a7cff;\">T\u0259hsil s\u0259nayesinin maliyy\u0259 m\u0259nb\u0259l\u0259ri<\/span><\/a><\/strong><\/p><\/td><td width=\"38\"><strong>44<\/strong><\/td><\/tr><tr><td width=\"604\"><p><strong>T.\u018f.S\u00dcLEYMANOVA, A.C.N\u018fS\u0130BOVA<\/strong><\/p><p><strong><a href=\"https:\/\/mdu.edu.az\/wp-content\/uploads\/2025\/08\/DIJ-9-cild-5-\u2116-1-2025_Tarana_Suleymanova.pdf\" target=\"_blank\" rel=\"noopener\"><span style=\"color: #0a7cff;\">Ya\u015f\u0131l iqtisadiyyat\u0131n m\u0259\u015f\u011fullu\u011fu art\u0131rmas\u0131 potensial\u0131 v\u0259 ona t\u0259siri \u00fcz\u0259rind\u0259ki mane\u0259l\u0259r<\/span><\/a><\/strong><\/p><\/td><td width=\"38\"><strong>50<\/strong><\/td><\/tr><tr><td width=\"604\"><p><strong>O.R.HAJIZADEH<\/strong><\/p><p><strong><a href=\"https:\/\/mdu.edu.az\/wp-content\/uploads\/2025\/08\/DIJ-9-cild-5-\u2116-1-2025_Orxan_Hacizade.pdf\" target=\"_blank\" rel=\"noopener\"><span style=\"color: #0a7cff;\">Development Opportunities of Green Businesses in Azerbaijan<\/span><\/a><\/strong><\/p><\/td><td width=\"38\"><strong>56<\/strong><\/td><\/tr><tr><td width=\"604\"><p><strong>C.\u00dc.M\u018fMM\u018fDL\u0130 <\/strong><\/p><p><strong><a href=\"https:\/\/mdu.edu.az\/wp-content\/uploads\/2025\/08\/DIJ-9-cild-5-\u2116-1-2025_Ceyhun_Mammadli.pdf\" target=\"_blank\" rel=\"noopener\"><span style=\"color: #0a7cff;\">G\u0259lir b\u0259rab\u0259rsizliyinin \u00f6l\u00e7\u00fclm\u0259si metodologiyalar\u0131<\/span><\/a><\/strong><\/p><\/td><td width=\"38\"><strong>61<\/strong><\/td><\/tr><tr><td width=\"604\"><p><strong>S.Y.\u018fKB\u018fROVA<\/strong><\/p><p><strong><a href=\"https:\/\/mdu.edu.az\/wp-content\/uploads\/2025\/08\/DIJ-9-cild-5-\u2116-1-2025_Samira_Akbarova.pdf\" target=\"_blank\" rel=\"noopener\"><span style=\"color: #0a7cff;\">H\u0259yat keyfiyy\u0259tinin stimulyatorlar\u0131 kimi transformativ \u015f\u0259h\u0259r layih\u0259l\u0259ri<\/span><\/a><\/strong><\/p><\/td><td width=\"38\"><strong>70<\/strong><\/td><\/tr><tr><td width=\"604\">\u00a0<\/td><td width=\"38\">\u00a0<\/td><\/tr><tr><td width=\"604\"><strong>T\u018fB\u0130\u018fT V\u018f TEXN\u0130KA ELML\u018fR\u0130 B\u00d6LM\u018fS\u0130<\/strong><\/td><td width=\"38\">\u00a0<\/td><\/tr><tr><td width=\"604\"><p><strong>\u00dc.\u0130.A\u015eUROVA, L.\u00c7.S\u00dcLEYMANOVA<\/strong><\/p><p><strong><a href=\"https:\/\/mdu.edu.az\/wp-content\/uploads\/2025\/08\/DIJ-9-cild-5-\u2116-1-2025_Ulker_Ashurova.pdf\" target=\"_blank\" rel=\"noopener\"><span style=\"color: #0a7cff;\">G\u00fcc transformatorlar\u0131nda daxili nasazl\u0131\u011f\u0131n\u0131n a\u015fkarlanmas\u0131 \u00fc\u00e7\u00fcn h\u0259r\u0259k\u0259tli p\u0259nc\u0259r\u0259 orta<br \/>\u00fcsulu<\/span><\/a><\/strong><\/p><\/td><td width=\"38\"><strong>80<\/strong><\/td><\/tr><tr><td width=\"604\"><p><strong>P.S.S\u018fF\u018fROVA, E.Q.\u015e\u0130R\u0130NOV<\/strong><\/p><p><a href=\"https:\/\/mdu.edu.az\/wp-content\/uploads\/2025\/08\/DIJ-9-cild-5-\u2116-1-2025_Pervane_Safarova.pdf\" target=\"_blank\" rel=\"noopener\"><span style=\"color: #0a7cff;\"><b>Al\u00fcminat m\u0259hlulundan vanadium ionlar\u0131n\u0131n sintez edilmi\u015f erionit il\u0259 adsorbsiyas\u0131<\/b><\/span><\/a><\/p><\/td><td width=\"38\"><strong>88<\/strong><\/td><\/tr><tr><td width=\"604\"><p><strong>A.M.MUSTAFAYEVA, L.V.\u0130SMAYILZAD\u018f, V.S.MUSTAFAYEV<\/strong><\/p><p><a href=\"https:\/\/mdu.edu.az\/wp-content\/uploads\/2025\/08\/DIJ-9-cild-5-\u2116-1-2025_Aida_Mustafayeva.pdf\" target=\"_blank\" rel=\"noopener\"><span style=\"color: #0a7cff;\"><b>\u0130nformatikan\u0131n t\u0259drisind\u0259 s\u00fcni intellekt texnologiyalar\u0131n\u0131n t\u0259tbiqi: reall\u0131qlar,<br \/>perspektivl\u0259r v\u0259 etik yana\u015fmalar<\/b><\/span><\/a><\/p><\/td><td width=\"38\"><strong>93<\/strong><\/td><\/tr><tr><td width=\"604\"><p><strong>S.N.BABU\u015eOV, K.H.SADIQOVA<\/strong><\/p><p><a href=\"https:\/\/mdu.edu.az\/wp-content\/uploads\/2025\/08\/DIJ-9-cild-5-\u2116-1-2025_Sabir_Babushov.pdf\" target=\"_blank\" rel=\"noopener\"><span style=\"color: #0a7cff;\"><b>B\u0259zi tip iqtisadi m\u0259s\u0259l\u0259l\u0259rin riyazi modell\u0259rinin qurulmas\u0131 v\u0259 onlar\u0131n h\u0259lli<\/b><\/span><\/a><\/p><\/td><td width=\"38\"><strong>99<\/strong><\/td><\/tr><tr><td width=\"604\"><p><strong>E.A.MURADZAD\u018f<\/strong><\/p><p><a href=\"https:\/\/mdu.edu.az\/wp-content\/uploads\/2025\/08\/DIJ-9-cild-5-\u2116-1-2025_Elvin_Muradzada.pdf\" target=\"_blank\" rel=\"noopener\"><span style=\"color: #0a7cff;\"><b>Kibert\u0259hl\u00fck\u0259sizliyin s\u00fcni intellekt alqoritml\u0259ri v\u0259 Big Data analitikas\u0131 il\u0259<br \/>g\u00fccl\u0259ndirilm\u0259si: \u00e7\u0259tinlikl\u0259r v\u0259 h\u0259ll\u0259r<\/b><\/span><\/a><\/p><\/td><td width=\"38\"><strong>104<\/strong><\/td><\/tr><tr><td width=\"604\"><p><strong>F.M.\u018fL\u0130YEVA, M.R.\u018fL\u0130YEVA, D.\u015e.\u0130SLAMOVA<\/strong><\/p><p><a href=\"https:\/\/mdu.edu.az\/wp-content\/uploads\/2025\/08\/DIJ-9-cild-5-\u2116-1-2025-_Fatma_Aliyeva.pdf\" target=\"_blank\" rel=\"noopener\"><span style=\"color: #0a7cff;\"><b>S\u00fcni intellekt v\u0259 smart robotlar g\u0259l\u0259c\u0259yin texnoloji inki\u015faf\u0131n\u0131 m\u00fc\u0259yy\u0259n ed\u0259n amill\u0259r<br \/>kimi<\/b><\/span><\/a><\/p><\/td><td width=\"38\"><strong>111<\/strong><\/td><\/tr><tr><td width=\"604\"><p><strong>F.V.M\u018fMM\u018fDOVA<\/strong><\/p><p><a href=\"https:\/\/mdu.edu.az\/wp-content\/uploads\/2025\/08\/DIJ-9-cild-5-\u2116-1-2025-_Fatima_Mammadova.pdf\" target=\"_blank\" rel=\"noopener\"><span style=\"color: #0a7cff;\"><b>Me\u015f\u0259sizl\u0259\u015fdirm\u0259 v\u0259 onun \u0259traf m\u00fchit\u0259 t\u0259siri<\/b><\/span><\/a><\/p><\/td><td width=\"38\"><strong>118<\/strong><\/td><\/tr><tr><td width=\"604\">\u00a0<\/td><td width=\"38\">\u00a0<\/td><\/tr><tr><td width=\"604\"><strong>HUMAN\u0130TAR ELML\u018fR B\u00d6LM\u018fS\u0130<\/strong><\/td><td width=\"38\">\u00a0<\/td><\/tr><tr><td width=\"604\"><p><strong>A.N.\u0130SMAYILOV<\/strong><\/p><p><a href=\"https:\/\/mdu.edu.az\/wp-content\/uploads\/2025\/08\/DIJ-9-cild-5-\u2116-1-2025_Anar_Ismayilov.pdf\" target=\"_blank\" rel=\"noopener\"><span style=\"color: #0a7cff;\"><b>Milli d\u00f6vl\u0259t\u00e7ilik tariximizin v\u0259 suverenliyimizin \u015fanl\u0131 salnam\u0259sin\u0259 parlaq s\u0259hif\u0259l\u0259r<br \/>yazm\u0131\u015f q\u0259hr\u0259man G\u0259nc\u0259<\/b><\/span><\/a><\/p><\/td><td width=\"38\"><strong>125<\/strong><\/td><\/tr><tr><td width=\"604\"><p><strong>G.GURBANOVA<\/strong><\/p><p><a href=\"https:\/\/mdu.edu.az\/wp-content\/uploads\/2025\/08\/DIJ-9-cild-5-\u2116-1-2025_Gulnara_Quurbanova.pdf\" target=\"_blank\" rel=\"noopener\"><span style=\"color: #0a7cff;\"><b>A Linguocultural Analysis of English Slang<\/b><\/span><\/a><\/p><\/td><td width=\"38\"><strong>132<\/strong><\/td><\/tr><tr><td width=\"604\"><p><strong>G.\u0130.\u018fJD\u018fRZAD\u018f<\/strong><\/p><p><a href=\"https:\/\/mdu.edu.az\/wp-content\/uploads\/2025\/08\/DIJ-9-cild-5-\u2116-1-2025_Guler_Ejderzade.pdf\" target=\"_blank\" rel=\"noopener\"><span style=\"color: #0a7cff;\"><b>Bor\u00e7al\u0131 q\u0259zas\u0131n\u0131n t\u0259\u015fkili, \u0259razisi v\u0259 inzibati qurulu\u015fu<\/b><\/span><\/a><\/p><\/td><td width=\"38\"><strong>138<\/strong><\/td><\/tr><tr><td width=\"604\"><p><strong>G.B.NASIROVA<\/strong><\/p><p><a href=\"https:\/\/mdu.edu.az\/wp-content\/uploads\/2025\/08\/DIJ-9-cild-5-\u2116-1-2025_Gulshan_Nasirova.pdf\" target=\"_blank\" rel=\"noopener\"><span style=\"color: #0a7cff;\"><b>Structural and Semantic Variability of Proverbs: in the Context of Language Dynamics<\/b><\/span><\/a><\/p><\/td><td width=\"38\"><strong>145<\/strong><\/td><\/tr><tr><td width=\"604\"><p><strong>S.A.ORUJOVA<\/strong><\/p><p><a href=\"https:\/\/mdu.edu.az\/wp-content\/uploads\/2025\/08\/DIJ-9-cild-5-\u2116-1-2025_Suqra_Orucova.pdf\" target=\"_blank\" rel=\"noopener\"><span style=\"color: #0a7cff;\"><b>Administrative Changes in Karabakh during the Period of the Azerbaijan Democratic<br \/>Republic\u2019s Activity (1918-1920)<\/b><\/span><\/a><\/p><\/td><td width=\"38\"><strong>153<\/strong><\/td><\/tr><tr><td width=\"604\"><p><strong>N.N.N\u0130FT\u018fL\u0130YEVA<\/strong><\/p><p><a href=\"https:\/\/mdu.edu.az\/wp-content\/uploads\/2025\/08\/DIJ-9-cild-5-\u2116-1-2025_Nergiz_Niftaliyeva.pdf\" target=\"_blank\" rel=\"noopener\"><span style=\"color: #0a7cff;\"><b>Psixologiyan\u0131n turizmd\u0259 t\u0259tbiqinin t\u0259hlili<\/b><\/span><\/a><\/p><\/td><td width=\"38\"><strong>161<\/strong><\/td><\/tr><tr><td width=\"604\"><p><strong>Z.V.TANRIVERDIYEVA, A.F.\u0130SMAYILOVA, G.A.N\u018fC\u018fFOVA<\/strong><\/p><p><a href=\"https:\/\/mdu.edu.az\/wp-content\/uploads\/2025\/08\/DIJ-9-cild-5-\u2116-1-2025_Zulfiyye_Tanriverdiyeva.pdf\" target=\"_blank\" rel=\"noopener\"><span style=\"color: #0a7cff;\"><b>T\u0259hsild\u0259 inkl\u00fczivlik v\u0259 keyfiyy\u0259t m\u0259s\u0259l\u0259l\u0259ri: d\u00fcnya t\u0259cr\u00fcb\u0259si v\u0259 Az\u0259rbaycan reall\u0131qlar\u0131<\/b><\/span><\/a><\/p><\/td><td width=\"38\"><strong>167<\/strong><\/td><\/tr><tr><td width=\"604\"><p><strong>J.E.QASIMOVA<\/strong><\/p><p><a href=\"https:\/\/mdu.edu.az\/wp-content\/uploads\/2025\/08\/DIJ-9-cild-5-\u2116-1-2025_Jale_Qasimova.pdf\" target=\"_blank\" rel=\"noopener\"><span style=\"color: #0a7cff;\"><b>\u018fd\u0259biyyat\u0131n ya\u015f\u0131l \u00fcz\u00fc: \u0259traf m\u00fchitin qorunmas\u0131 v\u0259 yaz\u0131\u00e7\u0131lar\u0131n missiyas\u0131<\/b><\/span><\/a><\/p><\/td><td width=\"38\"><strong>174<\/strong><\/td><\/tr><tr><td width=\"604\"><a href=\"https:\/\/mdu.edu.az\/wp-content\/uploads\/2025\/08\/DIJ-9-cild-5-\u2116-1-2025_TELEBLER.pdf\" target=\"_blank\" rel=\"noopener\">M\u018fQAL\u018fL\u018fR\u018f QOYULAN T\u018fL\u018fBL\u018fR<\/a><\/td><td width=\"38\"><strong>179<\/strong><\/td><\/tr><tr><td width=\"604\"><a href=\"https:\/\/mdu.edu.az\/wp-content\/uploads\/2025\/08\/DIJ-9-cild-5-\u2116-1-2025_Gereksinimler.pdf\" target=\"_blank\" rel=\"noopener\">MAKALELERDE YER ALAN GEREKS\u0130N\u0130MLER<\/a><\/td><td width=\"38\"><strong>180<\/strong><\/td><\/tr><tr><td width=\"604\"><a href=\"https:\/\/mdu.edu.az\/wp-content\/uploads\/2025\/08\/DIJ-9-cild-5-\u2116-1-2025_Requirements.pdf\" target=\"_blank\" rel=\"noopener\">REQUIREMENTS FOR THE ARTICLES\u00a0<\/a><\/td><td width=\"38\"><strong>181<\/strong><\/td><\/tr><tr><td width=\"604\"><a href=\"https:\/\/mdu.edu.az\/wp-content\/uploads\/2025\/08\/DIJ-9-cild-5-\u2116-1-2025_Trebovanie.pdf\" target=\"_blank\" rel=\"noopener\">\u0422\u0420\u0415\u0411\u041e\u0412\u0410\u041d\u0418\u042f \u041a \u0421\u0422\u0410\u0422\u042c\u042f\u041c<\/a><\/td><td width=\"38\"><strong>182<\/strong><\/td><\/tr><\/tbody><\/table>\t\t\t\t\t\t\t\t<\/div>\n\t\t\t\t<\/div>\n\t\t\t\t\t<\/div>\n\t\t<\/div>\n\t\t\t\t\t<\/div>\n\t\t<\/section>\n\t\t\t\t<\/div>","protected":false},"excerpt":{"rendered":"<p>DAYANIQLI \u0130NK\u0130\u015eAF (C\u0130LD 5 \u2116 1, 2025) T\u0130TUL M\u00dcND\u018fR\u0130CAT \u00a0 \u00a0 \u0130QT\u0130SAD ELML\u018fR\u0130 B\u00d6LM\u018fS\u0130 \u00a0 A.N.EM\u0130NOV, E.V.AB\u0130YEV Regionun sosial sferas\u0131n\u0131n investisiya t\u0259minat\u0131 sisteminin formala\u015fd\u0131r\u0131lmas\u0131n\u0131nyeni metodologiyas\u0131 5 \u018f.M.B\u018fD\u018fLOV Qlobal maliyy\u0259 probleml\u0259ri v\u0259 onun Az\u0259rbaycan iqtisadiyyat\u0131na t\u0259siri 16 V.\u018f.M\u018fMM\u018fDL\u0130 K\u00f6lg\u0259 iqtisadiyyat\u0131n\u0131n miqyas\u0131n\u0131n azald\u0131lmas\u0131 istiqam\u0259tind\u0259 vergi t\u0259nziml\u0259nm\u0259si 23 N.R.FATAKHOVA The Role of the Information Base and Financial Instruments [&hellip;]<\/p>\n","protected":false},"author":1,"featured_media":0,"parent":0,"menu_order":0,"comment_status":"closed","ping_status":"closed","template":"","meta":{"_eb_attr":"","ocean_post_layout":"full-screen","ocean_both_sidebars_style":"","ocean_both_sidebars_content_width":0,"ocean_both_sidebars_sidebars_width":0,"ocean_sidebar":"","ocean_second_sidebar":"","ocean_disable_margins":"enable","ocean_add_body_class":"","ocean_shortcode_before_top_bar":"","ocean_shortcode_after_top_bar":"","ocean_shortcode_before_header":"","ocean_shortcode_after_header":"","ocean_has_shortcode":"","ocean_shortcode_after_title":"","ocean_shortcode_before_footer_widgets":"","ocean_shortcode_after_footer_widgets":"","ocean_shortcode_before_footer_bottom":"","ocean_shortcode_after_footer_bottom":"","ocean_display_top_bar":"off","ocean_display_header":"off","ocean_header_style":"","ocean_center_header_left_menu":"","ocean_custom_header_template":"","ocean_custom_logo":0,"ocean_custom_retina_logo":0,"ocean_custom_logo_max_width":0,"ocean_custom_logo_tablet_max_width":0,"ocean_custom_logo_mobile_max_width":0,"ocean_custom_logo_max_height":0,"ocean_custom_logo_tablet_max_height":0,"ocean_custom_logo_mobile_max_height":0,"ocean_header_custom_menu":"","ocean_menu_typo_font_family":"","ocean_menu_typo_font_subset":"","ocean_menu_typo_font_size":0,"ocean_menu_typo_font_size_tablet":0,"ocean_menu_typo_font_size_mobile":0,"ocean_menu_typo_font_size_unit":"px","ocean_menu_typo_font_weight":"","ocean_menu_typo_font_weight_tablet":"","ocean_menu_typo_font_weight_mobile":"","ocean_menu_typo_transform":"","ocean_menu_typo_transform_tablet":"","ocean_menu_typo_transform_mobile":"","ocean_menu_typo_line_height":0,"ocean_menu_typo_line_height_tablet":0,"ocean_menu_typo_line_height_mobile":0,"ocean_menu_typo_line_height_unit":"","ocean_menu_typo_spacing":0,"ocean_menu_typo_spacing_tablet":0,"ocean_menu_typo_spacing_mobile":0,"ocean_menu_typo_spacing_unit":"","ocean_menu_link_color":"","ocean_menu_link_color_hover":"","ocean_menu_link_color_active":"","ocean_menu_link_background":"","ocean_menu_link_hover_background":"","ocean_menu_link_active_background":"","ocean_menu_social_links_bg":"","ocean_menu_social_hover_links_bg":"","ocean_menu_social_links_color":"","ocean_menu_social_hover_links_color":"","ocean_disable_title":"on","ocean_disable_heading":"default","ocean_post_title":"","ocean_post_subheading":"","ocean_post_title_style":"","ocean_post_title_background_color":"","ocean_post_title_background":0,"ocean_post_title_bg_image_position":"","ocean_post_title_bg_image_attachment":"","ocean_post_title_bg_image_repeat":"","ocean_post_title_bg_image_size":"","ocean_post_title_height":0,"ocean_post_title_bg_overlay":0.5,"ocean_post_title_bg_overlay_color":"","ocean_disable_breadcrumbs":"default","ocean_breadcrumbs_color":"","ocean_breadcrumbs_separator_color":"","ocean_breadcrumbs_links_color":"","ocean_breadcrumbs_links_hover_color":"","ocean_display_footer_widgets":"off","ocean_display_footer_bottom":"off","ocean_custom_footer_template":"","footnotes":""},"class_list":["post-76990","page","type-page","status-publish","hentry","entry"],"_links":{"self":[{"href":"https:\/\/mdu.edu.az\/en\/wp-json\/wp\/v2\/pages\/76990","targetHints":{"allow":["GET"]}}],"collection":[{"href":"https:\/\/mdu.edu.az\/en\/wp-json\/wp\/v2\/pages"}],"about":[{"href":"https:\/\/mdu.edu.az\/en\/wp-json\/wp\/v2\/types\/page"}],"author":[{"embeddable":true,"href":"https:\/\/mdu.edu.az\/en\/wp-json\/wp\/v2\/users\/1"}],"replies":[{"embeddable":true,"href":"https:\/\/mdu.edu.az\/en\/wp-json\/wp\/v2\/comments?post=76990"}],"version-history":[{"count":64,"href":"https:\/\/mdu.edu.az\/en\/wp-json\/wp\/v2\/pages\/76990\/revisions"}],"predecessor-version":[{"id":77905,"href":"https:\/\/mdu.edu.az\/en\/wp-json\/wp\/v2\/pages\/76990\/revisions\/77905"}],"wp:attachment":[{"href":"https:\/\/mdu.edu.az\/en\/wp-json\/wp\/v2\/media?parent=76990"}],"curies":[{"name":"wp","href":"https:\/\/api.w.org\/{rel}","templated":true}]}}