{"id":8248,"date":"2021-09-11T18:39:59","date_gmt":"2021-09-11T15:39:59","guid":{"rendered":"https:\/\/mdu.edu.az\/?page_id=8248"},"modified":"2025-08-05T15:14:07","modified_gmt":"2025-08-05T12:14:07","slug":"qanun","status":"publish","type":"page","link":"https:\/\/mdu.edu.az\/en\/qanun\/","title":{"rendered":"MDU"},"content":{"rendered":"<div data-elementor-type=\"wp-page\" data-elementor-id=\"8248\" class=\"elementor elementor-8248\" data-elementor-settings=\"{&quot;element_pack_global_tooltip_width&quot;:{&quot;unit&quot;:&quot;px&quot;,&quot;size&quot;:&quot;&quot;,&quot;sizes&quot;:[]},&quot;element_pack_global_tooltip_width_tablet&quot;:{&quot;unit&quot;:&quot;px&quot;,&quot;size&quot;:&quot;&quot;,&quot;sizes&quot;:[]},&quot;element_pack_global_tooltip_width_mobile&quot;:{&quot;unit&quot;:&quot;px&quot;,&quot;size&quot;:&quot;&quot;,&quot;sizes&quot;:[]},&quot;element_pack_global_tooltip_padding&quot;:{&quot;unit&quot;:&quot;px&quot;,&quot;top&quot;:&quot;&quot;,&quot;right&quot;:&quot;&quot;,&quot;bottom&quot;:&quot;&quot;,&quot;left&quot;:&quot;&quot;,&quot;isLinked&quot;:true},&quot;element_pack_global_tooltip_padding_tablet&quot;:{&quot;unit&quot;:&quot;px&quot;,&quot;top&quot;:&quot;&quot;,&quot;right&quot;:&quot;&quot;,&quot;bottom&quot;:&quot;&quot;,&quot;left&quot;:&quot;&quot;,&quot;isLinked&quot;:true},&quot;element_pack_global_tooltip_padding_mobile&quot;:{&quot;unit&quot;:&quot;px&quot;,&quot;top&quot;:&quot;&quot;,&quot;right&quot;:&quot;&quot;,&quot;bottom&quot;:&quot;&quot;,&quot;left&quot;:&quot;&quot;,&quot;isLinked&quot;:true},&quot;element_pack_global_tooltip_border_radius&quot;:{&quot;unit&quot;:&quot;px&quot;,&quot;top&quot;:&quot;&quot;,&quot;right&quot;:&quot;&quot;,&quot;bottom&quot;:&quot;&quot;,&quot;left&quot;:&quot;&quot;,&quot;isLinked&quot;:true},&quot;element_pack_global_tooltip_border_radius_tablet&quot;:{&quot;unit&quot;:&quot;px&quot;,&quot;top&quot;:&quot;&quot;,&quot;right&quot;:&quot;&quot;,&quot;bottom&quot;:&quot;&quot;,&quot;left&quot;:&quot;&quot;,&quot;isLinked&quot;:true},&quot;element_pack_global_tooltip_border_radius_mobile&quot;:{&quot;unit&quot;:&quot;px&quot;,&quot;top&quot;:&quot;&quot;,&quot;right&quot;:&quot;&quot;,&quot;bottom&quot;:&quot;&quot;,&quot;left&quot;:&quot;&quot;,&quot;isLinked&quot;:true}}\" data-elementor-post-type=\"page\">\n\t\t\t\t\t\t<section data-particle_enable=\"false\" data-particle-mobile-disabled=\"false\" class=\"elementor-section elementor-top-section elementor-element elementor-element-326afd5e elementor-section-boxed elementor-section-height-default elementor-section-height-default\" data-id=\"326afd5e\" data-element_type=\"section\" data-e-type=\"section\">\n\t\t\t\t\t\t<div class=\"elementor-container elementor-column-gap-default\">\n\t\t\t\t\t<div class=\"elementor-column elementor-col-100 elementor-top-column elementor-element elementor-element-6c4eb273\" data-id=\"6c4eb273\" data-element_type=\"column\" data-e-type=\"column\" data-settings=\"{&quot;background_background&quot;:&quot;gradient&quot;}\">\n\t\t\t<div class=\"elementor-widget-wrap elementor-element-populated\">\n\t\t\t\t\t\t<section data-particle_enable=\"false\" data-particle-mobile-disabled=\"false\" class=\"elementor-section elementor-inner-section elementor-element elementor-element-1c023435 elementor-section-boxed elementor-section-height-default elementor-section-height-default\" data-id=\"1c023435\" data-element_type=\"section\" data-e-type=\"section\" data-settings=\"{&quot;background_background&quot;:&quot;classic&quot;}\">\n\t\t\t\t\t\t<div class=\"elementor-container elementor-column-gap-default\">\n\t\t\t\t\t<div class=\"elementor-column elementor-col-100 elementor-inner-column elementor-element elementor-element-490c486\" data-id=\"490c486\" data-element_type=\"column\" data-e-type=\"column\" data-settings=\"{&quot;background_background&quot;:&quot;classic&quot;}\">\n\t\t\t<div class=\"elementor-widget-wrap elementor-element-populated\">\n\t\t\t\t\t\t<div class=\"elementor-element elementor-element-1be987b5 elementor-widget elementor-widget-heading\" data-id=\"1be987b5\" data-element_type=\"widget\" data-e-type=\"widget\" data-widget_type=\"heading.default\">\n\t\t\t\t<div class=\"elementor-widget-container\">\n\t\t\t\t\t<h1 class=\"elementor-heading-title elementor-size-default\">Decree of the President of the Republic of Azerbaijan on the establishment of Mingachevir State University<\/h1>\t\t\t\t<\/div>\n\t\t\t\t<\/div>\n\t\t\t\t\t<\/div>\n\t\t<\/div>\n\t\t\t\t\t<\/div>\n\t\t<\/section>\n\t\t\t\t<div class=\"elementor-element elementor-element-351b812d elementor-widget elementor-widget-text-editor\" data-id=\"351b812d\" data-element_type=\"widget\" data-e-type=\"widget\" data-widget_type=\"text-editor.default\">\n\t\t\t\t<div class=\"elementor-widget-container\">\n\t\t\t\t\t\t\t\t\t<p>Az\u0259rbaycan Respublikas\u0131nda t\u0259hsil m\u00fc\u0259ssis\u0259l\u0259ri \u015f\u0259b\u0259k\u0259sinin rasionalla\u015fd\u0131r\u0131lmas\u0131 m\u0259qs\u0259di il\u0259 Az\u0259rbaycan Respublikas\u0131 Konstitusiyas\u0131n\u0131n 109-cu madd\u0259sinin 32-ci b\u0259ndini r\u0259hb\u0259r tutaraq<\/p><p>Q\u018fRARA ALIRAM:<\/p><p>1.To establish Mingachevir State University under the Ministry of Education of the Republic of Azerbaijan on the basis of Mingachevir Polytechnic Institute under the Ministry of Education of the Republic of Azerbaijan, which carries out training of personnel for all levels of Higher Education.<\/p><p>2. Cabinet of Ministers of The Republic of Azerbaijan:<\/p><p>2.1. To ensure that the material and technical base of the liquidated Mingachevir branch of the Azerbaijan Teachers Institute is transferred to the balance of Mingachevir State University within two months;<\/p><p>2.2. Az\u0259rbaycan Respublikas\u0131 Prezidentinin aktlar\u0131n\u0131n bu S\u0259r\u0259ncama uy\u011funla\u015fd\u0131r\u0131lmas\u0131na dair t\u0259klifl\u0259rini \u00fc\u00e7 ay m\u00fcdd\u0259tind\u0259 haz\u0131rlay\u0131b Az\u0259rbaycan Respublikas\u0131n\u0131n Prezidentin\u0259 t\u0259qdim etsin;<\/p><p>2.3. Az\u0259rbaycan Respublikas\u0131 Nazirl\u0259r Kabinetinin normativ h\u00fcquqi aktlar\u0131n\u0131n bu S\u0259r\u0259ncama uy\u011funla\u015fd\u0131r\u0131lmas\u0131n\u0131 \u00fc\u00e7 ay m\u00fcdd\u0259tind\u0259 t\u0259min edib Az\u0259rbaycan Respublikas\u0131n\u0131n Prezidentin\u0259 m\u0259lumat versin;<\/p><p>2.4. m\u0259rk\u0259zi icra hakimiyy\u0259ti orqanlar\u0131n\u0131n normativ h\u00fcquqi aktlar\u0131n\u0131n bu S\u0259r\u0259ncama uy\u011funla\u015fd\u0131r\u0131lmas\u0131n\u0131 n\u0259zar\u0259td\u0259 saxlas\u0131n v\u0259 bunun icras\u0131 bar\u0259d\u0259 be\u015f ay m\u00fcdd\u0259tind\u0259 Az\u0259rbaycan Respublikas\u0131n\u0131n Prezidentin\u0259 m\u0259lumat versin.<\/p><p>2.5. Ming\u0259\u00e7evir D\u00f6vl\u0259t Universitetinin yarad\u0131lmas\u0131 il\u0259 ba\u011fl\u0131 dig\u0259r m\u0259s\u0259l\u0259l\u0259ri h\u0259ll etsin.<\/p><p>3. Az\u0259rbaycan Respublikas\u0131n\u0131n \u018fdliyy\u0259 Nazirliyi m\u0259rk\u0259zi icra hakimiyy\u0259ti orqanlar\u0131n\u0131n normativ h\u00fcquqi aktlar\u0131n\u0131n v\u0259 normativ xarakterli aktlar\u0131n bu S\u0259r\u0259ncama uy\u011funla\u015fd\u0131r\u0131lmas\u0131n\u0131 t\u0259min edib Az\u0259rbaycan Respublikas\u0131n\u0131n Nazirl\u0259r Kabinetin\u0259 m\u0259lumat versin.<\/p><p>\u00a0<\/p><p><strong>\u0130lham \u018fliyev<\/strong><\/p><p><strong>Az\u0259rbaycan Respublikas\u0131n\u0131n Prezidenti<\/strong><\/p><p><strong>Bak\u0131 \u015f\u0259h\u0259ri, 24 iyul 2015-ci il<\/strong><\/p><p><strong>\u21161335<\/strong><\/p>\t\t\t\t\t\t\t\t<\/div>\n\t\t\t\t<\/div>\n\t\t\t\t\t<\/div>\n\t\t<\/div>\n\t\t\t\t\t<\/div>\n\t\t<\/section>\n\t\t\t\t<\/div>","protected":false},"excerpt":{"rendered":"<p>Ming\u0259\u00e7evir D\u00f6vl\u0259t Universitetinin yarad\u0131lmas\u0131 bar\u0259d\u0259 Az\u0259rbaycan Respublikas\u0131 Prezidentinin S\u0259r\u0259ncam\u0131 Az\u0259rbaycan Respublikas\u0131nda t\u0259hsil m\u00fc\u0259ssis\u0259l\u0259ri \u015f\u0259b\u0259k\u0259sinin rasionalla\u015fd\u0131r\u0131lmas\u0131 m\u0259qs\u0259di il\u0259 Az\u0259rbaycan Respublikas\u0131 Konstitusiyas\u0131n\u0131n 109-cu madd\u0259sinin 32-ci b\u0259ndini r\u0259hb\u0259r tutaraq Q\u018fRARA ALIRAM: 1. Az\u0259rbaycan Respublikas\u0131 T\u0259hsil Nazirliyinin tabeliyind\u0259 olan Ming\u0259\u00e7evir Politexnik \u0130nstitutunun bazas\u0131nda ali t\u0259hsilin b\u00fct\u00fcn s\u0259viyy\u0259l\u0259ri \u00fczr\u0259 kadr haz\u0131rl\u0131\u011f\u0131n\u0131 h\u0259yata ke\u00e7ir\u0259n, Az\u0259rbaycan Respublikas\u0131 T\u0259hsil Nazirliyinin tabeliyind\u0259 Ming\u0259\u00e7evir D\u00f6vl\u0259t [&hellip;]<\/p>\n","protected":false},"author":1,"featured_media":0,"parent":0,"menu_order":0,"comment_status":"closed","ping_status":"closed","template":"","meta":{"_eb_attr":"","ocean_post_layout":"full-screen","ocean_both_sidebars_style":"","ocean_both_sidebars_content_width":0,"ocean_both_sidebars_sidebars_width":0,"ocean_sidebar":"0","ocean_second_sidebar":"0","ocean_disable_margins":"enable","ocean_add_body_class":"","ocean_shortcode_before_top_bar":"","ocean_shortcode_after_top_bar":"","ocean_shortcode_before_header":"","ocean_shortcode_after_header":"","ocean_has_shortcode":"","ocean_shortcode_after_title":"","ocean_shortcode_before_footer_widgets":"","ocean_shortcode_after_footer_widgets":"","ocean_shortcode_before_footer_bottom":"","ocean_shortcode_after_footer_bottom":"","ocean_display_top_bar":"off","ocean_display_header":"off","ocean_header_style":"","ocean_center_header_left_menu":"0","ocean_custom_header_template":"0","ocean_custom_logo":0,"ocean_custom_retina_logo":0,"ocean_custom_logo_max_width":0,"ocean_custom_logo_tablet_max_width":0,"ocean_custom_logo_mobile_max_width":0,"ocean_custom_logo_max_height":0,"ocean_custom_logo_tablet_max_height":0,"ocean_custom_logo_mobile_max_height":0,"ocean_header_custom_menu":"0","ocean_menu_typo_font_family":"0","ocean_menu_typo_font_subset":"","ocean_menu_typo_font_size":0,"ocean_menu_typo_font_size_tablet":0,"ocean_menu_typo_font_size_mobile":0,"ocean_menu_typo_font_size_unit":"px","ocean_menu_typo_font_weight":"","ocean_menu_typo_font_weight_tablet":"","ocean_menu_typo_font_weight_mobile":"","ocean_menu_typo_transform":"","ocean_menu_typo_transform_tablet":"","ocean_menu_typo_transform_mobile":"","ocean_menu_typo_line_height":0,"ocean_menu_typo_line_height_tablet":0,"ocean_menu_typo_line_height_mobile":0,"ocean_menu_typo_line_height_unit":"","ocean_menu_typo_spacing":0,"ocean_menu_typo_spacing_tablet":0,"ocean_menu_typo_spacing_mobile":0,"ocean_menu_typo_spacing_unit":"","ocean_menu_link_color":"","ocean_menu_link_color_hover":"","ocean_menu_link_color_active":"","ocean_menu_link_background":"","ocean_menu_link_hover_background":"","ocean_menu_link_active_background":"","ocean_menu_social_links_bg":"","ocean_menu_social_hover_links_bg":"","ocean_menu_social_links_color":"","ocean_menu_social_hover_links_color":"","ocean_disable_title":"on","ocean_disable_heading":"default","ocean_post_title":"","ocean_post_subheading":"","ocean_post_title_style":"","ocean_post_title_background_color":"","ocean_post_title_background":0,"ocean_post_title_bg_image_position":"","ocean_post_title_bg_image_attachment":"","ocean_post_title_bg_image_repeat":"","ocean_post_title_bg_image_size":"","ocean_post_title_height":0,"ocean_post_title_bg_overlay":0.5,"ocean_post_title_bg_overlay_color":"","ocean_disable_breadcrumbs":"default","ocean_breadcrumbs_color":"","ocean_breadcrumbs_separator_color":"","ocean_breadcrumbs_links_color":"","ocean_breadcrumbs_links_hover_color":"","ocean_display_footer_widgets":"off","ocean_display_footer_bottom":"off","ocean_custom_footer_template":"0","footnotes":""},"class_list":["post-8248","page","type-page","status-publish","hentry","entry"],"_links":{"self":[{"href":"https:\/\/mdu.edu.az\/en\/wp-json\/wp\/v2\/pages\/8248","targetHints":{"allow":["GET"]}}],"collection":[{"href":"https:\/\/mdu.edu.az\/en\/wp-json\/wp\/v2\/pages"}],"about":[{"href":"https:\/\/mdu.edu.az\/en\/wp-json\/wp\/v2\/types\/page"}],"author":[{"embeddable":true,"href":"https:\/\/mdu.edu.az\/en\/wp-json\/wp\/v2\/users\/1"}],"replies":[{"embeddable":true,"href":"https:\/\/mdu.edu.az\/en\/wp-json\/wp\/v2\/comments?post=8248"}],"version-history":[{"count":117,"href":"https:\/\/mdu.edu.az\/en\/wp-json\/wp\/v2\/pages\/8248\/revisions"}],"predecessor-version":[{"id":76869,"href":"https:\/\/mdu.edu.az\/en\/wp-json\/wp\/v2\/pages\/8248\/revisions\/76869"}],"wp:attachment":[{"href":"https:\/\/mdu.edu.az\/en\/wp-json\/wp\/v2\/media?parent=8248"}],"curies":[{"name":"wp","href":"https:\/\/api.w.org\/{rel}","templated":true}]}}