{"id":11162,"date":"2022-01-19T14:42:58","date_gmt":"2022-01-19T11:42:58","guid":{"rendered":"https:\/\/mdu.edu.az\/?page_id=11162"},"modified":"2025-08-07T13:52:05","modified_gmt":"2025-08-07T10:52:05","slug":"dayaniqli-inkisaf-v%c9%99-regional-innovasiyalar-t%c9%99dqiqat-m%c9%99rk%c9%99zi","status":"publish","type":"page","link":"https:\/\/mdu.edu.az\/ru\/dayaniqli-inkisaf-v%c9%99-regional-innovasiyalar-t%c9%99dqiqat-m%c9%99rk%c9%99zi\/","title":{"rendered":"Dayan\u0131ql\u0131 inki\u015faf v\u0259 regional innovasiyalar t\u0259dqiqat m\u0259rk\u0259zi"},"content":{"rendered":"<div data-elementor-type=\"wp-page\" data-elementor-id=\"11162\" class=\"elementor elementor-11162\" data-elementor-settings=\"{&quot;element_pack_global_tooltip_width&quot;:{&quot;unit&quot;:&quot;px&quot;,&quot;size&quot;:&quot;&quot;,&quot;sizes&quot;:[]},&quot;element_pack_global_tooltip_width_tablet&quot;:{&quot;unit&quot;:&quot;px&quot;,&quot;size&quot;:&quot;&quot;,&quot;sizes&quot;:[]},&quot;element_pack_global_tooltip_width_mobile&quot;:{&quot;unit&quot;:&quot;px&quot;,&quot;size&quot;:&quot;&quot;,&quot;sizes&quot;:[]},&quot;element_pack_global_tooltip_padding&quot;:{&quot;unit&quot;:&quot;px&quot;,&quot;top&quot;:&quot;&quot;,&quot;right&quot;:&quot;&quot;,&quot;bottom&quot;:&quot;&quot;,&quot;left&quot;:&quot;&quot;,&quot;isLinked&quot;:true},&quot;element_pack_global_tooltip_padding_tablet&quot;:{&quot;unit&quot;:&quot;px&quot;,&quot;top&quot;:&quot;&quot;,&quot;right&quot;:&quot;&quot;,&quot;bottom&quot;:&quot;&quot;,&quot;left&quot;:&quot;&quot;,&quot;isLinked&quot;:true},&quot;element_pack_global_tooltip_padding_mobile&quot;:{&quot;unit&quot;:&quot;px&quot;,&quot;top&quot;:&quot;&quot;,&quot;right&quot;:&quot;&quot;,&quot;bottom&quot;:&quot;&quot;,&quot;left&quot;:&quot;&quot;,&quot;isLinked&quot;:true},&quot;element_pack_global_tooltip_border_radius&quot;:{&quot;unit&quot;:&quot;px&quot;,&quot;top&quot;:&quot;&quot;,&quot;right&quot;:&quot;&quot;,&quot;bottom&quot;:&quot;&quot;,&quot;left&quot;:&quot;&quot;,&quot;isLinked&quot;:true},&quot;element_pack_global_tooltip_border_radius_tablet&quot;:{&quot;unit&quot;:&quot;px&quot;,&quot;top&quot;:&quot;&quot;,&quot;right&quot;:&quot;&quot;,&quot;bottom&quot;:&quot;&quot;,&quot;left&quot;:&quot;&quot;,&quot;isLinked&quot;:true},&quot;element_pack_global_tooltip_border_radius_mobile&quot;:{&quot;unit&quot;:&quot;px&quot;,&quot;top&quot;:&quot;&quot;,&quot;right&quot;:&quot;&quot;,&quot;bottom&quot;:&quot;&quot;,&quot;left&quot;:&quot;&quot;,&quot;isLinked&quot;:true}}\" data-elementor-post-type=\"page\">\n\t\t\t\t\t\t<section data-particle_enable=\"false\" data-particle-mobile-disabled=\"false\" class=\"elementor-section elementor-top-section elementor-element elementor-element-72fbe07e elementor-section-boxed elementor-section-height-default elementor-section-height-default\" data-id=\"72fbe07e\" data-element_type=\"section\" data-e-type=\"section\">\n\t\t\t\t\t\t<div class=\"elementor-container elementor-column-gap-default\">\n\t\t\t\t\t<div class=\"elementor-column elementor-col-100 elementor-top-column elementor-element elementor-element-4e2aebc0\" data-id=\"4e2aebc0\" data-element_type=\"column\" data-e-type=\"column\">\n\t\t\t<div class=\"elementor-widget-wrap elementor-element-populated\">\n\t\t\t\t\t\t<div class=\"elementor-element elementor-element-6ca2e516 elementor-widget elementor-widget-text-editor\" data-id=\"6ca2e516\" data-element_type=\"widget\" data-e-type=\"widget\" data-widget_type=\"text-editor.default\">\n\t\t\t\t<div class=\"elementor-widget-container\">\n\t\t\t\t\t\t\t\t\t<p>Dayan\u0131ql\u0131 inki\u015faf v\u0259 regional innovasiyalar t\u0259dqiqat m\u0259rk\u0259zi Ming\u0259\u00e7evir D\u00f6vl\u0259t Universitetinin Elmi \u015euras\u0131n\u0131n 23.12.2021-ci il tarixli, 31 n\u00f6mr\u0259li q\u0259rar\u0131 v\u0259 MDU-nun rektorunun 24.12.2021-ci il tarixli, 314 n\u00f6mr\u0259li \u0259mri il\u0259\u00a0 yarad\u0131lm\u0131\u015fd\u0131r.<\/p><p>M\u0259rk\u0259z MDU-da elmi bilikl\u0259rin \u0259ld\u0259 edilm\u0259sin\u0259, t\u0259tbiqin\u0259 v\u0259 t\u0259bli\u011fin\u0259 y\u00f6n\u0259lmi\u015f elmi t\u0259dqiqat v\u0259 yarad\u0131c\u0131l\u0131q prosesi m\u0259hsullar\u0131n\u0131n d\u0259rc edilm\u0259si, onlar\u0131n m\u00fcbadil\u0259si v\u0259 realla\u015fd\u0131r\u0131lmas\u0131, innovativ xarakterli elmi f\u0259aliyy\u0259t\u0259, habel\u0259 t\u0259hsil, texnologiya, ekologiya v\u0259 iqtisadiyyat\u0131n m\u00fcxt\u0259lif sah\u0259l\u0259rin\u0259 d\u0259st\u0259k verilm\u0259si, bu sah\u0259l\u0259rin inki\u015faf etdirilm\u0259sin\u0259 xidm\u0259t ed\u0259n layih\u0259l\u0259rin h\u0259yata ke\u00e7irilm\u0259si istiqam\u0259tl\u0259rind\u0259 MDU-nun m\u0259qs\u0259d v\u0259 v\u0259zif\u0259l\u0259rini h\u0259yata ke\u00e7ir\u0259n struktur b\u00f6lm\u0259dir.<\/p><p>M\u0259rk\u0259z \u00f6z v\u0259zif\u0259l\u0259rini yerin\u0259 yetir\u0259rk\u0259n v\u0259 h\u00fcquqlar\u0131n\u0131 h\u0259yata ke\u00e7ir\u0259rk\u0259n MDU-nun strukturuna daxil olan qurumlarla, h\u0259m\u00e7inin d\u00f6vl\u0259t v\u0259 yerli \u00f6z\u00fcn\u00fc idar\u0259etm\u0259 orqanlar\u0131, h\u00fcquqi v\u0259 fiziki \u015f\u0259xsl\u0259rl\u0259 qar\u015f\u0131l\u0131ql\u0131 \u0259laq\u0259d\u0259 f\u0259aliyy\u0259t g\u00f6st\u0259rir.<\/p><p>M\u0259rk\u0259zin f\u0259aliyy\u0259t istiqam\u0259tl\u0259ri a\u015fa\u011f\u0131dak\u0131lard\u0131r:<\/p><ul><li>MDU-ya m\u0259xsus r\u0259smi elmi n\u0259\u015frl\u0259rin m\u00fct\u0259madi d\u0259rc edilm\u0259si m\u0259qs\u0259dil\u0259 elmi f\u0259aliyy\u0259tin n\u0259tic\u0259l\u0259rinin \u00f6yr\u0259nilm\u0259si v\u0259 sisteml\u0259\u015fdirilm\u0259si;<\/li><li>Perspektiv v\u0259d ed\u0259n elmi f\u0259aliyy\u0259tin n\u0259tic\u0259 v\u0259 m\u0259hsullar\u0131n\u0131n m\u00fcbadil\u0259si v\u0259 realla\u015fd\u0131r\u0131lmas\u0131 imkanlar\u0131n\u0131n proqnozla\u015fd\u0131r\u0131lmas\u0131 v\u0259 idar\u0259 olunmas\u0131;<\/li><li>Elmi, elmi-texniki f\u0259aliyy\u0259t\u0259, habel\u0259 t\u0259hsil, texnologiya, ekologiya v\u0259 iqtisadiyyat\u0131n m\u00fcxt\u0259lif sah\u0259l\u0259rin\u0259 d\u0259st\u0259k mexanizml\u0259rinin i\u015fl\u0259nib haz\u0131rlanmas\u0131 v\u0259 bu mexanizml\u0259rin i\u015fl\u0259kliyinin t\u0259min edilm\u0259si;<\/li><li>Regionlarda innovativ xarakterli elmi f\u0259aliyy\u0259tin, habel\u0259 iqtisadiyyat\u0131n m\u00fcxt\u0259lif sah\u0259l\u0259rinin inki\u015faf etdirilm\u0259sin\u0259 xidm\u0259t ed\u0259n layih\u0259l\u0259rin h\u0259yata ke\u00e7irilm\u0259si v\u0259 dig\u0259r t\u0259dbirl\u0259rin g\u00f6r\u00fclm\u0259si.<\/li><\/ul>\t\t\t\t\t\t\t\t<\/div>\n\t\t\t\t<\/div>\n\t\t\t\t<div class=\"elementor-element elementor-element-70e143b9 elementor-widget elementor-widget-heading\" data-id=\"70e143b9\" data-element_type=\"widget\" data-e-type=\"widget\" data-widget_type=\"heading.default\">\n\t\t\t\t<div class=\"elementor-widget-container\">\n\t\t\t\t\t<h2 class=\"elementor-heading-title elementor-size-default\">M\u0259rk\u0259zin direktoru<\/h2>\t\t\t\t<\/div>\n\t\t\t\t<\/div>\n\t\t\t\t<div class=\"elementor-element elementor-element-3e2a63b elementor-widget-divider--view-line elementor-widget elementor-widget-divider\" data-id=\"3e2a63b\" data-element_type=\"widget\" data-e-type=\"widget\" data-widget_type=\"divider.default\">\n\t\t\t\t<div class=\"elementor-widget-container\">\n\t\t\t\t\t\t\t<div class=\"elementor-divider\">\n\t\t\t<span class=\"elementor-divider-separator\">\n\t\t\t\t\t\t<\/span>\n\t\t<\/div>\n\t\t\t\t\t\t<\/div>\n\t\t\t\t<\/div>\n\t\t\t\t<section data-particle_enable=\"false\" data-particle-mobile-disabled=\"false\" class=\"elementor-section elementor-inner-section elementor-element elementor-element-18ccdb46 elementor-section-boxed elementor-section-height-default elementor-section-height-default\" data-id=\"18ccdb46\" data-element_type=\"section\" data-e-type=\"section\">\n\t\t\t\t\t\t<div class=\"elementor-container elementor-column-gap-no\">\n\t\t\t\t\t<div class=\"elementor-column elementor-col-33 elementor-inner-column elementor-element elementor-element-233649dd\" data-id=\"233649dd\" data-element_type=\"column\" data-e-type=\"column\">\n\t\t\t<div class=\"elementor-widget-wrap elementor-element-populated\">\n\t\t\t\t\t\t<div class=\"elementor-element elementor-element-42490484 elementor-position-left elementor-vertical-align-middle elementor-widget elementor-widget-image-box\" data-id=\"42490484\" data-element_type=\"widget\" data-e-type=\"widget\" data-widget_type=\"image-box.default\">\n\t\t\t\t<div class=\"elementor-widget-container\">\n\t\t\t\t\t<div class=\"elementor-image-box-wrapper\"><figure class=\"elementor-image-box-img\"><img fetchpriority=\"high\" decoding=\"async\" width=\"332\" height=\"440\" src=\"https:\/\/mdu.edu.az\/wp-content\/uploads\/2025\/02\/M.Asim_.jpg\" class=\"attachment-full size-full wp-image-64813\" alt=\"\" srcset=\"https:\/\/mdu.edu.az\/wp-content\/uploads\/2025\/02\/M.Asim_.jpg 332w, https:\/\/mdu.edu.az\/wp-content\/uploads\/2025\/02\/M.Asim_-226x300.jpg 226w, https:\/\/mdu.edu.az\/wp-content\/uploads\/2025\/02\/M.Asim_-9x12.jpg 9w, https:\/\/mdu.edu.az\/wp-content\/uploads\/2025\/02\/M.Asim_-18x24.jpg 18w, https:\/\/mdu.edu.az\/wp-content\/uploads\/2025\/02\/M.Asim_-27x36.jpg 27w, https:\/\/mdu.edu.az\/wp-content\/uploads\/2025\/02\/M.Asim_-36x48.jpg 36w\" sizes=\"(max-width: 332px) 100vw, 332px\" \/><\/figure><div class=\"elementor-image-box-content\"><h3 class=\"elementor-image-box-title\">M\u0259mm\u0259dov Asim <br> \u015e\u0259fay\u0259t o\u011flu <\/h3><p class=\"elementor-image-box-description\">Siyasi elml\u0259r \u00fczr\u0259 f\u0259ls\u0259f\u0259 doktoru,<br> dosent\n\n\n<\/p><\/div><\/div>\t\t\t\t<\/div>\n\t\t\t\t<\/div>\n\t\t\t\t\t<\/div>\n\t\t<\/div>\n\t\t\t\t<div class=\"elementor-column elementor-col-33 elementor-inner-column elementor-element elementor-element-5df58b21\" data-id=\"5df58b21\" data-element_type=\"column\" data-e-type=\"column\">\n\t\t\t<div class=\"elementor-widget-wrap\">\n\t\t\t\t\t\t\t<\/div>\n\t\t<\/div>\n\t\t\t\t<div class=\"elementor-column elementor-col-33 elementor-inner-column elementor-element elementor-element-2bbebbc2\" data-id=\"2bbebbc2\" data-element_type=\"column\" data-e-type=\"column\">\n\t\t\t<div class=\"elementor-widget-wrap\">\n\t\t\t\t\t\t\t<\/div>\n\t\t<\/div>\n\t\t\t\t\t<\/div>\n\t\t<\/section>\n\t\t\t\t\t<\/div>\n\t\t<\/div>\n\t\t\t\t\t<\/div>\n\t\t<\/section>\n\t\t\t\t<\/div>","protected":false},"excerpt":{"rendered":"<p>Dayan\u0131ql\u0131 inki\u015faf v\u0259 regional innovasiyalar t\u0259dqiqat m\u0259rk\u0259zi Dayan\u0131ql\u0131 inki\u015faf v\u0259 regional innovasiyalar t\u0259dqiqat m\u0259rk\u0259zi Ming\u0259\u00e7evir D\u00f6vl\u0259t Universitetinin Elmi \u015euras\u0131n\u0131n 23.12.2021-ci il tarixli, 31 n\u00f6mr\u0259li q\u0259rar\u0131 v\u0259 MDU-nun rektorunun 24.12.2021-ci il tarixli, 314 n\u00f6mr\u0259li \u0259mri il\u0259\u00a0 yarad\u0131lm\u0131\u015fd\u0131r. M\u0259rk\u0259z MDU-da elmi bilikl\u0259rin \u0259ld\u0259 edilm\u0259sin\u0259, t\u0259tbiqin\u0259 v\u0259 t\u0259bli\u011fin\u0259 y\u00f6n\u0259lmi\u015f elmi t\u0259dqiqat v\u0259 yarad\u0131c\u0131l\u0131q prosesi m\u0259hsullar\u0131n\u0131n d\u0259rc edilm\u0259si, onlar\u0131n [&hellip;]<\/p>\n","protected":false},"author":1,"featured_media":0,"parent":0,"menu_order":0,"comment_status":"closed","ping_status":"closed","template":"","meta":{"_eb_attr":"","ocean_post_layout":"full-screen","ocean_both_sidebars_style":"","ocean_both_sidebars_content_width":0,"ocean_both_sidebars_sidebars_width":0,"ocean_sidebar":"0","ocean_second_sidebar":"0","ocean_disable_margins":"enable","ocean_add_body_class":"","ocean_shortcode_before_top_bar":"","ocean_shortcode_after_top_bar":"","ocean_shortcode_before_header":"","ocean_shortcode_after_header":"","ocean_has_shortcode":"","ocean_shortcode_after_title":"","ocean_shortcode_before_footer_widgets":"","ocean_shortcode_after_footer_widgets":"","ocean_shortcode_before_footer_bottom":"","ocean_shortcode_after_footer_bottom":"","ocean_display_top_bar":"off","ocean_display_header":"off","ocean_header_style":"","ocean_center_header_left_menu":"0","ocean_custom_header_template":"0","ocean_custom_logo":0,"ocean_custom_retina_logo":0,"ocean_custom_logo_max_width":0,"ocean_custom_logo_tablet_max_width":0,"ocean_custom_logo_mobile_max_width":0,"ocean_custom_logo_max_height":0,"ocean_custom_logo_tablet_max_height":0,"ocean_custom_logo_mobile_max_height":0,"ocean_header_custom_menu":"0","ocean_menu_typo_font_family":"0","ocean_menu_typo_font_subset":"","ocean_menu_typo_font_size":0,"ocean_menu_typo_font_size_tablet":0,"ocean_menu_typo_font_size_mobile":0,"ocean_menu_typo_font_size_unit":"px","ocean_menu_typo_font_weight":"","ocean_menu_typo_font_weight_tablet":"","ocean_menu_typo_font_weight_mobile":"","ocean_menu_typo_transform":"","ocean_menu_typo_transform_tablet":"","ocean_menu_typo_transform_mobile":"","ocean_menu_typo_line_height":0,"ocean_menu_typo_line_height_tablet":0,"ocean_menu_typo_line_height_mobile":0,"ocean_menu_typo_line_height_unit":"","ocean_menu_typo_spacing":0,"ocean_menu_typo_spacing_tablet":0,"ocean_menu_typo_spacing_mobile":0,"ocean_menu_typo_spacing_unit":"","ocean_menu_link_color":"","ocean_menu_link_color_hover":"","ocean_menu_link_color_active":"","ocean_menu_link_background":"","ocean_menu_link_hover_background":"","ocean_menu_link_active_background":"","ocean_menu_social_links_bg":"","ocean_menu_social_hover_links_bg":"","ocean_menu_social_links_color":"","ocean_menu_social_hover_links_color":"","ocean_disable_title":"on","ocean_disable_heading":"default","ocean_post_title":"","ocean_post_subheading":"","ocean_post_title_style":"","ocean_post_title_background_color":"","ocean_post_title_background":0,"ocean_post_title_bg_image_position":"","ocean_post_title_bg_image_attachment":"","ocean_post_title_bg_image_repeat":"","ocean_post_title_bg_image_size":"","ocean_post_title_height":0,"ocean_post_title_bg_overlay":0.5,"ocean_post_title_bg_overlay_color":"","ocean_disable_breadcrumbs":"default","ocean_breadcrumbs_color":"","ocean_breadcrumbs_separator_color":"","ocean_breadcrumbs_links_color":"","ocean_breadcrumbs_links_hover_color":"","ocean_display_footer_widgets":"off","ocean_display_footer_bottom":"off","ocean_custom_footer_template":"0","footnotes":""},"class_list":["post-11162","page","type-page","status-publish","hentry","entry"],"_links":{"self":[{"href":"https:\/\/mdu.edu.az\/ru\/wp-json\/wp\/v2\/pages\/11162","targetHints":{"allow":["GET"]}}],"collection":[{"href":"https:\/\/mdu.edu.az\/ru\/wp-json\/wp\/v2\/pages"}],"about":[{"href":"https:\/\/mdu.edu.az\/ru\/wp-json\/wp\/v2\/types\/page"}],"author":[{"embeddable":true,"href":"https:\/\/mdu.edu.az\/ru\/wp-json\/wp\/v2\/users\/1"}],"replies":[{"embeddable":true,"href":"https:\/\/mdu.edu.az\/ru\/wp-json\/wp\/v2\/comments?post=11162"}],"version-history":[{"count":95,"href":"https:\/\/mdu.edu.az\/ru\/wp-json\/wp\/v2\/pages\/11162\/revisions"}],"predecessor-version":[{"id":77386,"href":"https:\/\/mdu.edu.az\/ru\/wp-json\/wp\/v2\/pages\/11162\/revisions\/77386"}],"wp:attachment":[{"href":"https:\/\/mdu.edu.az\/ru\/wp-json\/wp\/v2\/media?parent=11162"}],"curies":[{"name":"wp","href":"https:\/\/api.w.org\/{rel}","templated":true}]}}