{"id":11168,"date":"2022-01-19T14:50:38","date_gmt":"2022-01-19T11:50:38","guid":{"rendered":"https:\/\/mdu.edu.az\/?page_id=11168"},"modified":"2025-08-22T09:46:21","modified_gmt":"2025-08-22T06:46:21","slug":"respublika-konfranslari","status":"publish","type":"page","link":"https:\/\/mdu.edu.az\/ru\/respublika-konfranslari\/","title":{"rendered":"\u0420\u0435\u0441\u043f\u0443\u0431\u043b\u0438\u043a\u0430\u043d\u0441\u043a\u0438\u0435 \u043a\u043e\u043d\u0444\u0435\u0440\u0435\u043d\u0446\u0438\u0438"},"content":{"rendered":"<div data-elementor-type=\"wp-page\" data-elementor-id=\"11168\" class=\"elementor elementor-11168\" data-elementor-settings=\"{&quot;element_pack_global_tooltip_width&quot;:{&quot;unit&quot;:&quot;px&quot;,&quot;size&quot;:&quot;&quot;,&quot;sizes&quot;:[]},&quot;element_pack_global_tooltip_width_tablet&quot;:{&quot;unit&quot;:&quot;px&quot;,&quot;size&quot;:&quot;&quot;,&quot;sizes&quot;:[]},&quot;element_pack_global_tooltip_width_mobile&quot;:{&quot;unit&quot;:&quot;px&quot;,&quot;size&quot;:&quot;&quot;,&quot;sizes&quot;:[]},&quot;element_pack_global_tooltip_padding&quot;:{&quot;unit&quot;:&quot;px&quot;,&quot;top&quot;:&quot;&quot;,&quot;right&quot;:&quot;&quot;,&quot;bottom&quot;:&quot;&quot;,&quot;left&quot;:&quot;&quot;,&quot;isLinked&quot;:true},&quot;element_pack_global_tooltip_padding_tablet&quot;:{&quot;unit&quot;:&quot;px&quot;,&quot;top&quot;:&quot;&quot;,&quot;right&quot;:&quot;&quot;,&quot;bottom&quot;:&quot;&quot;,&quot;left&quot;:&quot;&quot;,&quot;isLinked&quot;:true},&quot;element_pack_global_tooltip_padding_mobile&quot;:{&quot;unit&quot;:&quot;px&quot;,&quot;top&quot;:&quot;&quot;,&quot;right&quot;:&quot;&quot;,&quot;bottom&quot;:&quot;&quot;,&quot;left&quot;:&quot;&quot;,&quot;isLinked&quot;:true},&quot;element_pack_global_tooltip_border_radius&quot;:{&quot;unit&quot;:&quot;px&quot;,&quot;top&quot;:&quot;&quot;,&quot;right&quot;:&quot;&quot;,&quot;bottom&quot;:&quot;&quot;,&quot;left&quot;:&quot;&quot;,&quot;isLinked&quot;:true},&quot;element_pack_global_tooltip_border_radius_tablet&quot;:{&quot;unit&quot;:&quot;px&quot;,&quot;top&quot;:&quot;&quot;,&quot;right&quot;:&quot;&quot;,&quot;bottom&quot;:&quot;&quot;,&quot;left&quot;:&quot;&quot;,&quot;isLinked&quot;:true},&quot;element_pack_global_tooltip_border_radius_mobile&quot;:{&quot;unit&quot;:&quot;px&quot;,&quot;top&quot;:&quot;&quot;,&quot;right&quot;:&quot;&quot;,&quot;bottom&quot;:&quot;&quot;,&quot;left&quot;:&quot;&quot;,&quot;isLinked&quot;:true}}\" data-elementor-post-type=\"page\">\n\t\t\t\t\t\t<section data-particle_enable=\"false\" data-particle-mobile-disabled=\"false\" class=\"elementor-section elementor-top-section elementor-element elementor-element-42a71f3 elementor-hidden-tablet elementor-section-boxed elementor-section-height-default elementor-section-height-default\" data-id=\"42a71f3\" data-element_type=\"section\" data-e-type=\"section\">\n\t\t\t\t\t\t<div class=\"elementor-container elementor-column-gap-default\">\n\t\t\t\t\t<div class=\"elementor-column elementor-col-100 elementor-top-column elementor-element elementor-element-6d44a41e\" data-id=\"6d44a41e\" data-element_type=\"column\" data-e-type=\"column\" data-settings=\"{&quot;background_background&quot;:&quot;classic&quot;}\">\n\t\t\t<div class=\"elementor-widget-wrap elementor-element-populated\">\n\t\t\t\t\t\t<section data-particle_enable=\"false\" data-particle-mobile-disabled=\"false\" class=\"elementor-section elementor-inner-section elementor-element elementor-element-10300f74 elementor-section-full_width elementor-section-content-middle elementor-section-height-default elementor-section-height-default\" data-id=\"10300f74\" data-element_type=\"section\" data-e-type=\"section\" data-settings=\"{&quot;background_background&quot;:&quot;classic&quot;}\">\n\t\t\t\t\t\t<div class=\"elementor-container elementor-column-gap-no\">\n\t\t\t\t\t<div class=\"elementor-column elementor-col-100 elementor-inner-column elementor-element elementor-element-43cd9ce8\" data-id=\"43cd9ce8\" data-element_type=\"column\" data-e-type=\"column\">\n\t\t\t<div class=\"elementor-widget-wrap elementor-element-populated\">\n\t\t\t\t\t\t<div class=\"elementor-element elementor-element-3a47ba34 elementor-widget elementor-widget-heading\" data-id=\"3a47ba34\" data-element_type=\"widget\" data-e-type=\"widget\" data-widget_type=\"heading.default\">\n\t\t\t\t<div class=\"elementor-widget-container\">\n\t\t\t\t\t<h1 class=\"elementor-heading-title elementor-size-default\">Respublika s\u0259viyy\u0259li Elmi konfranslar<\/h1>\t\t\t\t<\/div>\n\t\t\t\t<\/div>\n\t\t\t\t<div class=\"elementor-element elementor-element-13d95c39 elementor-widget-divider--view-line elementor-widget elementor-widget-divider\" data-id=\"13d95c39\" data-element_type=\"widget\" data-e-type=\"widget\" data-widget_type=\"divider.default\">\n\t\t\t\t<div class=\"elementor-widget-container\">\n\t\t\t\t\t\t\t<div class=\"elementor-divider\">\n\t\t\t<span class=\"elementor-divider-separator\">\n\t\t\t\t\t\t<\/span>\n\t\t<\/div>\n\t\t\t\t\t\t<\/div>\n\t\t\t\t<\/div>\n\t\t\t\t\t<\/div>\n\t\t<\/div>\n\t\t\t\t\t<\/div>\n\t\t<\/section>\n\t\t\t\t\t<\/div>\n\t\t<\/div>\n\t\t\t\t\t<\/div>\n\t\t<\/section>\n\t\t\t\t<section data-particle_enable=\"false\" data-particle-mobile-disabled=\"false\" class=\"elementor-section elementor-top-section elementor-element elementor-element-11d36596 elementor-section-boxed elementor-section-height-default elementor-section-height-default\" data-id=\"11d36596\" data-element_type=\"section\" data-e-type=\"section\">\n\t\t\t\t\t\t<div class=\"elementor-container elementor-column-gap-default\">\n\t\t\t\t\t<div class=\"elementor-column elementor-col-100 elementor-top-column elementor-element elementor-element-4c695ef4\" data-id=\"4c695ef4\" data-element_type=\"column\" data-e-type=\"column\">\n\t\t\t<div class=\"elementor-widget-wrap elementor-element-populated\">\n\t\t\t\t\t\t<div class=\"elementor-element elementor-element-66bd933b elementor-widget elementor-widget-text-editor\" data-id=\"66bd933b\" data-element_type=\"widget\" data-e-type=\"widget\" data-widget_type=\"text-editor.default\">\n\t\t\t\t<div class=\"elementor-widget-container\">\n\t\t\t\t\t\t\t\t\t<ul><li>Az\u0259rbaycan xalq\u0131n\u0131n \u00dcmummilli lideri Heyd\u0259r \u018fliyevin anadan olmas\u0131n\u0131n 102-ci ild\u00f6n\u00fcm\u00fcn\u0259 h\u0259sr olunmu\u015f \u201cHeyd\u0259r \u018fliyev irsi Az\u0259rbaycan xalq\u0131n\u0131n milli s\u0259rv\u0259tidir\u201d Respublika elmi konfransinin materiallar\u0131 (2-3 may 2025-ci il)<br \/><strong><a href=\"https:\/\/mdu.edu.az\/wp-content\/uploads\/2025\/05\/Konfrans-MATERIALLARI-I-CILD-H.Eliyev-102-2025.pdf\" target=\"_blank\" rel=\"noopener\">C\u0130LD 1<\/a>\u00a0 \u00a0 \u00a0 \u00a0<a href=\"https:\/\/mdu.edu.az\/wp-content\/uploads\/2025\/05\/Konfrans-MATERIALLARI-II-CILD-H.Eliyev-102-2025.pdf\" target=\"_blank\" rel=\"noopener\">C\u0130LD 2<\/a><\/strong><\/li><li><a href=\"https:\/\/mdu.edu.az\/wp-content\/uploads\/2025\/02\/Konfrans-MATERIALLARI-H.Eliyev-101.pdf\" target=\"_blank\" rel=\"noopener\">Az\u0259rbaycan xalq\u0131n\u0131n \u00dcmummilli lideri Heyd\u0259r \u018fliyevin anadan olmas\u0131n\u0131n \u00a0101-ci ild\u00f6n\u00fcm\u00fcn\u0259 h\u0259sr olunmu\u015f \u201cHeyd\u0259r \u018fliyev m\u00fcasir Az\u0259rbaycan\u0131n xilaskar\u0131 v\u0259 qurucusudur\u201d\u00a0 Respublika elmi konfransinin materiallar\u0131 (3-4 may 2024-c\u00fc il)<\/a><\/li><li><a href=\"https:\/\/mdu.edu.az\/wp-content\/uploads\/2023\/11\/Konfrans-MATERIALLARI-H.Eliyev-100-2023.pdf\" target=\"_blank\" rel=\"noopener\">Az\u0259rbaycan xalq\u0131n\u0131n \u00dcmummilli lideri Heyd\u0259r \u018fliyevin anadan olmas\u0131n\u0131n 100-c\u00fc ild\u00f6n\u00fcm\u00fcn\u0259 h\u0259sr olunmu\u015f \u201cHeyd\u0259r \u018fliyev \u2013 100: m\u00fcst\u0259qil Az\u0259rbaycan\u0131n qurucusu v\u0259 h\u0259rt\u0259r\u0259fli inki\u015faf strategiyas\u0131n\u0131n m\u00fc\u0259llifi\u201d (4-5 may 2023-c\u00fc il)<\/a><\/li><li><a href=\"https:\/\/mdu.edu.az\/wp-content\/uploads\/2022\/10\/MATERIALLAR_H.Eliyev_4-5-may-2022.pdf\" target=\"_blank\" rel=\"noopener\">Az\u0259rbaycan xalq\u0131n\u0131n \u00dcmummilli lideri Heyd\u0259r \u018fliyevin anadan olmas\u0131n\u0131n 99-cu ild\u00f6n\u00fcm\u00fcn\u0259 h\u0259sr olunmu\u015f \u201cHEYD\u018fR \u018fL\u0130YEV D\u00dcHASI V\u018f M\u00dcAS\u0130R AZ\u018fRBAYCAN\u201d (4-5 may 2022-ci il, 6 m\u0259ruz\u0259, 116 tezis)<\/a><\/li><li><a href=\"https:\/\/mdu.edu.az\/wp-content\/uploads\/2023\/02\/2021-4-may-H.Aliyev-98-V\u0259t\u0259n-muharib\u0259sind\u0259-qazandigimiz-tarixi-q\u0259l\u0259b\u0259-Heyd\u0259r-Aliyev-siyas\u0259tinin-t\u0259nt\u0259n\u0259sidir-konfransin-materallari.pdf\" target=\"_blank\" rel=\"noopener\">Az\u0259rbaycan xalq\u0131n\u0131n \u00dcmummilli lideri Heyd\u0259r \u018fliyevin anadan olmas\u0131n\u0131n 98-ci ild\u00f6n\u00fcm\u00fcn\u0259 h\u0259sr olunmu\u015f \u201cV\u018fT\u018fN M\u00dcHAR\u0130B\u018fS\u0130ND\u018f QAZANDI\u011eIMIZ TAR\u0130X\u0130 Z\u018fF\u018fR HEYD\u018fR \u018fL\u0130YEV S\u0130YAS\u018fT\u0130N\u0130N T\u018fNT\u018fN\u018fS\u0130D\u0130R\u201d m\u00f6vzusunda ELM\u0130-N\u018fZ\u018fR\u0130 KONFRANSIN MATER\u0130ALLARI (4 may 2021-ci il)\u00a0<\/a><\/li><li><a href=\"https:\/\/mdu.edu.az\/wp-content\/uploads\/2022\/04\/Konfrans_2020.pdf\" target=\"_blank\" rel=\"noopener\">Regional inki\u015faf\u0131n t\u0259min olunmas\u0131nda innovativ tendensiyalar: reall\u0131qlar v\u0259 m\u00fcasir \u00e7a\u011f\u0131r\u0131\u015flar (11-12 dekabr 2020-ci il, 5 m\u0259ruz\u0259, 239 tezis)<\/a><\/li><li><a href=\"https:\/\/mdu.edu.az\/wp-content\/uploads\/2022\/04\/Konfrans_2019.pdf\" target=\"_blank\" rel=\"noopener\">\u015e\u0259xsiyy\u0259t, c\u0259miyy\u0259t, d\u00f6vl\u0259t: qar\u015f\u0131l\u0131ql\u0131 m\u00fcnasib\u0259tl\u0259r\u0259 m\u00fcasir yana\u015fmalar (6-7 dekabr 2019-cu il, 4 m\u0259ruz\u0259, 298 tezis)<\/a><\/li><li><a href=\"https:\/\/mdu.edu.az\/wp-content\/uploads\/2022\/04\/Konfrans_2018.pdf\" target=\"_blank\" rel=\"noopener\">Qlobal tendensiyalar v\u0259 m\u00fcasir Az\u0259rbaycan (7-8 may 2018-ci il, 4 m\u0259ruz\u0259, 223 tezis)<\/a><\/li><li><a href=\"https:\/\/mdu.edu.az\/wp-content\/uploads\/2022\/04\/Konfrans_2016-2.pdf\" target=\"_blank\" rel=\"noopener\">Qloballa\u015fma v\u0259 regional inteqrasiya (23-24 dekabr 2016-c\u0131 il, 4 m\u0259ruz\u0259, 78 tezis)\u00a0<\/a><\/li><li><a href=\"https:\/\/mdu.edu.az\/wp-content\/uploads\/2022\/04\/Konfrans_2016_1.pdf\" target=\"_blank\" rel=\"noopener\">Milli-m\u0259d\u0259ni irs v\u0259 onun qloballa\u015fma \u015f\u0259raitind\u0259 t\u0259bli\u011fi m\u0259s\u0259l\u0259l\u0259ri (22-23 aprel 2016-c\u0131 il, 4 m\u0259ruz\u0259, 124 tezis)\u00a0<\/a><\/li><li><a href=\"https:\/\/mdu.edu.az\/wp-content\/uploads\/2022\/04\/Konfrans_2015.pdf\" target=\"_blank\" rel=\"noopener\">Davaml\u0131 inki\u015faf\u0131n milli modeli v\u0259 strategiyas\u0131 (27-28 noyabr 2015-ci il, 3 m\u0259ruz\u0259, 193 tezis)<\/a><\/li><li>Heyd\u0259r \u018fliyev v\u0259 Az\u0259rbaycanda energetikan\u0131n inki\u015faf\u0131 (28-29 noyabr 2014-c\u00fc il, 6 m\u0259ruz\u0259, 78 tezis)\u00a0<\/li><li>D\u00f6vl\u0259tin regional siyas\u0259tinin realla\u015fd\u0131r\u0131lmas\u0131nda Aran iqtisadi rayonunun rolu: reall\u0131qlar v\u0259 perspektiv inki\u015faf. (6-7 dekabr 2013-c\u00fc il, Ming\u0259\u00e7evir Politexnik \u0130nstitutu AMEA-n\u0131n \u0130qtisadiyyat \u0130nstitutu, \u0130qtisadiyyat v\u0259 S\u0259naye Nazirliyi Aran regional b\u00f6lm\u0259si il\u0259 birlikd\u0259, 6 m\u0259ruz\u0259, 87 tezis)\u00a0\u00a0<\/li><\/ul>\t\t\t\t\t\t\t\t<\/div>\n\t\t\t\t<\/div>\n\t\t\t\t\t<\/div>\n\t\t<\/div>\n\t\t\t\t\t<\/div>\n\t\t<\/section>\n\t\t\t\t<\/div>","protected":false},"excerpt":{"rendered":"<p>Respublika s\u0259viyy\u0259li Elmi konfranslar Az\u0259rbaycan xalq\u0131n\u0131n \u00dcmummilli lideri Heyd\u0259r \u018fliyevin anadan olmas\u0131n\u0131n 102-ci ild\u00f6n\u00fcm\u00fcn\u0259 h\u0259sr olunmu\u015f \u201cHeyd\u0259r \u018fliyev irsi Az\u0259rbaycan xalq\u0131n\u0131n milli s\u0259rv\u0259tidir\u201d Respublika elmi konfransinin materiallar\u0131 (2-3 may 2025-ci il)C\u0130LD 1\u00a0 \u00a0 \u00a0 \u00a0C\u0130LD 2 Az\u0259rbaycan xalq\u0131n\u0131n \u00dcmummilli lideri Heyd\u0259r \u018fliyevin anadan olmas\u0131n\u0131n \u00a0101-ci ild\u00f6n\u00fcm\u00fcn\u0259 h\u0259sr olunmu\u015f \u201cHeyd\u0259r \u018fliyev m\u00fcasir Az\u0259rbaycan\u0131n xilaskar\u0131 v\u0259 qurucusudur\u201d\u00a0 [&hellip;]<\/p>\n","protected":false},"author":1,"featured_media":0,"parent":0,"menu_order":0,"comment_status":"closed","ping_status":"closed","template":"","meta":{"_eb_attr":"","ocean_post_layout":"full-screen","ocean_both_sidebars_style":"","ocean_both_sidebars_content_width":0,"ocean_both_sidebars_sidebars_width":0,"ocean_sidebar":"0","ocean_second_sidebar":"0","ocean_disable_margins":"enable","ocean_add_body_class":"","ocean_shortcode_before_top_bar":"","ocean_shortcode_after_top_bar":"","ocean_shortcode_before_header":"","ocean_shortcode_after_header":"","ocean_has_shortcode":"","ocean_shortcode_after_title":"","ocean_shortcode_before_footer_widgets":"","ocean_shortcode_after_footer_widgets":"","ocean_shortcode_before_footer_bottom":"","ocean_shortcode_after_footer_bottom":"","ocean_display_top_bar":"off","ocean_display_header":"off","ocean_header_style":"","ocean_center_header_left_menu":"0","ocean_custom_header_template":"0","ocean_custom_logo":0,"ocean_custom_retina_logo":0,"ocean_custom_logo_max_width":0,"ocean_custom_logo_tablet_max_width":0,"ocean_custom_logo_mobile_max_width":0,"ocean_custom_logo_max_height":0,"ocean_custom_logo_tablet_max_height":0,"ocean_custom_logo_mobile_max_height":0,"ocean_header_custom_menu":"0","ocean_menu_typo_font_family":"0","ocean_menu_typo_font_subset":"","ocean_menu_typo_font_size":0,"ocean_menu_typo_font_size_tablet":0,"ocean_menu_typo_font_size_mobile":0,"ocean_menu_typo_font_size_unit":"px","ocean_menu_typo_font_weight":"","ocean_menu_typo_font_weight_tablet":"","ocean_menu_typo_font_weight_mobile":"","ocean_menu_typo_transform":"","ocean_menu_typo_transform_tablet":"","ocean_menu_typo_transform_mobile":"","ocean_menu_typo_line_height":0,"ocean_menu_typo_line_height_tablet":0,"ocean_menu_typo_line_height_mobile":0,"ocean_menu_typo_line_height_unit":"","ocean_menu_typo_spacing":0,"ocean_menu_typo_spacing_tablet":0,"ocean_menu_typo_spacing_mobile":0,"ocean_menu_typo_spacing_unit":"","ocean_menu_link_color":"","ocean_menu_link_color_hover":"","ocean_menu_link_color_active":"","ocean_menu_link_background":"","ocean_menu_link_hover_background":"","ocean_menu_link_active_background":"","ocean_menu_social_links_bg":"","ocean_menu_social_hover_links_bg":"","ocean_menu_social_links_color":"","ocean_menu_social_hover_links_color":"","ocean_disable_title":"on","ocean_disable_heading":"default","ocean_post_title":"","ocean_post_subheading":"","ocean_post_title_style":"","ocean_post_title_background_color":"","ocean_post_title_background":0,"ocean_post_title_bg_image_position":"","ocean_post_title_bg_image_attachment":"","ocean_post_title_bg_image_repeat":"","ocean_post_title_bg_image_size":"","ocean_post_title_height":0,"ocean_post_title_bg_overlay":0.5,"ocean_post_title_bg_overlay_color":"","ocean_disable_breadcrumbs":"default","ocean_breadcrumbs_color":"","ocean_breadcrumbs_separator_color":"","ocean_breadcrumbs_links_color":"","ocean_breadcrumbs_links_hover_color":"","ocean_display_footer_widgets":"off","ocean_display_footer_bottom":"off","ocean_custom_footer_template":"0","footnotes":""},"class_list":["post-11168","page","type-page","status-publish","hentry","entry"],"_links":{"self":[{"href":"https:\/\/mdu.edu.az\/ru\/wp-json\/wp\/v2\/pages\/11168","targetHints":{"allow":["GET"]}}],"collection":[{"href":"https:\/\/mdu.edu.az\/ru\/wp-json\/wp\/v2\/pages"}],"about":[{"href":"https:\/\/mdu.edu.az\/ru\/wp-json\/wp\/v2\/types\/page"}],"author":[{"embeddable":true,"href":"https:\/\/mdu.edu.az\/ru\/wp-json\/wp\/v2\/users\/1"}],"replies":[{"embeddable":true,"href":"https:\/\/mdu.edu.az\/ru\/wp-json\/wp\/v2\/comments?post=11168"}],"version-history":[{"count":161,"href":"https:\/\/mdu.edu.az\/ru\/wp-json\/wp\/v2\/pages\/11168\/revisions"}],"predecessor-version":[{"id":78903,"href":"https:\/\/mdu.edu.az\/ru\/wp-json\/wp\/v2\/pages\/11168\/revisions\/78903"}],"wp:attachment":[{"href":"https:\/\/mdu.edu.az\/ru\/wp-json\/wp\/v2\/media?parent=11168"}],"curies":[{"name":"wp","href":"https:\/\/api.w.org\/{rel}","templated":true}]}}