{"id":11180,"date":"2022-01-19T14:59:32","date_gmt":"2022-01-19T11:59:32","guid":{"rendered":"https:\/\/mdu.edu.az\/?page_id=11180"},"modified":"2025-08-07T09:42:37","modified_gmt":"2025-08-07T06:42:37","slug":"m%c9%99zunlar-2","status":"publish","type":"page","link":"https:\/\/mdu.edu.az\/ru\/m%c9%99zunlar-2\/","title":{"rendered":"\u0412\u044b\u043f\u0443\u0441\u043a\u043d\u0438\u043a\u0438"},"content":{"rendered":"<div data-elementor-type=\"wp-page\" data-elementor-id=\"11180\" class=\"elementor elementor-11180\" data-elementor-settings=\"{&quot;element_pack_global_tooltip_width&quot;:{&quot;unit&quot;:&quot;px&quot;,&quot;size&quot;:&quot;&quot;,&quot;sizes&quot;:[]},&quot;element_pack_global_tooltip_width_tablet&quot;:{&quot;unit&quot;:&quot;px&quot;,&quot;size&quot;:&quot;&quot;,&quot;sizes&quot;:[]},&quot;element_pack_global_tooltip_width_mobile&quot;:{&quot;unit&quot;:&quot;px&quot;,&quot;size&quot;:&quot;&quot;,&quot;sizes&quot;:[]},&quot;element_pack_global_tooltip_padding&quot;:{&quot;unit&quot;:&quot;px&quot;,&quot;top&quot;:&quot;&quot;,&quot;right&quot;:&quot;&quot;,&quot;bottom&quot;:&quot;&quot;,&quot;left&quot;:&quot;&quot;,&quot;isLinked&quot;:true},&quot;element_pack_global_tooltip_padding_tablet&quot;:{&quot;unit&quot;:&quot;px&quot;,&quot;top&quot;:&quot;&quot;,&quot;right&quot;:&quot;&quot;,&quot;bottom&quot;:&quot;&quot;,&quot;left&quot;:&quot;&quot;,&quot;isLinked&quot;:true},&quot;element_pack_global_tooltip_padding_mobile&quot;:{&quot;unit&quot;:&quot;px&quot;,&quot;top&quot;:&quot;&quot;,&quot;right&quot;:&quot;&quot;,&quot;bottom&quot;:&quot;&quot;,&quot;left&quot;:&quot;&quot;,&quot;isLinked&quot;:true},&quot;element_pack_global_tooltip_border_radius&quot;:{&quot;unit&quot;:&quot;px&quot;,&quot;top&quot;:&quot;&quot;,&quot;right&quot;:&quot;&quot;,&quot;bottom&quot;:&quot;&quot;,&quot;left&quot;:&quot;&quot;,&quot;isLinked&quot;:true},&quot;element_pack_global_tooltip_border_radius_tablet&quot;:{&quot;unit&quot;:&quot;px&quot;,&quot;top&quot;:&quot;&quot;,&quot;right&quot;:&quot;&quot;,&quot;bottom&quot;:&quot;&quot;,&quot;left&quot;:&quot;&quot;,&quot;isLinked&quot;:true},&quot;element_pack_global_tooltip_border_radius_mobile&quot;:{&quot;unit&quot;:&quot;px&quot;,&quot;top&quot;:&quot;&quot;,&quot;right&quot;:&quot;&quot;,&quot;bottom&quot;:&quot;&quot;,&quot;left&quot;:&quot;&quot;,&quot;isLinked&quot;:true}}\" data-elementor-post-type=\"page\">\n\t\t\t\t\t\t<section data-particle_enable=\"false\" data-particle-mobile-disabled=\"false\" class=\"elementor-section elementor-top-section elementor-element elementor-element-6df77e44 elementor-section-boxed elementor-section-height-default elementor-section-height-default\" data-id=\"6df77e44\" data-element_type=\"section\" data-e-type=\"section\">\n\t\t\t\t\t\t<div class=\"elementor-container elementor-column-gap-default\">\n\t\t\t\t\t<div class=\"elementor-column elementor-col-100 elementor-top-column elementor-element elementor-element-4863a837\" data-id=\"4863a837\" data-element_type=\"column\" data-e-type=\"column\" data-settings=\"{&quot;background_background&quot;:&quot;classic&quot;}\">\n\t\t\t<div class=\"elementor-widget-wrap elementor-element-populated\">\n\t\t\t\t\t\t<section data-particle_enable=\"false\" data-particle-mobile-disabled=\"false\" class=\"elementor-section elementor-inner-section elementor-element elementor-element-58fea1b1 elementor-section-full_width elementor-section-content-middle elementor-section-height-default elementor-section-height-default\" data-id=\"58fea1b1\" data-element_type=\"section\" data-e-type=\"section\" data-settings=\"{&quot;background_background&quot;:&quot;classic&quot;}\">\n\t\t\t\t\t\t<div class=\"elementor-container elementor-column-gap-no\">\n\t\t\t\t\t<div class=\"elementor-column elementor-col-100 elementor-inner-column elementor-element elementor-element-706b9089\" data-id=\"706b9089\" data-element_type=\"column\" data-e-type=\"column\">\n\t\t\t<div class=\"elementor-widget-wrap elementor-element-populated\">\n\t\t\t\t\t\t<div class=\"elementor-element elementor-element-161df377 elementor-widget elementor-widget-heading\" data-id=\"161df377\" data-element_type=\"widget\" data-e-type=\"widget\" data-widget_type=\"heading.default\">\n\t\t\t\t<div class=\"elementor-widget-container\">\n\t\t\t\t\t<h1 class=\"elementor-heading-title elementor-size-default\">\u0420\u0430\u0431\u043e\u0442\u0430 \u0441 \u0432\u044b\u043f\u0443\u0441\u043a\u043d\u0438\u043a\u0430\u043c\u0438<\/h1>\t\t\t\t<\/div>\n\t\t\t\t<\/div>\n\t\t\t\t<div class=\"elementor-element elementor-element-72d33c68 elementor-widget-divider--view-line elementor-widget elementor-widget-divider\" data-id=\"72d33c68\" data-element_type=\"widget\" data-e-type=\"widget\" data-widget_type=\"divider.default\">\n\t\t\t\t<div class=\"elementor-widget-container\">\n\t\t\t\t\t\t\t<div class=\"elementor-divider\">\n\t\t\t<span class=\"elementor-divider-separator\">\n\t\t\t\t\t\t<\/span>\n\t\t<\/div>\n\t\t\t\t\t\t<\/div>\n\t\t\t\t<\/div>\n\t\t\t\t\t<\/div>\n\t\t<\/div>\n\t\t\t\t\t<\/div>\n\t\t<\/section>\n\t\t\t\t\t<\/div>\n\t\t<\/div>\n\t\t\t\t\t<\/div>\n\t\t<\/section>\n\t\t\t\t<section data-particle_enable=\"false\" data-particle-mobile-disabled=\"false\" class=\"elementor-section elementor-top-section elementor-element elementor-element-f85be28 elementor-section-boxed elementor-section-height-default elementor-section-height-default\" data-id=\"f85be28\" data-element_type=\"section\" data-e-type=\"section\">\n\t\t\t\t\t\t<div class=\"elementor-container elementor-column-gap-default\">\n\t\t\t\t\t<div class=\"elementor-column elementor-col-100 elementor-top-column elementor-element elementor-element-52233ab\" data-id=\"52233ab\" data-element_type=\"column\" data-e-type=\"column\">\n\t\t\t<div class=\"elementor-widget-wrap elementor-element-populated\">\n\t\t\t\t\t\t<div class=\"elementor-element elementor-element-c38f1e1 elementor-widget elementor-widget-text-editor\" data-id=\"c38f1e1\" data-element_type=\"widget\" data-e-type=\"widget\" data-widget_type=\"text-editor.default\">\n\t\t\t\t<div class=\"elementor-widget-container\">\n\t\t\t\t\t\t\t\t\t<p class=\"x_MsoNormal\" data-olk-copy-source=\"MessageBody\">\u018fziz m\u0259zunlar, \u0259g\u0259r\u00a0 \u00f6z\u00fcn\u00fcz haqq\u0131nda m\u0259lumat\u0131 ill\u0259r \u00fczr\u0259 m\u0259zunlar siyah\u0131s\u0131 fayl\u0131nda\u00a0\u00a0tapmad\u0131n\u0131zsa xahi\u015f edirik M\u0259zun m\u0259lumat bazas\u0131 forumundan qeydiyyatdan ke\u00e7\u0259siniz:\u00a0<a href=\"https:\/\/docs.google.com\/forms\/d\/e\/1FAIpQLScOUSRuz8GY3RN77mjB9sxl7dzPH4gHdvWlFIOnAbHir7viFw\/viewform\" target=\"_blank\" rel=\"noopener\"><strong>https:\/\/forms.gle\/C9XMqbYcLW1ePsoT7\u00a0<\/strong><\/a><\/p><p class=\"x_MsoNormal\">A\u015fa\u011f\u0131dak\u0131 ke\u00e7idl\u0259r\u0259 daxil olaraq, xronoloji ard\u0131c\u0131ll\u0131\u011fa \u0259sas\u0259n siyah\u0131larla tan\u0131\u015f ola bil\u0259rsiniz.<\/p><p><a href=\"https:\/\/mdu.edu.az\/wp-content\/uploads\/2025\/04\/1996-2015.pdf\" target=\"_blank\" rel=\"noopener\">M\u0259zunlar \u2013 1996-2015<\/a><\/p><p><a href=\"https:\/\/mdu.edu.az\/wp-content\/uploads\/2025\/04\/2016-2020.pdf\" target=\"_blank\" rel=\"noopener\">M\u0259zunlar \u2013 2016-2020<\/a><\/p><p><a href=\"https:\/\/mdu.edu.az\/wp-content\/uploads\/2025\/04\/2021-2022.pdf\" target=\"_blank\" rel=\"noopener\">M\u0259zunlar \u2013 2021-2022<\/a><\/p><p><a href=\"https:\/\/mdu.edu.az\/wp-content\/uploads\/2025\/04\/2023-2024.pdf\" target=\"_blank\" rel=\"noopener\">M\u0259zunlar \u2013 2023-2024<\/a><\/p><p>M\u0259zunlar\u0131m\u0131z\u0131n karyera inki\u015faf\u0131na v\u0259 i\u015fl\u0259 t\u0259min olunmas\u0131na d\u0259st\u0259k olmaq m\u0259qs\u0259dil\u0259 \u201cCV bazas\u0131\u201d yarad\u0131lm\u0131\u015fd\u0131r. Bu platforma vasit\u0259sil\u0259 m\u0259zunlar\u0131n i\u015fl\u0259 t\u0259min olunmas\u0131 \u00fc\u00e7\u00fcn i\u015f\u0259g\u00f6t\u00fcr\u0259nl\u0259rl\u0259 \u0259m\u0259kda\u015fl\u0131q edilir.<\/p><p>Qeyd: M\u0259zunlar\u0131m\u0131z\u0131n \u015f\u0259xsi m\u0259lumatlar\u0131n\u0131n t\u0259hl\u00fck\u0259sizliyi bizim \u00fc\u00e7\u00fcn \u00f6n\u0259mlidir. Bu s\u0259b\u0259bd\u0259n, bazada yerl\u0259\u015fdiril\u0259n b\u00fct\u00fcn m\u0259lumatlar m\u00fcvafiq t\u0259hl\u00fck\u0259sizlik t\u0259dbirl\u0259ri il\u0259 qorunur v\u0259 yaln\u0131z i\u015f\u0259g\u00f6t\u00fcr\u0259nl\u0259r\u0259 a\u00e7\u0131qd\u0131r. CV formalar\u0131n\u0131\u00a0<em><strong>tecrube.karyera@mdu.edu.az\u00a0<\/strong><\/em>\u00fcnvan\u0131na g\u00f6nd\u0259r\u0259 bil\u0259rsiniz.<\/p><p><strong>M\u0259zunlar\u0131m\u0131z\u0131 a\u015fa\u011f\u0131dak\u0131 sor\u011fularda i\u015ftirak etm\u0259y\u0259 d\u0259v\u0259t edirik:<\/strong><\/p><p class=\"x_MsoNormal\" data-olk-copy-source=\"MessageBody\"><b>Karyera xidm\u0259tl\u0259rind\u0259n m\u0259mnunluq sor\u011fusu:\u00a0<\/b><a title=\"https:\/\/forms.office.com\/r\/hWkPECXWgH\" href=\"https:\/\/forms.office.com\/r\/hWkPECXWgH\" target=\"_blank\" rel=\"noopener noreferrer\" data-auth=\"NotApplicable\" data-linkindex=\"0\">https:\/\/forms.office.com\/r\/hWkPECXWgH<\/a><\/p><p><b data-olk-copy-source=\"MessageBody\">T\u0259hsil\u00a0proqram\u0131ndan\u00a0m\u0259mnunluq\u00a0sor\u011fusu:\u00a0<\/b><a id=\"LPlnk976482\" title=\"https:\/\/forms.office.com\/r\/SZRWRcS2pW\" href=\"https:\/\/forms.office.com\/r\/SZRWRcS2pW\" target=\"_blank\" rel=\"noopener noreferrer\" data-auth=\"NotApplicable\" data-linkindex=\"0\">https:\/\/forms.office.com\/r\/SZRWRcS2pW<\/a><\/p>\t\t\t\t\t\t\t\t<\/div>\n\t\t\t\t<\/div>\n\t\t\t\t\t<\/div>\n\t\t<\/div>\n\t\t\t\t\t<\/div>\n\t\t<\/section>\n\t\t\t\t<\/div>","protected":false},"excerpt":{"rendered":"<p>M\u0259zunlarla i\u015f \u018fziz m\u0259zunlar, \u0259g\u0259r\u00a0 \u00f6z\u00fcn\u00fcz haqq\u0131nda m\u0259lumat\u0131 ill\u0259r \u00fczr\u0259 m\u0259zunlar siyah\u0131s\u0131 fayl\u0131nda\u00a0\u00a0tapmad\u0131n\u0131zsa xahi\u015f edirik M\u0259zun m\u0259lumat bazas\u0131 forumundan qeydiyyatdan ke\u00e7\u0259siniz:\u00a0https:\/\/forms.gle\/C9XMqbYcLW1ePsoT7\u00a0 A\u015fa\u011f\u0131dak\u0131 ke\u00e7idl\u0259r\u0259 daxil olaraq, xronoloji ard\u0131c\u0131ll\u0131\u011fa \u0259sas\u0259n siyah\u0131larla tan\u0131\u015f ola bil\u0259rsiniz. M\u0259zunlar \u2013 1996-2015 M\u0259zunlar \u2013 2016-2020 M\u0259zunlar \u2013 2021-2022 M\u0259zunlar \u2013 2023-2024 M\u0259zunlar\u0131m\u0131z\u0131n karyera inki\u015faf\u0131na v\u0259 i\u015fl\u0259 t\u0259min olunmas\u0131na d\u0259st\u0259k olmaq m\u0259qs\u0259dil\u0259 \u201cCV [&hellip;]<\/p>\n","protected":false},"author":1,"featured_media":0,"parent":0,"menu_order":0,"comment_status":"closed","ping_status":"closed","template":"","meta":{"_eb_attr":"","ocean_post_layout":"full-screen","ocean_both_sidebars_style":"","ocean_both_sidebars_content_width":0,"ocean_both_sidebars_sidebars_width":0,"ocean_sidebar":"0","ocean_second_sidebar":"0","ocean_disable_margins":"enable","ocean_add_body_class":"","ocean_shortcode_before_top_bar":"","ocean_shortcode_after_top_bar":"","ocean_shortcode_before_header":"","ocean_shortcode_after_header":"","ocean_has_shortcode":"","ocean_shortcode_after_title":"","ocean_shortcode_before_footer_widgets":"","ocean_shortcode_after_footer_widgets":"","ocean_shortcode_before_footer_bottom":"","ocean_shortcode_after_footer_bottom":"","ocean_display_top_bar":"off","ocean_display_header":"off","ocean_header_style":"","ocean_center_header_left_menu":"0","ocean_custom_header_template":"0","ocean_custom_logo":0,"ocean_custom_retina_logo":0,"ocean_custom_logo_max_width":0,"ocean_custom_logo_tablet_max_width":0,"ocean_custom_logo_mobile_max_width":0,"ocean_custom_logo_max_height":0,"ocean_custom_logo_tablet_max_height":0,"ocean_custom_logo_mobile_max_height":0,"ocean_header_custom_menu":"0","ocean_menu_typo_font_family":"0","ocean_menu_typo_font_subset":"","ocean_menu_typo_font_size":0,"ocean_menu_typo_font_size_tablet":0,"ocean_menu_typo_font_size_mobile":0,"ocean_menu_typo_font_size_unit":"px","ocean_menu_typo_font_weight":"","ocean_menu_typo_font_weight_tablet":"","ocean_menu_typo_font_weight_mobile":"","ocean_menu_typo_transform":"","ocean_menu_typo_transform_tablet":"","ocean_menu_typo_transform_mobile":"","ocean_menu_typo_line_height":0,"ocean_menu_typo_line_height_tablet":0,"ocean_menu_typo_line_height_mobile":0,"ocean_menu_typo_line_height_unit":"","ocean_menu_typo_spacing":0,"ocean_menu_typo_spacing_tablet":0,"ocean_menu_typo_spacing_mobile":0,"ocean_menu_typo_spacing_unit":"","ocean_menu_link_color":"","ocean_menu_link_color_hover":"","ocean_menu_link_color_active":"","ocean_menu_link_background":"","ocean_menu_link_hover_background":"","ocean_menu_link_active_background":"","ocean_menu_social_links_bg":"","ocean_menu_social_hover_links_bg":"","ocean_menu_social_links_color":"","ocean_menu_social_hover_links_color":"","ocean_disable_title":"on","ocean_disable_heading":"default","ocean_post_title":"","ocean_post_subheading":"","ocean_post_title_style":"","ocean_post_title_background_color":"","ocean_post_title_background":0,"ocean_post_title_bg_image_position":"","ocean_post_title_bg_image_attachment":"","ocean_post_title_bg_image_repeat":"","ocean_post_title_bg_image_size":"","ocean_post_title_height":0,"ocean_post_title_bg_overlay":0.5,"ocean_post_title_bg_overlay_color":"","ocean_disable_breadcrumbs":"default","ocean_breadcrumbs_color":"","ocean_breadcrumbs_separator_color":"","ocean_breadcrumbs_links_color":"","ocean_breadcrumbs_links_hover_color":"","ocean_display_footer_widgets":"off","ocean_display_footer_bottom":"off","ocean_custom_footer_template":"0","footnotes":""},"class_list":["post-11180","page","type-page","status-publish","hentry","entry"],"_links":{"self":[{"href":"https:\/\/mdu.edu.az\/ru\/wp-json\/wp\/v2\/pages\/11180","targetHints":{"allow":["GET"]}}],"collection":[{"href":"https:\/\/mdu.edu.az\/ru\/wp-json\/wp\/v2\/pages"}],"about":[{"href":"https:\/\/mdu.edu.az\/ru\/wp-json\/wp\/v2\/types\/page"}],"author":[{"embeddable":true,"href":"https:\/\/mdu.edu.az\/ru\/wp-json\/wp\/v2\/users\/1"}],"replies":[{"embeddable":true,"href":"https:\/\/mdu.edu.az\/ru\/wp-json\/wp\/v2\/comments?post=11180"}],"version-history":[{"count":107,"href":"https:\/\/mdu.edu.az\/ru\/wp-json\/wp\/v2\/pages\/11180\/revisions"}],"predecessor-version":[{"id":77346,"href":"https:\/\/mdu.edu.az\/ru\/wp-json\/wp\/v2\/pages\/11180\/revisions\/77346"}],"wp:attachment":[{"href":"https:\/\/mdu.edu.az\/ru\/wp-json\/wp\/v2\/media?parent=11180"}],"curies":[{"name":"wp","href":"https:\/\/api.w.org\/{rel}","templated":true}]}}