{"id":48134,"date":"2023-05-03T09:39:35","date_gmt":"2023-05-03T06:39:35","guid":{"rendered":"https:\/\/mdu.edu.az\/?page_id=48134"},"modified":"2026-03-16T14:47:00","modified_gmt":"2026-03-16T11:47:00","slug":"universitet-konfranslari","status":"publish","type":"page","link":"https:\/\/mdu.edu.az\/ru\/universitet-konfranslari\/","title":{"rendered":"\u0423\u043d\u0438\u0432\u0435\u0440\u0441\u0438\u0442\u0435\u0442\u0441\u043a\u0438\u0435 \u043a\u043e\u043d\u0444\u0435\u0440\u0435\u043d\u0446\u0438\u0438"},"content":{"rendered":"<div data-elementor-type=\"wp-page\" data-elementor-id=\"48134\" class=\"elementor elementor-48134\" data-elementor-settings=\"{&quot;element_pack_global_tooltip_width&quot;:{&quot;unit&quot;:&quot;px&quot;,&quot;size&quot;:&quot;&quot;,&quot;sizes&quot;:[]},&quot;element_pack_global_tooltip_width_tablet&quot;:{&quot;unit&quot;:&quot;px&quot;,&quot;size&quot;:&quot;&quot;,&quot;sizes&quot;:[]},&quot;element_pack_global_tooltip_width_mobile&quot;:{&quot;unit&quot;:&quot;px&quot;,&quot;size&quot;:&quot;&quot;,&quot;sizes&quot;:[]},&quot;element_pack_global_tooltip_padding&quot;:{&quot;unit&quot;:&quot;px&quot;,&quot;top&quot;:&quot;&quot;,&quot;right&quot;:&quot;&quot;,&quot;bottom&quot;:&quot;&quot;,&quot;left&quot;:&quot;&quot;,&quot;isLinked&quot;:true},&quot;element_pack_global_tooltip_padding_tablet&quot;:{&quot;unit&quot;:&quot;px&quot;,&quot;top&quot;:&quot;&quot;,&quot;right&quot;:&quot;&quot;,&quot;bottom&quot;:&quot;&quot;,&quot;left&quot;:&quot;&quot;,&quot;isLinked&quot;:true},&quot;element_pack_global_tooltip_padding_mobile&quot;:{&quot;unit&quot;:&quot;px&quot;,&quot;top&quot;:&quot;&quot;,&quot;right&quot;:&quot;&quot;,&quot;bottom&quot;:&quot;&quot;,&quot;left&quot;:&quot;&quot;,&quot;isLinked&quot;:true},&quot;element_pack_global_tooltip_border_radius&quot;:{&quot;unit&quot;:&quot;px&quot;,&quot;top&quot;:&quot;&quot;,&quot;right&quot;:&quot;&quot;,&quot;bottom&quot;:&quot;&quot;,&quot;left&quot;:&quot;&quot;,&quot;isLinked&quot;:true},&quot;element_pack_global_tooltip_border_radius_tablet&quot;:{&quot;unit&quot;:&quot;px&quot;,&quot;top&quot;:&quot;&quot;,&quot;right&quot;:&quot;&quot;,&quot;bottom&quot;:&quot;&quot;,&quot;left&quot;:&quot;&quot;,&quot;isLinked&quot;:true},&quot;element_pack_global_tooltip_border_radius_mobile&quot;:{&quot;unit&quot;:&quot;px&quot;,&quot;top&quot;:&quot;&quot;,&quot;right&quot;:&quot;&quot;,&quot;bottom&quot;:&quot;&quot;,&quot;left&quot;:&quot;&quot;,&quot;isLinked&quot;:true}}\" data-elementor-post-type=\"page\">\n\t\t\t\t\t\t<section data-particle_enable=\"false\" data-particle-mobile-disabled=\"false\" class=\"elementor-section elementor-top-section elementor-element elementor-element-465a000e elementor-hidden-tablet elementor-section-boxed elementor-section-height-default elementor-section-height-default\" data-id=\"465a000e\" data-element_type=\"section\" data-e-type=\"section\">\n\t\t\t\t\t\t<div class=\"elementor-container elementor-column-gap-default\">\n\t\t\t\t\t<div class=\"elementor-column elementor-col-100 elementor-top-column elementor-element elementor-element-76489fe9\" data-id=\"76489fe9\" data-element_type=\"column\" data-e-type=\"column\" data-settings=\"{&quot;background_background&quot;:&quot;classic&quot;}\">\n\t\t\t<div class=\"elementor-widget-wrap elementor-element-populated\">\n\t\t\t\t\t\t<section data-particle_enable=\"false\" data-particle-mobile-disabled=\"false\" class=\"elementor-section elementor-inner-section elementor-element elementor-element-4037b9f5 elementor-section-full_width elementor-section-content-middle elementor-section-height-default elementor-section-height-default\" data-id=\"4037b9f5\" data-element_type=\"section\" data-e-type=\"section\" data-settings=\"{&quot;background_background&quot;:&quot;classic&quot;}\">\n\t\t\t\t\t\t<div class=\"elementor-container elementor-column-gap-no\">\n\t\t\t\t\t<div class=\"elementor-column elementor-col-100 elementor-inner-column elementor-element elementor-element-5919325b\" data-id=\"5919325b\" data-element_type=\"column\" data-e-type=\"column\">\n\t\t\t<div class=\"elementor-widget-wrap elementor-element-populated\">\n\t\t\t\t\t\t<div class=\"elementor-element elementor-element-2b53c04d elementor-widget elementor-widget-heading\" data-id=\"2b53c04d\" data-element_type=\"widget\" data-e-type=\"widget\" data-widget_type=\"heading.default\">\n\t\t\t\t<div class=\"elementor-widget-container\">\n\t\t\t\t\t<h1 class=\"elementor-heading-title elementor-size-default\">Universitet elmi konfranslar\u0131<\/h1>\t\t\t\t<\/div>\n\t\t\t\t<\/div>\n\t\t\t\t<div class=\"elementor-element elementor-element-99a46b0 elementor-widget-divider--view-line elementor-widget elementor-widget-divider\" data-id=\"99a46b0\" data-element_type=\"widget\" data-e-type=\"widget\" data-widget_type=\"divider.default\">\n\t\t\t\t<div class=\"elementor-widget-container\">\n\t\t\t\t\t\t\t<div class=\"elementor-divider\">\n\t\t\t<span class=\"elementor-divider-separator\">\n\t\t\t\t\t\t<\/span>\n\t\t<\/div>\n\t\t\t\t\t\t<\/div>\n\t\t\t\t<\/div>\n\t\t\t\t\t<\/div>\n\t\t<\/div>\n\t\t\t\t\t<\/div>\n\t\t<\/section>\n\t\t\t\t\t<\/div>\n\t\t<\/div>\n\t\t\t\t\t<\/div>\n\t\t<\/section>\n\t\t\t\t<section data-particle_enable=\"false\" data-particle-mobile-disabled=\"false\" class=\"elementor-section elementor-top-section elementor-element elementor-element-6f3135db elementor-section-boxed elementor-section-height-default elementor-section-height-default\" data-id=\"6f3135db\" data-element_type=\"section\" data-e-type=\"section\">\n\t\t\t\t\t\t<div class=\"elementor-container elementor-column-gap-default\">\n\t\t\t\t\t<div class=\"elementor-column elementor-col-100 elementor-top-column elementor-element elementor-element-1ab1a2e\" data-id=\"1ab1a2e\" data-element_type=\"column\" data-e-type=\"column\">\n\t\t\t<div class=\"elementor-widget-wrap elementor-element-populated\">\n\t\t\t\t\t\t<div class=\"elementor-element elementor-element-388af59 elementor-widget elementor-widget-text-editor\" data-id=\"388af59\" data-element_type=\"widget\" data-e-type=\"widget\" data-widget_type=\"text-editor.default\">\n\t\t\t\t<div class=\"elementor-widget-container\">\n\t\t\t\t\t\t\t\t\t<ul><li><a href=\"https:\/\/mdu.edu.az\/wp-content\/uploads\/2026\/03\/Magistrantlarin_konfransi_2025-2.pdf\" target=\"_blank\" rel=\"noopener\">Magistrantlar\u0131n \u201cElm g\u00fcn\u00fc\u201dn\u0259 h\u0259sr olunmu\u015f VII elmi-n\u0259z\u0259ri konfrans\u0131n\u0131n M A T E R \u0130 A L L A R I (24 aprel 2025-ci il)<\/a><\/li><li><a href=\"https:\/\/mdu.edu.az\/wp-content\/uploads\/2024\/06\/Magistr_VI_konf_materiallari.pdf\" target=\"_blank\" rel=\"noopener\">Magistrantlar\u0131n \u201cElm g\u00fcn\u00fc\u201dn\u0259 h\u0259sr olunmu\u015f VI elmi-n\u0259z\u0259ri konfrans\u0131n\u0131n M A T E R \u0130 A L L A R I (29 mart 2024-c\u00fc il)<\/a><\/li><li><a href=\"https:\/\/mdu.edu.az\/wp-content\/uploads\/2023\/07\/Magistrant_V_konfrans_29.03.2023.pdf\" target=\"_blank\" rel=\"noopener\">Magistrantlar\u0131n \u201cElm g\u00fcn\u00fc\u201dn\u0259 h\u0259sr olunmu\u015f V elmi-n\u0259z\u0259ri konfrans\u0131n\u0131n M A T E R \u0130 A L L A R I (29 mart 2023-c\u00fc il)<\/a><\/li><li><a href=\"https:\/\/mdu.edu.az\/wp-content\/uploads\/2023\/05\/2022-29-mart-Magistrantlarin-IV-elmi-n\u0259z\u0259ri-konfransinin-materiallari.pdf\">Magistrantlar\u0131n \u201cElm g\u00fcn\u00fc\u201dn\u0259 h\u0259sr olunmu\u015f IV elmi-n\u0259z\u0259ri konfrans\u0131n\u0131n M A T E R \u0130 A L L A R I (29 mart 2022-ci il)<\/a><\/li><li><a href=\"https:\/\/mdu.edu.az\/wp-content\/uploads\/2023\/05\/2021-29-mart-Magistrantlarin-III-elmi-n\u0259z\u0259ri-konfransinin-materiallari.pdf\">Magistrantlar\u0131n \u201cElm g\u00fcn\u00fc\u201dn\u0259 h\u0259sr olunmu\u015f III elmi-n\u0259z\u0259ri konfrans\u0131n\u0131n M A T E R \u0130 A L L A R I (29 mart 2021-ci il)<\/a><\/li><li><a href=\"https:\/\/mdu.edu.az\/wp-content\/uploads\/2023\/05\/2020-20-aprel-Magistrantlarin-II-elmi-konfransinin-materiallari.pdf\">Magistrantlar\u0131n \u201cElm g\u00fcn\u00fc\u201dn\u0259 h\u0259sr olunmu\u015f II elmi-n\u0259z\u0259ri konfrans\u0131n\u0131n M A T E R \u0130 A L L A R I (20 aprel 2020-ci il)<\/a><\/li><li><a href=\"https:\/\/mdu.edu.az\/wp-content\/uploads\/2023\/10\/Nesimi_650.pdf\" target=\"_blank\" rel=\"noopener\">\u0130mad\u0259ddin N\u0259simi-650. G\u00f6rk\u0259mli Az\u0259rbaycan \u015fairi \u0130mad\u0259ddin N\u0259siminin h\u0259yat v\u0259 yarad\u0131c\u0131l\u0131\u011f\u0131na h\u0259sr olunmu\u015f OXUCU KONFRANSI (02 dekabr 2019-cu il)<\/a><\/li><li><a href=\"https:\/\/mdu.edu.az\/wp-content\/uploads\/2023\/11\/konfrans_materiali_esas_15_16_dekabr_2017_pedaqoji.pdf\" target=\"_blank\" rel=\"noopener\">&#8220;Az\u0259rbaycanda t\u0259hsil siyas\u0259tinin prioritetl\u0259ri: m\u00fcasir yana\u015fmalar&#8221; m\u00f6vzusunda elmi konfrans\u0131n nateriallar\u0131 (15-16 dekabr 2017-ci il, T\u0259hsil fak\u00fclt\u0259si)<\/a><\/li><li><a href=\"https:\/\/mdu.edu.az\/wp-content\/uploads\/2023\/11\/konfrans_materiali_esas_12_13_may_2017_iqtisad.pdf\" target=\"_blank\" rel=\"noopener\">&#8220;Milli iqtisadiyyat v\u0259 ayr\u0131-ayr\u0131 sektorlar \u00fczr\u0259 strateji yol x\u0259rit\u0259si: reall\u0131qlar v\u0259 h\u0259d\u0259fl\u0259r&#8221; m\u00f6vzusunda elmi konfrans\u0131n materiallar\u0131 (12-13 may 2017-ci il, \u0130qtisadiyyat v\u0259 idar\u0259etm\u0259 fak\u00fclt\u0259si)<\/a><\/li><li><a href=\"https:\/\/mdu.edu.az\/wp-content\/uploads\/2023\/11\/konfrans_materiali_esas_21_22_aprel_2017_muhendis.pdf\" target=\"_blank\" rel=\"noopener\">&#8220;Elm v\u0259 texnikan\u0131n m\u00fcasir probleml\u0259ri v\u0259 inki\u015faf perspektivl\u0259ri&#8221; m\u00f6vzusunda elmi konfrans\u0131n materiallar\u0131 (21-22 aprel 2017-ci il, M\u00fch\u0259ndislik fak\u00fclt\u0259si)<\/a><\/li><\/ul>\t\t\t\t\t\t\t\t<\/div>\n\t\t\t\t<\/div>\n\t\t\t\t\t<\/div>\n\t\t<\/div>\n\t\t\t\t\t<\/div>\n\t\t<\/section>\n\t\t\t\t<\/div>","protected":false},"excerpt":{"rendered":"<p>Universitet elmi konfranslar\u0131 Magistrantlar\u0131n \u201cElm g\u00fcn\u00fc\u201dn\u0259 h\u0259sr olunmu\u015f VII elmi-n\u0259z\u0259ri konfrans\u0131n\u0131n M A T E R \u0130 A L L A R I (24 aprel 2025-ci il) Magistrantlar\u0131n \u201cElm g\u00fcn\u00fc\u201dn\u0259 h\u0259sr olunmu\u015f VI elmi-n\u0259z\u0259ri konfrans\u0131n\u0131n M A T E R \u0130 A L L A R I (29 mart 2024-c\u00fc il) Magistrantlar\u0131n \u201cElm g\u00fcn\u00fc\u201dn\u0259 h\u0259sr [&hellip;]<\/p>\n","protected":false},"author":1,"featured_media":0,"parent":0,"menu_order":0,"comment_status":"closed","ping_status":"closed","template":"","meta":{"_eb_attr":"","ocean_post_layout":"full-screen","ocean_both_sidebars_style":"","ocean_both_sidebars_content_width":0,"ocean_both_sidebars_sidebars_width":0,"ocean_sidebar":"0","ocean_second_sidebar":"0","ocean_disable_margins":"enable","ocean_add_body_class":"","ocean_shortcode_before_top_bar":"","ocean_shortcode_after_top_bar":"","ocean_shortcode_before_header":"","ocean_shortcode_after_header":"","ocean_has_shortcode":"","ocean_shortcode_after_title":"","ocean_shortcode_before_footer_widgets":"","ocean_shortcode_after_footer_widgets":"","ocean_shortcode_before_footer_bottom":"","ocean_shortcode_after_footer_bottom":"","ocean_display_top_bar":"off","ocean_display_header":"default","ocean_header_style":"","ocean_center_header_left_menu":"0","ocean_custom_header_template":"0","ocean_custom_logo":0,"ocean_custom_retina_logo":0,"ocean_custom_logo_max_width":0,"ocean_custom_logo_tablet_max_width":0,"ocean_custom_logo_mobile_max_width":0,"ocean_custom_logo_max_height":0,"ocean_custom_logo_tablet_max_height":0,"ocean_custom_logo_mobile_max_height":0,"ocean_header_custom_menu":"0","ocean_menu_typo_font_family":"0","ocean_menu_typo_font_subset":"","ocean_menu_typo_font_size":0,"ocean_menu_typo_font_size_tablet":0,"ocean_menu_typo_font_size_mobile":0,"ocean_menu_typo_font_size_unit":"px","ocean_menu_typo_font_weight":"","ocean_menu_typo_font_weight_tablet":"","ocean_menu_typo_font_weight_mobile":"","ocean_menu_typo_transform":"","ocean_menu_typo_transform_tablet":"","ocean_menu_typo_transform_mobile":"","ocean_menu_typo_line_height":0,"ocean_menu_typo_line_height_tablet":0,"ocean_menu_typo_line_height_mobile":0,"ocean_menu_typo_line_height_unit":"","ocean_menu_typo_spacing":0,"ocean_menu_typo_spacing_tablet":0,"ocean_menu_typo_spacing_mobile":0,"ocean_menu_typo_spacing_unit":"","ocean_menu_link_color":"","ocean_menu_link_color_hover":"","ocean_menu_link_color_active":"","ocean_menu_link_background":"","ocean_menu_link_hover_background":"","ocean_menu_link_active_background":"","ocean_menu_social_links_bg":"","ocean_menu_social_hover_links_bg":"","ocean_menu_social_links_color":"","ocean_menu_social_hover_links_color":"","ocean_disable_title":"on","ocean_disable_heading":"default","ocean_post_title":"","ocean_post_subheading":"","ocean_post_title_style":"","ocean_post_title_background_color":"","ocean_post_title_background":0,"ocean_post_title_bg_image_position":"","ocean_post_title_bg_image_attachment":"","ocean_post_title_bg_image_repeat":"","ocean_post_title_bg_image_size":"","ocean_post_title_height":0,"ocean_post_title_bg_overlay":0.5,"ocean_post_title_bg_overlay_color":"","ocean_disable_breadcrumbs":"default","ocean_breadcrumbs_color":"","ocean_breadcrumbs_separator_color":"","ocean_breadcrumbs_links_color":"","ocean_breadcrumbs_links_hover_color":"","ocean_display_footer_widgets":"off","ocean_display_footer_bottom":"off","ocean_custom_footer_template":"0","footnotes":""},"class_list":["post-48134","page","type-page","status-publish","hentry","entry"],"_links":{"self":[{"href":"https:\/\/mdu.edu.az\/ru\/wp-json\/wp\/v2\/pages\/48134","targetHints":{"allow":["GET"]}}],"collection":[{"href":"https:\/\/mdu.edu.az\/ru\/wp-json\/wp\/v2\/pages"}],"about":[{"href":"https:\/\/mdu.edu.az\/ru\/wp-json\/wp\/v2\/types\/page"}],"author":[{"embeddable":true,"href":"https:\/\/mdu.edu.az\/ru\/wp-json\/wp\/v2\/users\/1"}],"replies":[{"embeddable":true,"href":"https:\/\/mdu.edu.az\/ru\/wp-json\/wp\/v2\/comments?post=48134"}],"version-history":[{"count":57,"href":"https:\/\/mdu.edu.az\/ru\/wp-json\/wp\/v2\/pages\/48134\/revisions"}],"predecessor-version":[{"id":89836,"href":"https:\/\/mdu.edu.az\/ru\/wp-json\/wp\/v2\/pages\/48134\/revisions\/89836"}],"wp:attachment":[{"href":"https:\/\/mdu.edu.az\/ru\/wp-json\/wp\/v2\/media?parent=48134"}],"curies":[{"name":"wp","href":"https:\/\/api.w.org\/{rel}","templated":true}]}}