{"id":50201,"date":"2023-06-22T14:16:01","date_gmt":"2023-06-22T11:16:01","guid":{"rendered":"https:\/\/mdu.edu.az\/?page_id=50201"},"modified":"2026-02-27T10:57:37","modified_gmt":"2026-02-27T07:57:37","slug":"saglam-h%c9%99yat","status":"publish","type":"page","link":"https:\/\/mdu.edu.az\/ru\/saglam-h%c9%99yat\/","title":{"rendered":"\u041f\u0440\u043e\u0433\u0440\u0430\u043c\u043c\u044b \u0441\u043e\u0446\u0438\u0430\u043b\u044c\u043d\u044b\u0445 \u0441\u0442\u0438\u043f\u0435\u043d\u0434\u0438\u0439"},"content":{"rendered":"<div data-elementor-type=\"wp-page\" data-elementor-id=\"50201\" class=\"elementor elementor-50201\" data-elementor-settings=\"{&quot;element_pack_global_tooltip_width&quot;:{&quot;unit&quot;:&quot;px&quot;,&quot;size&quot;:&quot;&quot;,&quot;sizes&quot;:[]},&quot;element_pack_global_tooltip_width_tablet&quot;:{&quot;unit&quot;:&quot;px&quot;,&quot;size&quot;:&quot;&quot;,&quot;sizes&quot;:[]},&quot;element_pack_global_tooltip_width_mobile&quot;:{&quot;unit&quot;:&quot;px&quot;,&quot;size&quot;:&quot;&quot;,&quot;sizes&quot;:[]},&quot;element_pack_global_tooltip_padding&quot;:{&quot;unit&quot;:&quot;px&quot;,&quot;top&quot;:&quot;&quot;,&quot;right&quot;:&quot;&quot;,&quot;bottom&quot;:&quot;&quot;,&quot;left&quot;:&quot;&quot;,&quot;isLinked&quot;:true},&quot;element_pack_global_tooltip_padding_tablet&quot;:{&quot;unit&quot;:&quot;px&quot;,&quot;top&quot;:&quot;&quot;,&quot;right&quot;:&quot;&quot;,&quot;bottom&quot;:&quot;&quot;,&quot;left&quot;:&quot;&quot;,&quot;isLinked&quot;:true},&quot;element_pack_global_tooltip_padding_mobile&quot;:{&quot;unit&quot;:&quot;px&quot;,&quot;top&quot;:&quot;&quot;,&quot;right&quot;:&quot;&quot;,&quot;bottom&quot;:&quot;&quot;,&quot;left&quot;:&quot;&quot;,&quot;isLinked&quot;:true},&quot;element_pack_global_tooltip_border_radius&quot;:{&quot;unit&quot;:&quot;px&quot;,&quot;top&quot;:&quot;&quot;,&quot;right&quot;:&quot;&quot;,&quot;bottom&quot;:&quot;&quot;,&quot;left&quot;:&quot;&quot;,&quot;isLinked&quot;:true},&quot;element_pack_global_tooltip_border_radius_tablet&quot;:{&quot;unit&quot;:&quot;px&quot;,&quot;top&quot;:&quot;&quot;,&quot;right&quot;:&quot;&quot;,&quot;bottom&quot;:&quot;&quot;,&quot;left&quot;:&quot;&quot;,&quot;isLinked&quot;:true},&quot;element_pack_global_tooltip_border_radius_mobile&quot;:{&quot;unit&quot;:&quot;px&quot;,&quot;top&quot;:&quot;&quot;,&quot;right&quot;:&quot;&quot;,&quot;bottom&quot;:&quot;&quot;,&quot;left&quot;:&quot;&quot;,&quot;isLinked&quot;:true}}\" data-elementor-post-type=\"page\">\n\t\t\t\t\t\t<section data-particle_enable=\"false\" data-particle-mobile-disabled=\"false\" class=\"elementor-section elementor-top-section elementor-element elementor-element-779eb0dd elementor-section-boxed elementor-section-height-default elementor-section-height-default\" data-id=\"779eb0dd\" data-element_type=\"section\" data-e-type=\"section\">\n\t\t\t\t\t\t<div class=\"elementor-container elementor-column-gap-default\">\n\t\t\t\t\t<div class=\"elementor-column elementor-col-100 elementor-top-column elementor-element elementor-element-754081a3\" data-id=\"754081a3\" data-element_type=\"column\" data-e-type=\"column\" data-settings=\"{&quot;background_background&quot;:&quot;classic&quot;}\">\n\t\t\t<div class=\"elementor-widget-wrap elementor-element-populated\">\n\t\t\t\t\t\t<section data-particle_enable=\"false\" data-particle-mobile-disabled=\"false\" class=\"elementor-section elementor-inner-section elementor-element elementor-element-5085ea31 elementor-section-full_width elementor-section-content-middle elementor-section-height-default elementor-section-height-default\" data-id=\"5085ea31\" data-element_type=\"section\" data-e-type=\"section\" data-settings=\"{&quot;background_background&quot;:&quot;classic&quot;}\">\n\t\t\t\t\t\t<div class=\"elementor-container elementor-column-gap-no\">\n\t\t\t\t\t<div class=\"elementor-column elementor-col-100 elementor-inner-column elementor-element elementor-element-3f550d81\" data-id=\"3f550d81\" data-element_type=\"column\" data-e-type=\"column\">\n\t\t\t<div class=\"elementor-widget-wrap elementor-element-populated\">\n\t\t\t\t\t\t<div class=\"elementor-element elementor-element-2be9be8e elementor-widget elementor-widget-heading\" data-id=\"2be9be8e\" data-element_type=\"widget\" data-e-type=\"widget\" data-widget_type=\"heading.default\">\n\t\t\t\t<div class=\"elementor-widget-container\">\n\t\t\t\t\t<h1 class=\"elementor-heading-title elementor-size-default\">\u041f\u0440\u043e\u0433\u0440\u0430\u043c\u043c\u044b \u0441\u043e\u0446\u0438\u0430\u043b\u044c\u043d\u043e\u0439 \u0441\u0442\u0438\u043f\u0435\u043d\u0434\u0438\u0438<\/h1>\t\t\t\t<\/div>\n\t\t\t\t<\/div>\n\t\t\t\t<div class=\"elementor-element elementor-element-19807698 elementor-widget-divider--view-line elementor-widget elementor-widget-divider\" data-id=\"19807698\" data-element_type=\"widget\" data-e-type=\"widget\" data-widget_type=\"divider.default\">\n\t\t\t\t<div class=\"elementor-widget-container\">\n\t\t\t\t\t\t\t<div class=\"elementor-divider\">\n\t\t\t<span class=\"elementor-divider-separator\">\n\t\t\t\t\t\t<\/span>\n\t\t<\/div>\n\t\t\t\t\t\t<\/div>\n\t\t\t\t<\/div>\n\t\t\t\t\t<\/div>\n\t\t<\/div>\n\t\t\t\t\t<\/div>\n\t\t<\/section>\n\t\t\t\t\t<\/div>\n\t\t<\/div>\n\t\t\t\t\t<\/div>\n\t\t<\/section>\n\t\t\t\t<section data-particle_enable=\"false\" data-particle-mobile-disabled=\"false\" class=\"elementor-section elementor-top-section elementor-element elementor-element-7dc80f9b elementor-section-boxed elementor-section-height-default elementor-section-height-default\" data-id=\"7dc80f9b\" data-element_type=\"section\" data-e-type=\"section\">\n\t\t\t\t\t\t<div class=\"elementor-container elementor-column-gap-default\">\n\t\t\t\t\t<div class=\"elementor-column elementor-col-100 elementor-top-column elementor-element elementor-element-102f2ee9\" data-id=\"102f2ee9\" data-element_type=\"column\" data-e-type=\"column\">\n\t\t\t<div class=\"elementor-widget-wrap elementor-element-populated\">\n\t\t\t\t\t\t<div class=\"elementor-element elementor-element-63b5c3c elementor-widget elementor-widget-spacer\" data-id=\"63b5c3c\" data-element_type=\"widget\" data-e-type=\"widget\" data-widget_type=\"spacer.default\">\n\t\t\t\t<div class=\"elementor-widget-container\">\n\t\t\t\t\t\t\t<div class=\"elementor-spacer\">\n\t\t\t<div class=\"elementor-spacer-inner\"><\/div>\n\t\t<\/div>\n\t\t\t\t\t\t<\/div>\n\t\t\t\t<\/div>\n\t\t\t\t<div class=\"elementor-element elementor-element-d484b00 elementor-widget elementor-widget-text-editor\" data-id=\"d484b00\" data-element_type=\"widget\" data-e-type=\"widget\" data-no-translation=\"\" data-widget_type=\"text-editor.default\">\n\t\t\t\t<div class=\"elementor-widget-container\">\n\t\t\t\t\t<style>.elementor-element-d484b00{display:none !important}<\/style>\t\t\t\t<\/div>\n\t\t\t\t<\/div>\n\t\t\t\t<div class=\"elementor-element elementor-element-a37bfab elementor-widget elementor-widget-text-editor\" data-id=\"a37bfab\" data-element_type=\"widget\" data-e-type=\"widget\" data-no-translation=\"\" data-widget_type=\"text-editor.default\">\n\t\t\t\t<div class=\"elementor-widget-container\">\n\t\t\t\t\t<style>.elementor-element-a37bfab{display:none !important}<\/style>\t\t\t\t<\/div>\n\t\t\t\t<\/div>\n\t\t\t\t<div class=\"elementor-element elementor-element-c1b6ee8 elementor-widget elementor-widget-text-editor\" data-id=\"c1b6ee8\" data-element_type=\"widget\" data-e-type=\"widget\" data-no-translation=\"\" data-widget_type=\"text-editor.default\">\n\t\t\t\t<div class=\"elementor-widget-container\">\n\t\t\t\t\t\t\t\t\t<p data-start=\"43\" data-end=\"94\"><strong data-start=\"43\" data-end=\"92\">\u041f\u0440\u043e\u0433\u0440\u0430\u043c\u043c\u0430 \u00ab\u0421\u0442\u0438\u043f\u0435\u043d\u0434\u0438\u044f \u041f\u043e\u0447\u0451\u0442\u0430\u00bb \u2013 \u0421\u0443\u043c\u043c\u0430: 500 AZN<\/strong><\/p><p data-start=\"96\" data-end=\"249\">\u041f\u0440\u0430\u0432\u043e \u043d\u0430 \u0443\u0447\u0430\u0441\u0442\u0438\u0435: \u043c\u043e\u0433\u0443\u0442 \u043f\u043e\u0434\u0430\u0432\u0430\u0442\u044c \u0437\u0430\u044f\u0432\u043a\u0438 \u0441\u0442\u0443\u0434\u0435\u043d\u0442\u044b \u0431\u0430\u043a\u0430\u043b\u0430\u0432\u0440\u0438\u0430\u0442\u0430 \u0438 \u043c\u0430\u0433\u0438\u0441\u0442\u0440\u0430\u0442\u0443\u0440\u044b, \u043e\u0431\u0443\u0447\u0430\u044e\u0449\u0438\u0435\u0441\u044f \u043d\u0430 \u043e\u0447\u043d\u043e\u0439 \u0444\u043e\u0440\u043c\u0435 \u0432 \u041c\u0438\u043d\u0433\u044f\u0447\u0435\u0432\u0438\u0440\u0441\u043a\u043e\u043c \u0433\u043e\u0441\u0443\u0434\u0430\u0440\u0441\u0442\u0432\u0435\u043d\u043d\u043e\u043c \u0443\u043d\u0438\u0432\u0435\u0440\u0441\u0438\u0442\u0435\u0442\u0435.<\/p><p data-start=\"251\" data-end=\"305\">\u041a\u0430\u043d\u0434\u0438\u0434\u0430\u0442 \u0434\u043e\u043b\u0436\u0435\u043d \u0441\u043e\u043e\u0442\u0432\u0435\u0442\u0441\u0442\u0432\u043e\u0432\u0430\u0442\u044c \u0441\u043b\u0435\u0434\u0443\u044e\u0449\u0438\u043c \u043a\u0440\u0438\u0442\u0435\u0440\u0438\u044f\u043c:<\/p><p data-start=\"307\" data-end=\"556\">\u00b7 \u0438\u043c\u0435\u0442\u044c \u0432\u044b\u0441\u043e\u043a\u0443\u044e \u0430\u043a\u0430\u0434\u0435\u043c\u0438\u0447\u0435\u0441\u043a\u0443\u044e \u0443\u0441\u043f\u0435\u0432\u0430\u0435\u043c\u043e\u0441\u0442\u044c \u0432 \u0442\u0435\u043a\u0443\u0449\u0435\u043c \u0441\u0435\u043c\u0435\u0441\u0442\u0440\u0435;<br data-start=\"369\" data-end=\"372\" \/>\u00b7 \u043d\u0435 \u0438\u043c\u0435\u0442\u044c \u0430\u043a\u0430\u0434\u0435\u043c\u0438\u0447\u0435\u0441\u043a\u0438\u0445 \u0437\u0430\u0434\u043e\u043b\u0436\u0435\u043d\u043d\u043e\u0441\u0442\u0435\u0439;<br data-start=\"412\" data-end=\"415\" \/>\u00b7 \u043d\u0435 \u0438\u043c\u0435\u0442\u044c \u0434\u0438\u0441\u0446\u0438\u043f\u043b\u0438\u043d\u0430\u0440\u043d\u044b\u0445 \u0432\u0437\u044b\u0441\u043a\u0430\u043d\u0438\u0439 \u0432 \u043f\u0435\u0440\u0438\u043e\u0434 \u043e\u0431\u0443\u0447\u0435\u043d\u0438\u044f;<br data-start=\"469\" data-end=\"472\" \/>\u00b7 \u043d\u0435 \u043f\u043e\u043b\u0443\u0447\u0430\u0442\u044c \u0433\u043e\u0441\u0443\u0434\u0430\u0440\u0441\u0442\u0432\u0435\u043d\u043d\u0443\u044e \u0441\u0442\u0438\u043f\u0435\u043d\u0434\u0438\u044e (\u0435\u0441\u043b\u0438 \u043f\u0440\u043e\u0433\u0440\u0430\u043c\u043c\u0430 \u0440\u0430\u0441\u0441\u0447\u0438\u0442\u0430\u043d\u0430 \u043d\u0430 \u044d\u0442\u0443 \u0433\u0440\u0443\u043f\u043f\u0443).<\/p><hr data-start=\"558\" data-end=\"561\" \/><p data-start=\"563\" data-end=\"654\"><strong data-start=\"563\" data-end=\"652\">\u041f\u0440\u043e\u0433\u0440\u0430\u043c\u043c\u0430 \u0441\u0442\u0438\u043f\u0435\u043d\u0434\u0438\u0439 \u043f\u043e \u0441\u043e\u0446\u0438\u0430\u043b\u044c\u043d\u043e\u0439 \u0438\u043d\u0442\u0435\u0433\u0440\u0430\u0446\u0438\u0438 \u0438 \u0434\u043e\u0441\u0442\u0443\u043f\u0443 \u043a \u043e\u0431\u0440\u0430\u0437\u043e\u0432\u0430\u043d\u0438\u044e \u2013 \u0421\u0443\u043c\u043c\u0430: 300 AZN<\/strong><\/p><p data-start=\"656\" data-end=\"809\">\u041f\u0440\u0430\u0432\u043e \u043d\u0430 \u0443\u0447\u0430\u0441\u0442\u0438\u0435: \u043c\u043e\u0433\u0443\u0442 \u043f\u043e\u0434\u0430\u0432\u0430\u0442\u044c \u0437\u0430\u044f\u0432\u043a\u0438 \u0441\u0442\u0443\u0434\u0435\u043d\u0442\u044b \u0431\u0430\u043a\u0430\u043b\u0430\u0432\u0440\u0438\u0430\u0442\u0430 \u0438 \u043c\u0430\u0433\u0438\u0441\u0442\u0440\u0430\u0442\u0443\u0440\u044b, \u043e\u0431\u0443\u0447\u0430\u044e\u0449\u0438\u0435\u0441\u044f \u043d\u0430 \u043e\u0447\u043d\u043e\u0439 \u0444\u043e\u0440\u043c\u0435 \u0432 \u041c\u0438\u043d\u0433\u044f\u0447\u0435\u0432\u0438\u0440\u0441\u043a\u043e\u043c \u0433\u043e\u0441\u0443\u0434\u0430\u0440\u0441\u0442\u0432\u0435\u043d\u043d\u043e\u043c \u0443\u043d\u0438\u0432\u0435\u0440\u0441\u0438\u0442\u0435\u0442\u0435.<\/p><p data-start=\"811\" data-end=\"839\">\u041a\u0442\u043e \u043c\u043e\u0436\u0435\u0442 \u043f\u043e\u0434\u0430\u0432\u0430\u0442\u044c \u0437\u0430\u044f\u0432\u043a\u0443:<\/p><p data-start=\"841\" data-end=\"1075\">\u00b7 \u0441\u0442\u0443\u0434\u0435\u043d\u0442\u044b \u0438\u0437 \u043c\u0430\u043b\u043e\u043e\u0431\u0435\u0441\u043f\u0435\u0447\u0435\u043d\u043d\u044b\u0445 \u0441\u0435\u043c\u0435\u0439;<br data-start=\"878\" data-end=\"881\" \/>\u00b7 \u0447\u043b\u0435\u043d\u044b \u0441\u0435\u043c\u0435\u0439, \u043f\u043e\u043b\u0443\u0447\u0430\u044e\u0449\u0438\u0445 \u0441\u043e\u0446\u0438\u0430\u043b\u044c\u043d\u0443\u044e \u043f\u043e\u043c\u043e\u0449\u044c;<br data-start=\"925\" data-end=\"928\" \/>\u00b7 \u0434\u0435\u0442\u0438 \u0438\u0437 \u043c\u043d\u043e\u0433\u043e\u0434\u0435\u0442\u043d\u044b\u0445 \u0441\u0435\u043c\u0435\u0439;<br data-start=\"956\" data-end=\"959\" \/>\u00b7 \u043b\u0438\u0446\u0430, \u043b\u0438\u0448\u0451\u043d\u043d\u044b\u0435 \u0440\u043e\u0434\u0438\u0442\u0435\u043b\u044c\u0441\u043a\u043e\u0439 \u043e\u043f\u0435\u043a\u0438;<br data-start=\"995\" data-end=\"998\" \/>\u00b7 \u0447\u043b\u0435\u043d\u044b \u0441\u0435\u043c\u0435\u0439 \u043f\u043e\u0433\u0438\u0431\u0448\u0438\u0445 \u0438 \u0432\u0435\u0442\u0435\u0440\u0430\u043d\u043e\u0432;<br data-start=\"1033\" data-end=\"1036\" \/>\u00b7 \u043b\u0438\u0446\u0430 \u0441 \u043e\u0433\u0440\u0430\u043d\u0438\u0447\u0435\u043d\u043d\u044b\u043c\u0438 \u0432\u043e\u0437\u043c\u043e\u0436\u043d\u043e\u0441\u0442\u044f\u043c\u0438.<\/p><hr data-start=\"1077\" data-end=\"1080\" \/><p data-start=\"1082\" data-end=\"1167\"><strong data-start=\"1082\" data-end=\"1165\">\u0421\u043f\u0435\u0446\u0438\u0430\u043b\u044c\u043d\u0430\u044f \u043f\u0440\u043e\u0433\u0440\u0430\u043c\u043c\u0430 \u0441\u0442\u0438\u043f\u0435\u043d\u0434\u0438\u0439 \u0434\u043b\u044f \u0441\u0435\u043c\u0435\u0439 \u043f\u043e\u0433\u0438\u0431\u0448\u0438\u0445 \u0438 \u0432\u0435\u0442\u0435\u0440\u0430\u043d\u043e\u0432 \u2013 \u0421\u0443\u043c\u043c\u0430: 300 AZN<\/strong><\/p><p data-start=\"1169\" data-end=\"1322\">\u041f\u0440\u0430\u0432\u043e \u043d\u0430 \u0443\u0447\u0430\u0441\u0442\u0438\u0435: \u043c\u043e\u0433\u0443\u0442 \u043f\u043e\u0434\u0430\u0432\u0430\u0442\u044c \u0437\u0430\u044f\u0432\u043a\u0438 \u0441\u0442\u0443\u0434\u0435\u043d\u0442\u044b \u0431\u0430\u043a\u0430\u043b\u0430\u0432\u0440\u0438\u0430\u0442\u0430 \u0438 \u043c\u0430\u0433\u0438\u0441\u0442\u0440\u0430\u0442\u0443\u0440\u044b, \u043e\u0431\u0443\u0447\u0430\u044e\u0449\u0438\u0435\u0441\u044f \u043d\u0430 \u043e\u0447\u043d\u043e\u0439 \u0444\u043e\u0440\u043c\u0435 \u0432 \u041c\u0438\u043d\u0433\u044f\u0447\u0435\u0432\u0438\u0440\u0441\u043a\u043e\u043c \u0433\u043e\u0441\u0443\u0434\u0430\u0440\u0441\u0442\u0432\u0435\u043d\u043d\u043e\u043c \u0443\u043d\u0438\u0432\u0435\u0440\u0441\u0438\u0442\u0435\u0442\u0435.<\/p><p data-start=\"1324\" data-end=\"1352\">\u041a\u0442\u043e \u043c\u043e\u0436\u0435\u0442 \u043f\u043e\u0434\u0430\u0432\u0430\u0442\u044c \u0437\u0430\u044f\u0432\u043a\u0443:<\/p><p data-start=\"1354\" data-end=\"1472\">\u0414\u0435\u0442\u0438 \u043f\u043e\u0433\u0438\u0431\u0448\u0438\u0445 \u0438 \u0432\u0435\u0442\u0435\u0440\u0430\u043d\u043e\u0432, \u043e\u0431\u0443\u0447\u0430\u044e\u0449\u0438\u0435\u0441\u044f \u0432 \u041c\u0438\u043d\u0433\u044f\u0447\u0435\u0432\u0438\u0440\u0441\u043a\u043e\u043c \u0433\u043e\u0441\u0443\u0434\u0430\u0440\u0441\u0442\u0432\u0435\u043d\u043d\u043e\u043c \u0443\u043d\u0438\u0432\u0435\u0440\u0441\u0438\u0442\u0435\u0442\u0435 (\u043c\u0438\u043d\u0438\u043c\u0430\u043b\u044c\u043d\u044b\u0439 \u0441\u0440\u0435\u0434\u043d\u0438\u0439 \u0431\u0430\u043b\u043b: 75).<\/p><p data-start=\"1474\" data-end=\"1528\">\u041a\u0430\u043d\u0434\u0438\u0434\u0430\u0442 \u0434\u043e\u043b\u0436\u0435\u043d \u0441\u043e\u043e\u0442\u0432\u0435\u0442\u0441\u0442\u0432\u043e\u0432\u0430\u0442\u044c \u0441\u043b\u0435\u0434\u0443\u044e\u0449\u0438\u043c \u043a\u0440\u0438\u0442\u0435\u0440\u0438\u044f\u043c:<\/p><p data-start=\"1530\" data-end=\"1810\">\u00b7 \u0438\u043c\u0435\u0442\u044c \u0432\u044b\u0441\u043e\u043a\u0443\u044e \u0430\u043a\u0430\u0434\u0435\u043c\u0438\u0447\u0435\u0441\u043a\u0443\u044e \u0443\u0441\u043f\u0435\u0432\u0430\u0435\u043c\u043e\u0441\u0442\u044c \u0432 \u0442\u0435\u043a\u0443\u0449\u0435\u043c \u0441\u0435\u043c\u0435\u0441\u0442\u0440\u0435 (\u043c\u0438\u043d\u0438\u043c\u0430\u043b\u044c\u043d\u044b\u0439 \u0441\u0440\u0435\u0434\u043d\u0438\u0439 \u0431\u0430\u043b\u043b: 75);<br data-start=\"1623\" data-end=\"1626\" \/>\u00b7 \u043d\u0435 \u0438\u043c\u0435\u0442\u044c \u0430\u043a\u0430\u0434\u0435\u043c\u0438\u0447\u0435\u0441\u043a\u0438\u0445 \u0437\u0430\u0434\u043e\u043b\u0436\u0435\u043d\u043d\u043e\u0441\u0442\u0435\u0439;<br data-start=\"1666\" data-end=\"1669\" \/>\u00b7 \u043d\u0435 \u0438\u043c\u0435\u0442\u044c \u0434\u0438\u0441\u0446\u0438\u043f\u043b\u0438\u043d\u0430\u0440\u043d\u044b\u0445 \u0432\u0437\u044b\u0441\u043a\u0430\u043d\u0438\u0439 \u0432 \u043f\u0435\u0440\u0438\u043e\u0434 \u043e\u0431\u0443\u0447\u0435\u043d\u0438\u044f;<br data-start=\"1723\" data-end=\"1726\" \/>\u00b7 \u043d\u0435 \u043f\u043e\u043b\u0443\u0447\u0430\u0442\u044c \u0433\u043e\u0441\u0443\u0434\u0430\u0440\u0441\u0442\u0432\u0435\u043d\u043d\u0443\u044e \u0441\u0442\u0438\u043f\u0435\u043d\u0434\u0438\u044e (\u0435\u0441\u043b\u0438 \u043f\u0440\u043e\u0433\u0440\u0430\u043c\u043c\u0430 \u0440\u0430\u0441\u0441\u0447\u0438\u0442\u0430\u043d\u0430 \u043d\u0430 \u044d\u0442\u0443 \u0433\u0440\u0443\u043f\u043f\u0443).<\/p>\t\t\t\t\t\t\t\t<\/div>\n\t\t\t\t<\/div>\n\t\t\t\t\t<\/div>\n\t\t<\/div>\n\t\t\t\t\t<\/div>\n\t\t<\/section>\n\t\t\t\t<\/div>","protected":false},"excerpt":{"rendered":"<p>sosial t\u0259qa\u00fcd proqramlar\u0131 \u201cF\u0259xri T\u0259qa\u00fcd\u201d T\u0259qa\u00fcd proqram\u0131 &#8211; M\u0259bl\u0259\u011f 500 AZNT\u0259l\u0259bl\u0259r: T\u0259qa\u00fcd\u0259 Ming\u0259\u00e7evir D\u00f6vl\u0259t Universitetind\u0259 \u0259yani t\u0259hsil alan bakalavriat v\u0259 magistratura s\u0259viyy\u0259sind\u0259 t\u0259l\u0259b\u0259l\u0259r namiz\u0259d ola bil\u0259r.Namiz\u0259d a\u015fa\u011f\u0131dak\u0131 meyarlara cavab verm\u0259lidir: cari semestr \u00fczr\u0259 y\u00fcks\u0259k akademik g\u00f6st\u0259riciy\u0259 malik olmal\u0131; akademik borcu olmamal\u0131; t\u0259hsil ald\u0131\u011f\u0131 m\u00fcdd\u0259td\u0259 intizam t\u0259nbehi almam\u0131\u015f olmal\u0131; d\u00f6vl\u0259t t\u0259qa\u00fcd\u00fc almamal\u0131d\u0131r (\u0259g\u0259r proqram\u0131n m\u0259qs\u0259di bu [&hellip;]<\/p>\n","protected":false},"author":1,"featured_media":0,"parent":0,"menu_order":0,"comment_status":"closed","ping_status":"closed","template":"","meta":{"_eb_attr":"","ocean_post_layout":"full-screen","ocean_both_sidebars_style":"","ocean_both_sidebars_content_width":0,"ocean_both_sidebars_sidebars_width":0,"ocean_sidebar":"0","ocean_second_sidebar":"0","ocean_disable_margins":"enable","ocean_add_body_class":"","ocean_shortcode_before_top_bar":"","ocean_shortcode_after_top_bar":"","ocean_shortcode_before_header":"","ocean_shortcode_after_header":"","ocean_has_shortcode":"","ocean_shortcode_after_title":"","ocean_shortcode_before_footer_widgets":"","ocean_shortcode_after_footer_widgets":"","ocean_shortcode_before_footer_bottom":"","ocean_shortcode_after_footer_bottom":"","ocean_display_top_bar":"off","ocean_display_header":"off","ocean_header_style":"","ocean_center_header_left_menu":"0","ocean_custom_header_template":"0","ocean_custom_logo":0,"ocean_custom_retina_logo":0,"ocean_custom_logo_max_width":0,"ocean_custom_logo_tablet_max_width":0,"ocean_custom_logo_mobile_max_width":0,"ocean_custom_logo_max_height":0,"ocean_custom_logo_tablet_max_height":0,"ocean_custom_logo_mobile_max_height":0,"ocean_header_custom_menu":"0","ocean_menu_typo_font_family":"0","ocean_menu_typo_font_subset":"","ocean_menu_typo_font_size":0,"ocean_menu_typo_font_size_tablet":0,"ocean_menu_typo_font_size_mobile":0,"ocean_menu_typo_font_size_unit":"px","ocean_menu_typo_font_weight":"","ocean_menu_typo_font_weight_tablet":"","ocean_menu_typo_font_weight_mobile":"","ocean_menu_typo_transform":"","ocean_menu_typo_transform_tablet":"","ocean_menu_typo_transform_mobile":"","ocean_menu_typo_line_height":0,"ocean_menu_typo_line_height_tablet":0,"ocean_menu_typo_line_height_mobile":0,"ocean_menu_typo_line_height_unit":"","ocean_menu_typo_spacing":0,"ocean_menu_typo_spacing_tablet":0,"ocean_menu_typo_spacing_mobile":0,"ocean_menu_typo_spacing_unit":"","ocean_menu_link_color":"","ocean_menu_link_color_hover":"","ocean_menu_link_color_active":"","ocean_menu_link_background":"","ocean_menu_link_hover_background":"","ocean_menu_link_active_background":"","ocean_menu_social_links_bg":"","ocean_menu_social_hover_links_bg":"","ocean_menu_social_links_color":"","ocean_menu_social_hover_links_color":"","ocean_disable_title":"on","ocean_disable_heading":"default","ocean_post_title":"","ocean_post_subheading":"","ocean_post_title_style":"","ocean_post_title_background_color":"","ocean_post_title_background":0,"ocean_post_title_bg_image_position":"","ocean_post_title_bg_image_attachment":"","ocean_post_title_bg_image_repeat":"","ocean_post_title_bg_image_size":"","ocean_post_title_height":0,"ocean_post_title_bg_overlay":0.5,"ocean_post_title_bg_overlay_color":"","ocean_disable_breadcrumbs":"default","ocean_breadcrumbs_color":"","ocean_breadcrumbs_separator_color":"","ocean_breadcrumbs_links_color":"","ocean_breadcrumbs_links_hover_color":"","ocean_display_footer_widgets":"off","ocean_display_footer_bottom":"off","ocean_custom_footer_template":"0","footnotes":""},"class_list":["post-50201","page","type-page","status-publish","hentry","entry"],"_links":{"self":[{"href":"https:\/\/mdu.edu.az\/ru\/wp-json\/wp\/v2\/pages\/50201","targetHints":{"allow":["GET"]}}],"collection":[{"href":"https:\/\/mdu.edu.az\/ru\/wp-json\/wp\/v2\/pages"}],"about":[{"href":"https:\/\/mdu.edu.az\/ru\/wp-json\/wp\/v2\/types\/page"}],"author":[{"embeddable":true,"href":"https:\/\/mdu.edu.az\/ru\/wp-json\/wp\/v2\/users\/1"}],"replies":[{"embeddable":true,"href":"https:\/\/mdu.edu.az\/ru\/wp-json\/wp\/v2\/comments?post=50201"}],"version-history":[{"count":263,"href":"https:\/\/mdu.edu.az\/ru\/wp-json\/wp\/v2\/pages\/50201\/revisions"}],"predecessor-version":[{"id":87839,"href":"https:\/\/mdu.edu.az\/ru\/wp-json\/wp\/v2\/pages\/50201\/revisions\/87839"}],"wp:attachment":[{"href":"https:\/\/mdu.edu.az\/ru\/wp-json\/wp\/v2\/media?parent=50201"}],"curies":[{"name":"wp","href":"https:\/\/api.w.org\/{rel}","templated":true}]}}