{"id":65746,"date":"2025-02-21T14:58:11","date_gmt":"2025-02-21T11:58:11","guid":{"rendered":"https:\/\/mdu.edu.az\/?page_id=65746"},"modified":"2025-08-07T14:00:48","modified_gmt":"2025-08-07T11:00:48","slug":"inkubasiya","status":"publish","type":"page","link":"https:\/\/mdu.edu.az\/ru\/inkubasiya\/","title":{"rendered":"inkubasiya"},"content":{"rendered":"<div data-elementor-type=\"wp-page\" data-elementor-id=\"65746\" class=\"elementor elementor-65746\" data-elementor-settings=\"{&quot;element_pack_global_tooltip_width&quot;:{&quot;unit&quot;:&quot;px&quot;,&quot;size&quot;:&quot;&quot;,&quot;sizes&quot;:[]},&quot;element_pack_global_tooltip_width_tablet&quot;:{&quot;unit&quot;:&quot;px&quot;,&quot;size&quot;:&quot;&quot;,&quot;sizes&quot;:[]},&quot;element_pack_global_tooltip_width_mobile&quot;:{&quot;unit&quot;:&quot;px&quot;,&quot;size&quot;:&quot;&quot;,&quot;sizes&quot;:[]},&quot;element_pack_global_tooltip_padding&quot;:{&quot;unit&quot;:&quot;px&quot;,&quot;top&quot;:&quot;&quot;,&quot;right&quot;:&quot;&quot;,&quot;bottom&quot;:&quot;&quot;,&quot;left&quot;:&quot;&quot;,&quot;isLinked&quot;:true},&quot;element_pack_global_tooltip_padding_tablet&quot;:{&quot;unit&quot;:&quot;px&quot;,&quot;top&quot;:&quot;&quot;,&quot;right&quot;:&quot;&quot;,&quot;bottom&quot;:&quot;&quot;,&quot;left&quot;:&quot;&quot;,&quot;isLinked&quot;:true},&quot;element_pack_global_tooltip_padding_mobile&quot;:{&quot;unit&quot;:&quot;px&quot;,&quot;top&quot;:&quot;&quot;,&quot;right&quot;:&quot;&quot;,&quot;bottom&quot;:&quot;&quot;,&quot;left&quot;:&quot;&quot;,&quot;isLinked&quot;:true},&quot;element_pack_global_tooltip_border_radius&quot;:{&quot;unit&quot;:&quot;px&quot;,&quot;top&quot;:&quot;&quot;,&quot;right&quot;:&quot;&quot;,&quot;bottom&quot;:&quot;&quot;,&quot;left&quot;:&quot;&quot;,&quot;isLinked&quot;:true},&quot;element_pack_global_tooltip_border_radius_tablet&quot;:{&quot;unit&quot;:&quot;px&quot;,&quot;top&quot;:&quot;&quot;,&quot;right&quot;:&quot;&quot;,&quot;bottom&quot;:&quot;&quot;,&quot;left&quot;:&quot;&quot;,&quot;isLinked&quot;:true},&quot;element_pack_global_tooltip_border_radius_mobile&quot;:{&quot;unit&quot;:&quot;px&quot;,&quot;top&quot;:&quot;&quot;,&quot;right&quot;:&quot;&quot;,&quot;bottom&quot;:&quot;&quot;,&quot;left&quot;:&quot;&quot;,&quot;isLinked&quot;:true}}\" data-elementor-post-type=\"page\">\n\t\t\t\t\t\t<section data-particle_enable=\"false\" data-particle-mobile-disabled=\"false\" class=\"elementor-section elementor-top-section elementor-element elementor-element-1071346 elementor-section-boxed elementor-section-height-default elementor-section-height-default\" data-id=\"1071346\" data-element_type=\"section\" data-e-type=\"section\">\n\t\t\t\t\t\t<div class=\"elementor-container elementor-column-gap-default\">\n\t\t\t\t\t<div class=\"elementor-column elementor-col-100 elementor-top-column elementor-element elementor-element-6bb4b0ca\" data-id=\"6bb4b0ca\" data-element_type=\"column\" data-e-type=\"column\">\n\t\t\t<div class=\"elementor-widget-wrap elementor-element-populated\">\n\t\t\t\t\t\t<div class=\"elementor-element elementor-element-5d503e8d elementor-widget elementor-widget-text-editor\" data-id=\"5d503e8d\" data-element_type=\"widget\" data-e-type=\"widget\" data-widget_type=\"text-editor.default\">\n\t\t\t\t<div class=\"elementor-widget-container\">\n\t\t\t\t\t\t\t\t\t<p>\u0130nkubasiya v\u0259 Akselerasiya M\u0259rk\u0259zi Ming\u0259\u00e7evir D\u00f6vl\u0259t Universitetinin Elmi \u015euras\u0131n\u0131n 28.01.2025-ci il tarixli, 56 n\u00f6mr\u0259li q\u0259rar\u0131 il\u0259 yarad\u0131lm\u0131\u015fd\u0131r.<\/p><p>M\u0259rk\u0259zin f\u0259aliyy\u0259tinin t\u0259\u015fkili\u202f MDU rektorunun \u0259mri il\u0259 t\u0259yin olunmu\u015f\u202f\u202fr\u0259hb\u0259r t\u0259r\u0259find\u0259n h\u0259yata ke\u00e7irilir.\u202f<\/p><p><strong>\u0130nkubasiya v\u0259 Akselerasiya<\/strong><strong> M\u0259rk\u0259zinin a\u015fa\u011f\u0131dak\u0131 v\u0259zif\u0259l\u0259ri vard\u0131r:<\/strong><\/p><p>M\u0259rk\u0259z bu Nizamnam\u0259 il\u0259 m\u00fc\u0259yy\u0259n edilmi\u015f f\u0259aliyy\u0259t istiqam\u0259tl\u0259rin\u0259 uy\u011fun olaraq, a\u015fa\u011f\u0131dak\u0131 v\u0259zif\u0259l\u0259ri yerin\u0259 yetirir:<\/p><ul><li>T\u0259l\u0259b\u0259 v\u0259 g\u0259nc sahibkarlar\u0131n biznes ideyalar\u0131n\u0131 inki\u015faf etdirm\u0259k v\u0259 onlar\u0131 bazara t\u0259qdim etm\u0259k.<\/li><li>Startaplara v\u0259 innovativ layih\u0259l\u0259r\u0259 maliyy\u0259 v\u0259 m\u0259sl\u0259h\u0259t d\u0259st\u0259yi g\u00f6st\u0259rm\u0259k.<\/li><li>Mentor v\u0259 ekspertl\u0259r il\u0259 g\u0259nc t\u0259\u015f\u0259bb\u00fcskarlar\u0131 bir araya g\u0259tirm\u0259k.<\/li><li>\u0130nkubasiya v\u0259 akselerasiya proqramlar\u0131 t\u0259\u015fkil etm\u0259k.<\/li><li>\u0130novativ biznesl\u0259r \u00fc\u00e7\u00fcn t\u0259dbirl\u0259r, seminarlar v\u0259 t\u0259liml\u0259r ke\u00e7irm\u0259k.<\/li><li>Yerli v\u0259 beyn\u0259lxalq biznes m\u00fchitin\u0259 inteqrasiya etm\u0259k v\u0259 \u0259laq\u0259l\u0259r qurmaq.<\/li><li>Startap ekosistemini inki\u015faf etdirm\u0259k v\u0259 bu sah\u0259d\u0259 f\u0259aliyy\u0259t g\u00f6st\u0259r\u0259n t\u0259\u015fkilatlarla \u0259m\u0259kda\u015fl\u0131q etm\u0259k.<\/li><li>Akselerasiya proqramlar\u0131na uy\u011fun olaraq daha inki\u015faf etmi\u015f startaplara bazara \u00e7\u0131xmaq v\u0259 b\u00f6y\u00fcm\u0259k \u00fc\u00e7\u00fcn t\u0259liml\u0259r, \u015f\u0259b\u0259k\u0259l\u0259\u015fm\u0259 imkanlar\u0131, investorlarla \u0259laq\u0259l\u0259rin qurulmas\u0131, strateji planla\u015fd\u0131rma v\u0259 biznes inki\u015faf\u0131na d\u0259st\u0259k g\u00f6st\u0259rm\u0259k,<\/li><li>\u0130nkubasiya proqramlar\u0131na uy\u011fun olaraq\u00a0 startaplar\u0131n ilkin inki\u015faf m\u0259rh\u0259l\u0259sind\u0259 onlara m\u0259sl\u0259h\u0259t xidm\u0259tl\u0259ri, mentorluq, maliyy\u0259 v\u0259 h\u00fcquqi d\u0259st\u0259k verm\u0259k, i\u015f yeri v\u0259 resurslar\u0131n t\u0259min edilm\u0259sin\u0259 nail olmaq.<\/li><\/ul><p><strong>M\u0259rk\u0259zin f\u0259aliyy\u0259t istiqam\u0259tl\u0259ri a\u015fa\u011f\u0131dak\u0131lard\u0131r:<\/strong><\/p><ul><li>M\u0259rk\u0259z \u0259sas\u0259n g\u0259nc v\u0259 yeni t\u0259\u015f\u0259bb\u00fcskarlar\u0131n (startaplar\u0131n) inki\u015faf\u0131n\u0131 d\u0259st\u0259kl\u0259y\u0259n, innovasiya v\u0259 sahibkarl\u0131q m\u00fchitinin inki\u015faf\u0131na xidm\u0259t ed\u0259n f\u0259aliyy\u0259ti h\u0259yata ke\u00e7irm\u0259k,<\/li><li>Universitetin t\u0259l\u0259b\u0259l\u0259ri, m\u00fc\u0259lliml\u0259ri v\u0259 yerli c\u0259miyy\u0259tin dig\u0259r \u00fczvl\u0259ri \u00fc\u00e7\u00fcn innovasiya v\u0259 sahibkarl\u0131q ekosistemi yaratmaq, onlar\u0131n ideyalar\u0131n\u0131n v\u0259 layih\u0259l\u0259rinin inki\u015faf\u0131na d\u0259st\u0259k verm\u0259k, y\u00fcks\u0259k texnologiyal\u0131 v\u0259 dayan\u0131ql\u0131 startaplar\u0131n yaranmas\u0131na \u015f\u0259rait yaratmaq.<\/li><\/ul>\t\t\t\t\t\t\t\t<\/div>\n\t\t\t\t<\/div>\n\t\t\t\t<div class=\"elementor-element elementor-element-5b70a134 elementor-widget elementor-widget-heading\" data-id=\"5b70a134\" data-element_type=\"widget\" data-e-type=\"widget\" data-widget_type=\"heading.default\">\n\t\t\t\t<div class=\"elementor-widget-container\">\n\t\t\t\t\t<h2 class=\"elementor-heading-title elementor-size-default\">M\u0259rk\u0259zin r\u0259hb\u0259ri<\/h2>\t\t\t\t<\/div>\n\t\t\t\t<\/div>\n\t\t\t\t<div class=\"elementor-element elementor-element-5aa15b8d elementor-widget-divider--view-line elementor-widget elementor-widget-divider\" data-id=\"5aa15b8d\" data-element_type=\"widget\" data-e-type=\"widget\" data-widget_type=\"divider.default\">\n\t\t\t\t<div class=\"elementor-widget-container\">\n\t\t\t\t\t\t\t<div class=\"elementor-divider\">\n\t\t\t<span class=\"elementor-divider-separator\">\n\t\t\t\t\t\t<\/span>\n\t\t<\/div>\n\t\t\t\t\t\t<\/div>\n\t\t\t\t<\/div>\n\t\t\t\t<section data-particle_enable=\"false\" data-particle-mobile-disabled=\"false\" class=\"elementor-section elementor-inner-section elementor-element elementor-element-4f5e575a elementor-section-boxed elementor-section-height-default elementor-section-height-default\" data-id=\"4f5e575a\" data-element_type=\"section\" data-e-type=\"section\">\n\t\t\t\t\t\t<div class=\"elementor-container elementor-column-gap-no\">\n\t\t\t\t\t<div class=\"elementor-column elementor-col-33 elementor-inner-column elementor-element elementor-element-27672215\" data-id=\"27672215\" data-element_type=\"column\" data-e-type=\"column\">\n\t\t\t<div class=\"elementor-widget-wrap elementor-element-populated\">\n\t\t\t\t\t\t<div class=\"elementor-element elementor-element-87cee97 elementor-position-left elementor-vertical-align-middle elementor-widget elementor-widget-image-box\" data-id=\"87cee97\" data-element_type=\"widget\" data-e-type=\"widget\" data-widget_type=\"image-box.default\">\n\t\t\t\t<div class=\"elementor-widget-container\">\n\t\t\t\t\t<div class=\"elementor-image-box-wrapper\"><figure class=\"elementor-image-box-img\"><img fetchpriority=\"high\" decoding=\"async\" width=\"619\" height=\"768\" src=\"https:\/\/mdu.edu.az\/wp-content\/uploads\/2025\/06\/imgonline-com-ua-Resize-8vxVSr0DRf1vC.jpg\" class=\"attachment-full size-full wp-image-74702\" alt=\"\" srcset=\"https:\/\/mdu.edu.az\/wp-content\/uploads\/2025\/06\/imgonline-com-ua-Resize-8vxVSr0DRf1vC.jpg 619w, https:\/\/mdu.edu.az\/wp-content\/uploads\/2025\/06\/imgonline-com-ua-Resize-8vxVSr0DRf1vC-242x300.jpg 242w, https:\/\/mdu.edu.az\/wp-content\/uploads\/2025\/06\/imgonline-com-ua-Resize-8vxVSr0DRf1vC-10x12.jpg 10w, https:\/\/mdu.edu.az\/wp-content\/uploads\/2025\/06\/imgonline-com-ua-Resize-8vxVSr0DRf1vC-19x24.jpg 19w, https:\/\/mdu.edu.az\/wp-content\/uploads\/2025\/06\/imgonline-com-ua-Resize-8vxVSr0DRf1vC-29x36.jpg 29w, https:\/\/mdu.edu.az\/wp-content\/uploads\/2025\/06\/imgonline-com-ua-Resize-8vxVSr0DRf1vC-39x48.jpg 39w\" sizes=\"(max-width: 619px) 100vw, 619px\" \/><\/figure><div class=\"elementor-image-box-content\"><h3 class=\"elementor-image-box-title\">Muradzad\u0259 Elvin <br>  Amil o\u011flu<\/h3><p class=\"elementor-image-box-description\"> \u201c\u0130nformasiya Texnologiyalar\u0131\u201d <br>kafedras\u0131n\u0131n m\u00fc\u0259llimi<br>\n\n<a href=\"mailto:elvin.muradzada@mdu.edu.az\">elvin.muradzada@mdu.edu.az<\/a><br>\n\n<\/p><\/div><\/div>\t\t\t\t<\/div>\n\t\t\t\t<\/div>\n\t\t\t\t\t<\/div>\n\t\t<\/div>\n\t\t\t\t<div class=\"elementor-column elementor-col-33 elementor-inner-column elementor-element elementor-element-7cbbed49\" data-id=\"7cbbed49\" data-element_type=\"column\" data-e-type=\"column\">\n\t\t\t<div class=\"elementor-widget-wrap\">\n\t\t\t\t\t\t\t<\/div>\n\t\t<\/div>\n\t\t\t\t<div class=\"elementor-column elementor-col-33 elementor-inner-column elementor-element elementor-element-153241be\" data-id=\"153241be\" data-element_type=\"column\" data-e-type=\"column\">\n\t\t\t<div class=\"elementor-widget-wrap\">\n\t\t\t\t\t\t\t<\/div>\n\t\t<\/div>\n\t\t\t\t\t<\/div>\n\t\t<\/section>\n\t\t\t\t<div class=\"elementor-element elementor-element-435ba17e elementor-widget elementor-widget-heading\" data-id=\"435ba17e\" data-element_type=\"widget\" data-e-type=\"widget\" data-widget_type=\"heading.default\">\n\t\t\t\t<div class=\"elementor-widget-container\">\n\t\t\t\t\t<h2 class=\"elementor-heading-title elementor-size-default\">\u041a\u043e\u043d\u0442\u0430\u043a\u0442<\/h2>\t\t\t\t<\/div>\n\t\t\t\t<\/div>\n\t\t\t\t<div class=\"elementor-element elementor-element-2b240bd5 elementor-widget-divider--view-line elementor-widget elementor-widget-divider\" data-id=\"2b240bd5\" data-element_type=\"widget\" data-e-type=\"widget\" data-widget_type=\"divider.default\">\n\t\t\t\t<div class=\"elementor-widget-container\">\n\t\t\t\t\t\t\t<div class=\"elementor-divider\">\n\t\t\t<span class=\"elementor-divider-separator\">\n\t\t\t\t\t\t<\/span>\n\t\t<\/div>\n\t\t\t\t\t\t<\/div>\n\t\t\t\t<\/div>\n\t\t\t\t<div class=\"elementor-element elementor-element-25d42bed elementor-widget elementor-widget-text-editor\" data-id=\"25d42bed\" data-element_type=\"widget\" data-e-type=\"widget\" data-widget_type=\"text-editor.default\">\n\t\t\t\t<div class=\"elementor-widget-container\">\n\t\t\t\t\t\t\t\t\t<p><strong>Tel<\/strong>: +994 70 668 06 63<\/p><p><strong>E-mail<\/strong>: <a href=\"mailto:elvin.muradzada@mdu.edu.az\">elvin.muradzada@mdu.edu.az<\/a><\/p>\t\t\t\t\t\t\t\t<\/div>\n\t\t\t\t<\/div>\n\t\t\t\t\t<\/div>\n\t\t<\/div>\n\t\t\t\t\t<\/div>\n\t\t<\/section>\n\t\t\t\t<\/div>","protected":false},"excerpt":{"rendered":"<p>\u0130nkubasiya v\u0259 akselerasiya m\u0259rk\u0259zi \u0130nkubasiya v\u0259 Akselerasiya M\u0259rk\u0259zi Ming\u0259\u00e7evir D\u00f6vl\u0259t Universitetinin Elmi \u015euras\u0131n\u0131n 28.01.2025-ci il tarixli, 56 n\u00f6mr\u0259li q\u0259rar\u0131 il\u0259 yarad\u0131lm\u0131\u015fd\u0131r. M\u0259rk\u0259zin f\u0259aliyy\u0259tinin t\u0259\u015fkili\u202f MDU rektorunun \u0259mri il\u0259 t\u0259yin olunmu\u015f\u202f\u202fr\u0259hb\u0259r t\u0259r\u0259find\u0259n h\u0259yata ke\u00e7irilir.\u202f \u0130nkubasiya v\u0259 Akselerasiya M\u0259rk\u0259zinin a\u015fa\u011f\u0131dak\u0131 v\u0259zif\u0259l\u0259ri vard\u0131r: M\u0259rk\u0259z bu Nizamnam\u0259 il\u0259 m\u00fc\u0259yy\u0259n edilmi\u015f f\u0259aliyy\u0259t istiqam\u0259tl\u0259rin\u0259 uy\u011fun olaraq, a\u015fa\u011f\u0131dak\u0131 v\u0259zif\u0259l\u0259ri yerin\u0259 yetirir: T\u0259l\u0259b\u0259 [&hellip;]<\/p>\n","protected":false},"author":1,"featured_media":0,"parent":0,"menu_order":0,"comment_status":"closed","ping_status":"closed","template":"","meta":{"_eb_attr":"","ocean_post_layout":"full-screen","ocean_both_sidebars_style":"","ocean_both_sidebars_content_width":0,"ocean_both_sidebars_sidebars_width":0,"ocean_sidebar":"","ocean_second_sidebar":"","ocean_disable_margins":"enable","ocean_add_body_class":"","ocean_shortcode_before_top_bar":"","ocean_shortcode_after_top_bar":"","ocean_shortcode_before_header":"","ocean_shortcode_after_header":"","ocean_has_shortcode":"","ocean_shortcode_after_title":"","ocean_shortcode_before_footer_widgets":"","ocean_shortcode_after_footer_widgets":"","ocean_shortcode_before_footer_bottom":"","ocean_shortcode_after_footer_bottom":"","ocean_display_top_bar":"off","ocean_display_header":"off","ocean_header_style":"","ocean_center_header_left_menu":"","ocean_custom_header_template":"","ocean_custom_logo":0,"ocean_custom_retina_logo":0,"ocean_custom_logo_max_width":0,"ocean_custom_logo_tablet_max_width":0,"ocean_custom_logo_mobile_max_width":0,"ocean_custom_logo_max_height":0,"ocean_custom_logo_tablet_max_height":0,"ocean_custom_logo_mobile_max_height":0,"ocean_header_custom_menu":"","ocean_menu_typo_font_family":"","ocean_menu_typo_font_subset":"","ocean_menu_typo_font_size":0,"ocean_menu_typo_font_size_tablet":0,"ocean_menu_typo_font_size_mobile":0,"ocean_menu_typo_font_size_unit":"px","ocean_menu_typo_font_weight":"","ocean_menu_typo_font_weight_tablet":"","ocean_menu_typo_font_weight_mobile":"","ocean_menu_typo_transform":"","ocean_menu_typo_transform_tablet":"","ocean_menu_typo_transform_mobile":"","ocean_menu_typo_line_height":0,"ocean_menu_typo_line_height_tablet":0,"ocean_menu_typo_line_height_mobile":0,"ocean_menu_typo_line_height_unit":"","ocean_menu_typo_spacing":0,"ocean_menu_typo_spacing_tablet":0,"ocean_menu_typo_spacing_mobile":0,"ocean_menu_typo_spacing_unit":"","ocean_menu_link_color":"","ocean_menu_link_color_hover":"","ocean_menu_link_color_active":"","ocean_menu_link_background":"","ocean_menu_link_hover_background":"","ocean_menu_link_active_background":"","ocean_menu_social_links_bg":"","ocean_menu_social_hover_links_bg":"","ocean_menu_social_links_color":"","ocean_menu_social_hover_links_color":"","ocean_disable_title":"on","ocean_disable_heading":"default","ocean_post_title":"","ocean_post_subheading":"","ocean_post_title_style":"","ocean_post_title_background_color":"","ocean_post_title_background":0,"ocean_post_title_bg_image_position":"","ocean_post_title_bg_image_attachment":"","ocean_post_title_bg_image_repeat":"","ocean_post_title_bg_image_size":"","ocean_post_title_height":0,"ocean_post_title_bg_overlay":0.5,"ocean_post_title_bg_overlay_color":"","ocean_disable_breadcrumbs":"default","ocean_breadcrumbs_color":"","ocean_breadcrumbs_separator_color":"","ocean_breadcrumbs_links_color":"","ocean_breadcrumbs_links_hover_color":"","ocean_display_footer_widgets":"off","ocean_display_footer_bottom":"off","ocean_custom_footer_template":"","footnotes":""},"class_list":["post-65746","page","type-page","status-publish","hentry","entry"],"_links":{"self":[{"href":"https:\/\/mdu.edu.az\/ru\/wp-json\/wp\/v2\/pages\/65746","targetHints":{"allow":["GET"]}}],"collection":[{"href":"https:\/\/mdu.edu.az\/ru\/wp-json\/wp\/v2\/pages"}],"about":[{"href":"https:\/\/mdu.edu.az\/ru\/wp-json\/wp\/v2\/types\/page"}],"author":[{"embeddable":true,"href":"https:\/\/mdu.edu.az\/ru\/wp-json\/wp\/v2\/users\/1"}],"replies":[{"embeddable":true,"href":"https:\/\/mdu.edu.az\/ru\/wp-json\/wp\/v2\/comments?post=65746"}],"version-history":[{"count":49,"href":"https:\/\/mdu.edu.az\/ru\/wp-json\/wp\/v2\/pages\/65746\/revisions"}],"predecessor-version":[{"id":77398,"href":"https:\/\/mdu.edu.az\/ru\/wp-json\/wp\/v2\/pages\/65746\/revisions\/77398"}],"wp:attachment":[{"href":"https:\/\/mdu.edu.az\/ru\/wp-json\/wp\/v2\/media?parent=65746"}],"curies":[{"name":"wp","href":"https:\/\/api.w.org\/{rel}","templated":true}]}}