{"id":67753,"date":"2025-04-16T15:38:20","date_gmt":"2025-04-16T12:38:20","guid":{"rendered":"https:\/\/mdu.edu.az\/?page_id=67753"},"modified":"2025-08-05T22:23:24","modified_gmt":"2025-08-05T19:23:24","slug":"tedris-olunan-fenler","status":"publish","type":"page","link":"https:\/\/mdu.edu.az\/ru\/tedris-olunan-fenler\/","title":{"rendered":"\u041f\u0440\u0435\u043f\u043e\u0434\u0430\u0432\u0430\u0435\u043c\u044b\u0435 \u043f\u0440\u0435\u0434\u043c\u0435\u0442\u044b"},"content":{"rendered":"<div data-elementor-type=\"wp-page\" data-elementor-id=\"67753\" class=\"elementor elementor-67753\" data-elementor-settings=\"{&quot;element_pack_global_tooltip_width&quot;:{&quot;unit&quot;:&quot;px&quot;,&quot;size&quot;:&quot;&quot;,&quot;sizes&quot;:[]},&quot;element_pack_global_tooltip_width_tablet&quot;:{&quot;unit&quot;:&quot;px&quot;,&quot;size&quot;:&quot;&quot;,&quot;sizes&quot;:[]},&quot;element_pack_global_tooltip_width_mobile&quot;:{&quot;unit&quot;:&quot;px&quot;,&quot;size&quot;:&quot;&quot;,&quot;sizes&quot;:[]},&quot;element_pack_global_tooltip_padding&quot;:{&quot;unit&quot;:&quot;px&quot;,&quot;top&quot;:&quot;&quot;,&quot;right&quot;:&quot;&quot;,&quot;bottom&quot;:&quot;&quot;,&quot;left&quot;:&quot;&quot;,&quot;isLinked&quot;:true},&quot;element_pack_global_tooltip_padding_tablet&quot;:{&quot;unit&quot;:&quot;px&quot;,&quot;top&quot;:&quot;&quot;,&quot;right&quot;:&quot;&quot;,&quot;bottom&quot;:&quot;&quot;,&quot;left&quot;:&quot;&quot;,&quot;isLinked&quot;:true},&quot;element_pack_global_tooltip_padding_mobile&quot;:{&quot;unit&quot;:&quot;px&quot;,&quot;top&quot;:&quot;&quot;,&quot;right&quot;:&quot;&quot;,&quot;bottom&quot;:&quot;&quot;,&quot;left&quot;:&quot;&quot;,&quot;isLinked&quot;:true},&quot;element_pack_global_tooltip_border_radius&quot;:{&quot;unit&quot;:&quot;px&quot;,&quot;top&quot;:&quot;&quot;,&quot;right&quot;:&quot;&quot;,&quot;bottom&quot;:&quot;&quot;,&quot;left&quot;:&quot;&quot;,&quot;isLinked&quot;:true},&quot;element_pack_global_tooltip_border_radius_tablet&quot;:{&quot;unit&quot;:&quot;px&quot;,&quot;top&quot;:&quot;&quot;,&quot;right&quot;:&quot;&quot;,&quot;bottom&quot;:&quot;&quot;,&quot;left&quot;:&quot;&quot;,&quot;isLinked&quot;:true},&quot;element_pack_global_tooltip_border_radius_mobile&quot;:{&quot;unit&quot;:&quot;px&quot;,&quot;top&quot;:&quot;&quot;,&quot;right&quot;:&quot;&quot;,&quot;bottom&quot;:&quot;&quot;,&quot;left&quot;:&quot;&quot;,&quot;isLinked&quot;:true}}\" data-elementor-post-type=\"page\">\n\t\t\t\t\t\t<section data-particle_enable=\"false\" data-particle-mobile-disabled=\"false\" class=\"elementor-section elementor-top-section elementor-element elementor-element-2c0b7e49 elementor-section-boxed elementor-section-height-default elementor-section-height-default\" data-id=\"2c0b7e49\" data-element_type=\"section\" data-e-type=\"section\">\n\t\t\t\t\t\t<div class=\"elementor-container elementor-column-gap-default\">\n\t\t\t\t\t<div class=\"elementor-column elementor-col-100 elementor-top-column elementor-element elementor-element-4e3cfb5a\" data-id=\"4e3cfb5a\" data-element_type=\"column\" data-e-type=\"column\" data-settings=\"{&quot;background_background&quot;:&quot;classic&quot;}\">\n\t\t\t<div class=\"elementor-widget-wrap elementor-element-populated\">\n\t\t\t\t\t\t<section data-particle_enable=\"false\" data-particle-mobile-disabled=\"false\" class=\"elementor-section elementor-inner-section elementor-element elementor-element-30f13840 elementor-section-full_width elementor-section-content-middle elementor-section-height-default elementor-section-height-default\" data-id=\"30f13840\" data-element_type=\"section\" data-e-type=\"section\" data-settings=\"{&quot;background_background&quot;:&quot;classic&quot;}\">\n\t\t\t\t\t\t<div class=\"elementor-container elementor-column-gap-no\">\n\t\t\t\t\t<div class=\"elementor-column elementor-col-100 elementor-inner-column elementor-element elementor-element-34f0fb06\" data-id=\"34f0fb06\" data-element_type=\"column\" data-e-type=\"column\">\n\t\t\t<div class=\"elementor-widget-wrap elementor-element-populated\">\n\t\t\t\t\t\t<div class=\"elementor-element elementor-element-654668aa elementor-widget elementor-widget-heading\" data-id=\"654668aa\" data-element_type=\"widget\" data-e-type=\"widget\" data-widget_type=\"heading.default\">\n\t\t\t\t<div class=\"elementor-widget-container\">\n\t\t\t\t\t<h1 class=\"elementor-heading-title elementor-size-default\">\u041f\u0440\u0435\u043f\u043e\u0434\u0430\u0432\u0430\u0435\u043c\u044b\u0435 \u043f\u0440\u0435\u0434\u043c\u0435\u0442\u044b<\/h1>\t\t\t\t<\/div>\n\t\t\t\t<\/div>\n\t\t\t\t<div class=\"elementor-element elementor-element-1fb45021 elementor-widget-divider--view-line elementor-widget elementor-widget-divider\" data-id=\"1fb45021\" data-element_type=\"widget\" data-e-type=\"widget\" data-widget_type=\"divider.default\">\n\t\t\t\t<div class=\"elementor-widget-container\">\n\t\t\t\t\t\t\t<div class=\"elementor-divider\">\n\t\t\t<span class=\"elementor-divider-separator\">\n\t\t\t\t\t\t<\/span>\n\t\t<\/div>\n\t\t\t\t\t\t<\/div>\n\t\t\t\t<\/div>\n\t\t\t\t\t<\/div>\n\t\t<\/div>\n\t\t\t\t\t<\/div>\n\t\t<\/section>\n\t\t\t\t\t<\/div>\n\t\t<\/div>\n\t\t\t\t\t<\/div>\n\t\t<\/section>\n\t\t\t\t<section data-particle_enable=\"false\" data-particle-mobile-disabled=\"false\" class=\"elementor-section elementor-top-section elementor-element elementor-element-99d4bdc elementor-section-boxed elementor-section-height-default elementor-section-height-default\" data-id=\"99d4bdc\" data-element_type=\"section\" data-e-type=\"section\">\n\t\t\t\t\t\t<div class=\"elementor-container elementor-column-gap-default\">\n\t\t\t\t\t<div class=\"elementor-column elementor-col-100 elementor-top-column elementor-element elementor-element-3baa884\" data-id=\"3baa884\" data-element_type=\"column\" data-e-type=\"column\">\n\t\t\t<div class=\"elementor-widget-wrap elementor-element-populated\">\n\t\t\t\t\t\t<div class=\"elementor-element elementor-element-89bcf25 elementor-widget elementor-widget-spacer\" data-id=\"89bcf25\" data-element_type=\"widget\" data-e-type=\"widget\" data-widget_type=\"spacer.default\">\n\t\t\t\t<div class=\"elementor-widget-container\">\n\t\t\t\t\t\t\t<div class=\"elementor-spacer\">\n\t\t\t<div class=\"elementor-spacer-inner\"><\/div>\n\t\t<\/div>\n\t\t\t\t\t\t<\/div>\n\t\t\t\t<\/div>\n\t\t\t\t<div class=\"elementor-element elementor-element-51f2439 elementor-widget elementor-widget-text-editor\" data-id=\"51f2439\" data-element_type=\"widget\" data-e-type=\"widget\" data-widget_type=\"text-editor.default\">\n\t\t\t\t<div class=\"elementor-widget-container\">\n\t\t\t\t\t\t\t\t\t<ol><li><a href=\"https:\/\/mdu.edu.az\/wp-content\/uploads\/2025\/04\/Az\u0259rbaycan-dili-v\u0259-\u0259d\u0259biyyati-mu\u0259llimliyi.-Mu\u0259lliml\u0259r-v\u0259-onlarin-t\u0259dris-etdiyi-f\u0259nl\u0259r.pdf\">Az\u0259rbaycan dili v\u0259 \u0259d\u0259biyyat\u0131 m\u00fc\u0259llimliyi. M\u00fc\u0259lliml\u0259r v\u0259 onlar\u0131n t\u0259dris etdiyi f\u0259nl\u0259r<\/a><\/li><li><a href=\"https:\/\/mdu.edu.az\/wp-content\/uploads\/2025\/04\/Biznesin-idar\u0259edilm\u0259si.-Mu\u0259lliml\u0259r-v\u0259-onlarin-t\u0259dris-etdiyi-f\u0259nl\u0259r.pdf\">Biznesin idar\u0259edilm\u0259si. M\u00fc\u0259lliml\u0259r v\u0259 onlar\u0131n t\u0259dris etdiyi f\u0259nl\u0259r<\/a><\/li><li><a href=\"https:\/\/mdu.edu.az\/wp-content\/uploads\/2025\/04\/Dil-v\u0259-Ed\u0259biyyat-mu\u0259llimliyi-ingilis-dili-uzr\u0259.-Mu\u0259lliml\u0259r-v\u0259-onlarin-t\u0259dris-etdiyi-f\u0259nl\u0259r.pdf\">Dil v\u0259 \u018fd\u0259biyyat m\u00fc\u0259llimliyi (ingilis dili \u00fczr\u0259). M\u00fc\u0259lliml\u0259r v\u0259 onlar\u0131n t\u0259dris etdiyi f\u0259nl\u0259r<\/a><\/li><li><a href=\"https:\/\/mdu.edu.az\/wp-content\/uploads\/2025\/04\/Dovl\u0259t-v\u0259-b\u0259l\u0259diyy\u0259-idar\u0259etm\u0259si.-Mu\u0259lliml\u0259r-v\u0259-onlarin-t\u0259dris-etdiyi-f\u0259nl\u0259r.pdf\">D\u00f6vl\u0259t v\u0259 b\u0259l\u0259diyy\u0259 idar\u0259etm\u0259si. M\u00fc\u0259lliml\u0259r v\u0259 onlar\u0131n t\u0259dris etdiyi f\u0259nl\u0259r<\/a><\/li><li><a href=\"https:\/\/mdu.edu.az\/wp-content\/uploads\/2025\/04\/Ekologiya-.-Mu\u0259lliml\u0259r-v\u0259-onlarin-t\u0259dris-etdiyi-f\u0259nl\u0259r.pdf\">Ekologiya . M\u00fc\u0259lliml\u0259r v\u0259 onlar\u0131n t\u0259dris etdiyi f\u0259nl\u0259r<\/a><\/li><li><a href=\"https:\/\/mdu.edu.az\/wp-content\/uploads\/2025\/04\/Ekologiya-muh\u0259ndisliyi.-Mu\u0259lliml\u0259r-v\u0259-onlarin-t\u0259dris-etdiyi-f\u0259nl\u0259r.pdf\">Ekologiya m\u00fch\u0259ndisliyi. M\u00fc\u0259lliml\u0259r v\u0259 onlar\u0131n t\u0259dris etdiyi f\u0259nl\u0259r<\/a><\/li><li><a href=\"https:\/\/mdu.edu.az\/wp-content\/uploads\/2025\/04\/Elektrik-v\u0259-elektronika.-Mu\u0259lliml\u0259r-v\u0259-onlarin-t\u0259dris-etdiyi-f\u0259nl\u0259r.pdf\">Elektrik v\u0259 elektronika. M\u00fc\u0259lliml\u0259r v\u0259 onlar\u0131n t\u0259dris etdiyi f\u0259nl\u0259r<\/a><\/li><li><a href=\"https:\/\/mdu.edu.az\/wp-content\/uploads\/2025\/04\/Energetika-muh\u0259ndisliyi.-Mu\u0259lliml\u0259r-v\u0259-onlarin-t\u0259dris-etdiyi-f\u0259nl\u0259r.pdf\">Energetika m\u00fch\u0259ndisliyi. M\u00fc\u0259lliml\u0259r v\u0259 onlar\u0131n t\u0259dris etdiyi f\u0259nl\u0259r<\/a><\/li><li><a href=\"https:\/\/mdu.edu.az\/wp-content\/uploads\/2025\/04\/Filologiya.-Mu\u0259lliml\u0259r-v\u0259-onlarin-t\u0259dris-etdiyi-f\u0259nl\u0259r.pdf\">Filologiya. M\u00fc\u0259lliml\u0259r v\u0259 onlar\u0131n t\u0259dris etdiyi f\u0259nl\u0259r<\/a><\/li><li><a href=\"https:\/\/mdu.edu.az\/wp-content\/uploads\/2025\/04\/Fizika-mu\u0259llimliyi.-Mu\u0259lliml\u0259r-v\u0259-onlarin-t\u0259dris-etdiyi-f\u0259nl\u0259r.pdf\">Fizika m\u00fc\u0259llimliyi. M\u00fc\u0259lliml\u0259r v\u0259 onlar\u0131n t\u0259dris etdiyi f\u0259nl\u0259r<\/a><\/li><li><a href=\"https:\/\/mdu.edu.az\/wp-content\/uploads\/2025\/04\/H\u0259yat-f\u0259aliyy\u0259tinin-t\u0259hluk\u0259sizliyi-muh\u0259ndisliyi.-Mu\u0259lliml\u0259r-v\u0259-onlarin-t\u0259dris-etdiyi-f\u0259nl\u0259r.pdf\">H\u0259yat f\u0259aliyy\u0259tinin t\u0259hl\u00fck\u0259sizliyi m\u00fch\u0259ndisliyi. M\u00fc\u0259lliml\u0259r v\u0259 onlar\u0131n t\u0259dris etdiyi f\u0259nl\u0259r<\/a><\/li><li><a href=\"https:\/\/mdu.edu.az\/wp-content\/uploads\/2025\/04\/Ibtidai-sinif-mu\u0259llimliyi.-Mu\u0259lliml\u0259r-v\u0259-onlarin-t\u0259dris-etdiyi-f\u0259nl\u0259r.pdf\">\u0130btidai sinif m\u00fc\u0259llimliyi. M\u00fc\u0259lliml\u0259r v\u0259 onlar\u0131n t\u0259dris etdiyi f\u0259nl\u0259r<\/a><\/li><li><a href=\"https:\/\/mdu.edu.az\/wp-content\/uploads\/2025\/04\/Informasiya-t\u0259hluk\u0259sizliyi.-Mu\u0259lliml\u0259r-v\u0259-onlarin-t\u0259dris-etdiyi-f\u0259nl\u0259r.pdf\">\u0130nformasiya t\u0259hl\u00fck\u0259sizliyi. M\u00fc\u0259lliml\u0259r v\u0259 onlar\u0131n t\u0259dris etdiyi f\u0259nl\u0259r<\/a><\/li><li><a href=\"https:\/\/mdu.edu.az\/wp-content\/uploads\/2025\/04\/Informasiya-texnologiyalari.-Mu\u0259lliml\u0259r-v\u0259-onlarin-t\u0259dris-etdiyi-f\u0259nl\u0259r.pdf\">\u0130nformasiya texnologiyalar\u0131. M\u00fc\u0259lliml\u0259r v\u0259 onlar\u0131n t\u0259dris etdiyi f\u0259nl\u0259r<\/a><\/li><li><a href=\"https:\/\/mdu.edu.az\/wp-content\/uploads\/2025\/04\/Informatika-mu\u0259llimliyi.-Mu\u0259lliml\u0259r-v\u0259-onlarin-t\u0259dris-etdiyi-f\u0259nl\u0259r.pdf\">\u0130nformatika m\u00fc\u0259llimliyi. M\u00fc\u0259lliml\u0259r v\u0259 onlar\u0131n t\u0259dris etdiyi f\u0259nl\u0259r<\/a><\/li><li><a href=\"https:\/\/mdu.edu.az\/wp-content\/uploads\/2025\/04\/Iqtisadiyyat.-Mu\u0259lliml\u0259r-v\u0259-onlarin-t\u0259dris-etdiyi-f\u0259nl\u0259r.pdf\">Iqtisadiyyat. M\u00fc\u0259lliml\u0259r v\u0259 onlar\u0131n t\u0259dris etdiyi f\u0259nl\u0259r<\/a><\/li><li><a href=\"https:\/\/mdu.edu.az\/wp-content\/uploads\/2025\/04\/Kimya-mu\u0259llimliyi.-Mu\u0259lliml\u0259r-v\u0259-onlarin-t\u0259dris-etdiyi-f\u0259nl\u0259r.pdf\">Kimya m\u00fc\u0259llimliyi. M\u00fc\u0259lliml\u0259r v\u0259 onlar\u0131n t\u0259dris etdiyi f\u0259nl\u0259r<\/a><\/li><li><a href=\"https:\/\/mdu.edu.az\/wp-content\/uploads\/2025\/04\/Kimya-v\u0259-biologiya-mu\u0259llimliyi.-Mu\u0259lliml\u0259r-v\u0259-onlarin-t\u0259dris-etdiyi-f\u0259nl\u0259r.pdf\">Kimya v\u0259 biologiya m\u00fc\u0259llimliyi. M\u00fc\u0259lliml\u0259r v\u0259 onlar\u0131n t\u0259dris etdiyi f\u0259nl\u0259r<\/a><\/li><li><a href=\"https:\/\/mdu.edu.az\/wp-content\/uploads\/2025\/04\/Komputer-elml\u0259ri.-Mu\u0259lliml\u0259r-v\u0259-onlarin-t\u0259dris-etdiyi-f\u0259nl\u0259r.pdf\">Komp\u00fcter elml\u0259ri. M\u00fc\u0259lliml\u0259r v\u0259 onlar\u0131n t\u0259dris etdiyi f\u0259nl\u0259r<\/a><\/li><li><a href=\"https:\/\/mdu.edu.az\/wp-content\/uploads\/2025\/04\/Komputer-muh\u0259ndisliyi.-Mu\u0259lliml\u0259r-v\u0259-onlarin-t\u0259dris-etdiyi-f\u0259nl\u0259r.pdf\">Komp\u00fcter m\u00fch\u0259ndisliyi. M\u00fc\u0259lliml\u0259r v\u0259 onlar\u0131n t\u0259dris etdiyi f\u0259nl\u0259r<\/a><\/li><li><a href=\"https:\/\/mdu.edu.az\/wp-content\/uploads\/2025\/04\/Maliyy\u0259.-Mu\u0259lliml\u0259r-v\u0259-onlarin-t\u0259dris-etdiyi-f\u0259nl\u0259r.pdf\">Maliyy\u0259. M\u00fc\u0259lliml\u0259r v\u0259 onlar\u0131n t\u0259dris etdiyi f\u0259nl\u0259r<\/a><\/li><li><a href=\"https:\/\/mdu.edu.az\/wp-content\/uploads\/2025\/04\/Marketinq.-Mu\u0259lliml\u0259r-v\u0259-onlarin-t\u0259dris-etdiyi-f\u0259nl\u0259r.pdf\">Marketinq. M\u00fc\u0259lliml\u0259r v\u0259 onlar\u0131n t\u0259dris etdiyi f\u0259nl\u0259r<\/a><\/li><li><a href=\"https:\/\/mdu.edu.az\/wp-content\/uploads\/2025\/04\/M\u0259kt\u0259b\u0259q\u0259d\u0259r-t\u0259hsil.-Mu\u0259lliml\u0259r-v\u0259-onlarin-t\u0259dris-etdiyi-f\u0259nl\u0259r.pdf\">M\u0259kt\u0259b\u0259q\u0259d\u0259r t\u0259hsil. M\u00fc\u0259lliml\u0259r v\u0259 onlar\u0131n t\u0259dris etdiyi f\u0259nl\u0259r<\/a><\/li><li><a href=\"https:\/\/mdu.edu.az\/wp-content\/uploads\/2025\/04\/Menecment.-Mu\u0259lliml\u0259r-v\u0259-onlarin-t\u0259dris-etdiyi-f\u0259nl\u0259r.pdf\">Menecment. M\u00fc\u0259lliml\u0259r v\u0259 onlar\u0131n t\u0259dris etdiyi f\u0259nl\u0259r<\/a><\/li><li><a href=\"https:\/\/mdu.edu.az\/wp-content\/uploads\/2025\/04\/Muhasibat.-Mu\u0259lliml\u0259r-v\u0259-onlarin-t\u0259dris-etdiyi-f\u0259nl\u0259r.pdf\">M\u00fchasibat. M\u00fc\u0259lliml\u0259r v\u0259 onlar\u0131n t\u0259dris etdiyi f\u0259nl\u0259r<\/a><\/li><li><a href=\"https:\/\/mdu.edu.az\/wp-content\/uploads\/2025\/04\/N\u0259qliyyat-muh\u0259ndisliyi.-Mu\u0259lliml\u0259r-v\u0259-onlarin-t\u0259dris-etdiyi-f\u0259nl\u0259r.pdf\">N\u0259qliyyat m\u00fch\u0259ndisliyi. M\u00fc\u0259lliml\u0259r v\u0259 onlar\u0131n t\u0259dris etdiyi f\u0259nl\u0259r<\/a><\/li><li><a href=\"https:\/\/mdu.edu.az\/wp-content\/uploads\/2025\/04\/Riyaziyyat-mu\u0259llimliyi.-Mu\u0259lliml\u0259r-v\u0259-onlarin-t\u0259dris-etdiyi-f\u0259nl\u0259r.pdf\">Riyaziyyat m\u00fc\u0259llimliyi. M\u00fc\u0259lliml\u0259r v\u0259 onlar\u0131n t\u0259dris etdiyi f\u0259nl\u0259r<\/a><\/li><li><a href=\"https:\/\/mdu.edu.az\/wp-content\/uploads\/2025\/04\/Riyaziyyat-v\u0259-informatika-mu\u0259llimliyi.-Mu\u0259lliml\u0259r-v\u0259-onlarin-t\u0259dris-etdiyi-f\u0259nl\u0259r.pdf\">Riyaziyyat v\u0259 informatika m\u00fc\u0259llimliyi. M\u00fc\u0259lliml\u0259r v\u0259 onlar\u0131n t\u0259dris etdiyi f\u0259nl\u0259r<\/a><\/li><li><a href=\"https:\/\/mdu.edu.az\/wp-content\/uploads\/2025\/04\/S\u0259naye-muh\u0259ndisliyi.-Mu\u0259lliml\u0259r-v\u0259-onlarin-t\u0259dris-etdiyi-f\u0259nl\u0259r.pdf\">S\u0259naye m\u00fch\u0259ndisliyi. M\u00fc\u0259lliml\u0259r v\u0259 onlar\u0131n t\u0259dris etdiyi f\u0259nl\u0259r<\/a><\/li><li><a href=\"https:\/\/mdu.edu.az\/wp-content\/uploads\/2025\/04\/Sosial-is.-Mu\u0259lliml\u0259r-v\u0259-onlarin-t\u0259dris-etdiyi-f\u0259nl\u0259r.pdf\">Sosial i\u015f. M\u00fc\u0259lliml\u0259r v\u0259 onlar\u0131n t\u0259dris etdiyi f\u0259nl\u0259r<\/a><\/li><li><a href=\"https:\/\/mdu.edu.az\/wp-content\/uploads\/2025\/04\/Tarix-mu\u0259llimliyi.-Mu\u0259lliml\u0259r-v\u0259-onlarin-t\u0259dris-etdiyi-f\u0259nl\u0259r.pdf\">Tarix m\u00fc\u0259llimliyi. M\u00fc\u0259lliml\u0259r v\u0259 onlar\u0131n t\u0259dris etdiyi f\u0259nl\u0259r<\/a><\/li><li>\u00a0<a href=\"https:\/\/mdu.edu.az\/wp-content\/uploads\/2025\/04\/Tarix.-Mu\u0259lliml\u0259r-v\u0259-onlarin-t\u0259dris-etdiyi-f\u0259nl\u0259r.pdf\">Tarix. M\u00fc\u0259lliml\u0259r v\u0259 onlar\u0131n t\u0259dris etdiyi f\u0259nl\u0259r<\/a><\/li><li><a href=\"https:\/\/mdu.edu.az\/wp-content\/uploads\/2025\/04\/T\u0259hsild\u0259-sosial-psixoloji-xidm\u0259t.-Mu\u0259lliml\u0259r-v\u0259-onlarin-t\u0259dris-etdiyi-f\u0259nl\u0259r.pdf\">T\u0259hsild\u0259 sosial-psixoloji xidm\u0259t. M\u00fc\u0259lliml\u0259r v\u0259 onlar\u0131n t\u0259dris etdiyi f\u0259nl\u0259r<\/a><\/li><li><a href=\"https:\/\/mdu.edu.az\/wp-content\/uploads\/2025\/04\/Texnologiya-mu\u0259llimliyi.-Mu\u0259lliml\u0259r-v\u0259-onlarin-t\u0259dris-etdiyi-f\u0259nl\u0259r.pdf\">Texnologiya m\u00fc\u0259llimliyi. M\u00fc\u0259lliml\u0259r v\u0259 onlar\u0131n t\u0259dris etdiyi f\u0259nl\u0259r<\/a><\/li><li><a href=\"https:\/\/mdu.edu.az\/wp-content\/uploads\/2025\/04\/Turizm-b\u0259l\u0259dciliyi.-Mu\u0259lliml\u0259r-v\u0259-onlarin-t\u0259dris-etdiyi-f\u0259nl\u0259r.pdf\">Turizm b\u0259l\u0259d\u00e7iliyi. M\u00fc\u0259lliml\u0259r v\u0259 onlar\u0131n t\u0259dris etdiyi f\u0259nl\u0259r<\/a><\/li><li><a href=\"https:\/\/mdu.edu.az\/wp-content\/uploads\/2025\/04\/Turizm-isinin-t\u0259skili.-Mu\u0259lliml\u0259r-v\u0259-onlarin-t\u0259dris-etdiyi-f\u0259nl\u0259r.pdf\">Turizm i\u015finin t\u0259\u015fkili. M\u00fc\u0259lliml\u0259r v\u0259 onlar\u0131n t\u0259dris etdiyi f\u0259nl\u0259r<\/a><\/li><li><a href=\"https:\/\/mdu.edu.az\/wp-content\/uploads\/2025\/04\/Xarici-dil-mu\u0259llimliyi-ingilis-dili-uzr\u0259.-Mu\u0259lliml\u0259r-v\u0259-onlarin-t\u0259dris-etdiyi-f\u0259nl\u0259r.pdf\">Xarici dil m\u00fc\u0259llimliyi (ingilis dili \u00fczr\u0259). M\u00fc\u0259lliml\u0259r v\u0259 onlar\u0131n t\u0259dris etdiyi f\u0259nl\u0259r<\/a><\/li><\/ol>\t\t\t\t\t\t\t\t<\/div>\n\t\t\t\t<\/div>\n\t\t\t\t\t<\/div>\n\t\t<\/div>\n\t\t\t\t\t<\/div>\n\t\t<\/section>\n\t\t\t\t<\/div>","protected":false},"excerpt":{"rendered":"<p>T\u0259dris olunan f\u0259nl\u0259r Az\u0259rbaycan dili v\u0259 \u0259d\u0259biyyat\u0131 m\u00fc\u0259llimliyi. M\u00fc\u0259lliml\u0259r v\u0259 onlar\u0131n t\u0259dris etdiyi f\u0259nl\u0259r Biznesin idar\u0259edilm\u0259si. M\u00fc\u0259lliml\u0259r v\u0259 onlar\u0131n t\u0259dris etdiyi f\u0259nl\u0259r Dil v\u0259 \u018fd\u0259biyyat m\u00fc\u0259llimliyi (ingilis dili \u00fczr\u0259). M\u00fc\u0259lliml\u0259r v\u0259 onlar\u0131n t\u0259dris etdiyi f\u0259nl\u0259r D\u00f6vl\u0259t v\u0259 b\u0259l\u0259diyy\u0259 idar\u0259etm\u0259si. M\u00fc\u0259lliml\u0259r v\u0259 onlar\u0131n t\u0259dris etdiyi f\u0259nl\u0259r Ekologiya . M\u00fc\u0259lliml\u0259r v\u0259 onlar\u0131n t\u0259dris etdiyi f\u0259nl\u0259r Ekologiya m\u00fch\u0259ndisliyi. [&hellip;]<\/p>\n","protected":false},"author":1,"featured_media":0,"parent":0,"menu_order":0,"comment_status":"closed","ping_status":"closed","template":"","meta":{"_eb_attr":"","ocean_post_layout":"full-screen","ocean_both_sidebars_style":"","ocean_both_sidebars_content_width":0,"ocean_both_sidebars_sidebars_width":0,"ocean_sidebar":"","ocean_second_sidebar":"","ocean_disable_margins":"enable","ocean_add_body_class":"","ocean_shortcode_before_top_bar":"","ocean_shortcode_after_top_bar":"","ocean_shortcode_before_header":"","ocean_shortcode_after_header":"","ocean_has_shortcode":"","ocean_shortcode_after_title":"","ocean_shortcode_before_footer_widgets":"","ocean_shortcode_after_footer_widgets":"","ocean_shortcode_before_footer_bottom":"","ocean_shortcode_after_footer_bottom":"","ocean_display_top_bar":"off","ocean_display_header":"off","ocean_header_style":"","ocean_center_header_left_menu":"","ocean_custom_header_template":"","ocean_custom_logo":0,"ocean_custom_retina_logo":0,"ocean_custom_logo_max_width":0,"ocean_custom_logo_tablet_max_width":0,"ocean_custom_logo_mobile_max_width":0,"ocean_custom_logo_max_height":0,"ocean_custom_logo_tablet_max_height":0,"ocean_custom_logo_mobile_max_height":0,"ocean_header_custom_menu":"","ocean_menu_typo_font_family":"","ocean_menu_typo_font_subset":"","ocean_menu_typo_font_size":0,"ocean_menu_typo_font_size_tablet":0,"ocean_menu_typo_font_size_mobile":0,"ocean_menu_typo_font_size_unit":"px","ocean_menu_typo_font_weight":"","ocean_menu_typo_font_weight_tablet":"","ocean_menu_typo_font_weight_mobile":"","ocean_menu_typo_transform":"","ocean_menu_typo_transform_tablet":"","ocean_menu_typo_transform_mobile":"","ocean_menu_typo_line_height":0,"ocean_menu_typo_line_height_tablet":0,"ocean_menu_typo_line_height_mobile":0,"ocean_menu_typo_line_height_unit":"","ocean_menu_typo_spacing":0,"ocean_menu_typo_spacing_tablet":0,"ocean_menu_typo_spacing_mobile":0,"ocean_menu_typo_spacing_unit":"","ocean_menu_link_color":"","ocean_menu_link_color_hover":"","ocean_menu_link_color_active":"","ocean_menu_link_background":"","ocean_menu_link_hover_background":"","ocean_menu_link_active_background":"","ocean_menu_social_links_bg":"","ocean_menu_social_hover_links_bg":"","ocean_menu_social_links_color":"","ocean_menu_social_hover_links_color":"","ocean_disable_title":"on","ocean_disable_heading":"default","ocean_post_title":"","ocean_post_subheading":"","ocean_post_title_style":"","ocean_post_title_background_color":"","ocean_post_title_background":0,"ocean_post_title_bg_image_position":"","ocean_post_title_bg_image_attachment":"","ocean_post_title_bg_image_repeat":"","ocean_post_title_bg_image_size":"","ocean_post_title_height":0,"ocean_post_title_bg_overlay":0.5,"ocean_post_title_bg_overlay_color":"","ocean_disable_breadcrumbs":"default","ocean_breadcrumbs_color":"","ocean_breadcrumbs_separator_color":"","ocean_breadcrumbs_links_color":"","ocean_breadcrumbs_links_hover_color":"","ocean_display_footer_widgets":"off","ocean_display_footer_bottom":"off","ocean_custom_footer_template":"","footnotes":""},"class_list":["post-67753","page","type-page","status-publish","hentry","entry"],"_links":{"self":[{"href":"https:\/\/mdu.edu.az\/ru\/wp-json\/wp\/v2\/pages\/67753","targetHints":{"allow":["GET"]}}],"collection":[{"href":"https:\/\/mdu.edu.az\/ru\/wp-json\/wp\/v2\/pages"}],"about":[{"href":"https:\/\/mdu.edu.az\/ru\/wp-json\/wp\/v2\/types\/page"}],"author":[{"embeddable":true,"href":"https:\/\/mdu.edu.az\/ru\/wp-json\/wp\/v2\/users\/1"}],"replies":[{"embeddable":true,"href":"https:\/\/mdu.edu.az\/ru\/wp-json\/wp\/v2\/comments?post=67753"}],"version-history":[{"count":46,"href":"https:\/\/mdu.edu.az\/ru\/wp-json\/wp\/v2\/pages\/67753\/revisions"}],"predecessor-version":[{"id":76929,"href":"https:\/\/mdu.edu.az\/ru\/wp-json\/wp\/v2\/pages\/67753\/revisions\/76929"}],"wp:attachment":[{"href":"https:\/\/mdu.edu.az\/ru\/wp-json\/wp\/v2\/media?parent=67753"}],"curies":[{"name":"wp","href":"https:\/\/api.w.org\/{rel}","templated":true}]}}