{"id":73768,"date":"2025-06-12T10:52:57","date_gmt":"2025-06-12T07:52:57","guid":{"rendered":"https:\/\/mdu.edu.az\/?page_id=73768"},"modified":"2026-02-25T00:30:39","modified_gmt":"2026-02-24T21:30:39","slug":"sabiq-rektorlarimiz","status":"publish","type":"page","link":"https:\/\/mdu.edu.az\/ru\/sabiq-rektorlarimiz\/","title":{"rendered":"\u041d\u0430\u0448\u0438 \u0440\u0435\u043a\u0442\u043e\u0440\u044b"},"content":{"rendered":"<div data-elementor-type=\"wp-page\" data-elementor-id=\"73768\" class=\"elementor elementor-73768\" data-elementor-settings=\"{&quot;element_pack_global_tooltip_width&quot;:{&quot;unit&quot;:&quot;px&quot;,&quot;size&quot;:&quot;&quot;,&quot;sizes&quot;:[]},&quot;element_pack_global_tooltip_width_tablet&quot;:{&quot;unit&quot;:&quot;px&quot;,&quot;size&quot;:&quot;&quot;,&quot;sizes&quot;:[]},&quot;element_pack_global_tooltip_width_mobile&quot;:{&quot;unit&quot;:&quot;px&quot;,&quot;size&quot;:&quot;&quot;,&quot;sizes&quot;:[]},&quot;element_pack_global_tooltip_padding&quot;:{&quot;unit&quot;:&quot;px&quot;,&quot;top&quot;:&quot;&quot;,&quot;right&quot;:&quot;&quot;,&quot;bottom&quot;:&quot;&quot;,&quot;left&quot;:&quot;&quot;,&quot;isLinked&quot;:true},&quot;element_pack_global_tooltip_padding_tablet&quot;:{&quot;unit&quot;:&quot;px&quot;,&quot;top&quot;:&quot;&quot;,&quot;right&quot;:&quot;&quot;,&quot;bottom&quot;:&quot;&quot;,&quot;left&quot;:&quot;&quot;,&quot;isLinked&quot;:true},&quot;element_pack_global_tooltip_padding_mobile&quot;:{&quot;unit&quot;:&quot;px&quot;,&quot;top&quot;:&quot;&quot;,&quot;right&quot;:&quot;&quot;,&quot;bottom&quot;:&quot;&quot;,&quot;left&quot;:&quot;&quot;,&quot;isLinked&quot;:true},&quot;element_pack_global_tooltip_border_radius&quot;:{&quot;unit&quot;:&quot;px&quot;,&quot;top&quot;:&quot;&quot;,&quot;right&quot;:&quot;&quot;,&quot;bottom&quot;:&quot;&quot;,&quot;left&quot;:&quot;&quot;,&quot;isLinked&quot;:true},&quot;element_pack_global_tooltip_border_radius_tablet&quot;:{&quot;unit&quot;:&quot;px&quot;,&quot;top&quot;:&quot;&quot;,&quot;right&quot;:&quot;&quot;,&quot;bottom&quot;:&quot;&quot;,&quot;left&quot;:&quot;&quot;,&quot;isLinked&quot;:true},&quot;element_pack_global_tooltip_border_radius_mobile&quot;:{&quot;unit&quot;:&quot;px&quot;,&quot;top&quot;:&quot;&quot;,&quot;right&quot;:&quot;&quot;,&quot;bottom&quot;:&quot;&quot;,&quot;left&quot;:&quot;&quot;,&quot;isLinked&quot;:true}}\" data-elementor-post-type=\"page\">\n\t\t\t\t\t\t<section data-particle_enable=\"false\" data-particle-mobile-disabled=\"false\" class=\"elementor-section elementor-top-section elementor-element elementor-element-0a3beb3 elementor-hidden-tablet elementor-section-boxed elementor-section-height-default elementor-section-height-default\" data-id=\"0a3beb3\" data-element_type=\"section\" data-e-type=\"section\" data-no-translation=\"\">\n\t\t\t\t\t\t<div class=\"elementor-container elementor-column-gap-default\">\n\t\t\t\t\t<div class=\"elementor-column elementor-col-100 elementor-top-column elementor-element elementor-element-c0571a1\" data-id=\"c0571a1\" data-element_type=\"column\" data-e-type=\"column\">\n\t\t\t<div class=\"elementor-widget-wrap elementor-element-populated\">\n\t\t\t\t\t\t<section data-particle_enable=\"false\" data-particle-mobile-disabled=\"false\" class=\"elementor-section elementor-inner-section elementor-element elementor-element-82884d6 elementor-section-boxed elementor-section-height-default elementor-section-height-default\" data-id=\"82884d6\" data-element_type=\"section\" data-e-type=\"section\">\n\t\t\t\t\t\t<div class=\"elementor-container elementor-column-gap-no\">\n\t\t\t\t\t<div class=\"elementor-column elementor-col-100 elementor-inner-column elementor-element elementor-element-df93cdb\" data-id=\"df93cdb\" data-element_type=\"column\" data-e-type=\"column\">\n\t\t\t<div class=\"elementor-widget-wrap elementor-element-populated\">\n\t\t\t\t\t\t<div class=\"elementor-element elementor-element-65d0447 elementor-widget elementor-widget-heading\" data-id=\"65d0447\" data-element_type=\"widget\" data-e-type=\"widget\" data-widget_type=\"heading.default\">\n\t\t\t\t<div class=\"elementor-widget-container\">\n\t\t\t\t\t<h1 class=\"elementor-heading-title elementor-size-default\">\u0411\u044b\u0432\u0448\u0438\u0435 \u0440\u0435\u043a\u0442\u043e\u0440\u044b<\/h1>\t\t\t\t<\/div>\n\t\t\t\t<\/div>\n\t\t\t\t\t<\/div>\n\t\t<\/div>\n\t\t\t\t\t<\/div>\n\t\t<\/section>\n\t\t\t\t<div class=\"elementor-element elementor-element-a03cf83 elementor-widget-divider--view-line elementor-widget elementor-widget-divider\" data-id=\"a03cf83\" data-element_type=\"widget\" data-e-type=\"widget\" data-widget_type=\"divider.default\">\n\t\t\t\t<div class=\"elementor-widget-container\">\n\t\t\t\t\t\t\t<div class=\"elementor-divider\">\n\t\t\t<span class=\"elementor-divider-separator\">\n\t\t\t\t\t\t<\/span>\n\t\t<\/div>\n\t\t\t\t\t\t<\/div>\n\t\t\t\t<\/div>\n\t\t\t\t\t<\/div>\n\t\t<\/div>\n\t\t\t\t\t<\/div>\n\t\t<\/section>\n\t\t\t\t<section data-particle_enable=\"false\" data-particle-mobile-disabled=\"false\" class=\"elementor-section elementor-top-section elementor-element elementor-element-d7db4b4 elementor-section-boxed elementor-section-height-default elementor-section-height-default\" data-id=\"d7db4b4\" data-element_type=\"section\" data-e-type=\"section\" data-no-translation=\"\">\n\t\t\t\t\t\t<div class=\"elementor-container elementor-column-gap-default\">\n\t\t\t\t\t<div class=\"elementor-column elementor-col-100 elementor-top-column elementor-element elementor-element-b92d4ae\" data-id=\"b92d4ae\" data-element_type=\"column\" data-e-type=\"column\">\n\t\t\t<div class=\"elementor-widget-wrap elementor-element-populated\">\n\t\t\t\t\t\t<div class=\"elementor-element elementor-element-e51873f elementor-widget elementor-widget-text-editor\" data-id=\"e51873f\" data-element_type=\"widget\" data-e-type=\"widget\" data-widget_type=\"text-editor.default\">\n\t\t\t\t<div class=\"elementor-widget-container\">\n\t\t\t\t\t\t\t\t\t<h1><img fetchpriority=\"high\" decoding=\"async\" class=\"wp-image-73766 alignleft\" src=\"https:\/\/mdu.edu.az\/wp-content\/uploads\/2025\/06\/Haciyev_Akif-212x300.jpg\" alt=\"\" width=\"250\" height=\"354\" srcset=\"https:\/\/mdu.edu.az\/wp-content\/uploads\/2025\/06\/Haciyev_Akif-212x300.jpg 212w, https:\/\/mdu.edu.az\/wp-content\/uploads\/2025\/06\/Haciyev_Akif-8x12.jpg 8w, https:\/\/mdu.edu.az\/wp-content\/uploads\/2025\/06\/Haciyev_Akif-17x24.jpg 17w, https:\/\/mdu.edu.az\/wp-content\/uploads\/2025\/06\/Haciyev_Akif-25x36.jpg 25w, https:\/\/mdu.edu.az\/wp-content\/uploads\/2025\/06\/Haciyev_Akif-34x48.jpg 34w, https:\/\/mdu.edu.az\/wp-content\/uploads\/2025\/06\/Haciyev_Akif.jpg 550w\" sizes=\"(max-width: 250px) 100vw, 250px\" \/><\/h1><p><strong>\u0410\u043a\u0438\u0444 \u041d\u043e\u0432\u0440\u0443\u0437 \u043e\u0433\u043b\u0443 \u0413\u0430\u0434\u0436\u0438\u0435\u0432<\/strong><\/p><p>\u0420\u043e\u0434\u0438\u043b\u0441\u044f 14 \u044f\u043d\u0432\u0430\u0440\u044f 1938 \u0433\u043e\u0434\u0430. \u0412 1960 \u0433\u043e\u0434\u0443 \u043e\u043a\u043e\u043d\u0447\u0438\u043b \u0444\u0430\u043a\u0443\u043b\u044c\u0442\u0435\u0442 \u0444\u0438\u0437\u0438\u043a\u0438 \u0438 \u043c\u0430\u0442\u0435\u043c\u0430\u0442\u0438\u043a\u0438 \u041a\u0438\u0440\u043e\u0432\u0430\u0431\u0430\u0434\u0441\u043a\u043e\u0433\u043e \u0433\u043e\u0441\u0443\u0434\u0430\u0440\u0441\u0442\u0432\u0435\u043d\u043d\u043e\u0433\u043e \u043f\u0435\u0434\u0430\u0433\u043e\u0433\u0438\u0447\u0435\u0441\u043a\u043e\u0433\u043e \u0438\u043d\u0441\u0442\u0438\u0442\u0443\u0442\u0430 \u0438\u043c\u0435\u043d\u0438 \u0413. \u0417\u0435\u0440\u0434\u0430\u0431\u0438. \u0421\u0432\u043e\u044e \u0442\u0440\u0443\u0434\u043e\u0432\u0443\u044e \u0434\u0435\u044f\u0442\u0435\u043b\u044c\u043d\u043e\u0441\u0442\u044c \u043d\u0430\u0447\u0430\u043b \u0432 \u0433\u043e\u0440\u043e\u0434\u0435 \u041c\u0438\u043d\u0433\u0435\u0447\u0435\u0432\u0438\u0440 \u043a\u0430\u043a \u043f\u0440\u0435\u043f\u043e\u0434\u0430\u0432\u0430\u0442\u0435\u043b\u044c \u043c\u0430\u0442\u0435\u043c\u0430\u0442\u0438\u043a\u0438, \u0437\u0430\u0442\u0435\u043c \u043f\u043e\u0434\u043d\u044f\u043b\u0441\u044f \u0434\u043e \u0434\u043e\u043b\u0436\u043d\u043e\u0441\u0442\u0438 \u0434\u0438\u0440\u0435\u043a\u0442\u043e\u0440\u0430 \u0441\u0440\u0435\u0434\u043d\u0435\u0439 \u0448\u043a\u043e\u043b\u044b \u2116 3. \u0421 1966 \u043f\u043e 1982 \u0433\u043e\u0434 \u0431\u044b\u043b \u0434\u0438\u0440\u0435\u043a\u0442\u043e\u0440\u043e\u043c \u041c\u0438\u043d\u0433\u0435\u0447\u0435\u0432\u0438\u0440\u0441\u043a\u043e\u0433\u043e \u0431\u0430\u0437\u043e\u0432\u043e\u0433\u043e \u043f\u043e\u043b\u0438\u0442\u0435\u0445\u043d\u0438\u0447\u0435\u0441\u043a\u043e\u0433\u043e \u0442\u0435\u0445\u043d\u0438\u043a\u0443\u043c\u0430. \u0421 1991 \u0433\u043e\u0434\u0430 \u0440\u0430\u0431\u043e\u0442\u0430\u043b \u0434\u0438\u0440\u0435\u043a\u0442\u043e\u0440\u043e\u043c \u041c\u0438\u043d\u0433\u0435\u0447\u0435\u0432\u0438\u0440\u0441\u043a\u043e\u0433\u043e \u0444\u0438\u043b\u0438\u0430\u043b\u0430 \u0410\u0437\u0435\u0440\u0431\u0430\u0439\u0434\u0436\u0430\u043d\u0441\u043a\u043e\u0433\u043e \u043f\u0440\u043e\u043c\u044b\u0448\u043b\u0435\u043d\u043d\u043e\u0433\u043e \u0443\u043d\u0438\u0432\u0435\u0440\u0441\u0438\u0442\u0435\u0442\u0430 \u0438\u043c\u0435\u043d\u0438 \u041c. \u0410\u0437\u0438\u0437\u0431\u0435\u043a\u043e\u0432\u0430, \u0430 \u0441 1993 \u0433\u043e\u0434\u0430 \u2013 \u0437\u0430\u043c\u0435\u0441\u0442\u0438\u0442\u0435\u043b\u0435\u043c \u0440\u0435\u043a\u0442\u043e\u0440\u0430 \u041c\u0438\u043d\u0433\u0435\u0447\u0435\u0432\u0438\u0440\u0441\u043a\u043e\u0433\u043e \u043f\u043e\u043b\u0438\u0442\u0435\u0445\u043d\u0438\u0447\u0435\u0441\u043a\u043e\u0433\u043e \u0438\u043d\u0441\u0442\u0438\u0442\u0443\u0442\u0430. \u0412 2015 \u0433\u043e\u0434\u0443 \u0431\u044b\u043b \u043d\u0430\u0437\u043d\u0430\u0447\u0435\u043d \u043f\u0435\u0440\u0432\u044b\u043c \u043f\u0440\u043e\u0440\u0435\u043a\u0442\u043e\u0440\u043e\u043c \u041c\u0438\u043d\u0433\u0435\u0447\u0435\u0432\u0438\u0440\u0441\u043a\u043e\u0433\u043e \u0433\u043e\u0441\u0443\u0434\u0430\u0440\u0441\u0442\u0432\u0435\u043d\u043d\u043e\u0433\u043e \u0443\u043d\u0438\u0432\u0435\u0440\u0441\u0438\u0442\u0435\u0442\u0430 (\u041c\u0413\u0423). \u0418\u043c\u0435\u0435\u0442 \u0441\u0442\u0435\u043f\u0435\u043d\u044c \u043a\u0430\u043d\u0434\u0438\u0434\u0430\u0442\u0430 \u043f\u0435\u0434\u0430\u0433\u043e\u0433\u0438\u0447\u0435\u0441\u043a\u0438\u0445 \u043d\u0430\u0443\u043a, \u044f\u0432\u043b\u044f\u0435\u0442\u0441\u044f \u0434\u043e\u0446\u0435\u043d\u0442\u043e\u043c. \u041f\u043e\u0441\u043b\u0435 2019 \u0433\u043e\u0434\u0430 \u0437\u0430\u043d\u0438\u043c\u0430\u043b \u0440\u0430\u0437\u043b\u0438\u0447\u043d\u044b\u0435 \u0434\u043e\u043b\u0436\u043d\u043e\u0441\u0442\u0438 \u0432 \u041c\u0413\u0423, \u0432\u043a\u043b\u044e\u0447\u0430\u044f \u043f\u0440\u043e\u0440\u0435\u043a\u0442\u043e\u0440\u0430 \u043f\u043e \u0443\u0447\u0435\u0431\u043d\u043e\u0439 \u0440\u0430\u0431\u043e\u0442\u0435 \u0438 \u043a\u043e\u043d\u0441\u0443\u043b\u044c\u0442\u0430\u043d\u0442\u0430. \u041e\u0431\u043b\u0430\u0434\u0430\u0435\u0442 \u0431\u043e\u0433\u0430\u0442\u044b\u043c \u043e\u043f\u044b\u0442\u043e\u043c \u0432 \u043f\u0435\u0434\u0430\u0433\u043e\u0433\u0438\u0447\u0435\u0441\u043a\u043e\u0439 \u0438 \u0430\u0434\u043c\u0438\u043d\u0438\u0441\u0442\u0440\u0430\u0442\u0438\u0432\u043d\u043e\u0439 \u0434\u0435\u044f\u0442\u0435\u043b\u044c\u043d\u043e\u0441\u0442\u0438. \u0423\u043c\u0435\u0440 16 \u0430\u0432\u0433\u0443\u0441\u0442\u0430 2024 \u0433\u043e\u0434\u0430.<\/p><p>\u00a0<\/p>\t\t\t\t\t\t\t\t<\/div>\n\t\t\t\t<\/div>\n\t\t\t\t<div class=\"elementor-element elementor-element-0686d9c elementor-widget-divider--view-line elementor-widget elementor-widget-divider\" data-id=\"0686d9c\" data-element_type=\"widget\" data-e-type=\"widget\" data-widget_type=\"divider.default\">\n\t\t\t\t<div class=\"elementor-widget-container\">\n\t\t\t\t\t\t\t<div class=\"elementor-divider\">\n\t\t\t<span class=\"elementor-divider-separator\">\n\t\t\t\t\t\t<\/span>\n\t\t<\/div>\n\t\t\t\t\t\t<\/div>\n\t\t\t\t<\/div>\n\t\t\t\t<div class=\"elementor-element elementor-element-38ff93c elementor-widget elementor-widget-text-editor\" data-id=\"38ff93c\" data-element_type=\"widget\" data-e-type=\"widget\" data-widget_type=\"text-editor.default\">\n\t\t\t\t<div class=\"elementor-widget-container\">\n\t\t\t\t\t\t\t\t\t<h1><img decoding=\"async\" class=\"alignleft wp-image-73767\" src=\"https:\/\/mdu.edu.az\/wp-content\/uploads\/2025\/06\/Shahin_Bayramov-212x300.jpg\" alt=\"\" width=\"250\" height=\"354\" srcset=\"https:\/\/mdu.edu.az\/wp-content\/uploads\/2025\/06\/Shahin_Bayramov-212x300.jpg 212w, https:\/\/mdu.edu.az\/wp-content\/uploads\/2025\/06\/Shahin_Bayramov-8x12.jpg 8w, https:\/\/mdu.edu.az\/wp-content\/uploads\/2025\/06\/Shahin_Bayramov-17x24.jpg 17w, https:\/\/mdu.edu.az\/wp-content\/uploads\/2025\/06\/Shahin_Bayramov-25x36.jpg 25w, https:\/\/mdu.edu.az\/wp-content\/uploads\/2025\/06\/Shahin_Bayramov-34x48.jpg 34w, https:\/\/mdu.edu.az\/wp-content\/uploads\/2025\/06\/Shahin_Bayramov.jpg 548w\" sizes=\"(max-width: 250px) 100vw, 250px\" \/><\/h1><p><strong>\u0428\u0430\u0445\u0438\u043d \u0412\u0430\u0433\u0438\u0444 \u043e\u0433\u043b\u044b \u0411\u0430\u0439\u0440\u0430\u043c\u043e\u0432<\/strong><\/p><p>\u0420\u043e\u0434\u0438\u043b\u0441\u044f 4 \u0438\u044e\u043b\u044f 1979 \u0433\u043e\u0434\u0430. \u0412 1996 \u0433\u043e\u0434\u0443 \u043e\u043a\u043e\u043d\u0447\u0438\u043b \u041c\u0438\u043d\u0433\u0435\u0447\u0435\u0432\u0438\u0440\u0441\u043a\u0443\u044e \u0441\u043f\u0435\u0446\u0438\u0430\u043b\u0438\u0437\u0438\u0440\u043e\u0432\u0430\u043d\u043d\u0443\u044e \u0448\u043a\u043e\u043b\u0443 \u0441 \u0443\u0433\u043b\u0443\u0431\u043b\u0435\u043d\u043d\u044b\u043c \u0438\u0437\u0443\u0447\u0435\u043d\u0438\u0435\u043c \u0435\u0441\u0442\u0435\u0441\u0442\u0432\u0435\u043d\u043d\u044b\u0445 \u043d\u0430\u0443\u043a, \u043c\u0430\u0442\u0435\u043c\u0430\u0442\u0438\u043a\u0438 \u0438 \u0433\u0443\u043c\u0430\u043d\u0438\u0442\u0430\u0440\u043d\u044b\u0445 \u043d\u0430\u0443\u043a. \u0412 2000 \u0433\u043e\u0434\u0443 \u043f\u043e\u043b\u0443\u0447\u0438\u043b \u0441\u0442\u0435\u043f\u0435\u043d\u044c \u0431\u0430\u043a\u0430\u043b\u0430\u0432\u0440\u0430 \u043f\u043e \u0441\u043f\u0435\u0446\u0438\u0430\u043b\u044c\u043d\u043e\u0441\u0442\u0438 \u00ab\u041c\u0435\u0436\u0434\u0443\u043d\u0430\u0440\u043e\u0434\u043d\u044b\u0435 \u044d\u043a\u043e\u043d\u043e\u043c\u0438\u0447\u0435\u0441\u043a\u0438\u0435 \u043e\u0442\u043d\u043e\u0448\u0435\u043d\u0438\u044f\u00bb \u0432 \u0410\u0437\u0435\u0440\u0431\u0430\u0439\u0434\u0436\u0430\u043d\u0441\u043a\u043e\u043c \u0433\u043e\u0441\u0443\u0434\u0430\u0440\u0441\u0442\u0432\u0435\u043d\u043d\u043e\u043c \u044d\u043a\u043e\u043d\u043e\u043c\u0438\u0447\u0435\u0441\u043a\u043e\u043c \u0443\u043d\u0438\u0432\u0435\u0440\u0441\u0438\u0442\u0435\u0442\u0435, \u0430 \u0432 2003 \u0433\u043e\u0434\u0443 \u2013 \u0441\u0442\u0435\u043f\u0435\u043d\u044c \u043c\u0430\u0433\u0438\u0441\u0442\u0440\u0430. \u0412 2011 \u0433\u043e\u0434\u0443 \u0437\u0430\u0449\u0438\u0442\u0438\u043b \u0434\u0438\u0441\u0441\u0435\u0440\u0442\u0430\u0446\u0438\u044e \u043f\u043e \u043c\u0438\u0440\u043e\u0432\u043e\u0439 \u044d\u043a\u043e\u043d\u043e\u043c\u0438\u043a\u0435, \u043f\u043e\u043b\u0443\u0447\u0438\u0432 \u0441\u0442\u0435\u043f\u0435\u043d\u044c \u0444\u0438\u043b\u043e\u0441\u043e\u0444\u0430 \u0432 \u043e\u0431\u043b\u0430\u0441\u0442\u0438 \u044d\u043a\u043e\u043d\u043e\u043c\u0438\u043a\u0438.<\/p><p>\u0421 2005 \u043f\u043e 2016 \u0433\u043e\u0434 \u0440\u0430\u0431\u043e\u0442\u0430\u043b \u0432 \u0440\u0430\u0437\u043b\u0438\u0447\u043d\u044b\u0445 \u0434\u043e\u043b\u0436\u043d\u043e\u0441\u0442\u044f\u0445 \u0432 \u042d\u043a\u043e\u043d\u043e\u043c\u0438\u0447\u0435\u0441\u043a\u043e\u043c \u0443\u043d\u0438\u0432\u0435\u0440\u0441\u0438\u0442\u0435\u0442\u0435, \u0432\u043a\u043b\u044e\u0447\u0430\u044f \u0441\u0442\u0430\u0440\u0448\u0435\u0433\u043e \u043f\u0440\u0435\u043f\u043e\u0434\u0430\u0432\u0430\u0442\u0435\u043b\u044f, \u0434\u043e\u0446\u0435\u043d\u0442\u0430, \u043c\u0435\u043d\u0435\u0434\u0436\u0435\u0440\u0430 \u043f\u0440\u043e\u0433\u0440\u0430\u043c\u043c\u044b MBA \u0438 \u0437\u0430\u0432\u0435\u0434\u0443\u044e\u0449\u0435\u0433\u043e \u043a\u0430\u0444\u0435\u0434\u0440\u043e\u0439 \u0434\u0438\u0441\u0442\u0430\u043d\u0446\u0438\u043e\u043d\u043d\u043e\u0433\u043e \u0438 \u0434\u043e\u043f\u043e\u043b\u043d\u0438\u0442\u0435\u043b\u044c\u043d\u043e\u0433\u043e \u043e\u0431\u0440\u0430\u0437\u043e\u0432\u0430\u043d\u0438\u044f. \u0412 2012-2017 \u0433\u043e\u0434\u0430\u0445 \u0431\u044b\u043b \u043f\u0440\u043e\u0440\u0435\u043a\u0442\u043e\u0440\u043e\u043c \u043f\u043e \u043c\u0435\u0436\u0434\u0443\u043d\u0430\u0440\u043e\u0434\u043d\u044b\u043c \u0441\u0432\u044f\u0437\u044f\u043c \u0438 \u043f\u0440\u043e\u0433\u0440\u0430\u043c\u043c\u0430\u043c. \u041f\u0440\u043e\u0448\u0435\u043b \u043f\u0440\u043e\u0444\u0435\u0441\u0441\u0438\u043e\u043d\u0430\u043b\u044c\u043d\u0443\u044e \u043f\u043e\u0434\u0433\u043e\u0442\u043e\u0432\u043a\u0443 \u0432 \u041f\u0435\u043d\u0441\u0438\u043b\u044c\u0432\u0430\u043d\u0441\u043a\u043e\u043c \u0433\u043e\u0441\u0443\u0434\u0430\u0440\u0441\u0442\u0432\u0435\u043d\u043d\u043e\u043c \u0443\u043d\u0438\u0432\u0435\u0440\u0441\u0438\u0442\u0435\u0442\u0435 \u0438 \u041a\u043e\u0440\u043d\u0435\u043b\u044c\u0441\u043a\u043e\u043c \u0443\u043d\u0438\u0432\u0435\u0440\u0441\u0438\u0442\u0435\u0442\u0435 \u0432 \u0440\u0430\u043c\u043a\u0430\u0445 \u0441\u0442\u0438\u043f\u0435\u043d\u0434\u0438\u0439 \u00ab\u0424\u0443\u043b\u0431\u0440\u0430\u0439\u0442\u00bb \u0438 \u043f\u0440\u043e\u0433\u0440\u0430\u043c\u043c\u044b \u00ab\u0425\u0443\u0431\u0435\u0440\u0442 \u0425. \u0425\u0430\u043c\u0444\u0440\u0438\u00bb \u043f\u0440\u0438 \u0413\u043e\u0441\u0443\u0434\u0430\u0440\u0441\u0442\u0432\u0435\u043d\u043d\u043e\u043c \u0434\u0435\u043f\u0430\u0440\u0442\u0430\u043c\u0435\u043d\u0442\u0435 \u0421\u0428\u0410. \u0422\u0430\u043a\u0436\u0435 \u0443\u0447\u0430\u0441\u0442\u0432\u043e\u0432\u0430\u043b \u0432 \u043f\u0440\u043e\u0433\u0440\u0430\u043c\u043c\u0435 \u0413\u043e\u0441\u0443\u0434\u0430\u0440\u0441\u0442\u0432\u0435\u043d\u043d\u043e\u0433\u043e \u0434\u0435\u043f\u0430\u0440\u0442\u0430\u043c\u0435\u043d\u0442\u0430 \u0421\u0428\u0410 \u00ab\u0420\u0430\u0437\u0432\u0438\u0442\u0438\u0435 \u043c\u043e\u043b\u043e\u0434\u044b\u0445 \u0443\u0447\u0438\u0442\u0435\u043b\u0435\u0439\u00bb \u0432 2009 \u0433\u043e\u0434\u0443.<\/p><p>\u0421 2017 \u043f\u043e 2019 \u0433\u043e\u0434 \u0431\u044b\u043b \u0437\u0430\u043c\u0435\u0441\u0442\u0438\u0442\u0435\u043b\u0435\u043c \u0434\u0438\u0440\u0435\u043a\u0442\u043e\u0440\u0430 \u0434\u0435\u043f\u0430\u0440\u0442\u0430\u043c\u0435\u043d\u0442\u0430 \u043d\u0430\u0443\u043a\u0438, \u0432\u044b\u0441\u0448\u0435\u0433\u043e \u0438 \u0441\u0440\u0435\u0434\u043d\u0435\u0433\u043e \u043f\u0440\u043e\u0444\u0435\u0441\u0441\u0438\u043e\u043d\u0430\u043b\u044c\u043d\u043e\u0433\u043e \u043e\u0431\u0440\u0430\u0437\u043e\u0432\u0430\u043d\u0438\u044f \u041c\u0438\u043d\u0438\u0441\u0442\u0435\u0440\u0441\u0442\u0432\u0430 \u043e\u0431\u0440\u0430\u0437\u043e\u0432\u0430\u043d\u0438\u044f \u0410\u0437\u0435\u0440\u0431\u0430\u0439\u0434\u0436\u0430\u043d\u0441\u043a\u043e\u0439 \u0420\u0435\u0441\u043f\u0443\u0431\u043b\u0438\u043a\u0438. \u041f\u043e \u0443\u043a\u0430\u0437\u0443 \u041f\u0440\u0435\u0437\u0438\u0434\u0435\u043d\u0442\u0430 \u0410\u0437\u0435\u0440\u0431\u0430\u0439\u0434\u0436\u0430\u043d\u0441\u043a\u043e\u0439 \u0420\u0435\u0441\u043f\u0443\u0431\u043b\u0438\u043a\u0438 \u0418\u043b\u044c\u0445\u0430\u043c\u0430 \u0410\u043b\u0438\u0435\u0432\u0430 \u043e\u0442 31 \u0438\u044e\u043b\u044f 2019 \u0433\u043e\u0434\u0430 \u0431\u044b\u043b \u043d\u0430\u0437\u043d\u0430\u0447\u0435\u043d \u0440\u0435\u043a\u0442\u043e\u0440\u043e\u043c \u041c\u0438\u043d\u0433\u0435\u0447\u0435\u0432\u0438\u0440\u0441\u043a\u043e\u0433\u043e \u0433\u043e\u0441\u0443\u0434\u0430\u0440\u0441\u0442\u0432\u0435\u043d\u043d\u043e\u0433\u043e \u0443\u043d\u0438\u0432\u0435\u0440\u0441\u0438\u0442\u0435\u0442\u0430, \u044d\u0442\u0443 \u0434\u043e\u043b\u0436\u043d\u043e\u0441\u0442\u044c \u0437\u0430\u043d\u0438\u043c\u0430\u043b \u0434\u043e \u043c\u0430\u044f 2024 \u0433\u043e\u0434\u0430. 20 \u043c\u0430\u044f 2024 \u0433\u043e\u0434\u0430 \u0431\u044b\u043b \u043d\u0430\u0437\u043d\u0430\u0447\u0435\u043d \u0440\u0435\u043a\u0442\u043e\u0440\u043e\u043c \u041a\u0430\u0440\u0430\u0431\u0430\u0445\u0441\u043a\u043e\u0433\u043e \u0443\u043d\u0438\u0432\u0435\u0440\u0441\u0438\u0442\u0435\u0442\u0430. \u041e\u0431\u043b\u0430\u0434\u0430\u0435\u0442 \u0431\u043e\u0433\u0430\u0442\u044b\u043c \u043e\u043f\u044b\u0442\u043e\u043c \u0432 \u043f\u0435\u0434\u0430\u0433\u043e\u0433\u0438\u0447\u0435\u0441\u043a\u043e\u0439 \u0438 \u0430\u0434\u043c\u0438\u043d\u0438\u0441\u0442\u0440\u0430\u0442\u0438\u0432\u043d\u043e\u0439 \u0434\u0435\u044f\u0442\u0435\u043b\u044c\u043d\u043e\u0441\u0442\u0438.<\/p><p>\u00a0<\/p>\t\t\t\t\t\t\t\t<\/div>\n\t\t\t\t<\/div>\n\t\t\t\t<div class=\"elementor-element elementor-element-9f47104 elementor-widget-divider--view-line elementor-widget elementor-widget-divider\" data-id=\"9f47104\" data-element_type=\"widget\" data-e-type=\"widget\" data-widget_type=\"divider.default\">\n\t\t\t\t<div class=\"elementor-widget-container\">\n\t\t\t\t\t\t\t<div class=\"elementor-divider\">\n\t\t\t<span class=\"elementor-divider-separator\">\n\t\t\t\t\t\t<\/span>\n\t\t<\/div>\n\t\t\t\t\t\t<\/div>\n\t\t\t\t<\/div>\n\t\t\t\t\t<\/div>\n\t\t<\/div>\n\t\t\t\t\t<\/div>\n\t\t<\/section>\n\t\t\t\t<\/div>","protected":false},"excerpt":{"rendered":"<p>Sabiq rektorlar Former Rectors \u0411\u044b\u0432\u0448\u0438\u0435 \u0440\u0435\u043a\u0442\u043e\u0440\u044b Akif Novruz o\u011flu Hac\u0131yev 1938-ci il yanvar\u0131n 14-d\u0259 anadan olub. 1960-c\u0131 ild\u0259 H.Z\u0259rdabi ad\u0131na Kirovabad D\u00f6vl\u0259t Pedaqoji \u0130nstitutunun fizika-riyaziyyat fak\u00fclt\u0259sini bitirib. \u018fm\u0259k f\u0259aliyy\u0259tin\u0259 Ming\u0259\u00e7evir \u015f\u0259h\u0259rind\u0259 riyaziyyat m\u00fc\u0259llimi kimi ba\u015flay\u0131b, 3 n\u00f6mr\u0259li tam orta m\u0259kt\u0259bin direktoru v\u0259zif\u0259sin\u0259 q\u0259d\u0259r y\u00fcks\u0259lib. 1966-1982-ci ill\u0259rd\u0259 Ming\u0259\u00e7evir Baza Politexnik Texnikumunun direktoru olub. 1991-ci ild\u0259n M.\u018fzizb\u0259yov [&hellip;]<\/p>\n","protected":false},"author":1,"featured_media":0,"parent":0,"menu_order":0,"comment_status":"closed","ping_status":"closed","template":"","meta":{"_eb_attr":"","ocean_post_layout":"full-screen","ocean_both_sidebars_style":"","ocean_both_sidebars_content_width":0,"ocean_both_sidebars_sidebars_width":0,"ocean_sidebar":"","ocean_second_sidebar":"","ocean_disable_margins":"enable","ocean_add_body_class":"","ocean_shortcode_before_top_bar":"","ocean_shortcode_after_top_bar":"","ocean_shortcode_before_header":"","ocean_shortcode_after_header":"","ocean_has_shortcode":"","ocean_shortcode_after_title":"","ocean_shortcode_before_footer_widgets":"","ocean_shortcode_after_footer_widgets":"","ocean_shortcode_before_footer_bottom":"","ocean_shortcode_after_footer_bottom":"","ocean_display_top_bar":"off","ocean_display_header":"off","ocean_header_style":"","ocean_center_header_left_menu":"","ocean_custom_header_template":"","ocean_custom_logo":0,"ocean_custom_retina_logo":0,"ocean_custom_logo_max_width":0,"ocean_custom_logo_tablet_max_width":0,"ocean_custom_logo_mobile_max_width":0,"ocean_custom_logo_max_height":0,"ocean_custom_logo_tablet_max_height":0,"ocean_custom_logo_mobile_max_height":0,"ocean_header_custom_menu":"","ocean_menu_typo_font_family":"","ocean_menu_typo_font_subset":"","ocean_menu_typo_font_size":0,"ocean_menu_typo_font_size_tablet":0,"ocean_menu_typo_font_size_mobile":0,"ocean_menu_typo_font_size_unit":"px","ocean_menu_typo_font_weight":"","ocean_menu_typo_font_weight_tablet":"","ocean_menu_typo_font_weight_mobile":"","ocean_menu_typo_transform":"","ocean_menu_typo_transform_tablet":"","ocean_menu_typo_transform_mobile":"","ocean_menu_typo_line_height":0,"ocean_menu_typo_line_height_tablet":0,"ocean_menu_typo_line_height_mobile":0,"ocean_menu_typo_line_height_unit":"","ocean_menu_typo_spacing":0,"ocean_menu_typo_spacing_tablet":0,"ocean_menu_typo_spacing_mobile":0,"ocean_menu_typo_spacing_unit":"","ocean_menu_link_color":"","ocean_menu_link_color_hover":"","ocean_menu_link_color_active":"","ocean_menu_link_background":"","ocean_menu_link_hover_background":"","ocean_menu_link_active_background":"","ocean_menu_social_links_bg":"","ocean_menu_social_hover_links_bg":"","ocean_menu_social_links_color":"","ocean_menu_social_hover_links_color":"","ocean_disable_title":"on","ocean_disable_heading":"default","ocean_post_title":"","ocean_post_subheading":"","ocean_post_title_style":"","ocean_post_title_background_color":"","ocean_post_title_background":0,"ocean_post_title_bg_image_position":"","ocean_post_title_bg_image_attachment":"","ocean_post_title_bg_image_repeat":"","ocean_post_title_bg_image_size":"","ocean_post_title_height":0,"ocean_post_title_bg_overlay":0.5,"ocean_post_title_bg_overlay_color":"","ocean_disable_breadcrumbs":"default","ocean_breadcrumbs_color":"","ocean_breadcrumbs_separator_color":"","ocean_breadcrumbs_links_color":"","ocean_breadcrumbs_links_hover_color":"","ocean_display_footer_widgets":"off","ocean_display_footer_bottom":"off","ocean_custom_footer_template":"","footnotes":""},"class_list":["post-73768","page","type-page","status-publish","hentry","entry"],"_links":{"self":[{"href":"https:\/\/mdu.edu.az\/ru\/wp-json\/wp\/v2\/pages\/73768","targetHints":{"allow":["GET"]}}],"collection":[{"href":"https:\/\/mdu.edu.az\/ru\/wp-json\/wp\/v2\/pages"}],"about":[{"href":"https:\/\/mdu.edu.az\/ru\/wp-json\/wp\/v2\/types\/page"}],"author":[{"embeddable":true,"href":"https:\/\/mdu.edu.az\/ru\/wp-json\/wp\/v2\/users\/1"}],"replies":[{"embeddable":true,"href":"https:\/\/mdu.edu.az\/ru\/wp-json\/wp\/v2\/comments?post=73768"}],"version-history":[{"count":67,"href":"https:\/\/mdu.edu.az\/ru\/wp-json\/wp\/v2\/pages\/73768\/revisions"}],"predecessor-version":[{"id":85925,"href":"https:\/\/mdu.edu.az\/ru\/wp-json\/wp\/v2\/pages\/73768\/revisions\/85925"}],"wp:attachment":[{"href":"https:\/\/mdu.edu.az\/ru\/wp-json\/wp\/v2\/media?parent=73768"}],"curies":[{"name":"wp","href":"https:\/\/api.w.org\/{rel}","templated":true}]}}