{"id":80976,"date":"2025-10-17T14:18:07","date_gmt":"2025-10-17T11:18:07","guid":{"rendered":"https:\/\/mdu.edu.az\/?page_id=80976"},"modified":"2025-10-19T09:49:40","modified_gmt":"2025-10-19T06:49:40","slug":"orhun-mubadil%c9%99-proqrami","status":"publish","type":"page","link":"https:\/\/mdu.edu.az\/ru\/orhun-mubadil%c9%99-proqrami\/","title":{"rendered":"\u041f\u0440\u043e\u0433\u0440\u0430\u043c\u043c\u0430 \u043e\u0431\u043c\u0435\u043d\u0430 ORHUN"},"content":{"rendered":"<div data-elementor-type=\"wp-page\" data-elementor-id=\"80976\" class=\"elementor elementor-80976\" data-elementor-settings=\"{&quot;element_pack_global_tooltip_width&quot;:{&quot;unit&quot;:&quot;px&quot;,&quot;size&quot;:&quot;&quot;,&quot;sizes&quot;:[]},&quot;element_pack_global_tooltip_width_tablet&quot;:{&quot;unit&quot;:&quot;px&quot;,&quot;size&quot;:&quot;&quot;,&quot;sizes&quot;:[]},&quot;element_pack_global_tooltip_width_mobile&quot;:{&quot;unit&quot;:&quot;px&quot;,&quot;size&quot;:&quot;&quot;,&quot;sizes&quot;:[]},&quot;element_pack_global_tooltip_padding&quot;:{&quot;unit&quot;:&quot;px&quot;,&quot;top&quot;:&quot;&quot;,&quot;right&quot;:&quot;&quot;,&quot;bottom&quot;:&quot;&quot;,&quot;left&quot;:&quot;&quot;,&quot;isLinked&quot;:true},&quot;element_pack_global_tooltip_padding_tablet&quot;:{&quot;unit&quot;:&quot;px&quot;,&quot;top&quot;:&quot;&quot;,&quot;right&quot;:&quot;&quot;,&quot;bottom&quot;:&quot;&quot;,&quot;left&quot;:&quot;&quot;,&quot;isLinked&quot;:true},&quot;element_pack_global_tooltip_padding_mobile&quot;:{&quot;unit&quot;:&quot;px&quot;,&quot;top&quot;:&quot;&quot;,&quot;right&quot;:&quot;&quot;,&quot;bottom&quot;:&quot;&quot;,&quot;left&quot;:&quot;&quot;,&quot;isLinked&quot;:true},&quot;element_pack_global_tooltip_border_radius&quot;:{&quot;unit&quot;:&quot;px&quot;,&quot;top&quot;:&quot;&quot;,&quot;right&quot;:&quot;&quot;,&quot;bottom&quot;:&quot;&quot;,&quot;left&quot;:&quot;&quot;,&quot;isLinked&quot;:true},&quot;element_pack_global_tooltip_border_radius_tablet&quot;:{&quot;unit&quot;:&quot;px&quot;,&quot;top&quot;:&quot;&quot;,&quot;right&quot;:&quot;&quot;,&quot;bottom&quot;:&quot;&quot;,&quot;left&quot;:&quot;&quot;,&quot;isLinked&quot;:true},&quot;element_pack_global_tooltip_border_radius_mobile&quot;:{&quot;unit&quot;:&quot;px&quot;,&quot;top&quot;:&quot;&quot;,&quot;right&quot;:&quot;&quot;,&quot;bottom&quot;:&quot;&quot;,&quot;left&quot;:&quot;&quot;,&quot;isLinked&quot;:true}}\" data-elementor-post-type=\"page\">\n\t\t\t\t\t\t<section data-particle_enable=\"false\" data-particle-mobile-disabled=\"false\" class=\"elementor-section elementor-top-section elementor-element elementor-element-787b506d elementor-section-boxed elementor-section-height-default elementor-section-height-default\" data-id=\"787b506d\" data-element_type=\"section\" data-e-type=\"section\">\n\t\t\t\t\t\t<div class=\"elementor-container elementor-column-gap-default\">\n\t\t\t\t\t<div class=\"elementor-column elementor-col-100 elementor-top-column elementor-element elementor-element-5d798dc2\" data-id=\"5d798dc2\" data-element_type=\"column\" data-e-type=\"column\">\n\t\t\t<div class=\"elementor-widget-wrap elementor-element-populated\">\n\t\t\t\t\t\t<div class=\"elementor-element elementor-element-1ef1f51 elementor-widget elementor-widget-image\" data-id=\"1ef1f51\" data-element_type=\"widget\" data-e-type=\"widget\" data-widget_type=\"image.default\">\n\t\t\t\t<div class=\"elementor-widget-container\">\n\t\t\t\t\t\t\t\t\t\t\t\t\t\t\t<img fetchpriority=\"high\" decoding=\"async\" width=\"467\" height=\"203\" src=\"https:\/\/mdu.edu.az\/wp-content\/uploads\/2025\/10\/Orhun_MP.jpg\" class=\"attachment-large size-large wp-image-80983\" alt=\"\" srcset=\"https:\/\/mdu.edu.az\/wp-content\/uploads\/2025\/10\/Orhun_MP.jpg 467w, https:\/\/mdu.edu.az\/wp-content\/uploads\/2025\/10\/Orhun_MP-300x130.jpg 300w, https:\/\/mdu.edu.az\/wp-content\/uploads\/2025\/10\/Orhun_MP-18x8.jpg 18w, https:\/\/mdu.edu.az\/wp-content\/uploads\/2025\/10\/Orhun_MP-24x10.jpg 24w, https:\/\/mdu.edu.az\/wp-content\/uploads\/2025\/10\/Orhun_MP-36x16.jpg 36w, https:\/\/mdu.edu.az\/wp-content\/uploads\/2025\/10\/Orhun_MP-48x21.jpg 48w\" sizes=\"(max-width: 467px) 100vw, 467px\" \/>\t\t\t\t\t\t\t\t\t\t\t\t\t\t\t<\/div>\n\t\t\t\t<\/div>\n\t\t\t\t<div class=\"elementor-element elementor-element-6b7234af elementor-widget elementor-widget-heading\" data-id=\"6b7234af\" data-element_type=\"widget\" data-e-type=\"widget\" data-widget_type=\"heading.default\">\n\t\t\t\t<div class=\"elementor-widget-container\">\n\t\t\t\t\t<h2 class=\"elementor-heading-title elementor-size-default\">Proqram\u0131n yaranma tarixi v\u0259 m\u0259qs\u0259di<\/h2>\t\t\t\t<\/div>\n\t\t\t\t<\/div>\n\t\t\t\t<div class=\"elementor-element elementor-element-44df81cb elementor-widget-divider--view-line elementor-widget elementor-widget-divider\" data-id=\"44df81cb\" data-element_type=\"widget\" data-e-type=\"widget\" data-widget_type=\"divider.default\">\n\t\t\t\t<div class=\"elementor-widget-container\">\n\t\t\t\t\t\t\t<div class=\"elementor-divider\">\n\t\t\t<span class=\"elementor-divider-separator\">\n\t\t\t\t\t\t<\/span>\n\t\t<\/div>\n\t\t\t\t\t\t<\/div>\n\t\t\t\t<\/div>\n\t\t\t\t<div class=\"elementor-element elementor-element-2a69d8c4 elementor-widget elementor-widget-text-editor\" data-id=\"2a69d8c4\" data-element_type=\"widget\" data-e-type=\"widget\" data-widget_type=\"text-editor.default\">\n\t\t\t\t<div class=\"elementor-widget-container\">\n\t\t\t\t\t\t\t\t\t<p>T\u00fcrk D\u00f6vl\u0259tl\u0259ri T\u0259\u015fkilat\u0131 T\u00fcrk Universitetl\u0259ri Birliyi t\u0259r\u0259find\u0259n haz\u0131rlanm\u0131\u015f v\u0259 <strong>\u201cOrhun S\u00fcreci\u201d<\/strong> adland\u0131r\u0131lan t\u0259l\u0259b\u0259 v\u0259 m\u00fc\u0259llim m\u00fcbadil\u0259si proqram\u0131 6\u20137 aprel 2017-ci il tarixl\u0259rind\u0259 D\u00f6n\u0259m s\u0259dri Q\u0131r\u011f\u0131z\u0131stan\u2013T\u00fcrkiy\u0259 Manas Universitetinin ev sahibliyi il\u0259 Bi\u015fkek \u015f\u0259h\u0259rind\u0259 ke\u00e7iril\u0259n iclasda \u201cT\u00fcrk D\u00f6vl\u0259tl\u0259ri T\u0259\u015fkilat\u0131 T\u00fcrk Universitetl\u0259ri Birliyi \u2018Orhun M\u00fcbadil\u0259 Proqram\u0131\u2019 Qaydalar Layih\u0259si\u201d il\u0259 ba\u011fl\u0131 s\u0259n\u0259dl\u0259rin m\u00fczakir\u0259 edil\u0259r\u0259k q\u0259bul edilm\u0259sind\u0259n sonra icra m\u0259rh\u0259l\u0259sin\u0259 ke\u00e7mi\u015fdir.<\/p><p>T\u00fcrk d\u00f6vl\u0259tl\u0259ri aras\u0131nda ortaq m\u0259d\u0259niyy\u0259t, dil v\u0259 tarix birliyi T\u00fcrk D\u00f6vl\u0259tl\u0259ri T\u0259\u015fkilat\u0131nda t\u0259c\u0259ss\u00fcm olunan \u0259m\u0259kda\u015fl\u0131\u011f\u0131n \u0259sas s\u00fctunlar\u0131n\u0131 t\u0259\u015fkil edir. Bu x\u00fcsusiyy\u0259t T\u00fcrk D\u00f6vl\u0259tl\u0259ri T\u0259\u015fkilat\u0131n\u0131 dig\u0259r regional \u0259m\u0259kda\u015fl\u0131q mexanizml\u0259rind\u0259n f\u0259rql\u0259ndirir. 2012-ci ild\u0259 Bi\u015fkekd\u0259 ke\u00e7irilmi\u015f T\u00fcrk D\u00f6vl\u0259tl\u0259ri T\u0259\u015fkilat\u0131n\u0131n II Zirv\u0259sinin \u201cT\u0259hsil, Elm v\u0259 M\u0259d\u0259ni \u018fm\u0259kda\u015fl\u0131q\u201d m\u00f6vzusuna h\u0259sr olunmas\u0131 da bu istiqam\u0259td\u0259 at\u0131lm\u0131\u015f m\u00fch\u00fcm add\u0131mlardan biridir.<\/p>\t\t\t\t\t\t\t\t<\/div>\n\t\t\t\t<\/div>\n\t\t\t\t<div class=\"elementor-element elementor-element-2eed5c2 elementor-widget elementor-widget-heading\" data-id=\"2eed5c2\" data-element_type=\"widget\" data-e-type=\"widget\" data-widget_type=\"heading.default\">\n\t\t\t\t<div class=\"elementor-widget-container\">\n\t\t\t\t\t<h2 class=\"elementor-heading-title elementor-size-default\">T\u00fcrk Universitetl\u0259ri Birliyinin rolu<\/h2>\t\t\t\t<\/div>\n\t\t\t\t<\/div>\n\t\t\t\t<div class=\"elementor-element elementor-element-25cd2cc elementor-widget-divider--view-line elementor-widget elementor-widget-divider\" data-id=\"25cd2cc\" data-element_type=\"widget\" data-e-type=\"widget\" data-widget_type=\"divider.default\">\n\t\t\t\t<div class=\"elementor-widget-container\">\n\t\t\t\t\t\t\t<div class=\"elementor-divider\">\n\t\t\t<span class=\"elementor-divider-separator\">\n\t\t\t\t\t\t<\/span>\n\t\t<\/div>\n\t\t\t\t\t\t<\/div>\n\t\t\t\t<\/div>\n\t\t\t\t<div class=\"elementor-element elementor-element-554d0b7 elementor-widget elementor-widget-text-editor\" data-id=\"554d0b7\" data-element_type=\"widget\" data-e-type=\"widget\" data-widget_type=\"text-editor.default\">\n\t\t\t\t<div class=\"elementor-widget-container\">\n\t\t\t\t\t\t\t\t\t<p>\u00dczv d\u00f6vl\u0259tl\u0259r v\u0259 ali t\u0259hsil m\u00fc\u0259ssis\u0259l\u0259ri aras\u0131nda \u0259m\u0259kda\u015fl\u0131\u011f\u0131n g\u00fccl\u0259ndirilm\u0259si m\u0259qs\u0259dil\u0259 yarad\u0131lm\u0131\u015f v\u0259 2013-c\u00fc ild\u0259n f\u0259aliyy\u0259t\u0259 ba\u015flam\u0131\u015f T\u00fcrk Universitetl\u0259ri Birliyi \u00e7\u0259r\u00e7iv\u0259sind\u0259 bir s\u0131ra iclaslar ke\u00e7irilmi\u015f, h\u0259m\u00e7inin <strong>T\u00fcrk Universitetl\u0259ri Birliyi v\u0259 Ali T\u0259hsil M\u0259kan\u0131 Yaratma T\u0259limat\u0131<\/strong> q\u0259bul edilmi\u015fdir.<\/p><p>T\u0259l\u0259b\u0259 v\u0259 m\u00fc\u0259lliml\u0259r aras\u0131nda m\u00fcbadil\u0259 proqramlar\u0131n\u0131n h\u0259yata ke\u00e7irilm\u0259sini h\u0259d\u0259fl\u0259y\u0259n bu prosesin ad\u0131 <strong>\u201cOrhun Prosesi\u201d<\/strong> olaraq m\u00fc\u0259yy\u0259n edilmi\u015fdir.<\/p>\t\t\t\t\t\t\t\t<\/div>\n\t\t\t\t<\/div>\n\t\t\t\t<div class=\"elementor-element elementor-element-5675745 elementor-widget elementor-widget-heading\" data-id=\"5675745\" data-element_type=\"widget\" data-e-type=\"widget\" data-widget_type=\"heading.default\">\n\t\t\t\t<div class=\"elementor-widget-container\">\n\t\t\t\t\t<h2 class=\"elementor-heading-title elementor-size-default\">\u201cOrhun M\u00fcbadil\u0259 Proqram\u0131\u201d haqq\u0131nda<\/h2>\t\t\t\t<\/div>\n\t\t\t\t<\/div>\n\t\t\t\t<div class=\"elementor-element elementor-element-34b2570 elementor-widget-divider--view-line elementor-widget elementor-widget-divider\" data-id=\"34b2570\" data-element_type=\"widget\" data-e-type=\"widget\" data-widget_type=\"divider.default\">\n\t\t\t\t<div class=\"elementor-widget-container\">\n\t\t\t\t\t\t\t<div class=\"elementor-divider\">\n\t\t\t<span class=\"elementor-divider-separator\">\n\t\t\t\t\t\t<\/span>\n\t\t<\/div>\n\t\t\t\t\t\t<\/div>\n\t\t\t\t<\/div>\n\t\t\t\t<div class=\"elementor-element elementor-element-1ca44f1 elementor-widget elementor-widget-text-editor\" data-id=\"1ca44f1\" data-element_type=\"widget\" data-e-type=\"widget\" data-widget_type=\"text-editor.default\">\n\t\t\t\t<div class=\"elementor-widget-container\">\n\t\t\t\t\t\t\t\t\t<p>The Orhun Exchange Program is a student and faculty exchange program implemented among the member universities of the Union of Turkic Universities (T\u00dcR\u00dcN\u0130B) under the Organization of Turkic States.<\/p><p>Proqram \u00e7\u0259r\u00e7iv\u0259sind\u0259 qiym\u0259tl\u0259ndiril\u0259n \u00fczv universitetl\u0259rl\u0259 tan\u0131\u015f olmaq \u00fc\u00e7\u00fcn <a href=\"http:\/\/turkunib.org\/orhun\/\" target=\"_blank\" rel=\"noopener\">buraya klikl\u0259yin<\/a>.<\/p><p>M\u00fcbadil\u0259 proqram\u0131 il\u0259 ba\u011fl\u0131 \u0259trafl\u0131 m\u0259lumat\u0131 h\u0259m\u00e7inin universitetl\u0259rin koordinatorluqlar\u0131ndan v\u0259 <a href=\"http:\/\/turkunib.org\/orhun\/\" target=\"_blank\" rel=\"noopener\">http:\/\/turkunib.org\/orhun\/<\/a> \u00fcnvan\u0131ndan \u0259ld\u0259 etm\u0259k m\u00fcmk\u00fcnd\u00fcr.<\/p>\t\t\t\t\t\t\t\t<\/div>\n\t\t\t\t<\/div>\n\t\t\t\t<div class=\"elementor-element elementor-element-8713d50 elementor-widget elementor-widget-heading\" data-id=\"8713d50\" data-element_type=\"widget\" data-e-type=\"widget\" data-widget_type=\"heading.default\">\n\t\t\t\t<div class=\"elementor-widget-container\">\n\t\t\t\t\t<h2 class=\"elementor-heading-title elementor-size-default\">\u201cOrhun M\u00fcbadil\u0259 Proqram\u0131\u201dnda i\u015ftirak \u015f\u0259rtl\u0259ri<\/h2>\t\t\t\t<\/div>\n\t\t\t\t<\/div>\n\t\t\t\t<div class=\"elementor-element elementor-element-f257ed7 elementor-widget-divider--view-line elementor-widget elementor-widget-divider\" data-id=\"f257ed7\" data-element_type=\"widget\" data-e-type=\"widget\" data-widget_type=\"divider.default\">\n\t\t\t\t<div class=\"elementor-widget-container\">\n\t\t\t\t\t\t\t<div class=\"elementor-divider\">\n\t\t\t<span class=\"elementor-divider-separator\">\n\t\t\t\t\t\t<\/span>\n\t\t<\/div>\n\t\t\t\t\t\t<\/div>\n\t\t\t\t<\/div>\n\t\t\t\t<div class=\"elementor-element elementor-element-950c138 elementor-widget elementor-widget-text-editor\" data-id=\"950c138\" data-element_type=\"widget\" data-e-type=\"widget\" data-widget_type=\"text-editor.default\">\n\t\t\t\t<div class=\"elementor-widget-container\">\n\t\t\t\t\t\t\t\t\t<p><strong>T\u0259l\u0259b\u0259l\u0259r \u00fc\u00e7\u00fcn t\u0259l\u0259bl\u0259r<\/strong><\/p><p>\u201cOrhun M\u00fcbadil\u0259 Proqram\u0131\u201dndan yararlanmaq ist\u0259y\u0259n t\u0259l\u0259b\u0259l\u0259r \u00fc\u00e7\u00fcn a\u015fa\u011f\u0131dak\u0131 t\u0259l\u0259bl\u0259r m\u00fc\u0259yy\u0259n edilmi\u015fdir:<\/p><ul><li>Orta m\u00fcv\u0259ff\u0259qiyy\u0259t g\u00f6st\u0259ricisi (<strong>GPA<\/strong>) 75 v\u0259 yuxar\u0131 olan t\u0259l\u0259b\u0259l\u0259r;<\/li><li>2-ci v\u0259 3-c\u00fc kurs bakalavr, 1-ci kurs magistr t\u0259l\u0259b\u0259l\u0259ri;<\/li><li>Yax\u015f\u0131 akademik g\u00f6st\u0259ricil\u0259ri v\u0259 aktiv universitet h\u0259yat\u0131 olan t\u0259l\u0259b\u0259l\u0259r;<\/li><li>T\u00fcrk d\u00fcnyas\u0131n\u0131n ortaq d\u0259y\u0259rl\u0259rini tan\u0131maq v\u0259 beyn\u0259lxalq t\u0259cr\u00fcb\u0259 qazanmaq ist\u0259y\u0259n g\u0259ncl\u0259r.<\/li><\/ul><p>B\u00fct\u00fcn m\u00fcraci\u0259tl\u0259r q\u0259bul edildikd\u0259n sonra t\u0259l\u0259b\u0259l\u0259rin se\u00e7dikl\u0259ri ev sahibi universitetin q\u0259bul q\u0259rarlar\u0131na \u0259sas\u0259n qiym\u0259tl\u0259ndirm\u0259 apar\u0131lacaq v\u0259 n\u0259tic\u0259l\u0259r elan edil\u0259c\u0259kdir.<\/p>\t\t\t\t\t\t\t\t<\/div>\n\t\t\t\t<\/div>\n\t\t\t\t<div class=\"elementor-element elementor-element-1568ae3 elementor-widget elementor-widget-heading\" data-id=\"1568ae3\" data-element_type=\"widget\" data-e-type=\"widget\" data-widget_type=\"heading.default\">\n\t\t\t\t<div class=\"elementor-widget-container\">\n\t\t\t\t\t<h2 class=\"elementor-heading-title elementor-size-default\">Proqram\u0131n h\u0259yata ke\u00e7irilm\u0259si v\u0259 \u015f\u0259rtl\u0259r<\/h2>\t\t\t\t<\/div>\n\t\t\t\t<\/div>\n\t\t\t\t<div class=\"elementor-element elementor-element-c4c7f21 elementor-widget-divider--view-line elementor-widget elementor-widget-divider\" data-id=\"c4c7f21\" data-element_type=\"widget\" data-e-type=\"widget\" data-widget_type=\"divider.default\">\n\t\t\t\t<div class=\"elementor-widget-container\">\n\t\t\t\t\t\t\t<div class=\"elementor-divider\">\n\t\t\t<span class=\"elementor-divider-separator\">\n\t\t\t\t\t\t<\/span>\n\t\t<\/div>\n\t\t\t\t\t\t<\/div>\n\t\t\t\t<\/div>\n\t\t\t\t<div class=\"elementor-element elementor-element-17b2d8b elementor-widget elementor-widget-text-editor\" data-id=\"17b2d8b\" data-element_type=\"widget\" data-e-type=\"widget\" data-widget_type=\"text-editor.default\">\n\t\t\t\t<div class=\"elementor-widget-container\">\n\t\t\t\t\t\t\t\t\t<p>\u201cOrhun M\u00fcbadil\u0259 Proqram\u0131\u201d \u00e7\u0259r\u00e7iv\u0259sind\u0259 t\u0259l\u0259b\u0259l\u0259r v\u0259 m\u00fc\u0259lliml\u0259r m\u00fc\u0259yy\u0259n m\u00fcdd\u0259t \u0259rzind\u0259 (ad\u0259t\u0259n bir semestr) ba\u015fqa bir T\u00fcrk d\u00f6vl\u0259tinin universitetind\u0259 t\u0259hsil ala, d\u0259rs dey\u0259 v\u0259 ya elmi t\u0259dqiqat apara bilirl\u0259r.<\/p><p>Proqram h\u0259m t\u0259qa\u00fcdl\u00fc, h\u0259m d\u0259 m\u00fcqavil\u0259li \u0259sasda h\u0259yata ke\u00e7irilir. T\u0259l\u0259b\u0259l\u0259r\u0259 akademik d\u0259st\u0259k, yataqxana v\u0259 yem\u0259k imkanlar\u0131 t\u0259qdim olunur.<\/p><p>\u201cOrhun M\u00fcbadil\u0259 Proqram\u0131\u201dnda i\u015ftirak ed\u0259n t\u0259l\u0259b\u0259l\u0259r bu m\u00fcdd\u0259t \u0259rzind\u0259 \u00f6z ali t\u0259hsil m\u00fc\u0259ssis\u0259l\u0259rind\u0259 qeydiyyatlar\u0131n\u0131 davam etdirir v\u0259 t\u0259hsil haqq\u0131 \u00f6d\u0259ni\u015fl\u0259rini h\u0259min m\u00fc\u0259ssis\u0259l\u0259r\u0259 etm\u0259y\u0259 davam edirl\u0259r. M\u00fcbadil\u0259d\u0259 i\u015ftirak ed\u0259n t\u0259l\u0259b\u0259l\u0259r qeydiyyatlar\u0131n\u0131 dondura bilm\u0259zl\u0259r. Onlar q\u0259bul olacaqlar\u0131 ali t\u0259hsil m\u00fc\u0259ssis\u0259sin\u0259 \u0259lav\u0259 t\u0259hsil haqq\u0131 \u00f6d\u0259mirl\u0259r.<\/p><p>\u201cOrhun M\u00fcbadil\u0259 Proqram\u0131\u201dnda i\u015ftirak ed\u0259n t\u0259l\u0259b\u0259l\u0259rin t\u0259hsil m\u00fcdd\u0259tind\u0259 ald\u0131qlar\u0131 dig\u0259r t\u0259qa\u00fcd v\u0259 kreditl\u0259r q\u00fcvv\u0259d\u0259 qal\u0131r.<\/p><p>G\u00f6nd\u0259r\u0259n ali t\u0259hsil m\u00fc\u0259ssis\u0259si t\u0259l\u0259b\u0259l\u0259rin n\u0259qliyyat x\u0259rcl\u0259rini, q\u0259bul ed\u0259n m\u00fc\u0259ssis\u0259 is\u0259 g\u0259l\u0259n t\u0259l\u0259b\u0259l\u0259rin yem\u0259k v\u0259 qalacaq x\u0259rcl\u0259rini qar\u015f\u0131lay\u0131r. Bu imkanlardan ba\u015fqa t\u0259l\u0259b\u0259l\u0259r\u0259 \u0259lav\u0259 olaraq he\u00e7 bir pul \u00f6d\u0259ni\u015fi edilm\u0259y\u0259c\u0259kdir.<\/p>\t\t\t\t\t\t\t\t<\/div>\n\t\t\t\t<\/div>\n\t\t\t\t<div class=\"elementor-element elementor-element-3dcd9cad elementor-widget elementor-widget-heading\" data-id=\"3dcd9cad\" data-element_type=\"widget\" data-e-type=\"widget\" data-widget_type=\"heading.default\">\n\t\t\t\t<div class=\"elementor-widget-container\">\n\t\t\t\t\t<h2 class=\"elementor-heading-title elementor-size-default\">\u041a\u043e\u043d\u0442\u0430\u043a\u0442\u043d\u0430\u044f \u0438\u043d\u0444\u043e\u0440\u043c\u0430\u0446\u0438\u044f<\/h2>\t\t\t\t<\/div>\n\t\t\t\t<\/div>\n\t\t\t\t<div class=\"elementor-element elementor-element-204fd762 elementor-widget-divider--view-line elementor-widget elementor-widget-divider\" data-id=\"204fd762\" data-element_type=\"widget\" data-e-type=\"widget\" data-widget_type=\"divider.default\">\n\t\t\t\t<div class=\"elementor-widget-container\">\n\t\t\t\t\t\t\t<div class=\"elementor-divider\">\n\t\t\t<span class=\"elementor-divider-separator\">\n\t\t\t\t\t\t<\/span>\n\t\t<\/div>\n\t\t\t\t\t\t<\/div>\n\t\t\t\t<\/div>\n\t\t\t\t<div class=\"elementor-element elementor-element-37d32224 elementor-widget elementor-widget-text-editor\" data-id=\"37d32224\" data-element_type=\"widget\" data-e-type=\"widget\" data-widget_type=\"text-editor.default\">\n\t\t\t\t<div class=\"elementor-widget-container\">\n\t\t\t\t\t\t\t\t\t<p>\u018flav\u0259 m\u0259lumat almaq ist\u0259y\u0259n t\u0259l\u0259b\u0259 v\u0259 m\u00fc\u0259lliml\u0259r \u0259sas korpusun 2-ci m\u0259rt\u0259b\u0259sind\u0259 yerl\u0259\u015f\u0259n <strong>211 n\u00f6mr\u0259li Beyn\u0259lxalq \u018fm\u0259kda\u015fl\u0131q Ofisin\u0259<\/strong> m\u00fcraci\u0259t ed\u0259 bil\u0259rl\u0259r.<\/p>\t\t\t\t\t\t\t\t<\/div>\n\t\t\t\t<\/div>\n\t\t\t\t\t<\/div>\n\t\t<\/div>\n\t\t\t\t\t<\/div>\n\t\t<\/section>\n\t\t\t\t<\/div>","protected":false},"excerpt":{"rendered":"<p>Orhun M\u00fcbadil\u0259 Proqram\u0131 Proqram\u0131n yaranma tarixi v\u0259 m\u0259qs\u0259di T\u00fcrk D\u00f6vl\u0259tl\u0259ri T\u0259\u015fkilat\u0131 T\u00fcrk Universitetl\u0259ri Birliyi t\u0259r\u0259find\u0259n haz\u0131rlanm\u0131\u015f v\u0259 \u201cOrhun S\u00fcreci\u201d adland\u0131r\u0131lan t\u0259l\u0259b\u0259 v\u0259 m\u00fc\u0259llim m\u00fcbadil\u0259si proqram\u0131 6\u20137 aprel 2017-ci il tarixl\u0259rind\u0259 D\u00f6n\u0259m s\u0259dri Q\u0131r\u011f\u0131z\u0131stan\u2013T\u00fcrkiy\u0259 Manas Universitetinin ev sahibliyi il\u0259 Bi\u015fkek \u015f\u0259h\u0259rind\u0259 ke\u00e7iril\u0259n iclasda \u201cT\u00fcrk D\u00f6vl\u0259tl\u0259ri T\u0259\u015fkilat\u0131 T\u00fcrk Universitetl\u0259ri Birliyi \u2018Orhun M\u00fcbadil\u0259 Proqram\u0131\u2019 Qaydalar Layih\u0259si\u201d il\u0259 ba\u011fl\u0131 [&hellip;]<\/p>\n","protected":false},"author":1,"featured_media":0,"parent":0,"menu_order":0,"comment_status":"closed","ping_status":"closed","template":"","meta":{"_eb_attr":"","ocean_post_layout":"full-screen","ocean_both_sidebars_style":"","ocean_both_sidebars_content_width":0,"ocean_both_sidebars_sidebars_width":0,"ocean_sidebar":"","ocean_second_sidebar":"","ocean_disable_margins":"enable","ocean_add_body_class":"","ocean_shortcode_before_top_bar":"","ocean_shortcode_after_top_bar":"","ocean_shortcode_before_header":"","ocean_shortcode_after_header":"","ocean_has_shortcode":"","ocean_shortcode_after_title":"","ocean_shortcode_before_footer_widgets":"","ocean_shortcode_after_footer_widgets":"","ocean_shortcode_before_footer_bottom":"","ocean_shortcode_after_footer_bottom":"","ocean_display_top_bar":"off","ocean_display_header":"off","ocean_header_style":"","ocean_center_header_left_menu":"","ocean_custom_header_template":"","ocean_custom_logo":0,"ocean_custom_retina_logo":0,"ocean_custom_logo_max_width":0,"ocean_custom_logo_tablet_max_width":0,"ocean_custom_logo_mobile_max_width":0,"ocean_custom_logo_max_height":0,"ocean_custom_logo_tablet_max_height":0,"ocean_custom_logo_mobile_max_height":0,"ocean_header_custom_menu":"","ocean_menu_typo_font_family":"","ocean_menu_typo_font_subset":"","ocean_menu_typo_font_size":0,"ocean_menu_typo_font_size_tablet":0,"ocean_menu_typo_font_size_mobile":0,"ocean_menu_typo_font_size_unit":"px","ocean_menu_typo_font_weight":"","ocean_menu_typo_font_weight_tablet":"","ocean_menu_typo_font_weight_mobile":"","ocean_menu_typo_transform":"","ocean_menu_typo_transform_tablet":"","ocean_menu_typo_transform_mobile":"","ocean_menu_typo_line_height":0,"ocean_menu_typo_line_height_tablet":0,"ocean_menu_typo_line_height_mobile":0,"ocean_menu_typo_line_height_unit":"","ocean_menu_typo_spacing":0,"ocean_menu_typo_spacing_tablet":0,"ocean_menu_typo_spacing_mobile":0,"ocean_menu_typo_spacing_unit":"","ocean_menu_link_color":"","ocean_menu_link_color_hover":"","ocean_menu_link_color_active":"","ocean_menu_link_background":"","ocean_menu_link_hover_background":"","ocean_menu_link_active_background":"","ocean_menu_social_links_bg":"","ocean_menu_social_hover_links_bg":"","ocean_menu_social_links_color":"","ocean_menu_social_hover_links_color":"","ocean_disable_title":"on","ocean_disable_heading":"default","ocean_post_title":"","ocean_post_subheading":"","ocean_post_title_style":"","ocean_post_title_background_color":"","ocean_post_title_background":0,"ocean_post_title_bg_image_position":"","ocean_post_title_bg_image_attachment":"","ocean_post_title_bg_image_repeat":"","ocean_post_title_bg_image_size":"","ocean_post_title_height":0,"ocean_post_title_bg_overlay":0.5,"ocean_post_title_bg_overlay_color":"","ocean_disable_breadcrumbs":"default","ocean_breadcrumbs_color":"","ocean_breadcrumbs_separator_color":"","ocean_breadcrumbs_links_color":"","ocean_breadcrumbs_links_hover_color":"","ocean_display_footer_widgets":"off","ocean_display_footer_bottom":"off","ocean_custom_footer_template":"","footnotes":""},"class_list":["post-80976","page","type-page","status-publish","hentry","entry"],"_links":{"self":[{"href":"https:\/\/mdu.edu.az\/ru\/wp-json\/wp\/v2\/pages\/80976","targetHints":{"allow":["GET"]}}],"collection":[{"href":"https:\/\/mdu.edu.az\/ru\/wp-json\/wp\/v2\/pages"}],"about":[{"href":"https:\/\/mdu.edu.az\/ru\/wp-json\/wp\/v2\/types\/page"}],"author":[{"embeddable":true,"href":"https:\/\/mdu.edu.az\/ru\/wp-json\/wp\/v2\/users\/1"}],"replies":[{"embeddable":true,"href":"https:\/\/mdu.edu.az\/ru\/wp-json\/wp\/v2\/comments?post=80976"}],"version-history":[{"count":58,"href":"https:\/\/mdu.edu.az\/ru\/wp-json\/wp\/v2\/pages\/80976\/revisions"}],"predecessor-version":[{"id":81152,"href":"https:\/\/mdu.edu.az\/ru\/wp-json\/wp\/v2\/pages\/80976\/revisions\/81152"}],"wp:attachment":[{"href":"https:\/\/mdu.edu.az\/ru\/wp-json\/wp\/v2\/media?parent=80976"}],"curies":[{"name":"wp","href":"https:\/\/api.w.org\/{rel}","templated":true}]}}