{"id":82909,"date":"2026-02-10T09:56:10","date_gmt":"2026-02-10T06:56:10","guid":{"rendered":"https:\/\/mdu.edu.az\/?page_id=82909"},"modified":"2026-03-16T08:44:02","modified_gmt":"2026-03-16T05:44:02","slug":"beyn%c9%99lxalq-dil-m%c9%99rk%c9%99zi","status":"publish","type":"page","link":"https:\/\/mdu.edu.az\/ru\/beyn%c9%99lxalq-dil-m%c9%99rk%c9%99zi\/","title":{"rendered":"\u041c\u0435\u0436\u0434\u0443\u043d\u0430\u0440\u043e\u0434\u043d\u044b\u0439 \u044f\u0437\u044b\u043a\u043e\u0432\u043e\u0439 \u0446\u0435\u043d\u0442\u0440"},"content":{"rendered":"<div data-elementor-type=\"wp-page\" data-elementor-id=\"82909\" class=\"elementor elementor-82909\" data-elementor-settings=\"{&quot;element_pack_global_tooltip_width&quot;:{&quot;unit&quot;:&quot;px&quot;,&quot;size&quot;:&quot;&quot;,&quot;sizes&quot;:[]},&quot;element_pack_global_tooltip_width_tablet&quot;:{&quot;unit&quot;:&quot;px&quot;,&quot;size&quot;:&quot;&quot;,&quot;sizes&quot;:[]},&quot;element_pack_global_tooltip_width_mobile&quot;:{&quot;unit&quot;:&quot;px&quot;,&quot;size&quot;:&quot;&quot;,&quot;sizes&quot;:[]},&quot;element_pack_global_tooltip_padding&quot;:{&quot;unit&quot;:&quot;px&quot;,&quot;top&quot;:&quot;&quot;,&quot;right&quot;:&quot;&quot;,&quot;bottom&quot;:&quot;&quot;,&quot;left&quot;:&quot;&quot;,&quot;isLinked&quot;:true},&quot;element_pack_global_tooltip_padding_tablet&quot;:{&quot;unit&quot;:&quot;px&quot;,&quot;top&quot;:&quot;&quot;,&quot;right&quot;:&quot;&quot;,&quot;bottom&quot;:&quot;&quot;,&quot;left&quot;:&quot;&quot;,&quot;isLinked&quot;:true},&quot;element_pack_global_tooltip_padding_mobile&quot;:{&quot;unit&quot;:&quot;px&quot;,&quot;top&quot;:&quot;&quot;,&quot;right&quot;:&quot;&quot;,&quot;bottom&quot;:&quot;&quot;,&quot;left&quot;:&quot;&quot;,&quot;isLinked&quot;:true},&quot;element_pack_global_tooltip_border_radius&quot;:{&quot;unit&quot;:&quot;px&quot;,&quot;top&quot;:&quot;&quot;,&quot;right&quot;:&quot;&quot;,&quot;bottom&quot;:&quot;&quot;,&quot;left&quot;:&quot;&quot;,&quot;isLinked&quot;:true},&quot;element_pack_global_tooltip_border_radius_tablet&quot;:{&quot;unit&quot;:&quot;px&quot;,&quot;top&quot;:&quot;&quot;,&quot;right&quot;:&quot;&quot;,&quot;bottom&quot;:&quot;&quot;,&quot;left&quot;:&quot;&quot;,&quot;isLinked&quot;:true},&quot;element_pack_global_tooltip_border_radius_mobile&quot;:{&quot;unit&quot;:&quot;px&quot;,&quot;top&quot;:&quot;&quot;,&quot;right&quot;:&quot;&quot;,&quot;bottom&quot;:&quot;&quot;,&quot;left&quot;:&quot;&quot;,&quot;isLinked&quot;:true}}\" data-elementor-post-type=\"page\">\n\t\t\t\t\t\t<section data-particle_enable=\"false\" data-particle-mobile-disabled=\"false\" class=\"elementor-section elementor-top-section elementor-element elementor-element-51b10f11 elementor-hidden-tablet elementor-section-boxed elementor-section-height-default elementor-section-height-default\" data-id=\"51b10f11\" data-element_type=\"section\" data-e-type=\"section\">\n\t\t\t\t\t\t<div class=\"elementor-container elementor-column-gap-no\">\n\t\t\t\t\t<div class=\"elementor-column elementor-col-100 elementor-top-column elementor-element elementor-element-2f0e73fd\" data-id=\"2f0e73fd\" data-element_type=\"column\" data-e-type=\"column\" data-settings=\"{&quot;background_background&quot;:&quot;classic&quot;}\">\n\t\t\t<div class=\"elementor-widget-wrap elementor-element-populated\">\n\t\t\t\t\t\t<section data-particle_enable=\"false\" data-particle-mobile-disabled=\"false\" class=\"elementor-section elementor-inner-section elementor-element elementor-element-534fd8de elementor-section-full_width elementor-section-content-middle elementor-section-height-default elementor-section-height-default\" data-id=\"534fd8de\" data-element_type=\"section\" data-e-type=\"section\" data-settings=\"{&quot;background_background&quot;:&quot;classic&quot;}\">\n\t\t\t\t\t\t<div class=\"elementor-container elementor-column-gap-no\">\n\t\t\t\t\t<div class=\"elementor-column elementor-col-100 elementor-inner-column elementor-element elementor-element-3324e6ca\" data-id=\"3324e6ca\" data-element_type=\"column\" data-e-type=\"column\">\n\t\t\t<div class=\"elementor-widget-wrap elementor-element-populated\">\n\t\t\t\t\t\t<div class=\"elementor-element elementor-element-398eaf0f elementor-widget elementor-widget-heading\" data-id=\"398eaf0f\" data-element_type=\"widget\" data-e-type=\"widget\" data-widget_type=\"heading.default\">\n\t\t\t\t<div class=\"elementor-widget-container\">\n\t\t\t\t\t<h1 class=\"elementor-heading-title elementor-size-default\">International Language Center <\/h1>\t\t\t\t<\/div>\n\t\t\t\t<\/div>\n\t\t\t\t<div class=\"elementor-element elementor-element-195679d7 elementor-widget-divider--view-line elementor-widget elementor-widget-divider\" data-id=\"195679d7\" data-element_type=\"widget\" data-e-type=\"widget\" data-widget_type=\"divider.default\">\n\t\t\t\t<div class=\"elementor-widget-container\">\n\t\t\t\t\t\t\t<div class=\"elementor-divider\">\n\t\t\t<span class=\"elementor-divider-separator\">\n\t\t\t\t\t\t<\/span>\n\t\t<\/div>\n\t\t\t\t\t\t<\/div>\n\t\t\t\t<\/div>\n\t\t\t\t\t<\/div>\n\t\t<\/div>\n\t\t\t\t\t<\/div>\n\t\t<\/section>\n\t\t\t\t\t<\/div>\n\t\t<\/div>\n\t\t\t\t\t<\/div>\n\t\t<\/section>\n\t\t\t\t<section data-particle_enable=\"false\" data-particle-mobile-disabled=\"false\" class=\"elementor-section elementor-top-section elementor-element elementor-element-5b097d8 elementor-section-boxed elementor-section-height-default elementor-section-height-default\" data-id=\"5b097d8\" data-element_type=\"section\" data-e-type=\"section\">\n\t\t\t\t\t\t<div class=\"elementor-container elementor-column-gap-no\">\n\t\t\t\t\t<div class=\"elementor-column elementor-col-100 elementor-top-column elementor-element elementor-element-432b3e77\" data-id=\"432b3e77\" data-element_type=\"column\" data-e-type=\"column\">\n\t\t\t<div class=\"elementor-widget-wrap elementor-element-populated\">\n\t\t\t\t\t\t<div class=\"elementor-element elementor-element-685a3dd0 elementor-widget elementor-widget-text-editor\" data-id=\"685a3dd0\" data-element_type=\"widget\" data-e-type=\"widget\" data-no-translation=\"\" data-widget_type=\"text-editor.default\">\n\t\t\t\t<div class=\"elementor-widget-container\">\n\t\t\t\t\t<style>.elementor-element-685a3dd0{display:none !important}<\/style>\t\t\t\t<\/div>\n\t\t\t\t<\/div>\n\t\t\t\t<div class=\"elementor-element elementor-element-166611c elementor-widget elementor-widget-text-editor\" data-id=\"166611c\" data-element_type=\"widget\" data-e-type=\"widget\" data-widget_type=\"text-editor.default\">\n\t\t\t\t<div class=\"elementor-widget-container\">\n\t\t\t\t\t\t\t\t\t<p>The International Language Center of Mingachevir State University is one of the key structural units supporting the university\u2019s internationalization strategy and the enhancement of educational quality. The Center aims to develop foreign language proficiency among students, academic staff, and administrative personnel, enabling effective communication in academic and professional contexts.<\/p><p>The International Language Center provides foreign language instruction, academic and professional language development, and language preparation for international programs and projects. Teaching is based on modern pedagogical approaches, communicative methods, and digital learning resources.<\/p><h2>Key Areas of Activity<\/h2><ul><li>Organization of English and other foreign language courses<\/li><li>Development of academic and professional language skills<\/li><li>Language preparation for Erasmus+ and other international programs<\/li><li>Preparation for international language certification exams<\/li><li>Organization of seminars, workshops, and speaking clubs<\/li><li>Professional development activities for language instructors<\/li><\/ul><h2>Mission<\/h2><p>The mission of the International Language Center is to provide high-quality language education through innovative teaching approaches and to support the integration of the university community into the global academic and professional environment.<\/p><h2>Vision<\/h2><p>The vision of the International Language Center is to become a regionally and nationally recognized, innovative, and multilingual language education center operating in line with international standards.<\/p>\t\t\t\t\t\t\t\t<\/div>\n\t\t\t\t<\/div>\n\t\t\t\t\t<\/div>\n\t\t<\/div>\n\t\t\t\t\t<\/div>\n\t\t<\/section>\n\t\t\t\t<section data-particle_enable=\"false\" data-particle-mobile-disabled=\"false\" class=\"elementor-section elementor-top-section elementor-element elementor-element-1122725 elementor-section-boxed elementor-section-height-default elementor-section-height-default\" data-id=\"1122725\" data-element_type=\"section\" data-e-type=\"section\">\n\t\t\t\t\t\t<div class=\"elementor-container elementor-column-gap-default\">\n\t\t\t\t\t<div class=\"elementor-column elementor-col-100 elementor-top-column elementor-element elementor-element-abb16e8\" data-id=\"abb16e8\" data-element_type=\"column\" data-e-type=\"column\">\n\t\t\t<div class=\"elementor-widget-wrap elementor-element-populated\">\n\t\t\t\t\t\t<div class=\"elementor-element elementor-element-2a34f17 elementor-widget elementor-widget-heading\" data-id=\"2a34f17\" data-element_type=\"widget\" data-e-type=\"widget\" data-widget_type=\"heading.default\">\n\t\t\t\t<div class=\"elementor-widget-container\">\n\t\t\t\t\t<h2 class=\"elementor-heading-title elementor-size-default\">\u0421\u043e\u0442\u0440\u0443\u0434\u043d\u0438\u043a\u0438<\/h2>\t\t\t\t<\/div>\n\t\t\t\t<\/div>\n\t\t\t\t<div class=\"elementor-element elementor-element-0c6ec5f elementor-widget-divider--view-line elementor-widget elementor-widget-divider\" data-id=\"0c6ec5f\" data-element_type=\"widget\" data-e-type=\"widget\" data-widget_type=\"divider.default\">\n\t\t\t\t<div class=\"elementor-widget-container\">\n\t\t\t\t\t\t\t<div class=\"elementor-divider\">\n\t\t\t<span class=\"elementor-divider-separator\">\n\t\t\t\t\t\t<\/span>\n\t\t<\/div>\n\t\t\t\t\t\t<\/div>\n\t\t\t\t<\/div>\n\t\t\t\t\t<\/div>\n\t\t<\/div>\n\t\t\t\t\t<\/div>\n\t\t<\/section>\n\t\t\t\t<section data-particle_enable=\"false\" data-particle-mobile-disabled=\"false\" class=\"elementor-section elementor-top-section elementor-element elementor-element-f4ae46c elementor-section-boxed elementor-section-height-default elementor-section-height-default\" data-id=\"f4ae46c\" data-element_type=\"section\" data-e-type=\"section\">\n\t\t\t\t\t\t<div class=\"elementor-container elementor-column-gap-default\">\n\t\t\t\t\t<div class=\"elementor-column elementor-col-50 elementor-top-column elementor-element elementor-element-cf40307\" data-id=\"cf40307\" data-element_type=\"column\" data-e-type=\"column\">\n\t\t\t<div class=\"elementor-widget-wrap elementor-element-populated\">\n\t\t\t\t\t\t<div class=\"elementor-element elementor-element-cb09679 elementor-position-top elementor-widget elementor-widget-image-box\" data-id=\"cb09679\" data-element_type=\"widget\" data-e-type=\"widget\" data-widget_type=\"image-box.default\">\n\t\t\t\t<div class=\"elementor-widget-container\">\n\t\t\t\t\t<div class=\"elementor-image-box-wrapper\"><figure class=\"elementor-image-box-img\"><a href=\"https:\/\/mdu.edu.az\/wp-content\/uploads\/2024\/11\/Yusifli-Faiq-Mubariz-oglu.pdf\" target=\"_blank\" tabindex=\"-1\"><img fetchpriority=\"high\" decoding=\"async\" width=\"1024\" height=\"683\" src=\"https:\/\/mdu.edu.az\/wp-content\/uploads\/2026\/02\/Lal\u0259-Rust\u0259mova-1K-JPEG.jpg\" class=\"attachment-full size-full wp-image-86548\" alt=\"\" srcset=\"https:\/\/mdu.edu.az\/wp-content\/uploads\/2026\/02\/Lal\u0259-Rust\u0259mova-1K-JPEG.jpg 1024w, https:\/\/mdu.edu.az\/wp-content\/uploads\/2026\/02\/Lal\u0259-Rust\u0259mova-1K-JPEG-300x200.jpg 300w, https:\/\/mdu.edu.az\/wp-content\/uploads\/2026\/02\/Lal\u0259-Rust\u0259mova-1K-JPEG-768x512.jpg 768w, https:\/\/mdu.edu.az\/wp-content\/uploads\/2026\/02\/Lal\u0259-Rust\u0259mova-1K-JPEG-18x12.jpg 18w, https:\/\/mdu.edu.az\/wp-content\/uploads\/2026\/02\/Lal\u0259-Rust\u0259mova-1K-JPEG-24x16.jpg 24w, https:\/\/mdu.edu.az\/wp-content\/uploads\/2026\/02\/Lal\u0259-Rust\u0259mova-1K-JPEG-36x24.jpg 36w, https:\/\/mdu.edu.az\/wp-content\/uploads\/2026\/02\/Lal\u0259-Rust\u0259mova-1K-JPEG-48x32.jpg 48w\" sizes=\"(max-width: 1024px) 100vw, 1024px\" \/><\/a><\/figure><div class=\"elementor-image-box-content\"><h3 class=\"elementor-image-box-title\"><a href=\"https:\/\/mdu.edu.az\/wp-content\/uploads\/2024\/11\/Yusifli-Faiq-Mubariz-oglu.pdf\" target=\"_blank\">Lal\u0259 R\u00fcst\u0259mova<\/a><\/h3><p class=\"elementor-image-box-description\">\n\n\n<a href=\"mailto:faiq.yusifli@mdu.edu.az\">lala.rustamova@mdu.edu.az<\/a>\n\n<\/p><\/div><\/div>\t\t\t\t<\/div>\n\t\t\t\t<\/div>\n\t\t\t\t\t<\/div>\n\t\t<\/div>\n\t\t\t\t<div class=\"elementor-column elementor-col-50 elementor-top-column elementor-element elementor-element-1222dd7\" data-id=\"1222dd7\" data-element_type=\"column\" data-e-type=\"column\">\n\t\t\t<div class=\"elementor-widget-wrap\">\n\t\t\t\t\t\t\t<\/div>\n\t\t<\/div>\n\t\t\t\t\t<\/div>\n\t\t<\/section>\n\t\t\t\t<\/div>","protected":false},"excerpt":{"rendered":"<p>Beyn\u0259lxalq Dil M\u0259rk\u0259zi Ming\u0259\u00e7evir D\u00f6vl\u0259t Universitetind\u0259 f\u0259aliyy\u0259t g\u00f6st\u0259r\u0259n Beyn\u0259lxalq Dil M\u0259rk\u0259zi universitetin beyn\u0259lxalqla\u015fma strategiyas\u0131n\u0131n v\u0259 t\u0259drisin keyfiyy\u0259tinin art\u0131r\u0131lmas\u0131na y\u00f6n\u0259lmi\u015f \u0259sas struktur b\u00f6lm\u0259l\u0259rind\u0259n biridir. M\u0259rk\u0259z t\u0259l\u0259b\u0259l\u0259rin, m\u00fc\u0259lliml\u0259rin v\u0259 inzibati hey\u0259tin xarici dil bilikl\u0259rinin inki\u015faf etdirilm\u0259sini, onlar\u0131n akademik v\u0259 pe\u015f\u0259kar m\u00fchitd\u0259 effektiv \u00fcnsiyy\u0259t bacar\u0131qlar\u0131n\u0131n formala\u015fd\u0131r\u0131lmas\u0131n\u0131 h\u0259d\u0259fl\u0259yir. Beyn\u0259lxalq Dil M\u0259rk\u0259zi xarici dill\u0259rin t\u0259drisi, akademik v\u0259 pe\u015f\u0259kar dil bacar\u0131qlar\u0131n\u0131n [&hellip;]<\/p>\n","protected":false},"author":1,"featured_media":0,"parent":0,"menu_order":0,"comment_status":"closed","ping_status":"closed","template":"","meta":{"_eb_attr":"","ocean_post_layout":"full-screen","ocean_both_sidebars_style":"","ocean_both_sidebars_content_width":0,"ocean_both_sidebars_sidebars_width":0,"ocean_sidebar":"","ocean_second_sidebar":"","ocean_disable_margins":"enable","ocean_add_body_class":"","ocean_shortcode_before_top_bar":"","ocean_shortcode_after_top_bar":"","ocean_shortcode_before_header":"","ocean_shortcode_after_header":"","ocean_has_shortcode":"","ocean_shortcode_after_title":"","ocean_shortcode_before_footer_widgets":"","ocean_shortcode_after_footer_widgets":"","ocean_shortcode_before_footer_bottom":"","ocean_shortcode_after_footer_bottom":"","ocean_display_top_bar":"off","ocean_display_header":"off","ocean_header_style":"","ocean_center_header_left_menu":"","ocean_custom_header_template":"","ocean_custom_logo":0,"ocean_custom_retina_logo":0,"ocean_custom_logo_max_width":0,"ocean_custom_logo_tablet_max_width":0,"ocean_custom_logo_mobile_max_width":0,"ocean_custom_logo_max_height":0,"ocean_custom_logo_tablet_max_height":0,"ocean_custom_logo_mobile_max_height":0,"ocean_header_custom_menu":"","ocean_menu_typo_font_family":"","ocean_menu_typo_font_subset":"","ocean_menu_typo_font_size":0,"ocean_menu_typo_font_size_tablet":0,"ocean_menu_typo_font_size_mobile":0,"ocean_menu_typo_font_size_unit":"px","ocean_menu_typo_font_weight":"","ocean_menu_typo_font_weight_tablet":"","ocean_menu_typo_font_weight_mobile":"","ocean_menu_typo_transform":"","ocean_menu_typo_transform_tablet":"","ocean_menu_typo_transform_mobile":"","ocean_menu_typo_line_height":0,"ocean_menu_typo_line_height_tablet":0,"ocean_menu_typo_line_height_mobile":0,"ocean_menu_typo_line_height_unit":"","ocean_menu_typo_spacing":0,"ocean_menu_typo_spacing_tablet":0,"ocean_menu_typo_spacing_mobile":0,"ocean_menu_typo_spacing_unit":"","ocean_menu_link_color":"","ocean_menu_link_color_hover":"","ocean_menu_link_color_active":"","ocean_menu_link_background":"","ocean_menu_link_hover_background":"","ocean_menu_link_active_background":"","ocean_menu_social_links_bg":"","ocean_menu_social_hover_links_bg":"","ocean_menu_social_links_color":"","ocean_menu_social_hover_links_color":"","ocean_disable_title":"on","ocean_disable_heading":"default","ocean_post_title":"","ocean_post_subheading":"","ocean_post_title_style":"","ocean_post_title_background_color":"","ocean_post_title_background":0,"ocean_post_title_bg_image_position":"","ocean_post_title_bg_image_attachment":"","ocean_post_title_bg_image_repeat":"","ocean_post_title_bg_image_size":"","ocean_post_title_height":0,"ocean_post_title_bg_overlay":0.5,"ocean_post_title_bg_overlay_color":"","ocean_disable_breadcrumbs":"default","ocean_breadcrumbs_color":"","ocean_breadcrumbs_separator_color":"","ocean_breadcrumbs_links_color":"","ocean_breadcrumbs_links_hover_color":"","ocean_display_footer_widgets":"off","ocean_display_footer_bottom":"off","ocean_custom_footer_template":"","footnotes":""},"class_list":["post-82909","page","type-page","status-publish","hentry","entry"],"_links":{"self":[{"href":"https:\/\/mdu.edu.az\/ru\/wp-json\/wp\/v2\/pages\/82909","targetHints":{"allow":["GET"]}}],"collection":[{"href":"https:\/\/mdu.edu.az\/ru\/wp-json\/wp\/v2\/pages"}],"about":[{"href":"https:\/\/mdu.edu.az\/ru\/wp-json\/wp\/v2\/types\/page"}],"author":[{"embeddable":true,"href":"https:\/\/mdu.edu.az\/ru\/wp-json\/wp\/v2\/users\/1"}],"replies":[{"embeddable":true,"href":"https:\/\/mdu.edu.az\/ru\/wp-json\/wp\/v2\/comments?post=82909"}],"version-history":[{"count":22,"href":"https:\/\/mdu.edu.az\/ru\/wp-json\/wp\/v2\/pages\/82909\/revisions"}],"predecessor-version":[{"id":89740,"href":"https:\/\/mdu.edu.az\/ru\/wp-json\/wp\/v2\/pages\/82909\/revisions\/89740"}],"wp:attachment":[{"href":"https:\/\/mdu.edu.az\/ru\/wp-json\/wp\/v2\/media?parent=82909"}],"curies":[{"name":"wp","href":"https:\/\/api.w.org\/{rel}","templated":true}]}}