{"id":84704,"date":"2026-02-23T09:14:57","date_gmt":"2026-02-23T06:14:57","guid":{"rendered":"https:\/\/mdu.edu.az\/?page_id=84704"},"modified":"2026-02-26T09:20:31","modified_gmt":"2026-02-26T06:20:31","slug":"intizam-komissiyasi","status":"publish","type":"page","link":"https:\/\/mdu.edu.az\/ru\/intizam-komissiyasi\/","title":{"rendered":"\u0414\u0438\u0441\u0446\u0438\u043f\u043b\u0438\u043d\u0430\u0440\u043d\u0430\u044f \u043a\u043e\u043c\u0438\u0441\u0441\u0438\u044f"},"content":{"rendered":"<div data-elementor-type=\"wp-page\" data-elementor-id=\"84704\" class=\"elementor elementor-84704\" data-elementor-settings=\"{&quot;element_pack_global_tooltip_width&quot;:{&quot;unit&quot;:&quot;px&quot;,&quot;size&quot;:&quot;&quot;,&quot;sizes&quot;:[]},&quot;element_pack_global_tooltip_width_tablet&quot;:{&quot;unit&quot;:&quot;px&quot;,&quot;size&quot;:&quot;&quot;,&quot;sizes&quot;:[]},&quot;element_pack_global_tooltip_width_mobile&quot;:{&quot;unit&quot;:&quot;px&quot;,&quot;size&quot;:&quot;&quot;,&quot;sizes&quot;:[]},&quot;element_pack_global_tooltip_padding&quot;:{&quot;unit&quot;:&quot;px&quot;,&quot;top&quot;:&quot;&quot;,&quot;right&quot;:&quot;&quot;,&quot;bottom&quot;:&quot;&quot;,&quot;left&quot;:&quot;&quot;,&quot;isLinked&quot;:true},&quot;element_pack_global_tooltip_padding_tablet&quot;:{&quot;unit&quot;:&quot;px&quot;,&quot;top&quot;:&quot;&quot;,&quot;right&quot;:&quot;&quot;,&quot;bottom&quot;:&quot;&quot;,&quot;left&quot;:&quot;&quot;,&quot;isLinked&quot;:true},&quot;element_pack_global_tooltip_padding_mobile&quot;:{&quot;unit&quot;:&quot;px&quot;,&quot;top&quot;:&quot;&quot;,&quot;right&quot;:&quot;&quot;,&quot;bottom&quot;:&quot;&quot;,&quot;left&quot;:&quot;&quot;,&quot;isLinked&quot;:true},&quot;element_pack_global_tooltip_border_radius&quot;:{&quot;unit&quot;:&quot;px&quot;,&quot;top&quot;:&quot;&quot;,&quot;right&quot;:&quot;&quot;,&quot;bottom&quot;:&quot;&quot;,&quot;left&quot;:&quot;&quot;,&quot;isLinked&quot;:true},&quot;element_pack_global_tooltip_border_radius_tablet&quot;:{&quot;unit&quot;:&quot;px&quot;,&quot;top&quot;:&quot;&quot;,&quot;right&quot;:&quot;&quot;,&quot;bottom&quot;:&quot;&quot;,&quot;left&quot;:&quot;&quot;,&quot;isLinked&quot;:true},&quot;element_pack_global_tooltip_border_radius_mobile&quot;:{&quot;unit&quot;:&quot;px&quot;,&quot;top&quot;:&quot;&quot;,&quot;right&quot;:&quot;&quot;,&quot;bottom&quot;:&quot;&quot;,&quot;left&quot;:&quot;&quot;,&quot;isLinked&quot;:true}}\" data-elementor-post-type=\"page\">\n\t\t\t\t\t\t<section data-particle_enable=\"false\" data-particle-mobile-disabled=\"false\" class=\"elementor-section elementor-top-section elementor-element elementor-element-73481bc9 elementor-section-boxed elementor-section-height-default elementor-section-height-default\" data-id=\"73481bc9\" data-element_type=\"section\" data-e-type=\"section\">\n\t\t\t\t\t\t<div class=\"elementor-container elementor-column-gap-default\">\n\t\t\t\t\t<div class=\"elementor-column elementor-col-100 elementor-top-column elementor-element elementor-element-10d3cab\" data-id=\"10d3cab\" data-element_type=\"column\" data-e-type=\"column\" data-settings=\"{&quot;background_background&quot;:&quot;classic&quot;}\">\n\t\t\t<div class=\"elementor-widget-wrap elementor-element-populated\">\n\t\t\t\t\t\t<section data-particle_enable=\"false\" data-particle-mobile-disabled=\"false\" class=\"elementor-section elementor-inner-section elementor-element elementor-element-1574c39c elementor-section-full_width elementor-section-content-middle elementor-section-height-default elementor-section-height-default\" data-id=\"1574c39c\" data-element_type=\"section\" data-e-type=\"section\" data-settings=\"{&quot;background_background&quot;:&quot;classic&quot;}\">\n\t\t\t\t\t\t<div class=\"elementor-container elementor-column-gap-no\">\n\t\t\t\t\t<div class=\"elementor-column elementor-col-100 elementor-inner-column elementor-element elementor-element-3634e17a\" data-id=\"3634e17a\" data-element_type=\"column\" data-e-type=\"column\">\n\t\t\t<div class=\"elementor-widget-wrap elementor-element-populated\">\n\t\t\t\t\t\t<div class=\"elementor-element elementor-element-6301155e elementor-widget elementor-widget-heading\" data-id=\"6301155e\" data-element_type=\"widget\" data-e-type=\"widget\" data-widget_type=\"heading.default\">\n\t\t\t\t<div class=\"elementor-widget-container\">\n\t\t\t\t\t<h1 class=\"elementor-heading-title elementor-size-default\">\u0414\u0438\u0441\u0446\u0438\u043f\u043b\u0438\u043d\u0430\u0440\u043d\u0430\u044f \u043a\u043e\u043c\u0438\u0441\u0441\u0438\u044f<\/h1>\t\t\t\t<\/div>\n\t\t\t\t<\/div>\n\t\t\t\t<div class=\"elementor-element elementor-element-1eca314f elementor-widget-divider--view-line elementor-widget elementor-widget-divider\" data-id=\"1eca314f\" data-element_type=\"widget\" data-e-type=\"widget\" data-widget_type=\"divider.default\">\n\t\t\t\t<div class=\"elementor-widget-container\">\n\t\t\t\t\t\t\t<div class=\"elementor-divider\">\n\t\t\t<span class=\"elementor-divider-separator\">\n\t\t\t\t\t\t<\/span>\n\t\t<\/div>\n\t\t\t\t\t\t<\/div>\n\t\t\t\t<\/div>\n\t\t\t\t\t<\/div>\n\t\t<\/div>\n\t\t\t\t\t<\/div>\n\t\t<\/section>\n\t\t\t\t\t<\/div>\n\t\t<\/div>\n\t\t\t\t\t<\/div>\n\t\t<\/section>\n\t\t\t\t<section data-particle_enable=\"false\" data-particle-mobile-disabled=\"false\" class=\"elementor-section elementor-top-section elementor-element elementor-element-fcc2411 elementor-section-boxed elementor-section-height-default elementor-section-height-default\" data-id=\"fcc2411\" data-element_type=\"section\" data-e-type=\"section\" data-no-translation=\"\">\n\t\t\t\t\t\t<div class=\"elementor-container elementor-column-gap-default\">\n\t\t\t\t\t<div class=\"elementor-column elementor-col-100 elementor-top-column elementor-element elementor-element-4d7f56e\" data-id=\"4d7f56e\" data-element_type=\"column\" data-e-type=\"column\">\n\t\t\t<div class=\"elementor-widget-wrap elementor-element-populated\">\n\t\t\t\t\t\t<div class=\"elementor-element elementor-element-a4d7bf0 elementor-widget elementor-widget-text-editor\" data-id=\"a4d7bf0\" data-element_type=\"widget\" data-e-type=\"widget\" data-widget_type=\"text-editor.default\">\n\t\t\t\t<div class=\"elementor-widget-container\">\n\t\t\t\t\t\t\t\t\t<p>\u0414\u0438\u0441\u0446\u0438\u043f\u043b\u0438\u043d\u0430\u0440\u043d\u0430\u044f \u043a\u043e\u043c\u0438\u0441\u0441\u0438\u044f \u041c\u0438\u043d\u0433\u044f\u0447\u0435\u0432\u0438\u0440\u0441\u043a\u043e\u0433\u043e \u0433\u043e\u0441\u0443\u0434\u0430\u0440\u0441\u0442\u0432\u0435\u043d\u043d\u043e\u0433\u043e \u0443\u043d\u0438\u0432\u0435\u0440\u0441\u0438\u0442\u0435\u0442\u0430 \u0440\u0430\u0431\u043e\u0442\u0430\u0435\u0442 \u0434\u043b\u044f \u043e\u0431\u0435\u0441\u043f\u0435\u0447\u0435\u043d\u0438\u044f \u0432\u043d\u0443\u0442\u0440\u0435\u043d\u043d\u0435\u0433\u043e \u043f\u043e\u0440\u044f\u0434\u043a\u0430 \u0432 \u0443\u043d\u0438\u0432\u0435\u0440\u0441\u0438\u0442\u0435\u0442\u0435, \u0443\u0441\u0438\u043b\u0435\u043d\u0438\u044f \u0442\u0440\u0443\u0434\u043e\u0432\u043e\u0439 \u0438 \u043e\u0431\u0440\u0430\u0437\u043e\u0432\u0430\u0442\u0435\u043b\u044c\u043d\u043e\u0439 \u0434\u0438\u0441\u0446\u0438\u043f\u043b\u0438\u043d\u044b, \u0430 \u0442\u0430\u043a\u0436\u0435 \u0434\u043b\u044f \u0443\u0441\u0442\u0430\u043d\u043e\u0432\u043b\u0435\u043d\u0438\u044f \u0441\u043e\u0446\u0438\u0430\u043b\u044c\u043d\u043e\u0439 \u0441\u043f\u0440\u0430\u0432\u0435\u0434\u043b\u0438\u0432\u043e\u0441\u0442\u0438. \u041a\u043e\u043c\u0438\u0441\u0441\u0438\u044f \u0440\u0430\u0441\u0441\u043b\u0435\u0434\u0443\u0435\u0442 \u043d\u0430\u0440\u0443\u0448\u0435\u043d\u0438\u044f \u0432\u043d\u0443\u0442\u0440\u0435\u043d\u043d\u0435\u0433\u043e \u0440\u0435\u0433\u043b\u0430\u043c\u0435\u043d\u0442\u0430 \u0443\u043d\u0438\u0432\u0435\u0440\u0441\u0438\u0442\u0435\u0442\u0430 \u0441\u0442\u0443\u0434\u0435\u043d\u0442\u0430\u043c\u0438 \u0438 \u0441\u043e\u0442\u0440\u0443\u0434\u043d\u0438\u043a\u0430\u043c\u0438 \u0438 \u043f\u0440\u0438\u043d\u0438\u043c\u0430\u0435\u0442 \u0441\u043e\u043e\u0442\u0432\u0435\u0442\u0441\u0442\u0432\u0443\u044e\u0449\u0438\u0435 \u043c\u0435\u0440\u044b. \u0414\u0435\u044f\u0442\u0435\u043b\u044c\u043d\u043e\u0441\u0442\u044c \u043a\u043e\u043c\u0438\u0441\u0441\u0438\u0438 \u0441\u0442\u0440\u043e\u0433\u043e \u043a\u043e\u043d\u0444\u0438\u0434\u0435\u043d\u0446\u0438\u0430\u043b\u044c\u043d\u0430 \u0438 \u0440\u0430\u0441\u043a\u0440\u044b\u0432\u0430\u0435\u0442\u0441\u044f \u0442\u043e\u043b\u044c\u043a\u043e \u0443\u043f\u043e\u043b\u043d\u043e\u043c\u043e\u0447\u0435\u043d\u043d\u044b\u043c \u043b\u0438\u0446\u0430\u043c.<\/p><p><strong>\u0426\u0435\u043b\u0438 \u0438 \u0437\u0430\u0434\u0430\u0447\u0438 \u043a\u043e\u043c\u0438\u0441\u0441\u0438\u0438:<\/strong><\/p><ul><li>\u0423\u0441\u0438\u043b\u0435\u043d\u0438\u0435 \u0432\u043d\u0443\u0442\u0440\u0435\u043d\u043d\u0435\u0433\u043e \u043f\u043e\u0440\u044f\u0434\u043a\u0430 \u0432 \u0443\u043d\u0438\u0432\u0435\u0440\u0441\u0438\u0442\u0435\u0442\u0435;<\/li><li>\u0420\u0430\u0441\u0441\u043c\u043e\u0442\u0440\u0435\u043d\u0438\u0435 \u043e\u0431\u0440\u0430\u0449\u0435\u043d\u0438\u0439 \u043f\u043e \u0441\u043b\u0443\u0447\u0430\u044f\u043c \u043d\u0430\u0440\u0443\u0448\u0435\u043d\u0438\u0439 \u0434\u0438\u0441\u0446\u0438\u043f\u043b\u0438\u043d\u0430\u0440\u043d\u044b\u0445 \u043f\u0440\u0430\u0432\u0438\u043b \u0441\u0442\u0443\u0434\u0435\u043d\u0442\u0430\u043c\u0438 \u0438 \u0441\u043e\u0442\u0440\u0443\u0434\u043d\u0438\u043a\u0430\u043c\u0438;<\/li><li>\u0410\u043d\u0430\u043b\u0438\u0437 \u0441\u043b\u0443\u0447\u0430\u0435\u0432 \u043d\u0430\u0440\u0443\u0448\u0435\u043d\u0438\u044f \u044d\u0442\u0438\u0447\u0435\u0441\u043a\u0438\u0445 \u043d\u043e\u0440\u043c \u043f\u043e\u0432\u0435\u0434\u0435\u043d\u0438\u044f \u043f\u0440\u0435\u043f\u043e\u0434\u0430\u0432\u0430\u0442\u0435\u043b\u044f\u043c\u0438;<\/li><li>\u041f\u0440\u0435\u0434\u0441\u0442\u0430\u0432\u043b\u0435\u043d\u0438\u0435 \u0441\u043e\u043e\u0442\u0432\u0435\u0442\u0441\u0442\u0432\u0443\u044e\u0449\u0438\u0445 \u043c\u0435\u0440 \u0440\u0435\u043a\u0442\u043e\u0440\u0443 \u0438 \u043e\u0431\u0435\u0441\u043f\u0435\u0447\u0435\u043d\u0438\u0435 \u0438\u0445 \u0440\u0435\u0430\u043b\u0438\u0437\u0430\u0446\u0438\u0438.<\/li><\/ul><p><strong>\u041f\u0440\u0430\u0432\u0430 \u043a\u043e\u043c\u0438\u0441\u0441\u0438\u0438:<\/strong><\/p><ul><li>\u0417\u0430\u043f\u0440\u0430\u0448\u0438\u0432\u0430\u0442\u044c \u043d\u0435\u043e\u0431\u0445\u043e\u0434\u0438\u043c\u044b\u0435 \u0434\u043e\u043a\u0443\u043c\u0435\u043d\u0442\u044b, \u043e\u0431\u044a\u044f\u0441\u043d\u0435\u043d\u0438\u044f \u0438 \u0438\u043d\u0444\u043e\u0440\u043c\u0430\u0446\u0438\u044e;<\/li><li>\u041f\u043e\u043b\u0443\u0447\u0430\u0442\u044c \u043e\u0431\u044a\u044f\u0441\u043d\u0435\u043d\u0438\u044f \u043e\u0442 \u0441\u0442\u0443\u0434\u0435\u043d\u0442\u043e\u0432 \u0438 \u0441\u043e\u0442\u0440\u0443\u0434\u043d\u0438\u043a\u043e\u0432;<\/li><li>\u041f\u0440\u0438\u0433\u043b\u0430\u0448\u0430\u0442\u044c \u044d\u043a\u0441\u043f\u0435\u0440\u0442\u043e\u0432 \u0438\u043b\u0438 \u0441\u043f\u0435\u0446\u0438\u0430\u043b\u0438\u0441\u0442\u043e\u0432.<\/li><\/ul><p><strong>\u041f\u0440\u0438\u043d\u0446\u0438\u043f\u044b \u0434\u0435\u044f\u0442\u0435\u043b\u044c\u043d\u043e\u0441\u0442\u0438 \u043a\u043e\u043c\u0438\u0441\u0441\u0438\u0438:<\/strong><\/p><ul><li>\u0417\u0430\u043a\u043e\u043d\u043d\u043e\u0441\u0442\u044c: \u0414\u0435\u044f\u0442\u0435\u043b\u044c\u043d\u043e\u0441\u0442\u044c \u043e\u0441\u0443\u0449\u0435\u0441\u0442\u0432\u043b\u044f\u0435\u0442\u0441\u044f \u0442\u043e\u043b\u044c\u043a\u043e \u0432 \u0441\u043e\u043e\u0442\u0432\u0435\u0442\u0441\u0442\u0432\u0438\u0438 \u0441 \u0437\u0430\u043a\u043e\u043d\u0430\u043c\u0438 \u0438 \u043d\u043e\u0440\u043c\u0430\u0442\u0438\u0432\u043d\u044b\u043c\u0438 \u0430\u043a\u0442\u0430\u043c\u0438.<\/li><li>\u041a\u043e\u043d\u0444\u0438\u0434\u0435\u043d\u0446\u0438\u0430\u043b\u044c\u043d\u043e\u0441\u0442\u044c: \u041e\u0431\u0441\u0443\u0436\u0434\u0435\u043d\u0438\u044f \u0438 \u043f\u0440\u0438\u043d\u044f\u0442\u044b\u0435 \u0440\u0435\u0448\u0435\u043d\u0438\u044f \u043d\u0435 \u0440\u0430\u0441\u043a\u0440\u044b\u0432\u0430\u044e\u0442\u0441\u044f \u0442\u0440\u0435\u0442\u044c\u0438\u043c \u043b\u0438\u0446\u0430\u043c.<\/li><li>\u0421\u043f\u0440\u0430\u0432\u0435\u0434\u043b\u0438\u0432\u043e\u0441\u0442\u044c \u0438 \u043e\u0431\u044a\u0435\u043a\u0442\u0438\u0432\u043d\u043e\u0441\u0442\u044c: \u0412\u0441\u0435 \u0432\u043e\u043f\u0440\u043e\u0441\u044b \u0440\u0430\u0441\u0441\u043c\u0430\u0442\u0440\u0438\u0432\u0430\u044e\u0442\u0441\u044f \u0431\u0435\u0441\u043f\u0440\u0438\u0441\u0442\u0440\u0430\u0441\u0442\u043d\u043e.<\/li><li>\u041f\u0440\u043e\u0437\u0440\u0430\u0447\u043d\u043e\u0441\u0442\u044c: \u0420\u0435\u0448\u0435\u043d\u0438\u044f \u043f\u0440\u0438\u043d\u0438\u043c\u0430\u044e\u0442\u0441\u044f \u043d\u0430 \u043e\u0441\u043d\u043e\u0432\u0435 \u043e\u0431\u043e\u0441\u043d\u043e\u0432\u0430\u043d\u043d\u044b\u0445 \u0434\u043e\u0432\u043e\u0434\u043e\u0432 \u0438 \u0440\u0430\u0441\u043a\u0440\u044b\u0432\u0430\u044e\u0442\u0441\u044f \u0442\u043e\u043b\u044c\u043a\u043e \u0443\u043f\u043e\u043b\u043d\u043e\u043c\u043e\u0447\u0435\u043d\u043d\u044b\u043c \u043b\u0438\u0446\u0430\u043c.<\/li><\/ul><p><strong>\u0421\u043e\u0441\u0442\u0430\u0432 \u043a\u043e\u043c\u0438\u0441\u0441\u0438\u0438:<\/strong><\/p><p>\u0421\u043e\u0441\u0442\u0430\u0432 \u043a\u043e\u043c\u0438\u0441\u0441\u0438\u0438 \u0443\u0442\u0432\u0435\u0440\u0436\u0434\u0430\u0435\u0442\u0441\u044f \u0440\u0435\u043a\u0442\u043e\u0440\u043e\u043c \u0443\u043d\u0438\u0432\u0435\u0440\u0441\u0438\u0442\u0435\u0442\u0430 \u0438 \u0443\u043f\u0440\u0430\u0432\u043b\u044f\u0435\u0442\u0441\u044f \u043a\u043e\u043c\u0430\u043d\u0434\u043e\u0439 \u0441\u043f\u0435\u0446\u0438\u0430\u043b\u0438\u0441\u0442\u043e\u0432 \u0438\u0437 \u0440\u0430\u0437\u043b\u0438\u0447\u043d\u044b\u0445 \u043e\u0431\u043b\u0430\u0441\u0442\u0435\u0439. \u0412 \u0441\u043e\u0441\u0442\u0430\u0432 \u043a\u043e\u043c\u0438\u0441\u0441\u0438\u0438 \u0432\u0445\u043e\u0434\u044f\u0442 \u044d\u043a\u0441\u043f\u0435\u0440\u0442\u044b \u0432 \u043e\u0431\u043b\u0430\u0441\u0442\u0438 \u0438\u043d\u0444\u043e\u0440\u043c\u0430\u0446\u0438\u043e\u043d\u043d\u044b\u0445 \u0442\u0435\u0445\u043d\u043e\u043b\u043e\u0433\u0438\u0439, \u044e\u0440\u0438\u0441\u043f\u0440\u0443\u0434\u0435\u043d\u0446\u0438\u0438, \u043e\u0440\u0433\u0430\u043d\u0438\u0437\u0430\u0446\u0438\u0438 \u043e\u0431\u0443\u0447\u0435\u043d\u0438\u044f \u0438 \u0434\u0440\u0443\u0433\u0438\u0445 \u0432\u0430\u0436\u043d\u044b\u0445 \u043e\u0431\u043b\u0430\u0441\u0442\u0435\u0439.<\/p><p><strong>\u0417\u0430\u0441\u0435\u0434\u0430\u043d\u0438\u044f \u0438 \u043f\u0440\u0438\u043d\u044f\u0442\u0438\u0435 \u0440\u0435\u0448\u0435\u043d\u0438\u0439:<\/strong><\/p><p>\u0417\u0430\u0441\u0435\u0434\u0430\u043d\u0438\u044f \u043a\u043e\u043c\u0438\u0441\u0441\u0438\u0438 \u043f\u0440\u043e\u0432\u043e\u0434\u044f\u0442\u0441\u044f \u0435\u0436\u0435\u043c\u0435\u0441\u044f\u0447\u043d\u043e, \u0438 \u0440\u0435\u0448\u0435\u043d\u0438\u044f \u043f\u0440\u0438\u043d\u0438\u043c\u0430\u044e\u0442\u0441\u044f \u043e\u0442\u043a\u0440\u044b\u0442\u044b\u043c \u0433\u043e\u043b\u043e\u0441\u043e\u0432\u0430\u043d\u0438\u0435\u043c \u043f\u0440\u043e\u0441\u0442\u044b\u043c \u0431\u043e\u043b\u044c\u0448\u0438\u043d\u0441\u0442\u0432\u043e\u043c. \u041f\u0440\u043e\u0442\u043e\u043a\u043e\u043b\u044b \u0437\u0430\u0441\u0435\u0434\u0430\u043d\u0438\u0439 \u043f\u0440\u0435\u0434\u0441\u0442\u0430\u0432\u043b\u044f\u044e\u0442\u0441\u044f \u0442\u043e\u043b\u044c\u043a\u043e \u0440\u0435\u043a\u0442\u043e\u0440\u0443 \u0438 \u0443\u043f\u043e\u043b\u043d\u043e\u043c\u043e\u0447\u0435\u043d\u043d\u044b\u043c \u043b\u0438\u0446\u0430\u043c.<\/p><p><strong>\u041a\u043e\u043d\u0444\u0438\u0434\u0435\u043d\u0446\u0438\u0430\u043b\u044c\u043d\u043e\u0441\u0442\u044c \u0438 \u043e\u0442\u0432\u0435\u0442\u0441\u0442\u0432\u0435\u043d\u043d\u043e\u0441\u0442\u044c:<\/strong><\/p><p>\u0427\u043b\u0435\u043d\u044b \u043a\u043e\u043c\u0438\u0441\u0441\u0438\u0438 \u043d\u0435\u0441\u0443\u0442 \u043e\u0442\u0432\u0435\u0442\u0441\u0442\u0432\u0435\u043d\u043d\u043e\u0441\u0442\u044c \u0437\u0430 \u0441\u043e\u0445\u0440\u0430\u043d\u0435\u043d\u0438\u0435 \u043a\u043e\u043d\u0444\u0438\u0434\u0435\u043d\u0446\u0438\u0430\u043b\u044c\u043d\u043e\u0441\u0442\u0438 \u0432\u0441\u0435\u0439 \u0438\u043d\u0444\u043e\u0440\u043c\u0430\u0446\u0438\u0438, \u043e\u0431\u0441\u0443\u0436\u0434\u0430\u0435\u043c\u043e\u0439 \u043d\u0430 \u0437\u0430\u0441\u0435\u0434\u0430\u043d\u0438\u044f\u0445. \u0412 \u0441\u043b\u0443\u0447\u0430\u0435 \u043d\u0430\u0440\u0443\u0448\u0435\u043d\u0438\u044f \u043a\u043e\u043d\u0444\u0438\u0434\u0435\u043d\u0446\u0438\u0430\u043b\u044c\u043d\u043e\u0441\u0442\u0438 \u0447\u043b\u0435\u043d\u044b \u043a\u043e\u043c\u0438\u0441\u0441\u0438\u0438 \u043d\u0435\u0441\u0443\u0442 \u0441\u043e\u043e\u0442\u0432\u0435\u0442\u0441\u0442\u0432\u0443\u044e\u0449\u0443\u044e \u043e\u0442\u0432\u0435\u0442\u0441\u0442\u0432\u0435\u043d\u043d\u043e\u0441\u0442\u044c.<\/p>\t\t\t\t\t\t\t\t<\/div>\n\t\t\t\t<\/div>\n\t\t\t\t\t<\/div>\n\t\t<\/div>\n\t\t\t\t\t<\/div>\n\t\t<\/section>\n\t\t\t\t<\/div>","protected":false},"excerpt":{"rendered":"<p>\u0130NT\u0130ZAM KOM\u0130SS\u0130YASI Ming\u0259\u00e7evir D\u00f6vl\u0259t Universitetinin \u0130ntizam Komissiyas\u0131 universitetd\u0259 daxili nizam-intizam\u0131n t\u0259min olunmas\u0131na, \u0259m\u0259k v\u0259 t\u0259hsil intizam\u0131n\u0131n g\u00fccl\u0259ndirilm\u0259sin\u0259, el\u0259c\u0259 d\u0259 sosial \u0259dal\u0259tin b\u0259rq\u0259rar edilm\u0259sin\u0259 y\u00f6n\u0259lmi\u015f f\u0259aliyy\u0259t g\u00f6st\u0259rir. Komissiya t\u0259l\u0259b\u0259 v\u0259 \u0259m\u0259kda\u015flar\u0131n universitetin daxili qaydalar\u0131n\u0131 pozmalar\u0131n\u0131 ara\u015fd\u0131r\u0131r v\u0259 m\u00fcvafiq t\u0259dbirl\u0259r g\u00f6r\u00fcr. Komissiyan\u0131n f\u0259aliyy\u0259ti tamamil\u0259 m\u0259xfi xarakter da\u015f\u0131y\u0131r v\u0259 yaln\u0131z s\u0259lahiyy\u0259tli \u015f\u0259xsl\u0259r\u0259 a\u00e7\u0131qlan\u0131r. Komissiyan\u0131n m\u0259qs\u0259d v\u0259 v\u0259zif\u0259l\u0259ri: Universitetd\u0259 [&hellip;]<\/p>\n","protected":false},"author":1,"featured_media":0,"parent":0,"menu_order":0,"comment_status":"closed","ping_status":"closed","template":"","meta":{"_eb_attr":"","ocean_post_layout":"full-screen","ocean_both_sidebars_style":"","ocean_both_sidebars_content_width":0,"ocean_both_sidebars_sidebars_width":0,"ocean_sidebar":"","ocean_second_sidebar":"","ocean_disable_margins":"enable","ocean_add_body_class":"","ocean_shortcode_before_top_bar":"","ocean_shortcode_after_top_bar":"","ocean_shortcode_before_header":"","ocean_shortcode_after_header":"","ocean_has_shortcode":"","ocean_shortcode_after_title":"","ocean_shortcode_before_footer_widgets":"","ocean_shortcode_after_footer_widgets":"","ocean_shortcode_before_footer_bottom":"","ocean_shortcode_after_footer_bottom":"","ocean_display_top_bar":"off","ocean_display_header":"off","ocean_header_style":"","ocean_center_header_left_menu":"","ocean_custom_header_template":"","ocean_custom_logo":0,"ocean_custom_retina_logo":0,"ocean_custom_logo_max_width":0,"ocean_custom_logo_tablet_max_width":0,"ocean_custom_logo_mobile_max_width":0,"ocean_custom_logo_max_height":0,"ocean_custom_logo_tablet_max_height":0,"ocean_custom_logo_mobile_max_height":0,"ocean_header_custom_menu":"","ocean_menu_typo_font_family":"","ocean_menu_typo_font_subset":"","ocean_menu_typo_font_size":0,"ocean_menu_typo_font_size_tablet":0,"ocean_menu_typo_font_size_mobile":0,"ocean_menu_typo_font_size_unit":"px","ocean_menu_typo_font_weight":"","ocean_menu_typo_font_weight_tablet":"","ocean_menu_typo_font_weight_mobile":"","ocean_menu_typo_transform":"","ocean_menu_typo_transform_tablet":"","ocean_menu_typo_transform_mobile":"","ocean_menu_typo_line_height":0,"ocean_menu_typo_line_height_tablet":0,"ocean_menu_typo_line_height_mobile":0,"ocean_menu_typo_line_height_unit":"","ocean_menu_typo_spacing":0,"ocean_menu_typo_spacing_tablet":0,"ocean_menu_typo_spacing_mobile":0,"ocean_menu_typo_spacing_unit":"","ocean_menu_link_color":"","ocean_menu_link_color_hover":"","ocean_menu_link_color_active":"","ocean_menu_link_background":"","ocean_menu_link_hover_background":"","ocean_menu_link_active_background":"","ocean_menu_social_links_bg":"","ocean_menu_social_hover_links_bg":"","ocean_menu_social_links_color":"","ocean_menu_social_hover_links_color":"","ocean_disable_title":"on","ocean_disable_heading":"default","ocean_post_title":"","ocean_post_subheading":"","ocean_post_title_style":"","ocean_post_title_background_color":"","ocean_post_title_background":0,"ocean_post_title_bg_image_position":"","ocean_post_title_bg_image_attachment":"","ocean_post_title_bg_image_repeat":"","ocean_post_title_bg_image_size":"","ocean_post_title_height":0,"ocean_post_title_bg_overlay":0.5,"ocean_post_title_bg_overlay_color":"","ocean_disable_breadcrumbs":"default","ocean_breadcrumbs_color":"","ocean_breadcrumbs_separator_color":"","ocean_breadcrumbs_links_color":"","ocean_breadcrumbs_links_hover_color":"","ocean_display_footer_widgets":"off","ocean_display_footer_bottom":"off","ocean_custom_footer_template":"","footnotes":""},"class_list":["post-84704","page","type-page","status-publish","hentry","entry"],"_links":{"self":[{"href":"https:\/\/mdu.edu.az\/ru\/wp-json\/wp\/v2\/pages\/84704","targetHints":{"allow":["GET"]}}],"collection":[{"href":"https:\/\/mdu.edu.az\/ru\/wp-json\/wp\/v2\/pages"}],"about":[{"href":"https:\/\/mdu.edu.az\/ru\/wp-json\/wp\/v2\/types\/page"}],"author":[{"embeddable":true,"href":"https:\/\/mdu.edu.az\/ru\/wp-json\/wp\/v2\/users\/1"}],"replies":[{"embeddable":true,"href":"https:\/\/mdu.edu.az\/ru\/wp-json\/wp\/v2\/comments?post=84704"}],"version-history":[{"count":34,"href":"https:\/\/mdu.edu.az\/ru\/wp-json\/wp\/v2\/pages\/84704\/revisions"}],"predecessor-version":[{"id":86908,"href":"https:\/\/mdu.edu.az\/ru\/wp-json\/wp\/v2\/pages\/84704\/revisions\/86908"}],"wp:attachment":[{"href":"https:\/\/mdu.edu.az\/ru\/wp-json\/wp\/v2\/media?parent=84704"}],"curies":[{"name":"wp","href":"https:\/\/api.w.org\/{rel}","templated":true}]}}