{"id":87802,"date":"2026-02-27T08:06:36","date_gmt":"2026-02-27T05:06:36","guid":{"rendered":"https:\/\/mdu.edu.az\/?page_id=87802"},"modified":"2026-03-29T14:50:36","modified_gmt":"2026-03-29T11:50:36","slug":"f%c9%99xri-m%c9%99zunlar","status":"publish","type":"page","link":"https:\/\/mdu.edu.az\/ru\/f%c9%99xri-m%c9%99zunlar\/","title":{"rendered":"\u041f\u043e\u0447\u0451\u0442\u043d\u044b\u0435 \u0432\u044b\u043f\u0443\u0441\u043a\u043d\u0438\u043a\u0438"},"content":{"rendered":"<div data-elementor-type=\"wp-page\" data-elementor-id=\"87802\" class=\"elementor elementor-87802\" data-elementor-settings=\"{&quot;element_pack_global_tooltip_width&quot;:{&quot;unit&quot;:&quot;px&quot;,&quot;size&quot;:&quot;&quot;,&quot;sizes&quot;:[]},&quot;element_pack_global_tooltip_width_tablet&quot;:{&quot;unit&quot;:&quot;px&quot;,&quot;size&quot;:&quot;&quot;,&quot;sizes&quot;:[]},&quot;element_pack_global_tooltip_width_mobile&quot;:{&quot;unit&quot;:&quot;px&quot;,&quot;size&quot;:&quot;&quot;,&quot;sizes&quot;:[]},&quot;element_pack_global_tooltip_padding&quot;:{&quot;unit&quot;:&quot;px&quot;,&quot;top&quot;:&quot;&quot;,&quot;right&quot;:&quot;&quot;,&quot;bottom&quot;:&quot;&quot;,&quot;left&quot;:&quot;&quot;,&quot;isLinked&quot;:true},&quot;element_pack_global_tooltip_padding_tablet&quot;:{&quot;unit&quot;:&quot;px&quot;,&quot;top&quot;:&quot;&quot;,&quot;right&quot;:&quot;&quot;,&quot;bottom&quot;:&quot;&quot;,&quot;left&quot;:&quot;&quot;,&quot;isLinked&quot;:true},&quot;element_pack_global_tooltip_padding_mobile&quot;:{&quot;unit&quot;:&quot;px&quot;,&quot;top&quot;:&quot;&quot;,&quot;right&quot;:&quot;&quot;,&quot;bottom&quot;:&quot;&quot;,&quot;left&quot;:&quot;&quot;,&quot;isLinked&quot;:true},&quot;element_pack_global_tooltip_border_radius&quot;:{&quot;unit&quot;:&quot;px&quot;,&quot;top&quot;:&quot;&quot;,&quot;right&quot;:&quot;&quot;,&quot;bottom&quot;:&quot;&quot;,&quot;left&quot;:&quot;&quot;,&quot;isLinked&quot;:true},&quot;element_pack_global_tooltip_border_radius_tablet&quot;:{&quot;unit&quot;:&quot;px&quot;,&quot;top&quot;:&quot;&quot;,&quot;right&quot;:&quot;&quot;,&quot;bottom&quot;:&quot;&quot;,&quot;left&quot;:&quot;&quot;,&quot;isLinked&quot;:true},&quot;element_pack_global_tooltip_border_radius_mobile&quot;:{&quot;unit&quot;:&quot;px&quot;,&quot;top&quot;:&quot;&quot;,&quot;right&quot;:&quot;&quot;,&quot;bottom&quot;:&quot;&quot;,&quot;left&quot;:&quot;&quot;,&quot;isLinked&quot;:true}}\" data-elementor-post-type=\"page\">\n\t\t\t\t\t\t<section data-particle_enable=\"false\" data-particle-mobile-disabled=\"false\" class=\"elementor-section elementor-top-section elementor-element elementor-element-e29ff77 elementor-section-boxed elementor-section-height-default elementor-section-height-default\" data-id=\"e29ff77\" data-element_type=\"section\" data-e-type=\"section\">\n\t\t\t\t\t\t<div class=\"elementor-container elementor-column-gap-default\">\n\t\t\t\t\t<div class=\"elementor-column elementor-col-100 elementor-top-column elementor-element elementor-element-bc59ef8\" data-id=\"bc59ef8\" data-element_type=\"column\" data-e-type=\"column\">\n\t\t\t<div class=\"elementor-widget-wrap elementor-element-populated\">\n\t\t\t\t\t\t<section data-particle_enable=\"false\" data-particle-mobile-disabled=\"false\" class=\"elementor-section elementor-inner-section elementor-element elementor-element-de80d33 elementor-section-full_width elementor-section-content-middle elementor-section-height-default elementor-section-height-default\" data-id=\"de80d33\" data-element_type=\"section\" data-e-type=\"section\" data-settings=\"{&quot;background_background&quot;:&quot;classic&quot;}\">\n\t\t\t\t\t\t<div class=\"elementor-container elementor-column-gap-no\">\n\t\t\t\t\t<div class=\"elementor-column elementor-col-100 elementor-inner-column elementor-element elementor-element-7a93b74\" data-id=\"7a93b74\" data-element_type=\"column\" data-e-type=\"column\">\n\t\t\t<div class=\"elementor-widget-wrap elementor-element-populated\">\n\t\t\t\t\t\t<div class=\"elementor-element elementor-element-b3e321b elementor-widget elementor-widget-heading\" data-id=\"b3e321b\" data-element_type=\"widget\" data-e-type=\"widget\" data-widget_type=\"heading.default\">\n\t\t\t\t<div class=\"elementor-widget-container\">\n\t\t\t\t\t<h1 class=\"elementor-heading-title elementor-size-default\">Distinguished Alumni<\/h1>\t\t\t\t<\/div>\n\t\t\t\t<\/div>\n\t\t\t\t<div class=\"elementor-element elementor-element-36ff7bd elementor-widget-divider--view-line elementor-widget elementor-widget-divider\" data-id=\"36ff7bd\" data-element_type=\"widget\" data-e-type=\"widget\" data-widget_type=\"divider.default\">\n\t\t\t\t<div class=\"elementor-widget-container\">\n\t\t\t\t\t\t\t<div class=\"elementor-divider\">\n\t\t\t<span class=\"elementor-divider-separator\">\n\t\t\t\t\t\t<\/span>\n\t\t<\/div>\n\t\t\t\t\t\t<\/div>\n\t\t\t\t<\/div>\n\t\t\t\t\t<\/div>\n\t\t<\/div>\n\t\t\t\t\t<\/div>\n\t\t<\/section>\n\t\t\t\t<div class=\"elementor-element elementor-element-07da0c1 elementor-widget elementor-widget-image\" data-id=\"07da0c1\" data-element_type=\"widget\" data-e-type=\"widget\" data-widget_type=\"image.default\">\n\t\t\t\t<div class=\"elementor-widget-container\">\n\t\t\t\t\t\t\t\t\t\t\t\t\t\t\t<img fetchpriority=\"high\" decoding=\"async\" width=\"1920\" height=\"1080\" src=\"https:\/\/mdu.edu.az\/wp-content\/uploads\/2026\/03\/Ehm\u0259dova-Gulnar\u0259-Telman-qizi.jpg\" class=\"attachment-full size-full wp-image-90724\" alt=\"\" srcset=\"https:\/\/mdu.edu.az\/wp-content\/uploads\/2026\/03\/Ehm\u0259dova-Gulnar\u0259-Telman-qizi.jpg 1920w, https:\/\/mdu.edu.az\/wp-content\/uploads\/2026\/03\/Ehm\u0259dova-Gulnar\u0259-Telman-qizi-300x169.jpg 300w, https:\/\/mdu.edu.az\/wp-content\/uploads\/2026\/03\/Ehm\u0259dova-Gulnar\u0259-Telman-qizi-768x432.jpg 768w, https:\/\/mdu.edu.az\/wp-content\/uploads\/2026\/03\/Ehm\u0259dova-Gulnar\u0259-Telman-qizi-1536x864.jpg 1536w, https:\/\/mdu.edu.az\/wp-content\/uploads\/2026\/03\/Ehm\u0259dova-Gulnar\u0259-Telman-qizi-18x10.jpg 18w, https:\/\/mdu.edu.az\/wp-content\/uploads\/2026\/03\/Ehm\u0259dova-Gulnar\u0259-Telman-qizi-800x450.jpg 800w, https:\/\/mdu.edu.az\/wp-content\/uploads\/2026\/03\/Ehm\u0259dova-Gulnar\u0259-Telman-qizi-24x14.jpg 24w, https:\/\/mdu.edu.az\/wp-content\/uploads\/2026\/03\/Ehm\u0259dova-Gulnar\u0259-Telman-qizi-36x20.jpg 36w, https:\/\/mdu.edu.az\/wp-content\/uploads\/2026\/03\/Ehm\u0259dova-Gulnar\u0259-Telman-qizi-48x27.jpg 48w\" sizes=\"(max-width: 1920px) 100vw, 1920px\" \/>\t\t\t\t\t\t\t\t\t\t\t\t\t\t\t<\/div>\n\t\t\t\t<\/div>\n\t\t\t\t<div class=\"elementor-element elementor-element-54c9a37 elementor-widget elementor-widget-text-editor\" data-id=\"54c9a37\" data-element_type=\"widget\" data-e-type=\"widget\" data-no-translation=\"\" data-widget_type=\"text-editor.default\">\n\t\t\t\t<div class=\"elementor-widget-container\">\n\t\t\t\t\t<style>.elementor-element-54c9a37{display:none !important}<\/style>\t\t\t\t<\/div>\n\t\t\t\t<\/div>\n\t\t\t\t<div class=\"elementor-element elementor-element-8325748 elementor-widget elementor-widget-text-editor\" data-id=\"8325748\" data-element_type=\"widget\" data-e-type=\"widget\" data-widget_type=\"text-editor.default\">\n\t\t\t\t<div class=\"elementor-widget-container\">\n\t\t\t\t\t\t\t\t\t<p>Distinguished Alumni are graduates of Mingachevir State University who have distinguished themselves through their professional activities and achievements across various fields of society, while continuing to maintain strong ties with the University.<\/p><p>The main objectives of establishing this section are:<\/p><ul><li>to showcase the University\u2019s alumni potential;<\/li><li>to present successful career role models for young students;<\/li><li>to strengthen sustainable and ongoing relations between Mingachevir State University and its alumni.<\/li><\/ul><p>Distinguished Alumni contribute to enhancing the reputation of the University through their achievements in science, education, public administration, business, industry, culture, and other fields.<\/p><p>To view the complete list in full detail, please download the <strong><a href=\"https:\/\/mdu.edu.az\/wp-content\/uploads\/2026\/02\/M\u0259zun-bazasi-2026-1.pdf\">PDF<\/a><\/strong>\u00a0document.<\/p>\t\t\t\t\t\t\t\t<\/div>\n\t\t\t\t<\/div>\n\t\t\t\t\t<\/div>\n\t\t<\/div>\n\t\t\t\t\t<\/div>\n\t\t<\/section>\n\t\t\t\t<\/div>","protected":false},"excerpt":{"rendered":"<p>F\u018fXR\u0130 M\u018fZUNLAR F\u0259xri M\u0259zunlar Ming\u0259\u00e7evir D\u00f6vl\u0259t Universitetini bitirmi\u015f, c\u0259miyy\u0259tin m\u00fcxt\u0259lif sah\u0259l\u0259rind\u0259 pe\u015f\u0259kar f\u0259aliyy\u0259ti, nailiyy\u0259tl\u0259ri v\u0259 universitetl\u0259 ba\u011fl\u0131l\u0131\u011f\u0131n\u0131 qoruyub saxlamas\u0131 il\u0259 se\u00e7il\u0259n m\u0259zunlard\u0131r. Bu b\u00f6lm\u0259nin yarad\u0131lmas\u0131nda \u0259sas m\u0259qs\u0259d: Universitetin m\u0259zun potensial\u0131n\u0131n n\u00fcmayi\u015f etdirilm\u0259si, G\u0259nc t\u0259l\u0259b\u0259l\u0259r \u00fc\u00e7\u00fcn u\u011furlu karyera n\u00fcmun\u0259l\u0259rinin t\u0259qdim olunmas\u0131, Ming\u0259\u00e7evir D\u00f6vl\u0259t Universiteti il\u0259 m\u0259zunlar aras\u0131nda davaml\u0131 \u0259laq\u0259l\u0259rin g\u00fccl\u0259ndirilm\u0259sidir. F\u0259xri m\u0259zunlar elm, t\u0259hsil, d\u00f6vl\u0259t idar\u0259\u00e7iliyi, [&hellip;]<\/p>\n","protected":false},"author":1,"featured_media":0,"parent":0,"menu_order":0,"comment_status":"closed","ping_status":"closed","template":"","meta":{"_eb_attr":"","ocean_post_layout":"full-screen","ocean_both_sidebars_style":"","ocean_both_sidebars_content_width":0,"ocean_both_sidebars_sidebars_width":0,"ocean_sidebar":"","ocean_second_sidebar":"","ocean_disable_margins":"enable","ocean_add_body_class":"","ocean_shortcode_before_top_bar":"","ocean_shortcode_after_top_bar":"","ocean_shortcode_before_header":"","ocean_shortcode_after_header":"","ocean_has_shortcode":"","ocean_shortcode_after_title":"","ocean_shortcode_before_footer_widgets":"","ocean_shortcode_after_footer_widgets":"","ocean_shortcode_before_footer_bottom":"","ocean_shortcode_after_footer_bottom":"","ocean_display_top_bar":"off","ocean_display_header":"off","ocean_header_style":"","ocean_center_header_left_menu":"","ocean_custom_header_template":"","ocean_custom_logo":0,"ocean_custom_retina_logo":0,"ocean_custom_logo_max_width":0,"ocean_custom_logo_tablet_max_width":0,"ocean_custom_logo_mobile_max_width":0,"ocean_custom_logo_max_height":0,"ocean_custom_logo_tablet_max_height":0,"ocean_custom_logo_mobile_max_height":0,"ocean_header_custom_menu":"","ocean_menu_typo_font_family":"","ocean_menu_typo_font_subset":"","ocean_menu_typo_font_size":0,"ocean_menu_typo_font_size_tablet":0,"ocean_menu_typo_font_size_mobile":0,"ocean_menu_typo_font_size_unit":"px","ocean_menu_typo_font_weight":"","ocean_menu_typo_font_weight_tablet":"","ocean_menu_typo_font_weight_mobile":"","ocean_menu_typo_transform":"","ocean_menu_typo_transform_tablet":"","ocean_menu_typo_transform_mobile":"","ocean_menu_typo_line_height":0,"ocean_menu_typo_line_height_tablet":0,"ocean_menu_typo_line_height_mobile":0,"ocean_menu_typo_line_height_unit":"","ocean_menu_typo_spacing":0,"ocean_menu_typo_spacing_tablet":0,"ocean_menu_typo_spacing_mobile":0,"ocean_menu_typo_spacing_unit":"","ocean_menu_link_color":"","ocean_menu_link_color_hover":"","ocean_menu_link_color_active":"","ocean_menu_link_background":"","ocean_menu_link_hover_background":"","ocean_menu_link_active_background":"","ocean_menu_social_links_bg":"","ocean_menu_social_hover_links_bg":"","ocean_menu_social_links_color":"","ocean_menu_social_hover_links_color":"","ocean_disable_title":"on","ocean_disable_heading":"default","ocean_post_title":"","ocean_post_subheading":"","ocean_post_title_style":"","ocean_post_title_background_color":"","ocean_post_title_background":0,"ocean_post_title_bg_image_position":"","ocean_post_title_bg_image_attachment":"","ocean_post_title_bg_image_repeat":"","ocean_post_title_bg_image_size":"","ocean_post_title_height":0,"ocean_post_title_bg_overlay":0.5,"ocean_post_title_bg_overlay_color":"","ocean_disable_breadcrumbs":"default","ocean_breadcrumbs_color":"","ocean_breadcrumbs_separator_color":"","ocean_breadcrumbs_links_color":"","ocean_breadcrumbs_links_hover_color":"","ocean_display_footer_widgets":"off","ocean_display_footer_bottom":"off","ocean_custom_footer_template":"","footnotes":""},"class_list":["post-87802","page","type-page","status-publish","hentry","entry"],"_links":{"self":[{"href":"https:\/\/mdu.edu.az\/ru\/wp-json\/wp\/v2\/pages\/87802","targetHints":{"allow":["GET"]}}],"collection":[{"href":"https:\/\/mdu.edu.az\/ru\/wp-json\/wp\/v2\/pages"}],"about":[{"href":"https:\/\/mdu.edu.az\/ru\/wp-json\/wp\/v2\/types\/page"}],"author":[{"embeddable":true,"href":"https:\/\/mdu.edu.az\/ru\/wp-json\/wp\/v2\/users\/1"}],"replies":[{"embeddable":true,"href":"https:\/\/mdu.edu.az\/ru\/wp-json\/wp\/v2\/comments?post=87802"}],"version-history":[{"count":25,"href":"https:\/\/mdu.edu.az\/ru\/wp-json\/wp\/v2\/pages\/87802\/revisions"}],"predecessor-version":[{"id":90727,"href":"https:\/\/mdu.edu.az\/ru\/wp-json\/wp\/v2\/pages\/87802\/revisions\/90727"}],"wp:attachment":[{"href":"https:\/\/mdu.edu.az\/ru\/wp-json\/wp\/v2\/media?parent=87802"}],"curies":[{"name":"wp","href":"https:\/\/api.w.org\/{rel}","templated":true}]}}